{"id":265069,"date":"2024-09-16T14:26:54","date_gmt":"2024-09-16T12:26:54","guid":{"rendered":"https:\/\/www.nushu.cat\/?post_type=product&#038;p=265069"},"modified":"2026-04-29T23:34:19","modified_gmt":"2026-04-29T21:34:19","slug":"copa-menstrual-eureka-cup-classic","status":"publish","type":"product","link":"https:\/\/www.nushu.cat\/es\/producto\/copa-menstrual-eureka-cup-classic\/","title":{"rendered":"Eureka! Cup Classic"},"content":{"rendered":"<h2 data-start=\"1020\" data-end=\"1055\">Copa menstrual reutilizable<\/h2>\n<p data-start=\"1057\" data-end=\"1160\">Que la copa menstrual nos ha cambiado las vidas de miles de mujeres y personas menstruantes, no es un secreto.<\/p>\n<p data-start=\"1162\" data-end=\"1388\">Pero cada vez hay m\u00e1s copas menstruales en el mercado, mejoradas y actualizadas, para ser m\u00e1s seguras, confortables y saludables.<br data-start=\"1292\" data-end=\"1295\">\u00a1Es el caso de la copa menstrual Eureka! Cup Classic,<strong data-start=\"1347\" data-end=\"1388\"> dise\u00f1ada por expertas en Sexolog\u00eda.<\/strong> <\/p>\n<h2 data-start=\"1395\" data-end=\"1445\">Beneficios y ventajas de la copa menstrual<\/h2>\n<p data-start=\"1447\" data-end=\"1616\">\u00a1La <strong data-start=\"1473\" data-end=\"1488\">copa menstrual Eureka! Cup Classic<\/strong> ha sido dise\u00f1ada por la psic\u00f3loga y sex\u00f3loga Montse Iserte.<br data-start=\"1551\" data-end=\"1554\">Aqu\u00ed tienes algunas de las caracter\u00edsticas de esta maravilla:<\/p>\n<ul>\n<li data-start=\"1620\" data-end=\"1730\"><strong data-start=\"1620\" data-end=\"1642\">Material flexible.<\/strong> Es tan suave y flexible que se adapta a la forma de la vagina respetando el suelo p\u00e9lvico.<\/li>\n<li data-start=\"1733\" data-end=\"1818\"><strong data-start=\"1733\" data-end=\"1757\">De f\u00e1cil introducci\u00f3n.<\/strong> Tiene unas muescas en el anillo para facilitar su introducci\u00f3n.<\/li>\n<li data-start=\"1821\" data-end=\"1937\">Material <strong data-start=\"1830\" data-end=\"1849\">hipoalerg\u00e9nico<\/strong>, suave y resistente. No contiene tintes, pl\u00e1sticos, l\u00e1tex ni otros derivados. 100% silicona m\u00e9dica.  <\/li>\n<li data-start=\"1940\" data-end=\"1981\">Protecci\u00f3n segura<strong data-start=\"1957\" data-end=\"1978\"> durante 8\/12 horas.<\/strong><\/li>\n<li data-start=\"1984\" data-end=\"2034\">Es reutilizable y puede <strong data-start=\"2007\" data-end=\"2031\">durar hasta 10 a\u00f1os.<\/strong><\/li>\n<li data-start=\"2037\" data-end=\"2190\"><strong data-start=\"2037\" data-end=\"2063\">Dise\u00f1ada en Barcelona <\/strong>por profesionales acreditados de la Sexualidad junto a un equipo de ingenieros de la Universidad Polit\u00e9cnica de Catalu\u00f1a.<\/li>\n<li data-start=\"2193\" data-end=\"2216\">Producto 100% vegano.<\/li>\n<\/ul>\n<h2 data-start=\"2223\" data-end=\"2281\">C\u00f3mo introducir la copa menstrual Eureka! Cup Classic <\/h2>\n<ul>\n<li data-start=\"2285\" data-end=\"2422\"><strong data-start=\"2285\" data-end=\"2305\">L\u00e1vate las manos <\/strong>con agua y jab\u00f3n, y col\u00f3cate en una posici\u00f3n c\u00f3moda para ti (de pie con una pierna levantada, agachada o sentada).<\/li>\n<li data-start=\"2425\" data-end=\"2526\">Puedes doblar la copa <strong data-start=\"2447\" data-end=\"2484\">en forma de \u201cC\u201d o en forma de \u201cU\u201d<\/strong> presionando el aro de la copa menstrual.<\/li>\n<li data-start=\"2529\" data-end=\"2678\"><strong data-start=\"2529\" data-end=\"2558\">Separa los labios vaginales<\/strong> e<strong data-start=\"2562\" data-end=\"2594\"> introduce la copa menstrual <\/strong>en la vagina sin que se despliegue. Cuando saques los dedos la copa se desplegar\u00e1. <\/li>\n<li data-start=\"2681\" data-end=\"2820\"><strong data-start=\"2681\" data-end=\"2713\">Comprueba que est\u00e1 bien abierta<\/strong> haci\u00e9ndola girar hasta que notes que se ha desplegado totalmente. Tambi\u00e9n puedes comprobarlo palpando con el dedo. <\/li>\n<\/ul>\n<h2 data-start=\"2827\" data-end=\"2864\"><strong data-start=\"2830\" data-end=\"2864\"><br \/>\n<\/strong>C\u00f3mo extraer la copa menstrual<\/h2>\n<ul>\n<li data-start=\"2868\" data-end=\"2908\"><strong data-start=\"2868\" data-end=\"2888\">L\u00e1vate las manos <\/strong>con agua y jab\u00f3n.<\/li>\n<li data-start=\"2911\" data-end=\"2959\">Si\u00e9ntate o ag\u00e1chate en un lugar c\u00f3modo para evitar derrames.<\/li>\n<li data-start=\"2962\" data-end=\"3211\">Para extraer completamente Eureka! Cup Classic, introduce el dedo en la vagina, coge la base de la copa (no el tubo) <strong data-start=\"3077\" data-end=\"3116\">con dos dedos y realiza la extracci\u00f3n.<\/strong><br data-start=\"3117\" data-end=\"3120\">Si est\u00e1 muy dentro, puedes intentar hacer fuerza con los m\u00fasculos p\u00e9lvicos para bajarla. <\/li>\n<li data-start=\"3214\" data-end=\"3372\"><strong data-start=\"3214\" data-end=\"3223\">Vac\u00eda<\/strong> el contenido de la copa menstrual donde encuentres m\u00e1s conveniente, <strong data-start=\"3282\" data-end=\"3298\">enju\u00e1gala<\/strong> con agua limpia y ya la tienes <strong data-start=\"3327\" data-end=\"3372\">lista para introducir otra vez.<\/strong>\n<\/li>\n<\/ul>\n<h2 data-start=\"3379\" data-end=\"3429\">C\u00f3mo limpiar la copa menstrual reutilizable<\/h2>\n<p data-start=\"3431\" data-end=\"3608\">Se recomienda extraer la copa menstrual del cuerpo y <strong data-start=\"3480\" data-end=\"3498\">higienizarla<\/strong> con agua limpia cada 8\/12 horas durante el sangrado menstrual. Una vez limpia, <strong data-start=\"3576\" data-end=\"3600\">puedes introducirte la copa de nuevo.<\/strong> <\/p>\n<p data-start=\"3610\" data-end=\"3838\">Es necesario <strong data-start=\"3623\" data-end=\"3684\">esterilizarla al menos una vez entre sangrado y sangrado.<\/strong> <br data-start=\"3684\" data-end=\"3687\">Recomendable hacerlo antes y\/o despu\u00e9s de cada per\u00edodo. Puedes esterilizarla hirviendo agua en una olla e introduciendo la copa menstrual durante 4 minutos. <\/p>\n<h2 data-start=\"3845\" data-end=\"3909\">Medidas y tallas de la copa menstrual Eureka! Cup Classic <\/h2>\n<p data-start=\"3911\" data-end=\"4003\">Para la sexolog\u00eda y la salud \u00edntima, es importante elegir una copa menstrual en funci\u00f3n de:<\/p>\n<ul>\n<li data-start=\"4007\" data-end=\"4027\">La altura del \u00fatero<\/li>\n<li data-start=\"4030\" data-end=\"4098\">Si has pasado por un parto vaginal o una cirug\u00eda en zona p\u00e9lvica<\/li>\n<li data-start=\"4101\" data-end=\"4130\">La salud de tu suelo p\u00e9lvico.<\/li>\n<\/ul>\n<p data-start=\"4132\" data-end=\"4239\">Eureka! Cup Classic <strong data-start=\"4152\" data-end=\"4213\">est\u00e1 disponible en tres tallas de acuerdo a la altura del c\u00e9rvix<\/strong> y del estado del suelo p\u00e9lvico. <\/p>\n<ul>\n<li data-start=\"4243\" data-end=\"4267\"><strong data-start=\"4243\" data-end=\"4249\">S.<\/strong> Mida est\u00e1ndar.<\/li>\n<li data-start=\"4270\" data-end=\"4393\"><strong data-start=\"4270\" data-end=\"4278\">M\/L.<\/strong> Recomendada para mujeres con una vagina ancha, un suelo p\u00e9lvico poco debilitado o que hayan pasado por un parto vaginal.<\/li>\n<li data-start=\"4396\" data-end=\"4505\"><strong data-start=\"4396\" data-end=\"4403\">XL.<\/strong> Mujeres con una vagina ancha, un suelo p\u00e9lvico muy debilitado, o que no se sienten c\u00f3modos con la talla M\/L.<\/li>\n<\/ul>\n<p data-start=\"4507\" data-end=\"4586\">Mira la imagen del producto en que sale la gu\u00eda de tallas para acabar de decidirte.<\/p>\n","protected":false},"excerpt":{"rendered":"<ul>\n<li data-start=\"674\" data-end=\"760\">Esta copa menstrual <strong data-start=\"700\" data-end=\"722\">es muy blanda y c\u00f3moda,<\/strong> adem\u00e1s cuida de tu suelo p\u00e9lvico.<\/li>\n<li data-start=\"763\" data-end=\"862\">Que sea tan blanda las hace especialmente beneficiosas<strong data-start=\"815\" data-end=\"859\"> para las primeras veces (adolescentes).<\/strong><\/li>\n<li data-start=\"865\" data-end=\"927\"><strong data-start=\"865\" data-end=\"891\">Disponible en 3 tallas<\/strong> para adaptarse a todos los cuerpos.<\/li>\n<li data-start=\"930\" data-end=\"987\"><strong data-start=\"930\" data-end=\"954\">Incluye bolsita de tela<\/strong> para guardarla o transportarla.<\/li>\n<\/ul>\n","protected":false},"featured_media":268922,"template":"","meta":{"_acf_changed":false},"product_brand":[],"product_cat":[227,207],"product_tag":[],"class_list":{"0":"post-265069","1":"product","2":"type-product","3":"status-publish","4":"has-post-thumbnail","6":"product_cat-copas-menstruales-y-esponjas","7":"product_cat-higiene-menstrual-sostenible","9":"first","10":"instock","11":"sale","12":"taxable","13":"shipping-taxable","14":"purchasable","15":"product-type-variable"},"acf":[],"yoast_head":"<!-- This site is optimized with the Yoast SEO plugin v27.4 - https:\/\/yoast.com\/product\/yoast-seo-wordpress\/ -->\n<title>Copa menstrual reutilizable<\/title>\n<meta name=\"description\" content=\"Eureka! Cup Classic la copa menstrual que cuida tu suelo p\u00e9lvico. Que sea tan blanda las hace especialmente beneficiosas para las adolescentes.\" \/>\n<meta name=\"robots\" content=\"index, follow, max-snippet:-1, max-image-preview:large, max-video-preview:-1\" \/>\n<link rel=\"canonical\" href=\"https:\/\/www.nushu.cat\/es\/producto\/copa-menstrual-eureka-cup-classic\/\" \/>\n<meta property=\"og:locale\" content=\"es_ES\" \/>\n<meta property=\"og:type\" content=\"article\" \/>\n<meta property=\"og:title\" content=\"Copa menstrual reutilizable\" \/>\n<meta property=\"og:description\" content=\"Eureka! Cup Classic la copa menstrual que cuida tu suelo p\u00e9lvico. Que sea tan blanda las hace especialmente beneficiosas para las adolescentes.\" \/>\n<meta property=\"og:url\" content=\"https:\/\/www.nushu.cat\/es\/producto\/copa-menstrual-eureka-cup-classic\/\" \/>\n<meta property=\"og:site_name\" content=\"n\u00fcshu\" \/>\n<meta property=\"article:publisher\" content=\"https:\/\/www.facebook.com\/nushu.artesania\/\" \/>\n<meta property=\"article:modified_time\" content=\"2026-04-29T21:34:19+00:00\" \/>\n<meta property=\"og:image\" content=\"https:\/\/www.nushu.cat\/wp-content\/uploads\/2024\/09\/eureka-classic-cup-1.webp\" \/>\n\t<meta property=\"og:image:width\" content=\"1000\" \/>\n\t<meta property=\"og:image:height\" content=\"1000\" \/>\n\t<meta property=\"og:image:type\" content=\"image\/webp\" \/>\n<meta name=\"twitter:card\" content=\"summary_large_image\" \/>\n<meta name=\"twitter:label1\" content=\"Tiempo de lectura\" \/>\n\t<meta name=\"twitter:data1\" content=\"4 minutos\" \/>\n<!-- \/ Yoast SEO plugin. -->","yoast_head_json":{"title":"Copa menstrual reutilizable","description":"Eureka! Cup Classic la copa menstrual que cuida tu suelo p\u00e9lvico. Que sea tan blanda las hace especialmente beneficiosas para las adolescentes.","robots":{"index":"index","follow":"follow","max-snippet":"max-snippet:-1","max-image-preview":"max-image-preview:large","max-video-preview":"max-video-preview:-1"},"canonical":"https:\/\/www.nushu.cat\/es\/producto\/copa-menstrual-eureka-cup-classic\/","og_locale":"es_ES","og_type":"article","og_title":"Copa menstrual reutilizable","og_description":"Eureka! Cup Classic la copa menstrual que cuida tu suelo p\u00e9lvico. Que sea tan blanda las hace especialmente beneficiosas para las adolescentes.","og_url":"https:\/\/www.nushu.cat\/es\/producto\/copa-menstrual-eureka-cup-classic\/","og_site_name":"n\u00fcshu","article_publisher":"https:\/\/www.facebook.com\/nushu.artesania\/","article_modified_time":"2026-04-29T21:34:19+00:00","og_image":[{"width":1000,"height":1000,"url":"https:\/\/www.nushu.cat\/wp-content\/uploads\/2024\/09\/eureka-classic-cup-1.webp","type":"image\/webp"}],"twitter_card":"summary_large_image","twitter_misc":{"Tiempo de lectura":"4 minutos"},"schema":{"@context":"https:\/\/schema.org","@graph":[{"@type":"WebPage","@id":"https:\/\/www.nushu.cat\/es\/producto\/copa-menstrual-eureka-cup-classic\/","url":"https:\/\/www.nushu.cat\/es\/producto\/copa-menstrual-eureka-cup-classic\/","name":"Copa menstrual reutilizable","isPartOf":{"@id":"https:\/\/www.nushu.cat\/es\/#website"},"primaryImageOfPage":{"@id":"https:\/\/www.nushu.cat\/es\/producto\/copa-menstrual-eureka-cup-classic\/#primaryimage"},"image":{"@id":"https:\/\/www.nushu.cat\/es\/producto\/copa-menstrual-eureka-cup-classic\/#primaryimage"},"thumbnailUrl":"https:\/\/www.nushu.cat\/wp-content\/uploads\/2024\/09\/eureka-classic-cup-1.webp","datePublished":"2024-09-16T12:26:54+00:00","dateModified":"2026-04-29T21:34:19+00:00","description":"Eureka! Cup Classic la copa menstrual que cuida tu suelo p\u00e9lvico. Que sea tan blanda las hace especialmente beneficiosas para las adolescentes.","breadcrumb":{"@id":"https:\/\/www.nushu.cat\/es\/producto\/copa-menstrual-eureka-cup-classic\/#breadcrumb"},"inLanguage":"es","potentialAction":[{"@type":"ReadAction","target":["https:\/\/www.nushu.cat\/es\/producto\/copa-menstrual-eureka-cup-classic\/"]}]},{"@type":"ImageObject","inLanguage":"es","@id":"https:\/\/www.nushu.cat\/es\/producto\/copa-menstrual-eureka-cup-classic\/#primaryimage","url":"https:\/\/www.nushu.cat\/wp-content\/uploads\/2024\/09\/eureka-classic-cup-1.webp","contentUrl":"https:\/\/www.nushu.cat\/wp-content\/uploads\/2024\/09\/eureka-classic-cup-1.webp","width":1000,"height":1000,"caption":"Esponja menstrual marina reutilizable - n\u00fcshu"},{"@type":"BreadcrumbList","@id":"https:\/\/www.nushu.cat\/es\/producto\/copa-menstrual-eureka-cup-classic\/#breadcrumb","itemListElement":[{"@type":"ListItem","position":1,"name":"Inici","item":"https:\/\/www.nushu.cat\/es\/compreses-de-tela\/"},{"@type":"ListItem","position":2,"name":"Tienda","item":"https:\/\/www.nushu.cat\/es\/tienda\/"},{"@type":"ListItem","position":3,"name":"Eureka! Cup Classic"}]},{"@type":"WebSite","@id":"https:\/\/www.nushu.cat\/es\/#website","url":"https:\/\/www.nushu.cat\/es\/","name":"n\u00fcshu","description":"natural &amp; sostenible","publisher":{"@id":"https:\/\/www.nushu.cat\/es\/#organization"},"potentialAction":[{"@type":"SearchAction","target":{"@type":"EntryPoint","urlTemplate":"https:\/\/www.nushu.cat\/es\/?s={search_term_string}"},"query-input":{"@type":"PropertyValueSpecification","valueRequired":true,"valueName":"search_term_string"}}],"inLanguage":"es"},{"@type":"Organization","@id":"https:\/\/www.nushu.cat\/es\/#organization","name":"n\u00fcshu","url":"https:\/\/www.nushu.cat\/es\/","logo":{"@type":"ImageObject","inLanguage":"es","@id":"https:\/\/www.nushu.cat\/es\/#\/schema\/logo\/image\/","url":"https:\/\/www.nushu.cat\/wp-content\/uploads\/2024\/02\/nushu-share-1-1.png","contentUrl":"https:\/\/www.nushu.cat\/wp-content\/uploads\/2024\/02\/nushu-share-1-1.png","width":1080,"height":1080,"caption":"n\u00fcshu"},"image":{"@id":"https:\/\/www.nushu.cat\/es\/#\/schema\/logo\/image\/"},"sameAs":["https:\/\/www.facebook.com\/nushu.artesania\/","https:\/\/www.instagram.com\/nushu_artesania"]}]}},"jetpack_sharing_enabled":true,"_links":{"self":[{"href":"https:\/\/www.nushu.cat\/es\/wp-json\/wp\/v2\/product\/265069","targetHints":{"allow":["GET"]}}],"collection":[{"href":"https:\/\/www.nushu.cat\/es\/wp-json\/wp\/v2\/product"}],"about":[{"href":"https:\/\/www.nushu.cat\/es\/wp-json\/wp\/v2\/types\/product"}],"version-history":[{"count":3,"href":"https:\/\/www.nushu.cat\/es\/wp-json\/wp\/v2\/product\/265069\/revisions"}],"predecessor-version":[{"id":268942,"href":"https:\/\/www.nushu.cat\/es\/wp-json\/wp\/v2\/product\/265069\/revisions\/268942"}],"wp:featuredmedia":[{"embeddable":true,"href":"https:\/\/www.nushu.cat\/es\/wp-json\/wp\/v2\/media\/268922"}],"wp:attachment":[{"href":"https:\/\/www.nushu.cat\/es\/wp-json\/wp\/v2\/media?parent=265069"}],"wp:term":[{"taxonomy":"product_brand","embeddable":true,"href":"https:\/\/www.nushu.cat\/es\/wp-json\/wp\/v2\/product_brand?post=265069"},{"taxonomy":"product_cat","embeddable":true,"href":"https:\/\/www.nushu.cat\/es\/wp-json\/wp\/v2\/product_cat?post=265069"},{"taxonomy":"product_tag","embeddable":true,"href":"https:\/\/www.nushu.cat\/es\/wp-json\/wp\/v2\/product_tag?post=265069"}],"curies":[{"name":"wp","href":"https:\/\/api.w.org\/{rel}","templated":true}]}}