{"id":267140,"date":"2025-09-16T22:33:16","date_gmt":"2025-09-16T20:33:16","guid":{"rendered":"https:\/\/www.nushu.cat\/?post_type=product&#038;p=267140"},"modified":"2025-09-18T21:55:22","modified_gmt":"2025-09-18T19:55:22","slug":"cinta-adhesiva-papel","status":"publish","type":"product","link":"https:\/\/www.nushu.cat\/es\/producto\/cinta-adhesiva-papel\/","title":{"rendered":"Cinta adhesiva de papel"},"content":{"rendered":"<p data-start=\"125\" data-end=\"490\">Olv\u00eddate de la cinta adhesiva de pl\u00e1stico: este <strong data-start=\"173\" data-end=\"207\">precinto de papel kraft marr\u00f3n<\/strong> es la alternativa sostenible para tu d\u00eda a d\u00eda en casa.<br data-start=\"263\" data-end=\"266\" \/>Con \u00e9l podr\u00e1s hacer lo mismo que hac\u00edas con el de pl\u00e1stico, pero de forma m\u00e1s responsable.<br \/>\nSu adhesivo es <strong data-start=\"372\" data-end=\"397\">resistente y duradero<\/strong>, est\u00e1\u00a0hecho con <strong>caucho natural:<\/strong><\/p>\n<ul>\n<li>se engancha bien a superficies porosas como el cart\u00f3n y aguanta mejor el peso y la humedad,<\/li>\n<li>es m\u00e1s respetuoso con el medio ambiente que otros qu\u00edmicos,<\/li>\n<li>ofrece una mejor adhesi\u00f3n inmediata,<\/li>\n<li>permite que el precinto pueda reciclarse junto con el cart\u00f3n.<\/li>\n<\/ul>\n<p>Lo mejor de este precinto es que puedes <strong data-start=\"424\" data-end=\"461\">romperlo f\u00e1cilmente con los dedos<\/strong>, sin necesidad de tijeras.<\/p>\n<p data-start=\"492\" data-end=\"686\">Adem\u00e1s, puedes <strong data-start=\"507\" data-end=\"526\">escribir encima<\/strong> con l\u00e1piz, bol\u00edgrafo o rotulador sin necesidad de usar un permanente, lo que lo convierte en un aliado pr\u00e1ctico para <strong data-start=\"644\" data-end=\"683\">organizar, etiquetar o personalizar<\/strong>.<\/p>\n<p data-start=\"688\" data-end=\"870\">Con <strong data-start=\"692\" data-end=\"731\">48 mm de ancho y 50 metros de largo<\/strong>, ofrece la firmeza necesaria para <strong data-start=\"766\" data-end=\"844\">cerrar cajas, envolver regalos, hacer manualidades, colgar notas o decorar<\/strong> con un acabado natural.<\/p>\n<p data-start=\"872\" data-end=\"1024\">Su tono kraft aporta un estilo <strong data-start=\"903\" data-end=\"927\">c\u00e1lido y minimalista<\/strong>, perfecto si buscas vivir de forma m\u00e1s <strong data-start=\"977\" data-end=\"1005\">ecol\u00f3gica y residuo cero<\/strong> en lo cotidiano.<\/p>\n","protected":false},"excerpt":{"rendered":"<p>Cinta adhesiva o precinto de <strong data-start=\"159\" data-end=\"181\">papel kraft marr\u00f3n<\/strong>, con adhesivo de <strong>caucho natural.<\/strong><br \/>\nReciclable y sin pl\u00e1sticos, perfecta para un uso diario en casa: cerrar cajas, envolver regalos, hacer manualidades, unir materiales, hacer reparaciones,.. de forma sostenible.<\/p>\n<p>Medidas: 48 mm de ancho y 50 m de largo.<\/p>\n","protected":false},"featured_media":267155,"template":"","meta":{"_acf_changed":false},"product_brand":[],"product_cat":[221],"product_tag":[],"class_list":{"0":"post-267140","1":"product","2":"type-product","3":"status-publish","4":"has-post-thumbnail","6":"product_cat-hogar-sostenible","8":"first","9":"instock","10":"taxable","11":"shipping-taxable","12":"purchasable","13":"product-type-simple"},"acf":[],"yoast_head":"<!-- This site is optimized with the Yoast SEO plugin v27.4 - https:\/\/yoast.com\/product\/yoast-seo-wordpress\/ -->\n<title>Cinta adhesiva de papel - n\u00fcshu<\/title>\n<meta name=\"description\" content=\"Cinta adhesiva o precinto de papel kraft marr\u00f3n, con adhesivo de caucho natural.Reciclable y sin pl\u00e1sticos, perfecta para un uso diario en casa: cerrar cajas, envolver regalos, hacer manualidades, unir materiales, hacer reparaciones,.. de forma sostenible.Medidas: 48 mm de ancho y 50 m de largo.\" \/>\n<meta name=\"robots\" content=\"index, follow, max-snippet:-1, max-image-preview:large, max-video-preview:-1\" \/>\n<link rel=\"canonical\" href=\"https:\/\/www.nushu.cat\/es\/producto\/cinta-adhesiva-papel\/\" \/>\n<meta property=\"og:locale\" content=\"es_ES\" \/>\n<meta property=\"og:type\" content=\"article\" \/>\n<meta property=\"og:title\" content=\"Cinta adhesiva de papel - n\u00fcshu\" \/>\n<meta property=\"og:description\" content=\"Cinta adhesiva o precinto de papel kraft marr\u00f3n, con adhesivo de caucho natural.Reciclable y sin pl\u00e1sticos, perfecta para un uso diario en casa: cerrar cajas, envolver regalos, hacer manualidades, unir materiales, hacer reparaciones,.. de forma sostenible.Medidas: 48 mm de ancho y 50 m de largo.\" \/>\n<meta property=\"og:url\" content=\"https:\/\/www.nushu.cat\/es\/producto\/cinta-adhesiva-papel\/\" \/>\n<meta property=\"og:site_name\" content=\"n\u00fcshu\" \/>\n<meta property=\"article:publisher\" content=\"https:\/\/www.facebook.com\/nushu.artesania\/\" \/>\n<meta property=\"article:modified_time\" content=\"2025-09-18T19:55:22+00:00\" \/>\n<meta property=\"og:image\" content=\"https:\/\/www.nushu.cat\/wp-content\/uploads\/2025\/09\/productes-web-1000x1000px.zip-5.png\" \/>\n\t<meta property=\"og:image:width\" content=\"1000\" \/>\n\t<meta property=\"og:image:height\" content=\"1000\" \/>\n\t<meta property=\"og:image:type\" content=\"image\/png\" \/>\n<meta name=\"twitter:card\" content=\"summary_large_image\" \/>\n<meta name=\"twitter:label1\" content=\"Tiempo de lectura\" \/>\n\t<meta name=\"twitter:data1\" content=\"2 minutos\" \/>\n<!-- \/ Yoast SEO plugin. -->","yoast_head_json":{"title":"Cinta adhesiva de papel - n\u00fcshu","description":"Cinta adhesiva o precinto de papel kraft marr\u00f3n, con adhesivo de caucho natural.Reciclable y sin pl\u00e1sticos, perfecta para un uso diario en casa: cerrar cajas, envolver regalos, hacer manualidades, unir materiales, hacer reparaciones,.. de forma sostenible.Medidas: 48 mm de ancho y 50 m de largo.","robots":{"index":"index","follow":"follow","max-snippet":"max-snippet:-1","max-image-preview":"max-image-preview:large","max-video-preview":"max-video-preview:-1"},"canonical":"https:\/\/www.nushu.cat\/es\/producto\/cinta-adhesiva-papel\/","og_locale":"es_ES","og_type":"article","og_title":"Cinta adhesiva de papel - n\u00fcshu","og_description":"Cinta adhesiva o precinto de papel kraft marr\u00f3n, con adhesivo de caucho natural.Reciclable y sin pl\u00e1sticos, perfecta para un uso diario en casa: cerrar cajas, envolver regalos, hacer manualidades, unir materiales, hacer reparaciones,.. de forma sostenible.Medidas: 48 mm de ancho y 50 m de largo.","og_url":"https:\/\/www.nushu.cat\/es\/producto\/cinta-adhesiva-papel\/","og_site_name":"n\u00fcshu","article_publisher":"https:\/\/www.facebook.com\/nushu.artesania\/","article_modified_time":"2025-09-18T19:55:22+00:00","og_image":[{"width":1000,"height":1000,"url":"https:\/\/www.nushu.cat\/wp-content\/uploads\/2025\/09\/productes-web-1000x1000px.zip-5.png","type":"image\/png"}],"twitter_card":"summary_large_image","twitter_misc":{"Tiempo de lectura":"2 minutos"},"schema":{"@context":"https:\/\/schema.org","@graph":[{"@type":"WebPage","@id":"https:\/\/www.nushu.cat\/es\/producto\/cinta-adhesiva-papel\/","url":"https:\/\/www.nushu.cat\/es\/producto\/cinta-adhesiva-papel\/","name":"Cinta adhesiva de papel - n\u00fcshu","isPartOf":{"@id":"https:\/\/www.nushu.cat\/es\/#website"},"primaryImageOfPage":{"@id":"https:\/\/www.nushu.cat\/es\/producto\/cinta-adhesiva-papel\/#primaryimage"},"image":{"@id":"https:\/\/www.nushu.cat\/es\/producto\/cinta-adhesiva-papel\/#primaryimage"},"thumbnailUrl":"https:\/\/www.nushu.cat\/wp-content\/uploads\/2025\/09\/productes-web-1000x1000px.zip-5.png","datePublished":"2025-09-16T20:33:16+00:00","dateModified":"2025-09-18T19:55:22+00:00","description":"Cinta adhesiva o precinto de papel kraft marr\u00f3n, con adhesivo de caucho natural.Reciclable y sin pl\u00e1sticos, perfecta para un uso diario en casa: cerrar cajas, envolver regalos, hacer manualidades, unir materiales, hacer reparaciones,.. de forma sostenible.Medidas: 48 mm de ancho y 50 m de largo.","breadcrumb":{"@id":"https:\/\/www.nushu.cat\/es\/producto\/cinta-adhesiva-papel\/#breadcrumb"},"inLanguage":"es","potentialAction":[{"@type":"ReadAction","target":["https:\/\/www.nushu.cat\/es\/producto\/cinta-adhesiva-papel\/"]}]},{"@type":"ImageObject","inLanguage":"es","@id":"https:\/\/www.nushu.cat\/es\/producto\/cinta-adhesiva-papel\/#primaryimage","url":"https:\/\/www.nushu.cat\/wp-content\/uploads\/2025\/09\/productes-web-1000x1000px.zip-5.png","contentUrl":"https:\/\/www.nushu.cat\/wp-content\/uploads\/2025\/09\/productes-web-1000x1000px.zip-5.png","width":1000,"height":1000},{"@type":"BreadcrumbList","@id":"https:\/\/www.nushu.cat\/es\/producto\/cinta-adhesiva-papel\/#breadcrumb","itemListElement":[{"@type":"ListItem","position":1,"name":"Inici","item":"https:\/\/www.nushu.cat\/es\/compreses-de-tela\/"},{"@type":"ListItem","position":2,"name":"Tienda","item":"https:\/\/www.nushu.cat\/es\/tienda\/"},{"@type":"ListItem","position":3,"name":"Cinta adhesiva de papel"}]},{"@type":"WebSite","@id":"https:\/\/www.nushu.cat\/es\/#website","url":"https:\/\/www.nushu.cat\/es\/","name":"n\u00fcshu","description":"natural &amp; sostenible","publisher":{"@id":"https:\/\/www.nushu.cat\/es\/#organization"},"potentialAction":[{"@type":"SearchAction","target":{"@type":"EntryPoint","urlTemplate":"https:\/\/www.nushu.cat\/es\/?s={search_term_string}"},"query-input":{"@type":"PropertyValueSpecification","valueRequired":true,"valueName":"search_term_string"}}],"inLanguage":"es"},{"@type":"Organization","@id":"https:\/\/www.nushu.cat\/es\/#organization","name":"n\u00fcshu","url":"https:\/\/www.nushu.cat\/es\/","logo":{"@type":"ImageObject","inLanguage":"es","@id":"https:\/\/www.nushu.cat\/es\/#\/schema\/logo\/image\/","url":"https:\/\/www.nushu.cat\/wp-content\/uploads\/2024\/02\/nushu-share-1-1.png","contentUrl":"https:\/\/www.nushu.cat\/wp-content\/uploads\/2024\/02\/nushu-share-1-1.png","width":1080,"height":1080,"caption":"n\u00fcshu"},"image":{"@id":"https:\/\/www.nushu.cat\/es\/#\/schema\/logo\/image\/"},"sameAs":["https:\/\/www.facebook.com\/nushu.artesania\/","https:\/\/www.instagram.com\/nushu_artesania"]}]}},"jetpack_sharing_enabled":true,"_links":{"self":[{"href":"https:\/\/www.nushu.cat\/es\/wp-json\/wp\/v2\/product\/267140","targetHints":{"allow":["GET"]}}],"collection":[{"href":"https:\/\/www.nushu.cat\/es\/wp-json\/wp\/v2\/product"}],"about":[{"href":"https:\/\/www.nushu.cat\/es\/wp-json\/wp\/v2\/types\/product"}],"version-history":[{"count":2,"href":"https:\/\/www.nushu.cat\/es\/wp-json\/wp\/v2\/product\/267140\/revisions"}],"predecessor-version":[{"id":267145,"href":"https:\/\/www.nushu.cat\/es\/wp-json\/wp\/v2\/product\/267140\/revisions\/267145"}],"wp:featuredmedia":[{"embeddable":true,"href":"https:\/\/www.nushu.cat\/es\/wp-json\/wp\/v2\/media\/267155"}],"wp:attachment":[{"href":"https:\/\/www.nushu.cat\/es\/wp-json\/wp\/v2\/media?parent=267140"}],"wp:term":[{"taxonomy":"product_brand","embeddable":true,"href":"https:\/\/www.nushu.cat\/es\/wp-json\/wp\/v2\/product_brand?post=267140"},{"taxonomy":"product_cat","embeddable":true,"href":"https:\/\/www.nushu.cat\/es\/wp-json\/wp\/v2\/product_cat?post=267140"},{"taxonomy":"product_tag","embeddable":true,"href":"https:\/\/www.nushu.cat\/es\/wp-json\/wp\/v2\/product_tag?post=267140"}],"curies":[{"name":"wp","href":"https:\/\/api.w.org\/{rel}","templated":true}]}}