{"id":267264,"date":"2025-10-16T15:35:51","date_gmt":"2025-10-16T13:35:51","guid":{"rendered":"https:\/\/www.nushu.cat\/?post_type=product&#038;p=267264"},"modified":"2026-04-27T12:34:13","modified_gmt":"2026-04-27T10:34:13","slug":"braguita-menstrual-tiro-alto","status":"publish","type":"product","link":"https:\/\/www.nushu.cat\/es\/producto\/braguita-menstrual-tiro-alto\/","title":{"rendered":"Braguita menstrual de tiro alto"},"content":{"rendered":"<h2 data-start=\"1276\" data-end=\"1327\">\u00bfQu\u00e9 ofrece la braguita menstrual de tiro alto?<\/h2>\n<p data-start=\"1329\" data-end=\"1632\">La<strong data-start=\"1332\" data-end=\"1371\"> braguita menstrual de absorci\u00f3n moderada<\/strong> es un modelo de tiro alto pensado para ofrecer c<strong data-start=\"1414\" data-end=\"1439\">omodidad y seguridad <\/strong>durante los d\u00edas de sangrado. Su dise\u00f1o envuelve suavemente la zona del \u00fatero y los ri\u00f1ones, proporcionando una <strong data-start=\"1562\" data-end=\"1574\">sensaci\u00f3n de sujeci\u00f3n <\/strong>que ayuda a aliviar la presi\u00f3n y el <strong data-start=\"1612\" data-end=\"1631\">dolor menstrual.<\/strong> <\/p>\n<p data-start=\"1634\" data-end=\"1947\">Adem\u00e1s de su forma c\u00f3moda y estable, aporta <strong data-start=\"1682\" data-end=\"1698\">versatilidad<\/strong> gracias a su absorbente m\u00e1s largo. Est\u00e1 dise\u00f1ada para <strong data-start=\"1757\" data-end=\"1793\">flujo menstrual normal o abundante, <\/strong>y tambi\u00e9n para <strong data-start=\"1809\" data-end=\"1846\">p\u00e9rdidas de orina leves o moderadas, <\/strong>ofreciendo una protecci\u00f3n completa <strong data-start=\"1890\" data-end=\"1906\">incluso al dormir, <\/strong>evitando escapes tanto laterales como horizontales. <\/p>\n<p data-start=\"1949\" data-end=\"2061\">Su capacidad de absorci\u00f3n <strong data-start=\"1981\" data-end=\"2007\">equivale a 3 tampones,<\/strong> y est\u00e1 disponible en<strong data-start=\"2030\" data-end=\"2060\"> color gris con ribete negro.<\/strong><\/p>\n<h2 data-start=\"2068\" data-end=\"2119\">C\u00f3mo utilizar la braguita menstrual de tiro alto<\/h2>\n<p data-start=\"2121\" data-end=\"2182\">Las <strong data-start=\"2125\" data-end=\"2146\"><a href=\"\/?product_cat=bragas_menstruales\">braguitas menstruales<\/a><\/strong> son vers\u00e1tiles y pueden utilizarse:<\/p>\n<ul>\n<li data-start=\"2186\" data-end=\"2222\">En los d\u00edas de <strong data-start=\"2201\" data-end=\"2219\">flujo menstrual.<\/strong><\/li>\n<li data-start=\"2225\" data-end=\"2330\">Como soporte adicional con <strong data-start=\"2249\" data-end=\"2274\">productos internos<\/strong>, como la <a href=\"https:\/\/www.nushu.cat\/es\/producto\/copa-menstrual-eureka-cup-classic\/\"><strong data-start=\"2283\" data-end=\"2301\">copa menstrual <\/strong><\/a>o la <strong data-start=\"2306\" data-end=\"2327\"><a href=\"https:\/\/www.nushu.cat\/es\/producto\/esponja-menstrual\/\">esponja menstrual.<\/a><\/strong><\/li>\n<li data-start=\"2333\" data-end=\"2395\"><strong data-start=\"2343\" data-end=\"2355\">Durante la ovulaci\u00f3n,<\/strong> cuando el flujo es m\u00e1s denso o abundante.<\/li>\n<li data-start=\"2398\" data-end=\"2430\">Para <strong data-start=\"2404\" data-end=\"2429\">p\u00e9rdidas leves de orina.<\/strong><\/li>\n<\/ul>\n<h2 data-start=\"2437\" data-end=\"2482\">Cuidado y limpieza de las braguitas menstruales<\/h2>\n<p data-start=\"2484\" data-end=\"2770\">Despu\u00e9s de cada <strong data-start=\"2500\" data-end=\"2506\">uso<\/strong>, d\u00e9jalas en <strong data-start=\"2518\" data-end=\"2531\">remojo y enju\u00e1galas<\/strong> bien hasta retirar el exceso de sangre. Una vez aclaradas, puedes<strong data-start=\"2534\" data-end=\"2551\"> lavarlas a mano con<a href=\"https:\/\/www.nushu.cat\/es\/producto\/jabon-sostenible\/\"> jab\u00f3n neutro<\/a> <\/strong>o ponerlas en la lavadora con el resto de prendas, siempre del rev\u00e9s y sin superar los <strong data-start=\"2605\" data-end=\"2645\">30 \u00b0C.<\/strong> <br data-start=\"2584\" data-end=\"2587\"><strong data-start=\"2733\" data-end=\"2742\">S\u00e9calas al aire.<\/strong><\/p>\n<p data-start=\"2772\" data-end=\"2917\">Las bragas menstruales est\u00e1n hechas con tejidos t\u00e9cnicos que requieren un cuidado especial por su funcionamiento \u00f3ptimo. S\u00f3lo tienes que recordar esto: <\/p>\n<ol>\n<li data-start=\"2922\" data-end=\"3058\"><strong data-start=\"2922\" data-end=\"2953\">El calor puede deteriorarlas<\/strong> o reducir su vida \u00fatil. L\u00e1valas a m\u00e1ximo 30\u00baC y evita la plancha y la secadora con aire caliente. <\/li>\n<li data-start=\"3062\" data-end=\"3210\"><strong data-start=\"3062\" data-end=\"3118\">Algunas sustancias pueden bloquear el tejido t\u00e9cnico<\/strong> e impedir su buen funcionamiento: evita el uso de productos como suavizantes, lej\u00eda o jabones que contengan aceites.<\/li>\n<\/ol>\n<h2 data-start=\"3217\" data-end=\"3271\">Composici\u00f3n y materiales de las braguitas menstruales<\/h2>\n<ul>\n<li data-start=\"3275\" data-end=\"3374\"><strong data-start=\"3275\" data-end=\"3305\">Capa contacto con la piel: <\/strong>75% Lyocell, 25% Modal Contiene \u00f3xido de zinc de pureza farmac\u00e9utica. <\/li>\n<li data-start=\"3377\" data-end=\"3502\"><strong data-start=\"3377\" data-end=\"3396\">Capa absorbente:<\/strong> 100% rizo de Lyocell Con gran capacidad de absorci\u00f3n y laminado con una membrana transpirable de poliuretano.<\/li>\n<li data-start=\"3505\" data-end=\"3560\"><strong data-start=\"3505\" data-end=\"3534\">Capa externa impermeable: <\/strong>100% algod\u00f3n org\u00e1nico (GOTS).<\/li>\n<\/ul>\n","protected":false},"excerpt":{"rendered":"<ul>\n<li data-start=\"717\" data-end=\"827\"><strong data-start=\"717\" data-end=\"763\">Esta braguita menstrual es de cintura alta<\/strong> y ofrece una <strong data-start=\"778\" data-end=\"824\">absorci\u00f3n moderada (equivalente a 3 tampones).<\/strong><\/li>\n<li data-start=\"830\" data-end=\"950\"><strong data-start=\"837\" data-end=\"883\">Su tiro alto, te recoge y te abraza la zona del \u00fatero<\/strong>, aportando comodidad y <a href=\"https:\/\/www.nushu.cat\/es\/productes\/higiene-menstrual-sostenible\/dolor-menstrual-es\/\"><strong data-start=\"916\" data-end=\"947\">aliviando el dolor menstrual.<\/strong><\/a><\/li>\n<li data-start=\"953\" data-end=\"1074\">Ideal para <strong data-start=\"965\" data-end=\"1001\">flujo menstrual normal o abundante, <\/strong>p\u00e9rdidas de orina o para dormir, gracias a su<strong data-start=\"1048\" data-end=\"1071\"> absorbente m\u00e1s largo.<\/strong><\/li>\n<li data-start=\"1077\" data-end=\"1135\">Fabricada con <strong data-start=\"1091\" data-end=\"1132\">materiales sostenibles y transpirables.<\/strong><\/li>\n<li data-start=\"1138\" data-end=\"1165\">Color gris y ribete negro.<\/li>\n<li data-start=\"1168\" data-end=\"1242\">No huelen, son absorbentes, hidr\u00f3fugas, transpirables y antibacterianas.<\/li>\n<\/ul>\n","protected":false},"featured_media":268866,"template":"","meta":{"_acf_changed":false},"product_brand":[],"product_cat":[256,207,268],"product_tag":[],"class_list":{"0":"post-267264","1":"product","2":"type-product","3":"status-publish","4":"has-post-thumbnail","6":"product_cat-bragas_menstruales","7":"product_cat-higiene-menstrual-sostenible","8":"product_cat-sostenible","10":"first","11":"instock","12":"taxable","13":"shipping-taxable","14":"purchasable","15":"product-type-variable","16":"has-default-attributes"},"acf":[],"yoast_head":"<!-- This site is optimized with the Yoast SEO plugin v27.4 - https:\/\/yoast.com\/product\/yoast-seo-wordpress\/ -->\n<title>Braguita menstrual de tiro alto - n\u00fcshu<\/title>\n<meta name=\"description\" content=\"Braga menstrual de cintura alta con absorci\u00f3n moderada (3 tampones). Te recoge el \u00fatero, alivia el dolor menstrual y protege en flujo normal o abundante.\" \/>\n<meta name=\"robots\" content=\"index, follow, max-snippet:-1, max-image-preview:large, max-video-preview:-1\" \/>\n<link rel=\"canonical\" href=\"https:\/\/www.nushu.cat\/es\/producto\/braguita-menstrual-tiro-alto\/\" \/>\n<meta property=\"og:locale\" content=\"es_ES\" \/>\n<meta property=\"og:type\" content=\"article\" \/>\n<meta property=\"og:title\" content=\"Braguita menstrual de tiro alto - n\u00fcshu\" \/>\n<meta property=\"og:description\" content=\"Braga menstrual de cintura alta con absorci\u00f3n moderada (3 tampones). Te recoge el \u00fatero, alivia el dolor menstrual y protege en flujo normal o abundante.\" \/>\n<meta property=\"og:url\" content=\"https:\/\/www.nushu.cat\/es\/producto\/braguita-menstrual-tiro-alto\/\" \/>\n<meta property=\"og:site_name\" content=\"n\u00fcshu\" \/>\n<meta property=\"article:publisher\" content=\"https:\/\/www.facebook.com\/nushu.artesania\/\" \/>\n<meta property=\"article:modified_time\" content=\"2026-04-27T10:34:13+00:00\" \/>\n<meta property=\"og:image\" content=\"https:\/\/www.nushu.cat\/wp-content\/uploads\/2025\/10\/braga-menstrual-tiro-alto.webp\" \/>\n\t<meta property=\"og:image:width\" content=\"2048\" \/>\n\t<meta property=\"og:image:height\" content=\"2048\" \/>\n\t<meta property=\"og:image:type\" content=\"image\/webp\" \/>\n<meta name=\"twitter:card\" content=\"summary_large_image\" \/>\n<meta name=\"twitter:label1\" content=\"Tiempo de lectura\" \/>\n\t<meta name=\"twitter:data1\" content=\"3 minutos\" \/>\n<!-- \/ Yoast SEO plugin. -->","yoast_head_json":{"title":"Braguita menstrual de tiro alto - n\u00fcshu","description":"Braga menstrual de cintura alta con absorci\u00f3n moderada (3 tampones). Te recoge el \u00fatero, alivia el dolor menstrual y protege en flujo normal o abundante.","robots":{"index":"index","follow":"follow","max-snippet":"max-snippet:-1","max-image-preview":"max-image-preview:large","max-video-preview":"max-video-preview:-1"},"canonical":"https:\/\/www.nushu.cat\/es\/producto\/braguita-menstrual-tiro-alto\/","og_locale":"es_ES","og_type":"article","og_title":"Braguita menstrual de tiro alto - n\u00fcshu","og_description":"Braga menstrual de cintura alta con absorci\u00f3n moderada (3 tampones). Te recoge el \u00fatero, alivia el dolor menstrual y protege en flujo normal o abundante.","og_url":"https:\/\/www.nushu.cat\/es\/producto\/braguita-menstrual-tiro-alto\/","og_site_name":"n\u00fcshu","article_publisher":"https:\/\/www.facebook.com\/nushu.artesania\/","article_modified_time":"2026-04-27T10:34:13+00:00","og_image":[{"width":2048,"height":2048,"url":"https:\/\/www.nushu.cat\/wp-content\/uploads\/2025\/10\/braga-menstrual-tiro-alto.webp","type":"image\/webp"}],"twitter_card":"summary_large_image","twitter_misc":{"Tiempo de lectura":"3 minutos"},"schema":{"@context":"https:\/\/schema.org","@graph":[{"@type":"WebPage","@id":"https:\/\/www.nushu.cat\/es\/producto\/braguita-menstrual-tiro-alto\/","url":"https:\/\/www.nushu.cat\/es\/producto\/braguita-menstrual-tiro-alto\/","name":"Braguita menstrual de tiro alto - n\u00fcshu","isPartOf":{"@id":"https:\/\/www.nushu.cat\/es\/#website"},"primaryImageOfPage":{"@id":"https:\/\/www.nushu.cat\/es\/producto\/braguita-menstrual-tiro-alto\/#primaryimage"},"image":{"@id":"https:\/\/www.nushu.cat\/es\/producto\/braguita-menstrual-tiro-alto\/#primaryimage"},"thumbnailUrl":"https:\/\/www.nushu.cat\/wp-content\/uploads\/2025\/10\/braga-menstrual-tiro-alto.webp","datePublished":"2025-10-16T13:35:51+00:00","dateModified":"2026-04-27T10:34:13+00:00","description":"Braga menstrual de cintura alta con absorci\u00f3n moderada (3 tampones). Te recoge el \u00fatero, alivia el dolor menstrual y protege en flujo normal o abundante.","breadcrumb":{"@id":"https:\/\/www.nushu.cat\/es\/producto\/braguita-menstrual-tiro-alto\/#breadcrumb"},"inLanguage":"es","potentialAction":[{"@type":"ReadAction","target":["https:\/\/www.nushu.cat\/es\/producto\/braguita-menstrual-tiro-alto\/"]}]},{"@type":"ImageObject","inLanguage":"es","@id":"https:\/\/www.nushu.cat\/es\/producto\/braguita-menstrual-tiro-alto\/#primaryimage","url":"https:\/\/www.nushu.cat\/wp-content\/uploads\/2025\/10\/braga-menstrual-tiro-alto.webp","contentUrl":"https:\/\/www.nushu.cat\/wp-content\/uploads\/2025\/10\/braga-menstrual-tiro-alto.webp","width":2048,"height":2048,"caption":"Braguita menstrual de cintura alta gris con ribete negro reutilizable n\u00fcshu"},{"@type":"BreadcrumbList","@id":"https:\/\/www.nushu.cat\/es\/producto\/braguita-menstrual-tiro-alto\/#breadcrumb","itemListElement":[{"@type":"ListItem","position":1,"name":"Inici","item":"https:\/\/www.nushu.cat\/es\/compreses-de-tela\/"},{"@type":"ListItem","position":2,"name":"Tienda","item":"https:\/\/www.nushu.cat\/es\/tienda\/"},{"@type":"ListItem","position":3,"name":"Braguita menstrual de tiro alto"}]},{"@type":"WebSite","@id":"https:\/\/www.nushu.cat\/es\/#website","url":"https:\/\/www.nushu.cat\/es\/","name":"n\u00fcshu","description":"natural &amp; sostenible","publisher":{"@id":"https:\/\/www.nushu.cat\/es\/#organization"},"potentialAction":[{"@type":"SearchAction","target":{"@type":"EntryPoint","urlTemplate":"https:\/\/www.nushu.cat\/es\/?s={search_term_string}"},"query-input":{"@type":"PropertyValueSpecification","valueRequired":true,"valueName":"search_term_string"}}],"inLanguage":"es"},{"@type":"Organization","@id":"https:\/\/www.nushu.cat\/es\/#organization","name":"n\u00fcshu","url":"https:\/\/www.nushu.cat\/es\/","logo":{"@type":"ImageObject","inLanguage":"es","@id":"https:\/\/www.nushu.cat\/es\/#\/schema\/logo\/image\/","url":"https:\/\/www.nushu.cat\/wp-content\/uploads\/2024\/02\/nushu-share-1-1.png","contentUrl":"https:\/\/www.nushu.cat\/wp-content\/uploads\/2024\/02\/nushu-share-1-1.png","width":1080,"height":1080,"caption":"n\u00fcshu"},"image":{"@id":"https:\/\/www.nushu.cat\/es\/#\/schema\/logo\/image\/"},"sameAs":["https:\/\/www.facebook.com\/nushu.artesania\/","https:\/\/www.instagram.com\/nushu_artesania"]}]}},"jetpack_sharing_enabled":true,"_links":{"self":[{"href":"https:\/\/www.nushu.cat\/es\/wp-json\/wp\/v2\/product\/267264","targetHints":{"allow":["GET"]}}],"collection":[{"href":"https:\/\/www.nushu.cat\/es\/wp-json\/wp\/v2\/product"}],"about":[{"href":"https:\/\/www.nushu.cat\/es\/wp-json\/wp\/v2\/types\/product"}],"version-history":[{"count":4,"href":"https:\/\/www.nushu.cat\/es\/wp-json\/wp\/v2\/product\/267264\/revisions"}],"predecessor-version":[{"id":268868,"href":"https:\/\/www.nushu.cat\/es\/wp-json\/wp\/v2\/product\/267264\/revisions\/268868"}],"wp:featuredmedia":[{"embeddable":true,"href":"https:\/\/www.nushu.cat\/es\/wp-json\/wp\/v2\/media\/268866"}],"wp:attachment":[{"href":"https:\/\/www.nushu.cat\/es\/wp-json\/wp\/v2\/media?parent=267264"}],"wp:term":[{"taxonomy":"product_brand","embeddable":true,"href":"https:\/\/www.nushu.cat\/es\/wp-json\/wp\/v2\/product_brand?post=267264"},{"taxonomy":"product_cat","embeddable":true,"href":"https:\/\/www.nushu.cat\/es\/wp-json\/wp\/v2\/product_cat?post=267264"},{"taxonomy":"product_tag","embeddable":true,"href":"https:\/\/www.nushu.cat\/es\/wp-json\/wp\/v2\/product_tag?post=267264"}],"curies":[{"name":"wp","href":"https:\/\/api.w.org\/{rel}","templated":true}]}}