{"id":268421,"date":"2025-11-17T22:30:13","date_gmt":"2025-11-17T21:30:13","guid":{"rendered":"https:\/\/www.nushu.cat\/?post_type=product&#038;p=268421"},"modified":"2025-11-18T23:33:18","modified_gmt":"2025-11-18T22:33:18","slug":"irupe-y-la-menarquia","status":"publish","type":"product","link":"https:\/\/www.nushu.cat\/es\/producto\/irupe-y-la-menarquia\/","title":{"rendered":"Irup\u00e9 y la menarquia"},"content":{"rendered":"<p data-start=\"339\" data-end=\"626\">En Irup\u00e9 y la Menarqu\u00eda conocer\u00e1s a Irup\u00e9, una criatura del bosque Lun\u00e1tico que emprende un viaje m\u00e1gico para explorar los primeros cambios del cuerpo: los pelitos que aparecen, los botones mamarios, las emociones confusas\u2026 y tambi\u00e9n la ciclicidad, la naturaleza y la ra\u00edz de la feminidad.<\/p>\n<p data-start=\"628\" data-end=\"973\">Este cuento est\u00e1 pensado como <strong data-start=\"661\" data-end=\"690\">herramienta de educaci\u00f3n menstrual.<\/strong> Las p\u00e1ginas para pintar abren espacios de conversaci\u00f3n entre ni\u00f1as, familias y docentes y ayudan a hablar de la menarqu\u00eda con naturalidad. Su mirada combina ternura y rigor, y recuerda que el inicio de la regla forma parte de un proceso m\u00e1s amplio que comienza mucho antes del primer sangrado.<\/p>\n<p data-start=\"975\" data-end=\"1185\">Al mismo tiempo, el libro tiene capas de profundidad. A primera vista puede leerse como un cuento infantil, pero tambi\u00e9n est\u00e1 dise\u00f1ado para acompa\u00f1ar a adolescentes, adultos, educadoras\/es y espacios educativos que trabajan en sexualidad y salud integral.<\/p>\n<p data-start=\"1187\" data-end=\"1556\">Con cuidadas ilustraciones, p\u00e1ginas en blanco y negro para pintar y un dise\u00f1o pensado para generar calma y curiosidad, <em data-start=\"1304\" data-end=\"1326\">Irup\u00e9 y la Menarqu\u00eda<\/em> es mucho m\u00e1s que un libro: es un recurso para acompa\u00f1ar, dar herramientas y <strong data-start=\"1397\" data-end=\"1438\">empoderar las experiencias menstruales.<\/strong> Una invitaci\u00f3n a crear una cultura menstrual basada en la informaci\u00f3n, respeto y libertad de los cuerpos c\u00edclicos.<\/p>\n<p data-start=\"1558\" data-end=\"1719\">Dirigido a familias con ni\u00f1as entre aproximadamente 4 y 11 a\u00f1os, es tambi\u00e9n una valiosa herramienta para talleres de educaci\u00f3n sexual, capacitaciones de profesorado y bibliotecas que quieren incorporar recursos sobre ciclo menstrual y menarquia.<\/p>\n","protected":false},"excerpt":{"rendered":"<p>Irup\u00e9 y la Menarqu\u00eda es un cuento ilustrado y para pintar que acompa\u00f1a a las ni\u00f1as \u2014y tambi\u00e9n a las familias y educadoras\u2014 a descubrir el cuerpo, las emociones y el ciclo menstrual con ternura, informaci\u00f3n clara y cero tab\u00faes.<\/p>\n<p>Edad: A partir de 4 a\u00f1os<br \/>\nIdioma: Castellano<br \/>\nFecha de publicaci\u00f3n: Marzo 2024<br \/>\nAutora: Amanda Maria L\u00f3pez Cobo y Lorenza Urbani Lunetta<br \/>\nIlustradora: Juliana Mercado y Gio Mazziotti<br \/>\nDimensiones: 19cm x 19cm<\/p>\n","protected":false},"featured_media":268518,"template":"","meta":{"_acf_changed":false},"product_brand":[],"product_cat":[198,259,197,268],"product_tag":[],"class_list":{"0":"post-268421","1":"product","2":"type-product","3":"status-publish","4":"has-post-thumbnail","6":"product_cat-maternidad-sostenible","7":"product_cat-libros","8":"product_cat-maternidad-y-crianza","9":"product_cat-sostenible","11":"first","12":"instock","13":"taxable","14":"shipping-taxable","15":"purchasable","16":"product-type-simple"},"acf":[],"yoast_head":"<!-- This site is optimized with the Yoast SEO plugin v27.4 - https:\/\/yoast.com\/product\/yoast-seo-wordpress\/ -->\n<title>Libro Irup\u00e9 y la menarquia - n\u00fcshu<\/title>\n<meta name=\"description\" content=\"Irup\u00e9 y la Menarqu\u00eda es un cuento ilustrado y para pintar que acompa\u00f1a a las ni\u00f1as \u2014y tambi\u00e9n a las familias y educadoras\u2014 a descubrir el cuerpo, las emociones y el ciclo menstrual con ternura, informaci\u00f3n clara y cero tab\u00faes.\" \/>\n<meta name=\"robots\" content=\"index, follow, max-snippet:-1, max-image-preview:large, max-video-preview:-1\" \/>\n<link rel=\"canonical\" href=\"https:\/\/www.nushu.cat\/es\/producto\/irupe-y-la-menarquia\/\" \/>\n<meta property=\"og:locale\" content=\"es_ES\" \/>\n<meta property=\"og:type\" content=\"article\" \/>\n<meta property=\"og:title\" content=\"Libro Irup\u00e9 y la menarquia - n\u00fcshu\" \/>\n<meta property=\"og:description\" content=\"Irup\u00e9 y la Menarqu\u00eda es un cuento ilustrado y para pintar que acompa\u00f1a a las ni\u00f1as \u2014y tambi\u00e9n a las familias y educadoras\u2014 a descubrir el cuerpo, las emociones y el ciclo menstrual con ternura, informaci\u00f3n clara y cero tab\u00faes.\" \/>\n<meta property=\"og:url\" content=\"https:\/\/www.nushu.cat\/es\/producto\/irupe-y-la-menarquia\/\" \/>\n<meta property=\"og:site_name\" content=\"n\u00fcshu\" \/>\n<meta property=\"article:publisher\" content=\"https:\/\/www.facebook.com\/nushu.artesania\/\" \/>\n<meta property=\"article:modified_time\" content=\"2025-11-18T22:33:18+00:00\" \/>\n<meta property=\"og:image\" content=\"https:\/\/www.nushu.cat\/wp-content\/uploads\/2025\/11\/TAPA-irupe-1000x1024.jpg\" \/>\n\t<meta property=\"og:image:width\" content=\"1000\" \/>\n\t<meta property=\"og:image:height\" content=\"1024\" \/>\n\t<meta property=\"og:image:type\" content=\"image\/jpeg\" \/>\n<meta name=\"twitter:card\" content=\"summary_large_image\" \/>\n<meta name=\"twitter:label1\" content=\"Tiempo de lectura\" \/>\n\t<meta name=\"twitter:data1\" content=\"2 minutos\" \/>\n<!-- \/ Yoast SEO plugin. -->","yoast_head_json":{"title":"Libro Irup\u00e9 y la menarquia - n\u00fcshu","description":"Irup\u00e9 y la Menarqu\u00eda es un cuento ilustrado y para pintar que acompa\u00f1a a las ni\u00f1as \u2014y tambi\u00e9n a las familias y educadoras\u2014 a descubrir el cuerpo, las emociones y el ciclo menstrual con ternura, informaci\u00f3n clara y cero tab\u00faes.","robots":{"index":"index","follow":"follow","max-snippet":"max-snippet:-1","max-image-preview":"max-image-preview:large","max-video-preview":"max-video-preview:-1"},"canonical":"https:\/\/www.nushu.cat\/es\/producto\/irupe-y-la-menarquia\/","og_locale":"es_ES","og_type":"article","og_title":"Libro Irup\u00e9 y la menarquia - n\u00fcshu","og_description":"Irup\u00e9 y la Menarqu\u00eda es un cuento ilustrado y para pintar que acompa\u00f1a a las ni\u00f1as \u2014y tambi\u00e9n a las familias y educadoras\u2014 a descubrir el cuerpo, las emociones y el ciclo menstrual con ternura, informaci\u00f3n clara y cero tab\u00faes.","og_url":"https:\/\/www.nushu.cat\/es\/producto\/irupe-y-la-menarquia\/","og_site_name":"n\u00fcshu","article_publisher":"https:\/\/www.facebook.com\/nushu.artesania\/","article_modified_time":"2025-11-18T22:33:18+00:00","og_image":[{"width":1000,"height":1024,"url":"https:\/\/www.nushu.cat\/wp-content\/uploads\/2025\/11\/TAPA-irupe-1000x1024.jpg","type":"image\/jpeg"}],"twitter_card":"summary_large_image","twitter_misc":{"Tiempo de lectura":"2 minutos"},"schema":{"@context":"https:\/\/schema.org","@graph":[{"@type":"WebPage","@id":"https:\/\/www.nushu.cat\/es\/producto\/irupe-y-la-menarquia\/","url":"https:\/\/www.nushu.cat\/es\/producto\/irupe-y-la-menarquia\/","name":"Libro Irup\u00e9 y la menarquia - n\u00fcshu","isPartOf":{"@id":"https:\/\/www.nushu.cat\/es\/#website"},"primaryImageOfPage":{"@id":"https:\/\/www.nushu.cat\/es\/producto\/irupe-y-la-menarquia\/#primaryimage"},"image":{"@id":"https:\/\/www.nushu.cat\/es\/producto\/irupe-y-la-menarquia\/#primaryimage"},"thumbnailUrl":"https:\/\/www.nushu.cat\/wp-content\/uploads\/2025\/11\/TAPA-irupe.jpg","datePublished":"2025-11-17T21:30:13+00:00","dateModified":"2025-11-18T22:33:18+00:00","description":"Irup\u00e9 y la Menarqu\u00eda es un cuento ilustrado y para pintar que acompa\u00f1a a las ni\u00f1as \u2014y tambi\u00e9n a las familias y educadoras\u2014 a descubrir el cuerpo, las emociones y el ciclo menstrual con ternura, informaci\u00f3n clara y cero tab\u00faes.","breadcrumb":{"@id":"https:\/\/www.nushu.cat\/es\/producto\/irupe-y-la-menarquia\/#breadcrumb"},"inLanguage":"es","potentialAction":[{"@type":"ReadAction","target":["https:\/\/www.nushu.cat\/es\/producto\/irupe-y-la-menarquia\/"]}]},{"@type":"ImageObject","inLanguage":"es","@id":"https:\/\/www.nushu.cat\/es\/producto\/irupe-y-la-menarquia\/#primaryimage","url":"https:\/\/www.nushu.cat\/wp-content\/uploads\/2025\/11\/TAPA-irupe.jpg","contentUrl":"https:\/\/www.nushu.cat\/wp-content\/uploads\/2025\/11\/TAPA-irupe.jpg","width":2287,"height":2341},{"@type":"BreadcrumbList","@id":"https:\/\/www.nushu.cat\/es\/producto\/irupe-y-la-menarquia\/#breadcrumb","itemListElement":[{"@type":"ListItem","position":1,"name":"Inici","item":"https:\/\/www.nushu.cat\/es\/compreses-de-tela\/"},{"@type":"ListItem","position":2,"name":"Tienda","item":"https:\/\/www.nushu.cat\/es\/tienda\/"},{"@type":"ListItem","position":3,"name":"Irup\u00e9 y la menarquia"}]},{"@type":"WebSite","@id":"https:\/\/www.nushu.cat\/es\/#website","url":"https:\/\/www.nushu.cat\/es\/","name":"n\u00fcshu","description":"natural &amp; sostenible","publisher":{"@id":"https:\/\/www.nushu.cat\/es\/#organization"},"potentialAction":[{"@type":"SearchAction","target":{"@type":"EntryPoint","urlTemplate":"https:\/\/www.nushu.cat\/es\/?s={search_term_string}"},"query-input":{"@type":"PropertyValueSpecification","valueRequired":true,"valueName":"search_term_string"}}],"inLanguage":"es"},{"@type":"Organization","@id":"https:\/\/www.nushu.cat\/es\/#organization","name":"n\u00fcshu","url":"https:\/\/www.nushu.cat\/es\/","logo":{"@type":"ImageObject","inLanguage":"es","@id":"https:\/\/www.nushu.cat\/es\/#\/schema\/logo\/image\/","url":"https:\/\/www.nushu.cat\/wp-content\/uploads\/2024\/02\/nushu-share-1-1.png","contentUrl":"https:\/\/www.nushu.cat\/wp-content\/uploads\/2024\/02\/nushu-share-1-1.png","width":1080,"height":1080,"caption":"n\u00fcshu"},"image":{"@id":"https:\/\/www.nushu.cat\/es\/#\/schema\/logo\/image\/"},"sameAs":["https:\/\/www.facebook.com\/nushu.artesania\/","https:\/\/www.instagram.com\/nushu_artesania"]}]}},"jetpack_sharing_enabled":true,"_links":{"self":[{"href":"https:\/\/www.nushu.cat\/es\/wp-json\/wp\/v2\/product\/268421","targetHints":{"allow":["GET"]}}],"collection":[{"href":"https:\/\/www.nushu.cat\/es\/wp-json\/wp\/v2\/product"}],"about":[{"href":"https:\/\/www.nushu.cat\/es\/wp-json\/wp\/v2\/types\/product"}],"version-history":[{"count":2,"href":"https:\/\/www.nushu.cat\/es\/wp-json\/wp\/v2\/product\/268421\/revisions"}],"predecessor-version":[{"id":268441,"href":"https:\/\/www.nushu.cat\/es\/wp-json\/wp\/v2\/product\/268421\/revisions\/268441"}],"wp:featuredmedia":[{"embeddable":true,"href":"https:\/\/www.nushu.cat\/es\/wp-json\/wp\/v2\/media\/268518"}],"wp:attachment":[{"href":"https:\/\/www.nushu.cat\/es\/wp-json\/wp\/v2\/media?parent=268421"}],"wp:term":[{"taxonomy":"product_brand","embeddable":true,"href":"https:\/\/www.nushu.cat\/es\/wp-json\/wp\/v2\/product_brand?post=268421"},{"taxonomy":"product_cat","embeddable":true,"href":"https:\/\/www.nushu.cat\/es\/wp-json\/wp\/v2\/product_cat?post=268421"},{"taxonomy":"product_tag","embeddable":true,"href":"https:\/\/www.nushu.cat\/es\/wp-json\/wp\/v2\/product_tag?post=268421"}],"curies":[{"name":"wp","href":"https:\/\/api.w.org\/{rel}","templated":true}]}}