{"id":270079,"date":"2026-02-13T19:39:29","date_gmt":"2026-02-13T18:39:29","guid":{"rendered":"https:\/\/www.nushu.cat\/?post_type=product&#038;p=270079"},"modified":"2026-04-11T14:02:23","modified_gmt":"2026-04-11T12:02:23","slug":"braguita-menstrual-adolescentes","status":"publish","type":"product","link":"https:\/\/www.nushu.cat\/es\/producto\/braguita-menstrual-adolescentes\/","title":{"rendered":"Braguita menstrual para adolescentes"},"content":{"rendered":"<h2 data-start=\"1289\" data-end=\"1333\">Pensada para las primeras menstruaciones<\/h2>\n<p data-start=\"1335\" data-end=\"1453\">La braguita menstrual para adolescentes es una alternativa pr\u00e1ctica y f\u00e1cil de usar, especialmente recomendada para:<\/p>\n<ul>\n<li data-start=\"1457\" data-end=\"1474\">Primeras reglas<\/li>\n<li data-start=\"1477\" data-end=\"1499\">D\u00edas de flujo moderado<\/li>\n<li data-start=\"1502\" data-end=\"1553\">Iniciarse en productos menstruales reutilizables<\/li>\n<li data-start=\"1556\" data-end=\"1633\">Sentirse segura en la escuela, actividades extraescolares o durante el d\u00eda a d\u00eda<\/li>\n<\/ul>\n<p data-start=\"1635\" data-end=\"1728\">Su uso sencillo permite a las adolescentes ganar autonom\u00eda y confianza en su propio cuerpo.<\/p>\n<h2 data-start=\"967\" data-end=\"1021\">\u00bfC\u00f3mo es la braga menstrual de absorci\u00f3n moderada?<\/h2>\n<p data-start=\"1023\" data-end=\"1307\">La <strong data-start=\"1026\" data-end=\"1065\">braguita menstrual de absorci\u00f3n moderada <\/strong>es un modelo c\u00f3modo y funcional dise\u00f1ado para ofrecer protecci\u00f3n diaria sin renunciar a la suavidad ni a un ajuste agradable.<br data-start=\"1189\" data-end=\"1192\" \/>Su dise\u00f1o sencillo, de tiro bajo y l\u00edneas cl\u00e1sicas, la convierte en una braguita menstrual b\u00e1sica muy vers\u00e1til.<\/p>\n<p data-start=\"1309\" data-end=\"1582\">Est\u00e1 disponible en:<\/p>\n<ul>\n<li data-start=\"1309\" data-end=\"1582\"><strong data-start=\"1328\" data-end=\"1361\">Color rosa con ribete turquesa<\/strong><\/li>\n<li data-start=\"1309\" data-end=\"1582\">Color blanco con topitos de colores<\/li>\n<\/ul>\n<p>&nbsp;<\/p>\n<p>Su nivel de absorci\u00f3n <strong data-start=\"1389\" data-end=\"1412\">equivale a 3 tampones.<\/strong><\/p>\n<p>Es adecuada para <strong data-start=\"1434\" data-end=\"1458\">d\u00edas de flujo moderado, <\/strong>motivo por el cual es una buena opci\u00f3n para llevar <strong data-start=\"1504\" data-end=\"1519\">durante menos horas.<\/strong><\/p>\n<p>Adem\u00e1s, es <strong data-start=\"1594\" data-end=\"1650\">transpirable, hidr\u00f3fuga, antibacteriana y no huele,<\/strong> gracias a sus tejidos t\u00e9cnicos de alta calidad pensados para acompa\u00f1arte durante todo el ciclo.<\/p>\n<h2 data-start=\"1754\" data-end=\"1819\">\u00bfPara qu\u00e9 tipo de flujo es adecuada la absorci\u00f3n moderada?<\/h2>\n<p data-start=\"1821\" data-end=\"1887\">Las bragas menstruales est\u00e1n dise\u00f1adas para poder ser utilizadas:<\/p>\n<ul>\n<li data-start=\"1891\" data-end=\"1934\">Solas los d\u00edas de <strong data-start=\"1908\" data-end=\"1931\">menstruaci\u00f3n media.<\/strong><\/li>\n<li data-start=\"1937\" data-end=\"2041\"><strong data-start=\"1937\" data-end=\"1985\">En combinaci\u00f3n con alg\u00fan producto de uso interno,<\/strong> como la <strong data-start=\"1994\" data-end=\"2012\"><a href=\"https:\/\/www.nushu.cat\/es\/producto\/copa-menstrual-eureka-cup-classic\/\">copa menstrual<\/a><\/strong> o la <strong data-start=\"2017\" data-end=\"2038\"><a href=\"https:\/\/www.nushu.cat\/es\/producto\/esponja-menstrual\/\">esponja menstrual.<\/a><\/strong><\/li>\n<li data-start=\"2044\" data-end=\"2106\">Tambi\u00e9n para aquellos d\u00edas de ovulaci\u00f3n con <strong data-start=\"2082\" data-end=\"2103\">flujo m\u00e1s abundante.<\/strong><\/li>\n<li data-start=\"2109\" data-end=\"2141\">Para <strong data-start=\"2115\" data-end=\"2140\">p\u00e9rdidas leves de orina.<\/strong><\/li>\n<\/ul>\n<h2 data-start=\"2148\" data-end=\"2193\">Cuidado y limpieza de las braguitas menstruales<\/h2>\n<p data-start=\"2195\" data-end=\"2477\">Despu\u00e9s de cada uso, d\u00e9jalas en <strong data-start=\"2211\" data-end=\"2217\">remojo<\/strong> y <strong data-start=\"2232\" data-end=\"2242\">acl\u00e1ralas<\/strong> bien hasta retirar el exceso de sangre.<br data-start=\"2295\" data-end=\"2298\" \/>Una vez aclaradas, <strong data-start=\"2245\" data-end=\"2262\">puedes lavarlas a mano con<a href=\"https:\/\/www.nushu.cat\/es\/producto\/jabon-sostenible\/\"> jab\u00f3n neutro<\/a><\/strong> o ponerlas en la lavadora con el resto de prendas, siempre del rev\u00e9s y sin superar los 30 \u00b0C.<br data-start=\"2450\" data-end=\"2453\" \/><strong data-start=\"2316\" data-end=\"2356\">S\u00e9calas al aire.<\/strong><\/p>\n<p data-start=\"2479\" data-end=\"2625\">Las bragas menstruales est\u00e1n hechas con tejidos t\u00e9cnicos que requieren un cuidado especial por su funcionamiento \u00f3ptimo. S\u00f3lo tienes que recordar esto:<\/p>\n<ol>\n<li><strong data-start=\"2630\" data-end=\"2661\">El calor puede deteriorarlas <\/strong>o reducir su vida \u00fatil. L\u00e1valas a m\u00e1ximo 30\u00baC y evita la plancha y la secadora con aire caliente.<\/li>\n<li><strong data-start=\"2769\" data-end=\"2825\">Algunas sustancias pueden bloquear el tejido t\u00e9cnico<\/strong> e impedir su buen funcionamiento: evita el uso de productos como suavizantes, lej\u00eda o jabones que contengan aceites.<\/li>\n<\/ol>\n<h2 data-start=\"2946\" data-end=\"3000\">Composici\u00f3n y materiales de las braguitas menstruales<\/h2>\n<ul>\n<li data-start=\"3004\" data-end=\"3103\"><strong data-start=\"3004\" data-end=\"3034\">Capa contacto con la piel: <\/strong>75% Lyocell, 25% Modal Contiene \u00f3xido de zinc de pureza farmac\u00e9utica.<\/li>\n<li data-start=\"3106\" data-end=\"3231\"><strong data-start=\"3106\" data-end=\"3125\">Capa absorbente:<\/strong> 100% rizo de Lyocell Con gran capacidad de absorci\u00f3n y laminado con una membrana transpirable de poliuretano.<\/li>\n<li data-start=\"3234\" data-end=\"3289\"><strong data-start=\"3234\" data-end=\"3263\">Capa externa impermeable: <\/strong>100% algod\u00f3n org\u00e1nico (GOTS).<\/li>\n<\/ul>\n","protected":false},"excerpt":{"rendered":"<ul>\n<li data-start=\"690\" data-end=\"777\"><strong data-start=\"690\" data-end=\"729\">Braga menstrual de absorci\u00f3n moderada <\/strong>de l\u00edneas sencillas, corte cl\u00e1sico y tiro bajo.<\/li>\n<li data-start=\"780\" data-end=\"810\">Color rosa o blanco con topitos de colores.<\/li>\n<li data-start=\"813\" data-end=\"856\">Su absorci\u00f3n <strong data-start=\"830\" data-end=\"853\">equivale a 3 tampones.<\/strong><\/li>\n<li data-start=\"859\" data-end=\"933\">No huelen, son absorbentes, hidr\u00f3fugas, transpirables y antibacterianas.<\/li>\n<\/ul>\n","protected":false},"featured_media":270161,"template":"","meta":{"_acf_changed":false},"product_brand":[],"product_cat":[256,207,268],"product_tag":[],"class_list":{"0":"post-270079","1":"product","2":"type-product","3":"status-publish","4":"has-post-thumbnail","6":"product_cat-bragas_menstruales","7":"product_cat-higiene-menstrual-sostenible","8":"product_cat-sostenible","10":"first","11":"instock","12":"taxable","13":"shipping-taxable","14":"purchasable","15":"product-type-variable"},"acf":[],"yoast_head":"<!-- This site is optimized with the Yoast SEO plugin v27.2 - https:\/\/yoast.com\/product\/yoast-seo-wordpress\/ -->\n<title>Braguita menstrual para adolescentes | Absorci\u00f3n moderada y c\u00f3moda - n\u00fcshu<\/title>\n<meta name=\"description\" content=\"Braguita menstrual para adolescentes de absorci\u00f3n moderada, c\u00f3moda y reutilizable. Ideal para las primeras menstruaciones y para vivir el ciclo con seguridad.\" \/>\n<meta name=\"robots\" content=\"index, follow, max-snippet:-1, max-image-preview:large, max-video-preview:-1\" \/>\n<link rel=\"canonical\" href=\"https:\/\/www.nushu.cat\/es\/producto\/braguita-menstrual-adolescentes\/\" \/>\n<meta property=\"og:locale\" content=\"es_ES\" \/>\n<meta property=\"og:type\" content=\"article\" \/>\n<meta property=\"og:title\" content=\"Braguita menstrual para adolescentes | Absorci\u00f3n moderada y c\u00f3moda - n\u00fcshu\" \/>\n<meta property=\"og:description\" content=\"Braguita menstrual para adolescentes de absorci\u00f3n moderada, c\u00f3moda y reutilizable. Ideal para las primeras menstruaciones y para vivir el ciclo con seguridad.\" \/>\n<meta property=\"og:url\" content=\"https:\/\/www.nushu.cat\/es\/producto\/braguita-menstrual-adolescentes\/\" \/>\n<meta property=\"og:site_name\" content=\"n\u00fcshu\" \/>\n<meta property=\"article:publisher\" content=\"https:\/\/www.facebook.com\/nushu.artesania\/\" \/>\n<meta property=\"article:modified_time\" content=\"2026-04-11T12:02:23+00:00\" \/>\n<meta property=\"og:image\" content=\"https:\/\/www.nushu.cat\/wp-content\/uploads\/2026\/02\/adolescent-menarquia.webp\" \/>\n\t<meta property=\"og:image:width\" content=\"1500\" \/>\n\t<meta property=\"og:image:height\" content=\"1500\" \/>\n\t<meta property=\"og:image:type\" content=\"image\/webp\" \/>\n<meta name=\"twitter:card\" content=\"summary_large_image\" \/>\n<meta name=\"twitter:label1\" content=\"Tiempo de lectura\" \/>\n\t<meta name=\"twitter:data1\" content=\"3 minutos\" \/>\n<!-- \/ Yoast SEO plugin. -->","yoast_head_json":{"title":"Braguita menstrual para adolescentes | Absorci\u00f3n moderada y c\u00f3moda - n\u00fcshu","description":"Braguita menstrual para adolescentes de absorci\u00f3n moderada, c\u00f3moda y reutilizable. Ideal para las primeras menstruaciones y para vivir el ciclo con seguridad.","robots":{"index":"index","follow":"follow","max-snippet":"max-snippet:-1","max-image-preview":"max-image-preview:large","max-video-preview":"max-video-preview:-1"},"canonical":"https:\/\/www.nushu.cat\/es\/producto\/braguita-menstrual-adolescentes\/","og_locale":"es_ES","og_type":"article","og_title":"Braguita menstrual para adolescentes | Absorci\u00f3n moderada y c\u00f3moda - n\u00fcshu","og_description":"Braguita menstrual para adolescentes de absorci\u00f3n moderada, c\u00f3moda y reutilizable. Ideal para las primeras menstruaciones y para vivir el ciclo con seguridad.","og_url":"https:\/\/www.nushu.cat\/es\/producto\/braguita-menstrual-adolescentes\/","og_site_name":"n\u00fcshu","article_publisher":"https:\/\/www.facebook.com\/nushu.artesania\/","article_modified_time":"2026-04-11T12:02:23+00:00","og_image":[{"width":1500,"height":1500,"url":"https:\/\/www.nushu.cat\/wp-content\/uploads\/2026\/02\/adolescent-menarquia.webp","type":"image\/webp"}],"twitter_card":"summary_large_image","twitter_misc":{"Tiempo de lectura":"3 minutos"},"schema":{"@context":"https:\/\/schema.org","@graph":[{"@type":"WebPage","@id":"https:\/\/www.nushu.cat\/es\/producto\/braguita-menstrual-adolescentes\/","url":"https:\/\/www.nushu.cat\/es\/producto\/braguita-menstrual-adolescentes\/","name":"Braguita menstrual para adolescentes | Absorci\u00f3n moderada y c\u00f3moda - n\u00fcshu","isPartOf":{"@id":"https:\/\/www.nushu.cat\/es\/#website"},"primaryImageOfPage":{"@id":"https:\/\/www.nushu.cat\/es\/producto\/braguita-menstrual-adolescentes\/#primaryimage"},"image":{"@id":"https:\/\/www.nushu.cat\/es\/producto\/braguita-menstrual-adolescentes\/#primaryimage"},"thumbnailUrl":"https:\/\/www.nushu.cat\/wp-content\/uploads\/2026\/02\/adolescent-menarquia.webp","datePublished":"2026-02-13T18:39:29+00:00","dateModified":"2026-04-11T12:02:23+00:00","description":"Braguita menstrual para adolescentes de absorci\u00f3n moderada, c\u00f3moda y reutilizable. Ideal para las primeras menstruaciones y para vivir el ciclo con seguridad.","breadcrumb":{"@id":"https:\/\/www.nushu.cat\/es\/producto\/braguita-menstrual-adolescentes\/#breadcrumb"},"inLanguage":"es","potentialAction":[{"@type":"ReadAction","target":["https:\/\/www.nushu.cat\/es\/producto\/braguita-menstrual-adolescentes\/"]}]},{"@type":"ImageObject","inLanguage":"es","@id":"https:\/\/www.nushu.cat\/es\/producto\/braguita-menstrual-adolescentes\/#primaryimage","url":"https:\/\/www.nushu.cat\/wp-content\/uploads\/2026\/02\/adolescent-menarquia.webp","contentUrl":"https:\/\/www.nushu.cat\/wp-content\/uploads\/2026\/02\/adolescent-menarquia.webp","width":1500,"height":1500,"caption":"Teixit t\u00e8cnic absorbent i transpirable de la calceta menstrual juvenil"},{"@type":"BreadcrumbList","@id":"https:\/\/www.nushu.cat\/es\/producto\/braguita-menstrual-adolescentes\/#breadcrumb","itemListElement":[{"@type":"ListItem","position":1,"name":"Inici","item":"https:\/\/www.nushu.cat\/es\/"},{"@type":"ListItem","position":2,"name":"Tienda","item":"https:\/\/www.nushu.cat\/es\/tienda\/"},{"@type":"ListItem","position":3,"name":"Braguita menstrual para adolescentes"}]},{"@type":"WebSite","@id":"https:\/\/www.nushu.cat\/es\/#website","url":"https:\/\/www.nushu.cat\/es\/","name":"n\u00fcshu","description":"natural &amp; sostenible","publisher":{"@id":"https:\/\/www.nushu.cat\/es\/#organization"},"potentialAction":[{"@type":"SearchAction","target":{"@type":"EntryPoint","urlTemplate":"https:\/\/www.nushu.cat\/es\/?s={search_term_string}"},"query-input":{"@type":"PropertyValueSpecification","valueRequired":true,"valueName":"search_term_string"}}],"inLanguage":"es"},{"@type":"Organization","@id":"https:\/\/www.nushu.cat\/es\/#organization","name":"n\u00fcshu","url":"https:\/\/www.nushu.cat\/es\/","logo":{"@type":"ImageObject","inLanguage":"es","@id":"https:\/\/www.nushu.cat\/es\/#\/schema\/logo\/image\/","url":"https:\/\/www.nushu.cat\/wp-content\/uploads\/2024\/02\/nushu-share-1-1.png","contentUrl":"https:\/\/www.nushu.cat\/wp-content\/uploads\/2024\/02\/nushu-share-1-1.png","width":1080,"height":1080,"caption":"n\u00fcshu"},"image":{"@id":"https:\/\/www.nushu.cat\/es\/#\/schema\/logo\/image\/"},"sameAs":["https:\/\/www.facebook.com\/nushu.artesania\/","https:\/\/www.instagram.com\/nushu_artesania"]}]}},"jetpack_sharing_enabled":true,"_links":{"self":[{"href":"https:\/\/www.nushu.cat\/es\/wp-json\/wp\/v2\/product\/270079","targetHints":{"allow":["GET"]}}],"collection":[{"href":"https:\/\/www.nushu.cat\/es\/wp-json\/wp\/v2\/product"}],"about":[{"href":"https:\/\/www.nushu.cat\/es\/wp-json\/wp\/v2\/types\/product"}],"version-history":[{"count":2,"href":"https:\/\/www.nushu.cat\/es\/wp-json\/wp\/v2\/product\/270079\/revisions"}],"predecessor-version":[{"id":270181,"href":"https:\/\/www.nushu.cat\/es\/wp-json\/wp\/v2\/product\/270079\/revisions\/270181"}],"wp:featuredmedia":[{"embeddable":true,"href":"https:\/\/www.nushu.cat\/es\/wp-json\/wp\/v2\/media\/270161"}],"wp:attachment":[{"href":"https:\/\/www.nushu.cat\/es\/wp-json\/wp\/v2\/media?parent=270079"}],"wp:term":[{"taxonomy":"product_brand","embeddable":true,"href":"https:\/\/www.nushu.cat\/es\/wp-json\/wp\/v2\/product_brand?post=270079"},{"taxonomy":"product_cat","embeddable":true,"href":"https:\/\/www.nushu.cat\/es\/wp-json\/wp\/v2\/product_cat?post=270079"},{"taxonomy":"product_tag","embeddable":true,"href":"https:\/\/www.nushu.cat\/es\/wp-json\/wp\/v2\/product_tag?post=270079"}],"curies":[{"name":"wp","href":"https:\/\/api.w.org\/{rel}","templated":true}]}}