{"id":270462,"date":"2026-04-20T14:58:56","date_gmt":"2026-04-20T12:58:56","guid":{"rendered":"https:\/\/www.nushu.cat\/?post_type=product&#038;p=270462"},"modified":"2026-04-25T00:04:38","modified_gmt":"2026-04-24T22:04:38","slug":"caja-toallitas","status":"publish","type":"product","link":"https:\/\/www.nushu.cat\/es\/producto\/caja-toallitas\/","title":{"rendered":"Caja de toallitas"},"content":{"rendered":"<p data-start=\"349\" data-end=\"505\">Esta caja de bamb\u00fa para <a href=\"https:\/\/www.nushu.cat\/es\/producto\/toallitas-reutilizables\/\">toallitas reutilizables<\/a> es la soluci\u00f3n perfecta para integrar el residuo cero en tu d\u00eda a d\u00eda sin renunciar a su comodidad.<\/p>\n<p data-start=\"507\" data-end=\"814\">Gracias a su dise\u00f1o funcional, puedes colocar las toallitas capiculadas en el interior para que salgan f\u00e1cilmente una tras otra, al igual que una caja de pa\u00f1uelos convencional.<br \/>\nIdeal tanto para tener en el ba\u00f1o como alternativa al papel higi\u00e9nico h\u00famedo, o en el comedor para sustituir los pa\u00f1uelos de papel.<\/p>\n<p data-start=\"816\" data-end=\"941\">Fabricada en bamb\u00fa, material natural, resistente y sostenible, aporta un toque c\u00e1lido y minimalista a cualquier espacio de casa.<br \/>\nTambi\u00e9n tienes la versi\u00f3n en blanco, con polipropileno.<\/p>\n<p data-start=\"943\" data-end=\"1064\">Una opci\u00f3n pr\u00e1ctica para dar el paso hacia un consumo m\u00e1s consciente, reduciendo residuos y apostando por productos reutilizables.<\/p>\n<h3 data-section-id=\"m05z3a\" data-start=\"1261\" data-end=\"1285\"><span role=\"text\"><strong data-start=\"1265\" data-end=\"1285\">Caracter\u00edsticas:<\/strong><\/span><\/h3>\n<ul data-start=\"1286\" data-end=\"1376\">\n<li data-section-id=\"wl71m7\" data-start=\"1286\" data-end=\"1305\">Material: bamb\u00fa<\/li>\n<li data-section-id=\"18ogtto\" data-start=\"1306\" data-end=\"1331\">Medidas: 26 x 14 x 7 cm<\/li>\n<li data-section-id=\"ftl138\" data-start=\"1332\" data-end=\"1348\">Peso: 0,44 kg<\/li>\n<li data-section-id=\"1rdhykc\" data-start=\"1349\" data-end=\"1376\">Packaging: caja blanca<\/li>\n<\/ul>\n<h3 data-section-id=\"m05z3a\" data-start=\"1261\" data-end=\"1285\"><\/h3>\n<ul data-start=\"1286\" data-end=\"1376\">\n<li data-section-id=\"wl71m7\" data-start=\"1286\" data-end=\"1305\">Material: bamb\u00fa y polipropil\u00e9eno<\/li>\n<li data-section-id=\"18ogtto\" data-start=\"1306\" data-end=\"1331\">Medidas: 26 x 13 x 8,6 cm<\/li>\n<li data-section-id=\"ftl138\" data-start=\"1332\" data-end=\"1348\">Peso: 0,33 kg<\/li>\n<li data-section-id=\"1rdhykc\" data-start=\"1349\" data-end=\"1376\">Packaging: caja blanca<\/li>\n<\/ul>\n<p data-start=\"983\" data-end=\"1018\">\n","protected":false},"excerpt":{"rendered":"<p>Caja de bamb\u00fa o bamb\u00fa y polipropileno para<strong> <a href=\"https:\/\/www.nushu.cat\/es\/producto\/toallitas-reutilizables\/\">toallitas reutilizables<\/a><\/strong>, pr\u00e1ctica y decorativa.<br \/>\nPermite colocarlas capiculadas para que salgan una a una.<br \/>\nIdeal para el ba\u00f1o o el comedor como <strong>alternativa sostenible <\/strong>a los pa\u00f1uelos y toallitas desechables.<\/p>\n","protected":false},"featured_media":270467,"template":"","meta":{"_acf_changed":false},"product_brand":[],"product_cat":[221,259,268],"product_tag":[],"class_list":{"0":"post-270462","1":"product","2":"type-product","3":"status-publish","4":"has-post-thumbnail","6":"product_cat-hogar-sostenible","7":"product_cat-libros","8":"product_cat-sostenible","10":"first","11":"instock","12":"taxable","13":"shipping-taxable","14":"purchasable","15":"product-type-variable"},"acf":[],"yoast_head":"<!-- This site is optimized with the Yoast SEO plugin v27.4 - https:\/\/yoast.com\/product\/yoast-seo-wordpress\/ -->\n<title>Caja de toallitas regalo sostenible - n\u00fcshu<\/title>\n<meta name=\"description\" content=\"Caja de bamb\u00fa para guardar toallitas reutilizables y utilizarlas f\u00e1cilmente una a una. Alternativa sostenible a los pa\u00f1uelos y toallitas desechables. Ideal para ba\u00f1o o comedor.\" \/>\n<meta name=\"robots\" content=\"index, follow, max-snippet:-1, max-image-preview:large, max-video-preview:-1\" \/>\n<link rel=\"canonical\" href=\"https:\/\/www.nushu.cat\/es\/producto\/caja-toallitas\/\" \/>\n<meta property=\"og:locale\" content=\"es_ES\" \/>\n<meta property=\"og:type\" content=\"article\" \/>\n<meta property=\"og:title\" content=\"Caja de toallitas regalo sostenible - n\u00fcshu\" \/>\n<meta property=\"og:description\" content=\"Caja de bamb\u00fa para guardar toallitas reutilizables y utilizarlas f\u00e1cilmente una a una. Alternativa sostenible a los pa\u00f1uelos y toallitas desechables. Ideal para ba\u00f1o o comedor.\" \/>\n<meta property=\"og:url\" content=\"https:\/\/www.nushu.cat\/es\/producto\/caja-toallitas\/\" \/>\n<meta property=\"og:site_name\" content=\"n\u00fcshu\" \/>\n<meta property=\"article:publisher\" content=\"https:\/\/www.facebook.com\/nushu.artesania\/\" \/>\n<meta property=\"article:modified_time\" content=\"2026-04-24T22:04:38+00:00\" \/>\n<meta property=\"og:image\" content=\"https:\/\/www.nushu.cat\/wp-content\/uploads\/2026\/04\/capsa-bambu-tovalloletes.jpg\" \/>\n\t<meta property=\"og:image:width\" content=\"1536\" \/>\n\t<meta property=\"og:image:height\" content=\"1536\" \/>\n\t<meta property=\"og:image:type\" content=\"image\/jpeg\" \/>\n<meta name=\"twitter:card\" content=\"summary_large_image\" \/>\n<meta name=\"twitter:label1\" content=\"Tiempo de lectura\" \/>\n\t<meta name=\"twitter:data1\" content=\"2 minutos\" \/>\n<!-- \/ Yoast SEO plugin. -->","yoast_head_json":{"title":"Caja de toallitas regalo sostenible - n\u00fcshu","description":"Caja de bamb\u00fa para guardar toallitas reutilizables y utilizarlas f\u00e1cilmente una a una. Alternativa sostenible a los pa\u00f1uelos y toallitas desechables. Ideal para ba\u00f1o o comedor.","robots":{"index":"index","follow":"follow","max-snippet":"max-snippet:-1","max-image-preview":"max-image-preview:large","max-video-preview":"max-video-preview:-1"},"canonical":"https:\/\/www.nushu.cat\/es\/producto\/caja-toallitas\/","og_locale":"es_ES","og_type":"article","og_title":"Caja de toallitas regalo sostenible - n\u00fcshu","og_description":"Caja de bamb\u00fa para guardar toallitas reutilizables y utilizarlas f\u00e1cilmente una a una. Alternativa sostenible a los pa\u00f1uelos y toallitas desechables. Ideal para ba\u00f1o o comedor.","og_url":"https:\/\/www.nushu.cat\/es\/producto\/caja-toallitas\/","og_site_name":"n\u00fcshu","article_publisher":"https:\/\/www.facebook.com\/nushu.artesania\/","article_modified_time":"2026-04-24T22:04:38+00:00","og_image":[{"width":1536,"height":1536,"url":"https:\/\/www.nushu.cat\/wp-content\/uploads\/2026\/04\/capsa-bambu-tovalloletes.jpg","type":"image\/jpeg"}],"twitter_card":"summary_large_image","twitter_misc":{"Tiempo de lectura":"2 minutos"},"schema":{"@context":"https:\/\/schema.org","@graph":[{"@type":"WebPage","@id":"https:\/\/www.nushu.cat\/es\/producto\/caja-toallitas\/","url":"https:\/\/www.nushu.cat\/es\/producto\/caja-toallitas\/","name":"Caja de toallitas regalo sostenible - n\u00fcshu","isPartOf":{"@id":"https:\/\/www.nushu.cat\/es\/#website"},"primaryImageOfPage":{"@id":"https:\/\/www.nushu.cat\/es\/producto\/caja-toallitas\/#primaryimage"},"image":{"@id":"https:\/\/www.nushu.cat\/es\/producto\/caja-toallitas\/#primaryimage"},"thumbnailUrl":"https:\/\/www.nushu.cat\/wp-content\/uploads\/2026\/04\/capsa-bambu-tovalloletes.jpg","datePublished":"2026-04-20T12:58:56+00:00","dateModified":"2026-04-24T22:04:38+00:00","description":"Caja de bamb\u00fa para guardar toallitas reutilizables y utilizarlas f\u00e1cilmente una a una. Alternativa sostenible a los pa\u00f1uelos y toallitas desechables. Ideal para ba\u00f1o o comedor.","breadcrumb":{"@id":"https:\/\/www.nushu.cat\/es\/producto\/caja-toallitas\/#breadcrumb"},"inLanguage":"es","potentialAction":[{"@type":"ReadAction","target":["https:\/\/www.nushu.cat\/es\/producto\/caja-toallitas\/"]}]},{"@type":"ImageObject","inLanguage":"es","@id":"https:\/\/www.nushu.cat\/es\/producto\/caja-toallitas\/#primaryimage","url":"https:\/\/www.nushu.cat\/wp-content\/uploads\/2026\/04\/capsa-bambu-tovalloletes.jpg","contentUrl":"https:\/\/www.nushu.cat\/wp-content\/uploads\/2026\/04\/capsa-bambu-tovalloletes.jpg","width":1536,"height":1536},{"@type":"BreadcrumbList","@id":"https:\/\/www.nushu.cat\/es\/producto\/caja-toallitas\/#breadcrumb","itemListElement":[{"@type":"ListItem","position":1,"name":"Inici","item":"https:\/\/www.nushu.cat\/es\/compreses-de-tela\/"},{"@type":"ListItem","position":2,"name":"Tienda","item":"https:\/\/www.nushu.cat\/es\/tienda\/"},{"@type":"ListItem","position":3,"name":"Caja de toallitas"}]},{"@type":"WebSite","@id":"https:\/\/www.nushu.cat\/es\/#website","url":"https:\/\/www.nushu.cat\/es\/","name":"n\u00fcshu","description":"natural &amp; sostenible","publisher":{"@id":"https:\/\/www.nushu.cat\/es\/#organization"},"potentialAction":[{"@type":"SearchAction","target":{"@type":"EntryPoint","urlTemplate":"https:\/\/www.nushu.cat\/es\/?s={search_term_string}"},"query-input":{"@type":"PropertyValueSpecification","valueRequired":true,"valueName":"search_term_string"}}],"inLanguage":"es"},{"@type":"Organization","@id":"https:\/\/www.nushu.cat\/es\/#organization","name":"n\u00fcshu","url":"https:\/\/www.nushu.cat\/es\/","logo":{"@type":"ImageObject","inLanguage":"es","@id":"https:\/\/www.nushu.cat\/es\/#\/schema\/logo\/image\/","url":"https:\/\/www.nushu.cat\/wp-content\/uploads\/2024\/02\/nushu-share-1-1.png","contentUrl":"https:\/\/www.nushu.cat\/wp-content\/uploads\/2024\/02\/nushu-share-1-1.png","width":1080,"height":1080,"caption":"n\u00fcshu"},"image":{"@id":"https:\/\/www.nushu.cat\/es\/#\/schema\/logo\/image\/"},"sameAs":["https:\/\/www.facebook.com\/nushu.artesania\/","https:\/\/www.instagram.com\/nushu_artesania"]}]}},"jetpack_sharing_enabled":true,"_links":{"self":[{"href":"https:\/\/www.nushu.cat\/es\/wp-json\/wp\/v2\/product\/270462","targetHints":{"allow":["GET"]}}],"collection":[{"href":"https:\/\/www.nushu.cat\/es\/wp-json\/wp\/v2\/product"}],"about":[{"href":"https:\/\/www.nushu.cat\/es\/wp-json\/wp\/v2\/types\/product"}],"version-history":[{"count":1,"href":"https:\/\/www.nushu.cat\/es\/wp-json\/wp\/v2\/product\/270462\/revisions"}],"predecessor-version":[{"id":270747,"href":"https:\/\/www.nushu.cat\/es\/wp-json\/wp\/v2\/product\/270462\/revisions\/270747"}],"wp:featuredmedia":[{"embeddable":true,"href":"https:\/\/www.nushu.cat\/es\/wp-json\/wp\/v2\/media\/270467"}],"wp:attachment":[{"href":"https:\/\/www.nushu.cat\/es\/wp-json\/wp\/v2\/media?parent=270462"}],"wp:term":[{"taxonomy":"product_brand","embeddable":true,"href":"https:\/\/www.nushu.cat\/es\/wp-json\/wp\/v2\/product_brand?post=270462"},{"taxonomy":"product_cat","embeddable":true,"href":"https:\/\/www.nushu.cat\/es\/wp-json\/wp\/v2\/product_cat?post=270462"},{"taxonomy":"product_tag","embeddable":true,"href":"https:\/\/www.nushu.cat\/es\/wp-json\/wp\/v2\/product_tag?post=270462"}],"curies":[{"name":"wp","href":"https:\/\/api.w.org\/{rel}","templated":true}]}}