{"id":270524,"date":"2026-04-21T23:08:57","date_gmt":"2026-04-21T21:08:57","guid":{"rendered":"https:\/\/www.nushu.cat\/?post_type=product&#038;p=270524"},"modified":"2026-04-24T23:36:29","modified_gmt":"2026-04-24T21:36:29","slug":"caja-bambu-25-toallitas-reutilizables","status":"publish","type":"product","link":"https:\/\/www.nushu.cat\/es\/producto\/caja-bambu-25-toallitas-reutilizables\/","title":{"rendered":"Caja + 25 toallitas reutilizables org\u00e1nicas"},"content":{"rendered":"<p data-start=\"87\" data-end=\"238\">Este pack de caja de bamb\u00fa con 25 toallitas reutilizables 100% algod\u00f3n org\u00e1nico es la forma m\u00e1s f\u00e1cil de pasar al residuo cero en tu d\u00eda a d\u00eda.<\/p>\n<h3 data-section-id=\"js9dew\" data-start=\"245\" data-end=\"290\"><\/h3>\n<h3 data-section-id=\"js9dew\" data-start=\"245\" data-end=\"290\"><span role=\"text\"><strong data-start=\"249\" data-end=\"290\">Caja de bamb\u00fa: pr\u00e1ctica y decorativa<\/strong><\/span><\/h3>\n<p data-start=\"291\" data-end=\"469\">Incluye una caja de bamb\u00fa funcional y decorativa, pensada para colocar las toallitas capiculadas en el interior para que salgan una a una, como una caja de pa\u00f1uelos convencional.<\/p>\n<p data-start=\"471\" data-end=\"528\">Ideal para tener siempre a mano tanto en el ba\u00f1o como en el comedor.<\/p>\n<p data-start=\"471\" data-end=\"528\">Puedes elegir entre 2 opciones de caja, una de bamb\u00fa 100%, y la otra, que tiene la tapa de bamb\u00fa y el cuerpo de polipropileno, de color blanco.<br \/>\nEscoge la opci\u00f3n que m\u00e1s te guste al desplegable.<\/p>\n<h3 data-section-id=\"1gy0quw\" data-start=\"535\" data-end=\"591\"><\/h3>\n<h3 data-section-id=\"1gy0quw\" data-start=\"535\" data-end=\"591\"><span role=\"text\"><strong data-start=\"539\" data-end=\"591\">Toallitas reutilizables de algod\u00f3n org\u00e1nico GOTS<\/strong><\/span><\/h3>\n<p data-start=\"592\" data-end=\"704\">Las toallitas reutilizables de algod\u00f3n org\u00e1nico 100% con certificado GOTS son suaves, resistentes y muy vers\u00e1tiles.<\/p>\n<p data-start=\"706\" data-end=\"830\">Las puedes utilizar como pa\u00f1uelos, por higiene personal, para limpiarte las manos o la cara, o para el cuidado de los m\u00e1s peque\u00f1os.<\/p>\n<p data-start=\"832\" data-end=\"927\">Miden 20x20cm y est\u00e1n hechas de muselina: cuanto m\u00e1s las utilizas, m\u00e1s suaves y blandas se vuelven.<\/p>\n<p data-start=\"832\" data-end=\"927\">Tienes 5 colores a escoger: esmeralda, azul, coral, mostaza o beige. Elige lo que prefieras al desplegable.<\/p>\n<h3 data-section-id=\"iq1e07\" data-start=\"934\" data-end=\"1000\"><\/h3>\n<h3 data-section-id=\"iq1e07\" data-start=\"934\" data-end=\"1000\"><span role=\"text\"><strong data-start=\"938\" data-end=\"1000\">Una alternativa real al papel ya las toallitas h\u00famedas<\/strong><\/span><\/h3>\n<p data-start=\"1001\" data-end=\"1085\">Despu\u00e9s de utilizarlas, basta con lavarlas y volver a colocarlas en la caja.<\/p>\n<p data-start=\"1087\" data-end=\"1231\">Una alternativa pr\u00e1ctica, econ\u00f3mica y sostenible que reduce significativamente el uso de papel desechable y de toallitas h\u00famedas para adultos y beb\u00e9s.<\/p>\n<p data-start=\"1233\" data-end=\"1391\">Las toallitas h\u00famedas son uno de los productos cotidianos m\u00e1s contaminantes. Aqu\u00ed tienes una alternativa reutilizable, libre de qu\u00edmicos, perfumes y conservantes.<\/p>\n<h3 data-section-id=\"rhj19u\" data-start=\"1398\" data-end=\"1443\"><\/h3>\n<h3 data-section-id=\"rhj19u\" data-start=\"1398\" data-end=\"1443\"><span role=\"text\"><strong data-start=\"1402\" data-end=\"1443\">Para qu\u00e9 puedes utilizar este pack<\/strong><\/span><\/h3>\n<p data-start=\"1444\" data-end=\"1528\">Pensado para sustituir las toallitas h\u00famedas desechables, pero con muchos m\u00e1s usos:<\/p>\n<p data-start=\"1530\" data-end=\"1551\"><strong data-start=\"1530\" data-end=\"1551\">Para el d\u00eda a d\u00eda:<\/strong><\/p>\n<ul data-start=\"1552\" data-end=\"1639\">\n<li data-section-id=\"kr0loy\" data-start=\"1552\" data-end=\"1581\">Sustituir el papel de WC<\/li>\n<li data-section-id=\"s9lfz3\" data-start=\"1582\" data-end=\"1618\">Sustituir los pa\u00f1uelos de papel<\/li>\n<li data-section-id=\"1qsk10x\" data-start=\"1619\" data-end=\"1639\">Higiene personal<\/li>\n<\/ul>\n<p data-start=\"1641\" data-end=\"1658\"><strong data-start=\"1641\" data-end=\"1658\">Para beb\u00e9s:<\/strong><\/p>\n<ul data-start=\"1659\" data-end=\"1722\">\n<li data-section-id=\"12ai1g2\" data-start=\"1659\" data-end=\"1722\">Limpiar mocos, reflujo, lega\u00f1as, l\u00e1grimas o cualquier mancha<\/li>\n<\/ul>\n<p data-start=\"1724\" data-end=\"1740\"><strong data-start=\"1724\" data-end=\"1740\">Otros usos:<\/strong><\/p>\n<ul data-start=\"1741\" data-end=\"1869\">\n<li data-section-id=\"bheyzj\" data-start=\"1741\" data-end=\"1759\">Trapo de limpieza<\/li>\n<li data-section-id=\"arnase\" data-start=\"1760\" data-end=\"1797\">Cuidado de mascotas (ojos, orejas\u2026)<\/li>\n<li data-section-id=\"bhxtam\" data-start=\"1798\" data-end=\"1838\">Hacer pa\u00f1os h\u00famedos para bajar la fiebre<\/li>\n<li data-section-id=\"1bl1z40\" data-start=\"1839\" data-end=\"1869\">Mantener la verdura fresca<\/li>\n<\/ul>\n<h3 data-section-id=\"z5whzc\" data-start=\"2147\" data-end=\"2173\"><\/h3>\n<h3 data-section-id=\"z5whzc\" data-start=\"2147\" data-end=\"2173\"><span role=\"text\"><strong data-start=\"2151\" data-end=\"2173\">C\u00f3mo utilizarlas<\/strong><\/span><\/h3>\n<p data-start=\"2174\" data-end=\"2221\">Tienes varias opciones seg\u00fan lo que necesites:<\/p>\n<ul data-start=\"2223\" data-end=\"2381\">\n<li data-section-id=\"1hm8gx7\" data-start=\"2223\" data-end=\"2247\">Utilizarlas secas, para secarte despu\u00e9s de lavarte con agua<\/li>\n<li data-section-id=\"y4d7tf\" data-start=\"2248\" data-end=\"2321\">Humedecerlas con un spray (agua, manzanilla, hamamelis, cal\u00e9ndula\u2026) justo antes del uso<\/li>\n<li data-section-id=\"1wwq7ce\" data-start=\"2322\" data-end=\"2381\">Guardarlos h\u00famedos directamente al sacarlos de la lavadora<\/li>\n<\/ul>\n<p data-start=\"2463\" data-end=\"2557\">Una vez utilizadas, si es necesario, aclarar y lavar en la lavadora como cualquier otra pieza.<\/p>\n<h3 data-section-id=\"rcq01r\" data-start=\"2564\" data-end=\"2599\"><\/h3>\n<h3 data-section-id=\"rcq01r\" data-start=\"2564\" data-end=\"2599\"><span role=\"text\"><strong data-start=\"2568\" data-end=\"2599\">Haz el cambio en el residuo cero<\/strong><\/span><\/h3>\n<p data-start=\"2600\" data-end=\"2701\">El pack perfecto para empezar (o continuar) con un estilo de vida m\u00e1s consciente, pr\u00e1ctico y sostenible.<\/p>\n<h3 data-section-id=\"m05z3a\" data-start=\"1361\" data-end=\"1385\"><span role=\"text\"><strong data-start=\"1365\" data-end=\"1385\">Caracter\u00edsticas<\/strong><\/span><\/h3>\n<p data-start=\"1386\" data-end=\"1396\"><strong data-start=\"1386\" data-end=\"1396\">Caja bamb\u00fa:<\/strong><\/p>\n<ul data-start=\"1397\" data-end=\"1487\">\n<li data-section-id=\"wl71m7\" data-start=\"1397\" data-end=\"1416\">Material: bamb\u00fa<\/li>\n<li data-section-id=\"18ogtto\" data-start=\"1417\" data-end=\"1442\">Medidas: 26 x 14 x 7 cm<\/li>\n<li data-section-id=\"ftl138\" data-start=\"1443\" data-end=\"1459\">Peso: 0,44 kg<\/li>\n<\/ul>\n<p><strong data-start=\"1386\" data-end=\"1396\">Caja blanca:<\/strong><\/p>\n<ul data-start=\"1397\" data-end=\"1487\">\n<li data-section-id=\"wl71m7\" data-start=\"1397\" data-end=\"1416\">Material: bamb\u00fa y polipropileno<\/li>\n<li data-section-id=\"18ogtto\" data-start=\"1417\" data-end=\"1442\">Medidas: 26 x 134 x 8,6 cm<\/li>\n<li data-section-id=\"ftl138\" data-start=\"1443\" data-end=\"1459\">Peso: 0,33 kg<\/li>\n<\/ul>\n<p data-start=\"1489\" data-end=\"1506\"><strong data-start=\"1489\" data-end=\"1506\">Toallitas:<\/strong><\/p>\n<ul data-start=\"1507\" data-end=\"1633\">\n<li data-section-id=\"1mhqimv\" data-start=\"1507\" data-end=\"1529\">Pack de 25 unidades<\/li>\n<li data-section-id=\"1mhqimv\" data-start=\"1507\" data-end=\"1529\">Muselina 100% algod\u00f3n org\u00e1nico<\/li>\n<li data-section-id=\"m3qlco\" data-start=\"1530\" data-end=\"1560\">Reutilizables y labables<\/li>\n<li data-section-id=\"t2i2au\" data-start=\"1561\" data-end=\"1583\">M\u00e1s suaves con los usos<\/li>\n<li data-section-id=\"1b1sn66\" data-start=\"1584\" data-end=\"1633\">Uso: higiene personal, beb\u00e9s, pa\u00f1uelos, limpieza diaria<\/li>\n<\/ul>\n","protected":false},"excerpt":{"rendered":"<p>Pack de caja de bamb\u00fa + 25 toallitas reutilizables de algod\u00f3n org\u00e1nico 100%, a elegir entre 5 colores.<\/p>\n<p>Soluci\u00f3n pr\u00e1ctica y sostenible para sustituir pa\u00f1uelos y toallitas desechables en el ba\u00f1o o en el comedor.<\/p>\n","protected":false},"featured_media":270671,"template":"","meta":{"_acf_changed":false},"product_brand":[],"product_cat":[192,241,221,197,244,268,194],"product_tag":[],"class_list":{"0":"post-270524","1":"product","2":"type-product","3":"status-publish","4":"has-post-thumbnail","6":"product_cat-higiene-facial-sostenible","7":"product_cat-higiene-bebe","8":"product_cat-hogar-sostenible","9":"product_cat-maternidad-y-crianza","10":"product_cat-packs-maternidad-bebe","11":"product_cat-sostenible","12":"product_cat-toallas","14":"first","15":"instock","16":"sale","17":"taxable","18":"shipping-taxable","19":"purchasable","20":"product-type-variable","21":"has-default-attributes"},"acf":[],"yoast_head":"<!-- This site is optimized with the Yoast SEO plugin v27.2 - https:\/\/yoast.com\/product\/yoast-seo-wordpress\/ -->\n<title>Caja + 25 toallitas reutilizables org\u00e1nicas reutilizables - n\u00fcshu<\/title>\n<meta name=\"description\" content=\"Pack con caja de bamb\u00fa y 25 toallitas reutilizables de algod\u00f3n org\u00e1nico. Soluci\u00f3n pr\u00e1ctica y sostenible para sustituir pa\u00f1uelos y toallitas desechables en casa.\" \/>\n<meta name=\"robots\" content=\"index, follow, max-snippet:-1, max-image-preview:large, max-video-preview:-1\" \/>\n<link rel=\"canonical\" href=\"https:\/\/www.nushu.cat\/es\/producto\/caja-bambu-25-toallitas-reutilizables\/\" \/>\n<meta property=\"og:locale\" content=\"es_ES\" \/>\n<meta property=\"og:type\" content=\"article\" \/>\n<meta property=\"og:title\" content=\"Caja + 25 toallitas reutilizables org\u00e1nicas reutilizables - n\u00fcshu\" \/>\n<meta property=\"og:description\" content=\"Pack con caja de bamb\u00fa y 25 toallitas reutilizables de algod\u00f3n org\u00e1nico. Soluci\u00f3n pr\u00e1ctica y sostenible para sustituir pa\u00f1uelos y toallitas desechables en casa.\" \/>\n<meta property=\"og:url\" content=\"https:\/\/www.nushu.cat\/es\/producto\/caja-bambu-25-toallitas-reutilizables\/\" \/>\n<meta property=\"og:site_name\" content=\"n\u00fcshu\" \/>\n<meta property=\"article:publisher\" content=\"https:\/\/www.facebook.com\/nushu.artesania\/\" \/>\n<meta property=\"article:modified_time\" content=\"2026-04-24T21:36:29+00:00\" \/>\n<meta property=\"og:image\" content=\"https:\/\/www.nushu.cat\/wp-content\/uploads\/2026\/04\/capses-bambu-i-blanca.png\" \/>\n\t<meta property=\"og:image:width\" content=\"1000\" \/>\n\t<meta property=\"og:image:height\" content=\"1000\" \/>\n\t<meta property=\"og:image:type\" content=\"image\/png\" \/>\n<meta name=\"twitter:card\" content=\"summary_large_image\" \/>\n<meta name=\"twitter:label1\" content=\"Tiempo de lectura\" \/>\n\t<meta name=\"twitter:data1\" content=\"3 minutos\" \/>\n<!-- \/ Yoast SEO plugin. -->","yoast_head_json":{"title":"Caja + 25 toallitas reutilizables org\u00e1nicas reutilizables - n\u00fcshu","description":"Pack con caja de bamb\u00fa y 25 toallitas reutilizables de algod\u00f3n org\u00e1nico. Soluci\u00f3n pr\u00e1ctica y sostenible para sustituir pa\u00f1uelos y toallitas desechables en casa.","robots":{"index":"index","follow":"follow","max-snippet":"max-snippet:-1","max-image-preview":"max-image-preview:large","max-video-preview":"max-video-preview:-1"},"canonical":"https:\/\/www.nushu.cat\/es\/producto\/caja-bambu-25-toallitas-reutilizables\/","og_locale":"es_ES","og_type":"article","og_title":"Caja + 25 toallitas reutilizables org\u00e1nicas reutilizables - n\u00fcshu","og_description":"Pack con caja de bamb\u00fa y 25 toallitas reutilizables de algod\u00f3n org\u00e1nico. Soluci\u00f3n pr\u00e1ctica y sostenible para sustituir pa\u00f1uelos y toallitas desechables en casa.","og_url":"https:\/\/www.nushu.cat\/es\/producto\/caja-bambu-25-toallitas-reutilizables\/","og_site_name":"n\u00fcshu","article_publisher":"https:\/\/www.facebook.com\/nushu.artesania\/","article_modified_time":"2026-04-24T21:36:29+00:00","og_image":[{"width":1000,"height":1000,"url":"https:\/\/www.nushu.cat\/wp-content\/uploads\/2026\/04\/capses-bambu-i-blanca.png","type":"image\/png"}],"twitter_card":"summary_large_image","twitter_misc":{"Tiempo de lectura":"3 minutos"},"schema":{"@context":"https:\/\/schema.org","@graph":[{"@type":"WebPage","@id":"https:\/\/www.nushu.cat\/es\/producto\/caja-bambu-25-toallitas-reutilizables\/","url":"https:\/\/www.nushu.cat\/es\/producto\/caja-bambu-25-toallitas-reutilizables\/","name":"Caja + 25 toallitas reutilizables org\u00e1nicas reutilizables - n\u00fcshu","isPartOf":{"@id":"https:\/\/www.nushu.cat\/es\/#website"},"primaryImageOfPage":{"@id":"https:\/\/www.nushu.cat\/es\/producto\/caja-bambu-25-toallitas-reutilizables\/#primaryimage"},"image":{"@id":"https:\/\/www.nushu.cat\/es\/producto\/caja-bambu-25-toallitas-reutilizables\/#primaryimage"},"thumbnailUrl":"https:\/\/www.nushu.cat\/wp-content\/uploads\/2026\/04\/capses-bambu-i-blanca.png","datePublished":"2026-04-21T21:08:57+00:00","dateModified":"2026-04-24T21:36:29+00:00","description":"Pack con caja de bamb\u00fa y 25 toallitas reutilizables de algod\u00f3n org\u00e1nico. Soluci\u00f3n pr\u00e1ctica y sostenible para sustituir pa\u00f1uelos y toallitas desechables en casa.","breadcrumb":{"@id":"https:\/\/www.nushu.cat\/es\/producto\/caja-bambu-25-toallitas-reutilizables\/#breadcrumb"},"inLanguage":"es","potentialAction":[{"@type":"ReadAction","target":["https:\/\/www.nushu.cat\/es\/producto\/caja-bambu-25-toallitas-reutilizables\/"]}]},{"@type":"ImageObject","inLanguage":"es","@id":"https:\/\/www.nushu.cat\/es\/producto\/caja-bambu-25-toallitas-reutilizables\/#primaryimage","url":"https:\/\/www.nushu.cat\/wp-content\/uploads\/2026\/04\/capses-bambu-i-blanca.png","contentUrl":"https:\/\/www.nushu.cat\/wp-content\/uploads\/2026\/04\/capses-bambu-i-blanca.png","width":1000,"height":1000},{"@type":"BreadcrumbList","@id":"https:\/\/www.nushu.cat\/es\/producto\/caja-bambu-25-toallitas-reutilizables\/#breadcrumb","itemListElement":[{"@type":"ListItem","position":1,"name":"Inici","item":"https:\/\/www.nushu.cat\/es\/compreses-de-tela\/"},{"@type":"ListItem","position":2,"name":"Tienda","item":"https:\/\/www.nushu.cat\/es\/tienda\/"},{"@type":"ListItem","position":3,"name":"Caja + 25 toallitas reutilizables org\u00e1nicas"}]},{"@type":"WebSite","@id":"https:\/\/www.nushu.cat\/es\/#website","url":"https:\/\/www.nushu.cat\/es\/","name":"n\u00fcshu","description":"natural &amp; sostenible","publisher":{"@id":"https:\/\/www.nushu.cat\/es\/#organization"},"potentialAction":[{"@type":"SearchAction","target":{"@type":"EntryPoint","urlTemplate":"https:\/\/www.nushu.cat\/es\/?s={search_term_string}"},"query-input":{"@type":"PropertyValueSpecification","valueRequired":true,"valueName":"search_term_string"}}],"inLanguage":"es"},{"@type":"Organization","@id":"https:\/\/www.nushu.cat\/es\/#organization","name":"n\u00fcshu","url":"https:\/\/www.nushu.cat\/es\/","logo":{"@type":"ImageObject","inLanguage":"es","@id":"https:\/\/www.nushu.cat\/es\/#\/schema\/logo\/image\/","url":"https:\/\/www.nushu.cat\/wp-content\/uploads\/2024\/02\/nushu-share-1-1.png","contentUrl":"https:\/\/www.nushu.cat\/wp-content\/uploads\/2024\/02\/nushu-share-1-1.png","width":1080,"height":1080,"caption":"n\u00fcshu"},"image":{"@id":"https:\/\/www.nushu.cat\/es\/#\/schema\/logo\/image\/"},"sameAs":["https:\/\/www.facebook.com\/nushu.artesania\/","https:\/\/www.instagram.com\/nushu_artesania"]}]}},"jetpack_sharing_enabled":true,"_links":{"self":[{"href":"https:\/\/www.nushu.cat\/es\/wp-json\/wp\/v2\/product\/270524","targetHints":{"allow":["GET"]}}],"collection":[{"href":"https:\/\/www.nushu.cat\/es\/wp-json\/wp\/v2\/product"}],"about":[{"href":"https:\/\/www.nushu.cat\/es\/wp-json\/wp\/v2\/types\/product"}],"version-history":[{"count":2,"href":"https:\/\/www.nushu.cat\/es\/wp-json\/wp\/v2\/product\/270524\/revisions"}],"predecessor-version":[{"id":270744,"href":"https:\/\/www.nushu.cat\/es\/wp-json\/wp\/v2\/product\/270524\/revisions\/270744"}],"wp:featuredmedia":[{"embeddable":true,"href":"https:\/\/www.nushu.cat\/es\/wp-json\/wp\/v2\/media\/270671"}],"wp:attachment":[{"href":"https:\/\/www.nushu.cat\/es\/wp-json\/wp\/v2\/media?parent=270524"}],"wp:term":[{"taxonomy":"product_brand","embeddable":true,"href":"https:\/\/www.nushu.cat\/es\/wp-json\/wp\/v2\/product_brand?post=270524"},{"taxonomy":"product_cat","embeddable":true,"href":"https:\/\/www.nushu.cat\/es\/wp-json\/wp\/v2\/product_cat?post=270524"},{"taxonomy":"product_tag","embeddable":true,"href":"https:\/\/www.nushu.cat\/es\/wp-json\/wp\/v2\/product_tag?post=270524"}],"curies":[{"name":"wp","href":"https:\/\/api.w.org\/{rel}","templated":true}]}}