{"id":3611,"date":"2020-05-26T10:58:10","date_gmt":"2020-05-26T08:58:10","guid":{"rendered":"https:\/\/www.nushu.cat\/?post_type=product&#038;p=3611"},"modified":"2024-02-02T12:43:40","modified_gmt":"2024-02-02T12:43:40","slug":"toalla-pequena","status":"publish","type":"product","link":"https:\/\/www.nushu.cat\/es\/producto\/toalla-pequena\/","title":{"rendered":"Toalla peque\u00f1a"},"content":{"rendered":"<p>Esta toalla es muy pr\u00e1ctica para muchos usos. Como toalla de viaje, para limpiar y secar las partes \u00edntimas o peque\u00f1as partes del cuerpo o la cara, &#8230;<br \/>\nMojarla en agua caliente con un punto de jab\u00f3n, aceite de coco o aceite esencial y purifica tu piel.<br \/>\nHace 21cm x 15cm.<br \/>\nSon de algod\u00f3n estampado por un lado y tela de toalla (1000% algod\u00f3n) por el otro.<br \/>\nCombina con los desmaquillantes o las toallas de otras medidas para hacer un pack inigualable e indispensable para tu ba\u00f1o.<br \/>\nLos tejidos de este producto llevan certificado OEKO TEX \u00ae 100 que verifica que no hay sustancias nocivas ni en textiles, ni en las fases de la fabricaci\u00f3n del producto.<br \/>\nSon veganas y libres de maltrato animal.<br \/>\nAl ser totalmente artesanal y \u00fanico, el producto que recibas puede tener peque\u00f1as variaciones respecto al de la imagen.<\/p>\n","protected":false},"excerpt":{"rendered":"<p>Toallita peque\u00f1a de algod\u00f3n para uso higi\u00e9nico.<br \/>21cm x 15cm.<\/p>\n","protected":false},"featured_media":250696,"template":"","meta":{"_acf_changed":false},"product_brand":[],"product_cat":[192,268,194],"product_tag":[],"class_list":{"0":"post-3611","1":"product","2":"type-product","3":"status-publish","4":"has-post-thumbnail","6":"product_cat-higiene-facial-sostenible","7":"product_cat-sostenible","8":"product_cat-toallas","10":"first","11":"instock","12":"taxable","13":"shipping-taxable","14":"purchasable","15":"product-type-variable"},"acf":[],"yoast_head":"<!-- This site is optimized with the Yoast SEO plugin v27.2 - https:\/\/yoast.com\/product\/yoast-seo-wordpress\/ -->\n<title>Toalla peque\u00f1a - n\u00fcshu<\/title>\n<meta name=\"robots\" content=\"index, follow, max-snippet:-1, max-image-preview:large, max-video-preview:-1\" \/>\n<link rel=\"canonical\" href=\"https:\/\/www.nushu.cat\/es\/producto\/toalla-pequena\/\" \/>\n<meta property=\"og:locale\" content=\"es_ES\" \/>\n<meta property=\"og:type\" content=\"article\" \/>\n<meta property=\"og:title\" content=\"Toalla peque\u00f1a - n\u00fcshu\" \/>\n<meta property=\"og:description\" content=\"Toallita peque\u00f1a de algod\u00f3n para uso higi\u00e9nico.21cm x 15cm.\" \/>\n<meta property=\"og:url\" content=\"https:\/\/www.nushu.cat\/es\/producto\/toalla-pequena\/\" \/>\n<meta property=\"og:site_name\" content=\"n\u00fcshu\" \/>\n<meta property=\"article:publisher\" content=\"https:\/\/www.facebook.com\/nushu.artesania\/\" \/>\n<meta property=\"article:modified_time\" content=\"2024-02-02T12:43:40+00:00\" \/>\n<meta property=\"og:image\" content=\"https:\/\/www.nushu.cat\/wp-content\/uploads\/2024\/02\/img_6692-scaled-1.jpeg\" \/>\n\t<meta property=\"og:image:width\" content=\"2560\" \/>\n\t<meta property=\"og:image:height\" content=\"2560\" \/>\n\t<meta property=\"og:image:type\" content=\"image\/jpeg\" \/>\n<meta name=\"twitter:card\" content=\"summary_large_image\" \/>\n<meta name=\"twitter:label1\" content=\"Tiempo de lectura\" \/>\n\t<meta name=\"twitter:data1\" content=\"1 minuto\" \/>\n<!-- \/ Yoast SEO plugin. -->","yoast_head_json":{"title":"Toalla peque\u00f1a - n\u00fcshu","robots":{"index":"index","follow":"follow","max-snippet":"max-snippet:-1","max-image-preview":"max-image-preview:large","max-video-preview":"max-video-preview:-1"},"canonical":"https:\/\/www.nushu.cat\/es\/producto\/toalla-pequena\/","og_locale":"es_ES","og_type":"article","og_title":"Toalla peque\u00f1a - n\u00fcshu","og_description":"Toallita peque\u00f1a de algod\u00f3n para uso higi\u00e9nico.21cm x 15cm.","og_url":"https:\/\/www.nushu.cat\/es\/producto\/toalla-pequena\/","og_site_name":"n\u00fcshu","article_publisher":"https:\/\/www.facebook.com\/nushu.artesania\/","article_modified_time":"2024-02-02T12:43:40+00:00","og_image":[{"width":2560,"height":2560,"url":"https:\/\/www.nushu.cat\/wp-content\/uploads\/2024\/02\/img_6692-scaled-1.jpeg","type":"image\/jpeg"}],"twitter_card":"summary_large_image","twitter_misc":{"Tiempo de lectura":"1 minuto"},"schema":{"@context":"https:\/\/schema.org","@graph":[{"@type":"WebPage","@id":"https:\/\/www.nushu.cat\/es\/producto\/toalla-pequena\/","url":"https:\/\/www.nushu.cat\/es\/producto\/toalla-pequena\/","name":"Toalla peque\u00f1a - n\u00fcshu","isPartOf":{"@id":"https:\/\/www.nushu.cat\/es\/#website"},"primaryImageOfPage":{"@id":"https:\/\/www.nushu.cat\/es\/producto\/toalla-pequena\/#primaryimage"},"image":{"@id":"https:\/\/www.nushu.cat\/es\/producto\/toalla-pequena\/#primaryimage"},"thumbnailUrl":"https:\/\/www.nushu.cat\/wp-content\/uploads\/2024\/02\/img_6692-scaled-1.jpeg","datePublished":"2020-05-26T08:58:10+00:00","dateModified":"2024-02-02T12:43:40+00:00","breadcrumb":{"@id":"https:\/\/www.nushu.cat\/es\/producto\/toalla-pequena\/#breadcrumb"},"inLanguage":"es","potentialAction":[{"@type":"ReadAction","target":["https:\/\/www.nushu.cat\/es\/producto\/toalla-pequena\/"]}]},{"@type":"ImageObject","inLanguage":"es","@id":"https:\/\/www.nushu.cat\/es\/producto\/toalla-pequena\/#primaryimage","url":"https:\/\/www.nushu.cat\/wp-content\/uploads\/2024\/02\/img_6692-scaled-1.jpeg","contentUrl":"https:\/\/www.nushu.cat\/wp-content\/uploads\/2024\/02\/img_6692-scaled-1.jpeg","width":2560,"height":2560},{"@type":"BreadcrumbList","@id":"https:\/\/www.nushu.cat\/es\/producto\/toalla-pequena\/#breadcrumb","itemListElement":[{"@type":"ListItem","position":1,"name":"Inici","item":"https:\/\/www.nushu.cat\/es\/compreses-de-tela\/"},{"@type":"ListItem","position":2,"name":"Tienda","item":"https:\/\/www.nushu.cat\/es\/tienda\/"},{"@type":"ListItem","position":3,"name":"Toalla peque\u00f1a"}]},{"@type":"WebSite","@id":"https:\/\/www.nushu.cat\/es\/#website","url":"https:\/\/www.nushu.cat\/es\/","name":"n\u00fcshu","description":"natural &amp; sostenible","publisher":{"@id":"https:\/\/www.nushu.cat\/es\/#organization"},"potentialAction":[{"@type":"SearchAction","target":{"@type":"EntryPoint","urlTemplate":"https:\/\/www.nushu.cat\/es\/?s={search_term_string}"},"query-input":{"@type":"PropertyValueSpecification","valueRequired":true,"valueName":"search_term_string"}}],"inLanguage":"es"},{"@type":"Organization","@id":"https:\/\/www.nushu.cat\/es\/#organization","name":"n\u00fcshu","url":"https:\/\/www.nushu.cat\/es\/","logo":{"@type":"ImageObject","inLanguage":"es","@id":"https:\/\/www.nushu.cat\/es\/#\/schema\/logo\/image\/","url":"https:\/\/www.nushu.cat\/wp-content\/uploads\/2024\/02\/nushu-share-1-1.png","contentUrl":"https:\/\/www.nushu.cat\/wp-content\/uploads\/2024\/02\/nushu-share-1-1.png","width":1080,"height":1080,"caption":"n\u00fcshu"},"image":{"@id":"https:\/\/www.nushu.cat\/es\/#\/schema\/logo\/image\/"},"sameAs":["https:\/\/www.facebook.com\/nushu.artesania\/","https:\/\/www.instagram.com\/nushu_artesania"]}]}},"jetpack_sharing_enabled":true,"_links":{"self":[{"href":"https:\/\/www.nushu.cat\/es\/wp-json\/wp\/v2\/product\/3611","targetHints":{"allow":["GET"]}}],"collection":[{"href":"https:\/\/www.nushu.cat\/es\/wp-json\/wp\/v2\/product"}],"about":[{"href":"https:\/\/www.nushu.cat\/es\/wp-json\/wp\/v2\/types\/product"}],"version-history":[{"count":0,"href":"https:\/\/www.nushu.cat\/es\/wp-json\/wp\/v2\/product\/3611\/revisions"}],"wp:featuredmedia":[{"embeddable":true,"href":"https:\/\/www.nushu.cat\/es\/wp-json\/wp\/v2\/media\/250696"}],"wp:attachment":[{"href":"https:\/\/www.nushu.cat\/es\/wp-json\/wp\/v2\/media?parent=3611"}],"wp:term":[{"taxonomy":"product_brand","embeddable":true,"href":"https:\/\/www.nushu.cat\/es\/wp-json\/wp\/v2\/product_brand?post=3611"},{"taxonomy":"product_cat","embeddable":true,"href":"https:\/\/www.nushu.cat\/es\/wp-json\/wp\/v2\/product_cat?post=3611"},{"taxonomy":"product_tag","embeddable":true,"href":"https:\/\/www.nushu.cat\/es\/wp-json\/wp\/v2\/product_tag?post=3611"}],"curies":[{"name":"wp","href":"https:\/\/api.w.org\/{rel}","templated":true}]}}