{"id":4682,"date":"2020-05-27T14:03:29","date_gmt":"2020-05-27T12:03:29","guid":{"rendered":"https:\/\/www.nushu.cat\/?post_type=product&#038;p=4682"},"modified":"2025-10-18T22:17:32","modified_gmt":"2025-10-18T20:17:32","slug":"protector-de-tirante-de-porteo","status":"publish","type":"product","link":"https:\/\/www.nushu.cat\/es\/producto\/protector-de-tirante-de-porteo\/","title":{"rendered":"Protector de tirante de porteo"},"content":{"rendered":"<div class=\"flex max-w-full flex-col flex-grow\">\n<div class=\"min-h-8 text-message relative flex w-full flex-col items-end gap-2 whitespace-normal break-words text-start [.text-message+&amp;]:mt-5\" dir=\"auto\" data-message-author-role=\"assistant\" data-message-id=\"7e03fdd0-3406-4610-bc97-410e926eb109\" data-message-model-slug=\"gpt-4o\">\n<div class=\"flex w-full flex-col gap-1 empty:hidden first:pt-[3px]\">\n<div class=\"markdown prose w-full break-words dark:prose-invert light\">\n<p data-start=\"45\" data-end=\"147\"><strong data-start=\"45\" data-end=\"145\">Protector de tirantes para el porteo. Comodidad y durabilidad para tu mochila ergon\u00f3mica <\/strong><\/p>\n<p data-start=\"149\" data-end=\"521\">El <strong data-start=\"152\" data-end=\"192\">protector de tirantes para el porteo<\/strong> de n\u00fcshu es el accesorio ideal para alargar la vida \u00fatil de tu <strong data-start=\"260\" data-end=\"323\">mochila ergon\u00f3mica, fular o cualquier sistema de porteo<\/strong>. Dise\u00f1ado especialmente para proteger los tirantes de la saliva y el roce, este complemento es perfecto para beb\u00e9s, y es que en la fase oral los m\u00e1s peque\u00f1os se lo ponen todo en boca y esto es inevitable, y tienden a morder o chupar las correas del porta-beb\u00e9s. <\/p>\n<ul data-start=\"523\" data-end=\"1064\">\n<li data-start=\"523\" data-end=\"639\"><strong data-start=\"525\" data-end=\"553\">Materiales suaves y seguros:<\/strong> confeccionado con <strong data-start=\"572\" data-end=\"592\">tejidos naturales 100% algod\u00f3n<\/strong>, aptos para el contacto con la boca del beb\u00e9.<\/li>\n<li data-start=\"640\" data-end=\"740\"><strong data-start=\"642\" data-end=\"669\">F\u00e1cil de poner y quitar: <\/strong>sistema de cierre con botones para una sujeci\u00f3n firme y c\u00f3moda.<\/li>\n<li data-start=\"741\" data-end=\"842\"><strong data-start=\"743\" data-end=\"763\">Protecci\u00f3n eficaz: <\/strong>evita el desgaste y la suciedad en los tirantes de tu mochila de porteo.<\/li>\n<li data-start=\"843\" data-end=\"932\"><strong data-start=\"845\" data-end=\"873\">Lavable y reutilizable:<\/strong> puede lavarse f\u00e1cilmente, asegurando una higiene \u00f3ptima.<\/li>\n<li data-start=\"933\" data-end=\"1064\"><strong data-start=\"935\" data-end=\"984\">Compatible con m\u00faltiples sistemas de porteo<\/strong>: v\u00e1lido para mochilas ergon\u00f3micas, bandoleras, fulares, mei tais, y otros portabeb\u00e9s.<\/li>\n<\/ul>\n<p data-start=\"1066\" data-end=\"1317\" data-is-last-node=\"\" data-is-only-node=\"\">Si practicas <strong data-start=\"1080\" data-end=\"1102\">porteo ergon\u00f3mico<\/strong> y quieres mantener tu mochila en perfecto estado, el <strong data-start=\"1158\" data-end=\"1191\">protector de tirantes de n\u00fcshu<\/strong> es imprescindible.<br \/>\nAh\u00f3rrate de lavar toda la mochila porque est\u00e1 sucio el tirante.<\/p>\n<p data-start=\"1066\" data-end=\"1317\" data-is-last-node=\"\" data-is-only-node=\"\">Aporta confort al beb\u00e9 y tranquilidad a los porteadores, apostando por un porteo sostenible y duradero.<\/p>\n<\/div>\n<\/div>\n<\/div>\n<\/div>\n<p>Este producto mide 15x7cm, y est\u00e1 hecho de tejido de<strong> toalla de algod\u00f3n<\/strong> absorbente para recoger las babas del beb\u00e9 y sus mordeduras, y tela de <strong>algod\u00f3n estampado<\/strong> que le dar\u00e1 personalidad y diversi\u00f3n al porteo.<br \/>\nL\u00e1valos a mano o en la lavadora con productos respetuosos para no da\u00f1ar el producto.<\/p>\n<p>Los tejidos de este producto llevan <strong>certificado OEKO TEX \u00ae 100<\/strong> que verifica que <strong>no existen sustancias nocivas<\/strong> ni en textiles, ni en las fases de la fabricaci\u00f3n del producto.<br \/>\nSon veganas y libres de maltrato animal.<br \/>\nAl ser totalmente artesanal y \u00fanico, el producto que recibas puede tener peque\u00f1as variaciones respecto al de la imagen.<\/p>\n","protected":false},"excerpt":{"rendered":"<p>Prenda de tela que se cierra con botones de click y se coloca en el tirante de la mochila de porteo o el fular para proteger de las babas, saliva o mordeduras del beb\u00e9.<\/p>\n","protected":false},"featured_media":267737,"template":"","meta":{"_acf_changed":false},"product_brand":[],"product_cat":[203,197,268],"product_tag":[],"class_list":{"0":"post-4682","1":"product","2":"type-product","3":"status-publish","4":"has-post-thumbnail","6":"product_cat-crianza-sostenible","7":"product_cat-maternidad-y-crianza","8":"product_cat-sostenible","10":"first","11":"instock","12":"taxable","13":"shipping-taxable","14":"purchasable","15":"product-type-variable","16":"has-default-attributes"},"acf":[],"yoast_head":"<!-- This site is optimized with the Yoast SEO plugin v27.2 - https:\/\/yoast.com\/product\/yoast-seo-wordpress\/ -->\n<title>Protector de tirante de porteo - n\u00fcshu<\/title>\n<meta name=\"robots\" content=\"index, follow, max-snippet:-1, max-image-preview:large, max-video-preview:-1\" \/>\n<link rel=\"canonical\" href=\"https:\/\/www.nushu.cat\/es\/producto\/protector-de-tirante-de-porteo\/\" \/>\n<meta property=\"og:locale\" content=\"es_ES\" \/>\n<meta property=\"og:type\" content=\"article\" \/>\n<meta property=\"og:title\" content=\"Protector de tirante de porteo - n\u00fcshu\" \/>\n<meta property=\"og:description\" content=\"Prenda de tela que se cierra con botones de click y se coloca en el tirante de la mochila de porteo o el fular para proteger de las babas, saliva o mordeduras del beb\u00e9.\" \/>\n<meta property=\"og:url\" content=\"https:\/\/www.nushu.cat\/es\/producto\/protector-de-tirante-de-porteo\/\" \/>\n<meta property=\"og:site_name\" content=\"n\u00fcshu\" \/>\n<meta property=\"article:publisher\" content=\"https:\/\/www.facebook.com\/nushu.artesania\/\" \/>\n<meta property=\"article:modified_time\" content=\"2025-10-18T20:17:32+00:00\" \/>\n<meta property=\"og:image\" content=\"https:\/\/www.nushu.cat\/wp-content\/uploads\/2024\/02\/tireig_mama-scaled-1.jpg\" \/>\n\t<meta property=\"og:image:width\" content=\"1580\" \/>\n\t<meta property=\"og:image:height\" content=\"1920\" \/>\n\t<meta property=\"og:image:type\" content=\"image\/jpeg\" \/>\n<meta name=\"twitter:card\" content=\"summary_large_image\" \/>\n<meta name=\"twitter:label1\" content=\"Tiempo de lectura\" \/>\n\t<meta name=\"twitter:data1\" content=\"2 minutos\" \/>\n<!-- \/ Yoast SEO plugin. -->","yoast_head_json":{"title":"Protector de tirante de porteo - n\u00fcshu","robots":{"index":"index","follow":"follow","max-snippet":"max-snippet:-1","max-image-preview":"max-image-preview:large","max-video-preview":"max-video-preview:-1"},"canonical":"https:\/\/www.nushu.cat\/es\/producto\/protector-de-tirante-de-porteo\/","og_locale":"es_ES","og_type":"article","og_title":"Protector de tirante de porteo - n\u00fcshu","og_description":"Prenda de tela que se cierra con botones de click y se coloca en el tirante de la mochila de porteo o el fular para proteger de las babas, saliva o mordeduras del beb\u00e9.","og_url":"https:\/\/www.nushu.cat\/es\/producto\/protector-de-tirante-de-porteo\/","og_site_name":"n\u00fcshu","article_publisher":"https:\/\/www.facebook.com\/nushu.artesania\/","article_modified_time":"2025-10-18T20:17:32+00:00","og_image":[{"width":1580,"height":1920,"url":"https:\/\/www.nushu.cat\/wp-content\/uploads\/2024\/02\/tireig_mama-scaled-1.jpg","type":"image\/jpeg"}],"twitter_card":"summary_large_image","twitter_misc":{"Tiempo de lectura":"2 minutos"},"schema":{"@context":"https:\/\/schema.org","@graph":[{"@type":"WebPage","@id":"https:\/\/www.nushu.cat\/es\/producto\/protector-de-tirante-de-porteo\/","url":"https:\/\/www.nushu.cat\/es\/producto\/protector-de-tirante-de-porteo\/","name":"Protector de tirante de porteo - n\u00fcshu","isPartOf":{"@id":"https:\/\/www.nushu.cat\/es\/#website"},"primaryImageOfPage":{"@id":"https:\/\/www.nushu.cat\/es\/producto\/protector-de-tirante-de-porteo\/#primaryimage"},"image":{"@id":"https:\/\/www.nushu.cat\/es\/producto\/protector-de-tirante-de-porteo\/#primaryimage"},"thumbnailUrl":"https:\/\/www.nushu.cat\/wp-content\/uploads\/2020\/05\/productes-web-1000x1000px-4-2.png","datePublished":"2020-05-27T12:03:29+00:00","dateModified":"2025-10-18T20:17:32+00:00","breadcrumb":{"@id":"https:\/\/www.nushu.cat\/es\/producto\/protector-de-tirante-de-porteo\/#breadcrumb"},"inLanguage":"es","potentialAction":[{"@type":"ReadAction","target":["https:\/\/www.nushu.cat\/es\/producto\/protector-de-tirante-de-porteo\/"]}]},{"@type":"ImageObject","inLanguage":"es","@id":"https:\/\/www.nushu.cat\/es\/producto\/protector-de-tirante-de-porteo\/#primaryimage","url":"https:\/\/www.nushu.cat\/wp-content\/uploads\/2020\/05\/productes-web-1000x1000px-4-2.png","contentUrl":"https:\/\/www.nushu.cat\/wp-content\/uploads\/2020\/05\/productes-web-1000x1000px-4-2.png","width":1000,"height":1000},{"@type":"BreadcrumbList","@id":"https:\/\/www.nushu.cat\/es\/producto\/protector-de-tirante-de-porteo\/#breadcrumb","itemListElement":[{"@type":"ListItem","position":1,"name":"Inici","item":"https:\/\/www.nushu.cat\/es\/"},{"@type":"ListItem","position":2,"name":"Tienda","item":"https:\/\/www.nushu.cat\/es\/tienda\/"},{"@type":"ListItem","position":3,"name":"Protector de tirante de porteo"}]},{"@type":"WebSite","@id":"https:\/\/www.nushu.cat\/es\/#website","url":"https:\/\/www.nushu.cat\/es\/","name":"n\u00fcshu","description":"natural &amp; sostenible","publisher":{"@id":"https:\/\/www.nushu.cat\/es\/#organization"},"potentialAction":[{"@type":"SearchAction","target":{"@type":"EntryPoint","urlTemplate":"https:\/\/www.nushu.cat\/es\/?s={search_term_string}"},"query-input":{"@type":"PropertyValueSpecification","valueRequired":true,"valueName":"search_term_string"}}],"inLanguage":"es"},{"@type":"Organization","@id":"https:\/\/www.nushu.cat\/es\/#organization","name":"n\u00fcshu","url":"https:\/\/www.nushu.cat\/es\/","logo":{"@type":"ImageObject","inLanguage":"es","@id":"https:\/\/www.nushu.cat\/es\/#\/schema\/logo\/image\/","url":"https:\/\/www.nushu.cat\/wp-content\/uploads\/2024\/02\/nushu-share-1-1.png","contentUrl":"https:\/\/www.nushu.cat\/wp-content\/uploads\/2024\/02\/nushu-share-1-1.png","width":1080,"height":1080,"caption":"n\u00fcshu"},"image":{"@id":"https:\/\/www.nushu.cat\/es\/#\/schema\/logo\/image\/"},"sameAs":["https:\/\/www.facebook.com\/nushu.artesania\/","https:\/\/www.instagram.com\/nushu_artesania"]}]}},"jetpack_sharing_enabled":true,"_links":{"self":[{"href":"https:\/\/www.nushu.cat\/es\/wp-json\/wp\/v2\/product\/4682","targetHints":{"allow":["GET"]}}],"collection":[{"href":"https:\/\/www.nushu.cat\/es\/wp-json\/wp\/v2\/product"}],"about":[{"href":"https:\/\/www.nushu.cat\/es\/wp-json\/wp\/v2\/types\/product"}],"version-history":[{"count":1,"href":"https:\/\/www.nushu.cat\/es\/wp-json\/wp\/v2\/product\/4682\/revisions"}],"predecessor-version":[{"id":266378,"href":"https:\/\/www.nushu.cat\/es\/wp-json\/wp\/v2\/product\/4682\/revisions\/266378"}],"wp:featuredmedia":[{"embeddable":true,"href":"https:\/\/www.nushu.cat\/es\/wp-json\/wp\/v2\/media\/267737"}],"wp:attachment":[{"href":"https:\/\/www.nushu.cat\/es\/wp-json\/wp\/v2\/media?parent=4682"}],"wp:term":[{"taxonomy":"product_brand","embeddable":true,"href":"https:\/\/www.nushu.cat\/es\/wp-json\/wp\/v2\/product_brand?post=4682"},{"taxonomy":"product_cat","embeddable":true,"href":"https:\/\/www.nushu.cat\/es\/wp-json\/wp\/v2\/product_cat?post=4682"},{"taxonomy":"product_tag","embeddable":true,"href":"https:\/\/www.nushu.cat\/es\/wp-json\/wp\/v2\/product_tag?post=4682"}],"curies":[{"name":"wp","href":"https:\/\/api.w.org\/{rel}","templated":true}]}}