{"id":4999,"date":"2020-05-27T19:37:21","date_gmt":"2020-05-27T17:37:21","guid":{"rendered":"https:\/\/www.nushu.cat\/?post_type=product&#038;p=4999"},"modified":"2025-07-31T20:26:34","modified_gmt":"2025-07-31T18:26:34","slug":"desmaquillantes-eco","status":"publish","type":"product","link":"https:\/\/www.nushu.cat\/es\/producto\/desmaquillantes-eco\/","title":{"rendered":"Desmaquillantes de tela reutilitzables ecol\u00f3gicos"},"content":{"rendered":"<p>Una alternativa a los algodones desechables es posible. La vida \u00fatil de un disco desmaquillante de un solo uso es de 30 segundos, y si se utiliza de manera diaria significa que se generan 366 discos al a\u00f1o que se tiran directamente generando un residuo evitable.<br \/>\nLas toallitas de tela son la mejor opci\u00f3n para contribuir a un mundo m\u00e1s sostenible.<br \/>\nSon cuadrados de 10&#215;10 cm y en pareja:<br \/>\nUna de las toallitas es de tela de franela (algod\u00f3n 100%), que ayuda a quitar el maquillaje con agua micelar, agua y jab\u00f3n, aceite de coco, &#8230; o para esparcir un t\u00f3nico o aceite nutritivo.<br \/>\nEl otro es de tela de toalla (tambi\u00e9n de algod\u00f3n 100%), y retira el maquillaje o la suciedad con m\u00e1s fuerza. Es genial para hacer movimientos circulares con un buen jab\u00f3n y limpiar con profundidad.<br \/>\nLlevan una cinta para secarlos m\u00e1s f\u00e1cilmente. Una vez utilizados, l\u00e1valos y cu\u00e9lgalos para utilizar al d\u00eda siguiente.<br \/>\nLos tejidos de este producto tienen el certificado GOTS. La Norma Textil Org\u00e1nica Global (siglas en ingl\u00e9s GOTS) es la norma l\u00edder mundial en el procesamiento de textiles hechos con fibra org\u00e1nica, que incluye criterios ecol\u00f3gicos y sociales, y sustentada por certificaciones independientes en toda la cadena de provisi\u00f3n textil.<br \/>\nSon veganas y libres de maltrato animal.<\/p>\n","protected":false},"excerpt":{"rendered":"<p>Pareja de toallitas desmaquillantes reutilizables para la higiene facial.<br \/>\nHechas con tejido de algod\u00f3n ecol\u00f3gico.<\/p>\n","protected":false},"featured_media":250952,"template":"","meta":{"_acf_changed":false},"product_brand":[],"product_cat":[214,192],"product_tag":[],"class_list":{"0":"post-4999","1":"product","2":"type-product","3":"status-publish","4":"has-post-thumbnail","6":"product_cat-desmaquillantes","7":"product_cat-higiene-facial-sostenible","9":"first","10":"instock","11":"taxable","12":"shipping-taxable","13":"purchasable","14":"product-type-variable","15":"has-default-attributes"},"acf":[],"yoast_head":"<!-- This site is optimized with the Yoast SEO plugin v27.4 - https:\/\/yoast.com\/product\/yoast-seo-wordpress\/ -->\n<title>Desmaquillantes de tela reutilitzables ecol\u00f3gicos - n\u00fcshu<\/title>\n<meta name=\"robots\" content=\"index, follow, max-snippet:-1, max-image-preview:large, max-video-preview:-1\" \/>\n<link rel=\"canonical\" href=\"https:\/\/www.nushu.cat\/es\/producto\/desmaquillantes-eco\/\" \/>\n<meta property=\"og:locale\" content=\"es_ES\" \/>\n<meta property=\"og:type\" content=\"article\" \/>\n<meta property=\"og:title\" content=\"Desmaquillantes de tela reutilitzables ecol\u00f3gicos - n\u00fcshu\" \/>\n<meta property=\"og:description\" content=\"Pareja de toallitas desmaquillantes reutilizables para la higiene facial. Hechas con tejido de algod\u00f3n ecol\u00f3gico.\" \/>\n<meta property=\"og:url\" content=\"https:\/\/www.nushu.cat\/es\/producto\/desmaquillantes-eco\/\" \/>\n<meta property=\"og:site_name\" content=\"n\u00fcshu\" \/>\n<meta property=\"article:publisher\" content=\"https:\/\/www.facebook.com\/nushu.artesania\/\" \/>\n<meta property=\"article:modified_time\" content=\"2025-07-31T18:26:34+00:00\" \/>\n<meta property=\"og:image\" content=\"https:\/\/www.nushu.cat\/wp-content\/uploads\/2024\/02\/photoroom_20230703_224652.jpeg\" \/>\n\t<meta property=\"og:image:width\" content=\"1624\" \/>\n\t<meta property=\"og:image:height\" content=\"1624\" \/>\n\t<meta property=\"og:image:type\" content=\"image\/jpeg\" \/>\n<meta name=\"twitter:card\" content=\"summary_large_image\" \/>\n<meta name=\"twitter:label1\" content=\"Tiempo de lectura\" \/>\n\t<meta name=\"twitter:data1\" content=\"1 minuto\" \/>\n<!-- \/ Yoast SEO plugin. -->","yoast_head_json":{"title":"Desmaquillantes de tela reutilitzables ecol\u00f3gicos - n\u00fcshu","robots":{"index":"index","follow":"follow","max-snippet":"max-snippet:-1","max-image-preview":"max-image-preview:large","max-video-preview":"max-video-preview:-1"},"canonical":"https:\/\/www.nushu.cat\/es\/producto\/desmaquillantes-eco\/","og_locale":"es_ES","og_type":"article","og_title":"Desmaquillantes de tela reutilitzables ecol\u00f3gicos - n\u00fcshu","og_description":"Pareja de toallitas desmaquillantes reutilizables para la higiene facial. Hechas con tejido de algod\u00f3n ecol\u00f3gico.","og_url":"https:\/\/www.nushu.cat\/es\/producto\/desmaquillantes-eco\/","og_site_name":"n\u00fcshu","article_publisher":"https:\/\/www.facebook.com\/nushu.artesania\/","article_modified_time":"2025-07-31T18:26:34+00:00","og_image":[{"width":1624,"height":1624,"url":"https:\/\/www.nushu.cat\/wp-content\/uploads\/2024\/02\/photoroom_20230703_224652.jpeg","type":"image\/jpeg"}],"twitter_card":"summary_large_image","twitter_misc":{"Tiempo de lectura":"1 minuto"},"schema":{"@context":"https:\/\/schema.org","@graph":[{"@type":"WebPage","@id":"https:\/\/www.nushu.cat\/es\/producto\/desmaquillantes-eco\/","url":"https:\/\/www.nushu.cat\/es\/producto\/desmaquillantes-eco\/","name":"Desmaquillantes de tela reutilitzables ecol\u00f3gicos - n\u00fcshu","isPartOf":{"@id":"https:\/\/www.nushu.cat\/es\/#website"},"primaryImageOfPage":{"@id":"https:\/\/www.nushu.cat\/es\/producto\/desmaquillantes-eco\/#primaryimage"},"image":{"@id":"https:\/\/www.nushu.cat\/es\/producto\/desmaquillantes-eco\/#primaryimage"},"thumbnailUrl":"https:\/\/www.nushu.cat\/wp-content\/uploads\/2024\/02\/photoroom_20230703_224652.jpeg","datePublished":"2020-05-27T17:37:21+00:00","dateModified":"2025-07-31T18:26:34+00:00","breadcrumb":{"@id":"https:\/\/www.nushu.cat\/es\/producto\/desmaquillantes-eco\/#breadcrumb"},"inLanguage":"es","potentialAction":[{"@type":"ReadAction","target":["https:\/\/www.nushu.cat\/es\/producto\/desmaquillantes-eco\/"]}]},{"@type":"ImageObject","inLanguage":"es","@id":"https:\/\/www.nushu.cat\/es\/producto\/desmaquillantes-eco\/#primaryimage","url":"https:\/\/www.nushu.cat\/wp-content\/uploads\/2024\/02\/photoroom_20230703_224652.jpeg","contentUrl":"https:\/\/www.nushu.cat\/wp-content\/uploads\/2024\/02\/photoroom_20230703_224652.jpeg","width":1624,"height":1624},{"@type":"BreadcrumbList","@id":"https:\/\/www.nushu.cat\/es\/producto\/desmaquillantes-eco\/#breadcrumb","itemListElement":[{"@type":"ListItem","position":1,"name":"Inici","item":"https:\/\/www.nushu.cat\/es\/compreses-de-tela\/"},{"@type":"ListItem","position":2,"name":"Tienda","item":"https:\/\/www.nushu.cat\/es\/tienda\/"},{"@type":"ListItem","position":3,"name":"Desmaquillantes de tela reutilitzables ecol\u00f3gicos"}]},{"@type":"WebSite","@id":"https:\/\/www.nushu.cat\/es\/#website","url":"https:\/\/www.nushu.cat\/es\/","name":"n\u00fcshu","description":"natural &amp; sostenible","publisher":{"@id":"https:\/\/www.nushu.cat\/es\/#organization"},"potentialAction":[{"@type":"SearchAction","target":{"@type":"EntryPoint","urlTemplate":"https:\/\/www.nushu.cat\/es\/?s={search_term_string}"},"query-input":{"@type":"PropertyValueSpecification","valueRequired":true,"valueName":"search_term_string"}}],"inLanguage":"es"},{"@type":"Organization","@id":"https:\/\/www.nushu.cat\/es\/#organization","name":"n\u00fcshu","url":"https:\/\/www.nushu.cat\/es\/","logo":{"@type":"ImageObject","inLanguage":"es","@id":"https:\/\/www.nushu.cat\/es\/#\/schema\/logo\/image\/","url":"https:\/\/www.nushu.cat\/wp-content\/uploads\/2024\/02\/nushu-share-1-1.png","contentUrl":"https:\/\/www.nushu.cat\/wp-content\/uploads\/2024\/02\/nushu-share-1-1.png","width":1080,"height":1080,"caption":"n\u00fcshu"},"image":{"@id":"https:\/\/www.nushu.cat\/es\/#\/schema\/logo\/image\/"},"sameAs":["https:\/\/www.facebook.com\/nushu.artesania\/","https:\/\/www.instagram.com\/nushu_artesania"]}]}},"jetpack_sharing_enabled":true,"_links":{"self":[{"href":"https:\/\/www.nushu.cat\/es\/wp-json\/wp\/v2\/product\/4999","targetHints":{"allow":["GET"]}}],"collection":[{"href":"https:\/\/www.nushu.cat\/es\/wp-json\/wp\/v2\/product"}],"about":[{"href":"https:\/\/www.nushu.cat\/es\/wp-json\/wp\/v2\/types\/product"}],"version-history":[{"count":0,"href":"https:\/\/www.nushu.cat\/es\/wp-json\/wp\/v2\/product\/4999\/revisions"}],"wp:featuredmedia":[{"embeddable":true,"href":"https:\/\/www.nushu.cat\/es\/wp-json\/wp\/v2\/media\/250952"}],"wp:attachment":[{"href":"https:\/\/www.nushu.cat\/es\/wp-json\/wp\/v2\/media?parent=4999"}],"wp:term":[{"taxonomy":"product_brand","embeddable":true,"href":"https:\/\/www.nushu.cat\/es\/wp-json\/wp\/v2\/product_brand?post=4999"},{"taxonomy":"product_cat","embeddable":true,"href":"https:\/\/www.nushu.cat\/es\/wp-json\/wp\/v2\/product_cat?post=4999"},{"taxonomy":"product_tag","embeddable":true,"href":"https:\/\/www.nushu.cat\/es\/wp-json\/wp\/v2\/product_tag?post=4999"}],"curies":[{"name":"wp","href":"https:\/\/api.w.org\/{rel}","templated":true}]}}