{"id":5055,"date":"2020-05-27T20:00:52","date_gmt":"2020-05-27T18:00:52","guid":{"rendered":"https:\/\/www.nushu.cat\/?post_type=product&#038;p=5055"},"modified":"2026-03-15T07:28:49","modified_gmt":"2026-03-15T06:28:49","slug":"tpe","status":"publish","type":"product","link":"https:\/\/www.nushu.cat\/es\/producto\/tpe\/","title":{"rendered":"Toalla peque\u00f1a ecol\u00f3gica"},"content":{"rendered":"<p>Esta toalla es muy pr\u00e1ctica para muchos usos. Como toalla de viaje, para limpiar y secar las partes \u00edntimas o peque\u00f1as partes del cuerpo o la cara, &#8230;<br \/>\nMojarla en agua caliente con un punto de jab\u00f3n, aceite de coco o aceite esencial y purifica tu piel.<br \/>\nHace 21cm x 15cm.<br \/>\nSon de algod\u00f3n estampado por un lado y tela de toalla (1000% algod\u00f3n) por el otro.<br \/>\nCombina con los desmaquillantes o las toallas de otras medidas para hacer un pack inigualable e indispensable para tu ba\u00f1o.<br \/>\nLos tejidos de este producto tienen el certificado GOTS. La Norma Textil Org\u00e1nica Global (siglas en ingl\u00e9s GOTS) es la norma l\u00edder mundial en el procesamiento de textiles hechos con fibra org\u00e1nica, que incluye criterios ecol\u00f3gicos y sociales, y sustentada por certificaciones independientes en toda la cadena de provisi\u00f3n textil.<br \/>\nSon veganas y libres de maltrato animal.<br \/>\nAl ser totalmente artesanal y \u00fanico, el producto que recibas puede tener peque\u00f1as variaciones respecto al de la imagen.<\/p>\n","protected":false},"excerpt":{"rendered":"<p>Toallita peque\u00f1a de algod\u00f3n ecol\u00f3gico para uso higi\u00e9nico.<\/p>\n","protected":false},"featured_media":253504,"template":"","meta":{"_acf_changed":false},"product_brand":[],"product_cat":[192,194],"product_tag":[],"class_list":{"0":"post-5055","1":"product","2":"type-product","3":"status-publish","4":"has-post-thumbnail","6":"product_cat-higiene-facial-sostenible","7":"product_cat-toallas","9":"first","10":"instock","11":"taxable","12":"shipping-taxable","13":"purchasable","14":"product-type-variable"},"acf":[],"yoast_head":"<!-- This site is optimized with the Yoast SEO plugin v27.4 - https:\/\/yoast.com\/product\/yoast-seo-wordpress\/ -->\n<title>Toalla peque\u00f1a ecol\u00f3gica - n\u00fcshu<\/title>\n<meta name=\"robots\" content=\"index, follow, max-snippet:-1, max-image-preview:large, max-video-preview:-1\" \/>\n<link rel=\"canonical\" href=\"https:\/\/www.nushu.cat\/es\/producto\/tpe\/\" \/>\n<meta property=\"og:locale\" content=\"es_ES\" \/>\n<meta property=\"og:type\" content=\"article\" \/>\n<meta property=\"og:title\" content=\"Toalla peque\u00f1a ecol\u00f3gica - n\u00fcshu\" \/>\n<meta property=\"og:description\" content=\"Toallita peque\u00f1a de algod\u00f3n ecol\u00f3gico para uso higi\u00e9nico.\" \/>\n<meta property=\"og:url\" content=\"https:\/\/www.nushu.cat\/es\/producto\/tpe\/\" \/>\n<meta property=\"og:site_name\" content=\"n\u00fcshu\" \/>\n<meta property=\"article:publisher\" content=\"https:\/\/www.facebook.com\/nushu.artesania\/\" \/>\n<meta property=\"article:modified_time\" content=\"2026-03-15T06:28:49+00:00\" \/>\n<meta property=\"og:image\" content=\"https:\/\/www.nushu.cat\/wp-content\/uploads\/2024\/02\/TOV-PETITA-FULLES-ECO-scaled-1.jpg\" \/>\n\t<meta property=\"og:image:width\" content=\"1807\" \/>\n\t<meta property=\"og:image:height\" content=\"1920\" \/>\n\t<meta property=\"og:image:type\" content=\"image\/jpeg\" \/>\n<meta name=\"twitter:card\" content=\"summary_large_image\" \/>\n<meta name=\"twitter:label1\" content=\"Tiempo de lectura\" \/>\n\t<meta name=\"twitter:data1\" content=\"1 minuto\" \/>\n<!-- \/ Yoast SEO plugin. -->","yoast_head_json":{"title":"Toalla peque\u00f1a ecol\u00f3gica - n\u00fcshu","robots":{"index":"index","follow":"follow","max-snippet":"max-snippet:-1","max-image-preview":"max-image-preview:large","max-video-preview":"max-video-preview:-1"},"canonical":"https:\/\/www.nushu.cat\/es\/producto\/tpe\/","og_locale":"es_ES","og_type":"article","og_title":"Toalla peque\u00f1a ecol\u00f3gica - n\u00fcshu","og_description":"Toallita peque\u00f1a de algod\u00f3n ecol\u00f3gico para uso higi\u00e9nico.","og_url":"https:\/\/www.nushu.cat\/es\/producto\/tpe\/","og_site_name":"n\u00fcshu","article_publisher":"https:\/\/www.facebook.com\/nushu.artesania\/","article_modified_time":"2026-03-15T06:28:49+00:00","og_image":[{"width":1807,"height":1920,"url":"https:\/\/www.nushu.cat\/wp-content\/uploads\/2024\/02\/TOV-PETITA-FULLES-ECO-scaled-1.jpg","type":"image\/jpeg"}],"twitter_card":"summary_large_image","twitter_misc":{"Tiempo de lectura":"1 minuto"},"schema":{"@context":"https:\/\/schema.org","@graph":[{"@type":"WebPage","@id":"https:\/\/www.nushu.cat\/es\/producto\/tpe\/","url":"https:\/\/www.nushu.cat\/es\/producto\/tpe\/","name":"Toalla peque\u00f1a ecol\u00f3gica - n\u00fcshu","isPartOf":{"@id":"https:\/\/www.nushu.cat\/es\/#website"},"primaryImageOfPage":{"@id":"https:\/\/www.nushu.cat\/es\/producto\/tpe\/#primaryimage"},"image":{"@id":"https:\/\/www.nushu.cat\/es\/producto\/tpe\/#primaryimage"},"thumbnailUrl":"https:\/\/www.nushu.cat\/wp-content\/uploads\/2024\/02\/TOV-PETITA-FULLES-ECO-scaled-1.jpg","datePublished":"2020-05-27T18:00:52+00:00","dateModified":"2026-03-15T06:28:49+00:00","breadcrumb":{"@id":"https:\/\/www.nushu.cat\/es\/producto\/tpe\/#breadcrumb"},"inLanguage":"es","potentialAction":[{"@type":"ReadAction","target":["https:\/\/www.nushu.cat\/es\/producto\/tpe\/"]}]},{"@type":"ImageObject","inLanguage":"es","@id":"https:\/\/www.nushu.cat\/es\/producto\/tpe\/#primaryimage","url":"https:\/\/www.nushu.cat\/wp-content\/uploads\/2024\/02\/TOV-PETITA-FULLES-ECO-scaled-1.jpg","contentUrl":"https:\/\/www.nushu.cat\/wp-content\/uploads\/2024\/02\/TOV-PETITA-FULLES-ECO-scaled-1.jpg","width":1807,"height":1920},{"@type":"BreadcrumbList","@id":"https:\/\/www.nushu.cat\/es\/producto\/tpe\/#breadcrumb","itemListElement":[{"@type":"ListItem","position":1,"name":"Inici","item":"https:\/\/www.nushu.cat\/es\/compreses-de-tela\/"},{"@type":"ListItem","position":2,"name":"Tienda","item":"https:\/\/www.nushu.cat\/es\/tienda\/"},{"@type":"ListItem","position":3,"name":"Toalla peque\u00f1a ecol\u00f3gica"}]},{"@type":"WebSite","@id":"https:\/\/www.nushu.cat\/es\/#website","url":"https:\/\/www.nushu.cat\/es\/","name":"n\u00fcshu","description":"natural &amp; sostenible","publisher":{"@id":"https:\/\/www.nushu.cat\/es\/#organization"},"potentialAction":[{"@type":"SearchAction","target":{"@type":"EntryPoint","urlTemplate":"https:\/\/www.nushu.cat\/es\/?s={search_term_string}"},"query-input":{"@type":"PropertyValueSpecification","valueRequired":true,"valueName":"search_term_string"}}],"inLanguage":"es"},{"@type":"Organization","@id":"https:\/\/www.nushu.cat\/es\/#organization","name":"n\u00fcshu","url":"https:\/\/www.nushu.cat\/es\/","logo":{"@type":"ImageObject","inLanguage":"es","@id":"https:\/\/www.nushu.cat\/es\/#\/schema\/logo\/image\/","url":"https:\/\/www.nushu.cat\/wp-content\/uploads\/2024\/02\/nushu-share-1-1.png","contentUrl":"https:\/\/www.nushu.cat\/wp-content\/uploads\/2024\/02\/nushu-share-1-1.png","width":1080,"height":1080,"caption":"n\u00fcshu"},"image":{"@id":"https:\/\/www.nushu.cat\/es\/#\/schema\/logo\/image\/"},"sameAs":["https:\/\/www.facebook.com\/nushu.artesania\/","https:\/\/www.instagram.com\/nushu_artesania"]}]}},"jetpack_sharing_enabled":true,"_links":{"self":[{"href":"https:\/\/www.nushu.cat\/es\/wp-json\/wp\/v2\/product\/5055","targetHints":{"allow":["GET"]}}],"collection":[{"href":"https:\/\/www.nushu.cat\/es\/wp-json\/wp\/v2\/product"}],"about":[{"href":"https:\/\/www.nushu.cat\/es\/wp-json\/wp\/v2\/types\/product"}],"version-history":[{"count":0,"href":"https:\/\/www.nushu.cat\/es\/wp-json\/wp\/v2\/product\/5055\/revisions"}],"wp:featuredmedia":[{"embeddable":true,"href":"https:\/\/www.nushu.cat\/es\/wp-json\/wp\/v2\/media\/253504"}],"wp:attachment":[{"href":"https:\/\/www.nushu.cat\/es\/wp-json\/wp\/v2\/media?parent=5055"}],"wp:term":[{"taxonomy":"product_brand","embeddable":true,"href":"https:\/\/www.nushu.cat\/es\/wp-json\/wp\/v2\/product_brand?post=5055"},{"taxonomy":"product_cat","embeddable":true,"href":"https:\/\/www.nushu.cat\/es\/wp-json\/wp\/v2\/product_cat?post=5055"},{"taxonomy":"product_tag","embeddable":true,"href":"https:\/\/www.nushu.cat\/es\/wp-json\/wp\/v2\/product_tag?post=5055"}],"curies":[{"name":"wp","href":"https:\/\/api.w.org\/{rel}","templated":true}]}}