{"id":5277,"date":"2020-05-27T23:19:41","date_gmt":"2020-05-27T23:19:41","guid":{"rendered":"https:\/\/www.nushu.cat\/?post_type=product&#038;p=5277"},"modified":"2024-02-02T12:44:12","modified_gmt":"2024-02-02T12:44:12","slug":"pezoneras-eco","status":"publish","type":"product","link":"https:\/\/www.nushu.cat\/es\/producto\/pezoneras-eco\/","title":{"rendered":"Pezoneras ecol\u00f3gicas"},"content":{"rendered":"<p>Este producto hace 7x15cm, y se coloca en el pecho por dentro del sujetador o de la camiseta para evitar manchar la ropa de leche.<br \/>\nLa capa que est\u00e1 en contacto con el pecho es tejido ecologico de toalla de algod\u00f3n 100%.<br \/>\nGracias al tejido laminado del interior le da impermeabilidad pero tambi\u00e9n transpirabilidad, y esto nos ayuda a que no proliferen hongos, c\u00e1ndidas y otras bacterias.<br \/>\nVive este momento tanto m\u00e1gico como es la lactancia con total comodidad y de manera sostenible.<br \/>\nLavalos a mano o en la lavadora a menos de 30\u00baC para no da\u00f1ar la capa impermeable del interior.<br \/>\nLos tejidos de este producto tienen el certificado GOTS. La Norma Textil Org\u00e1nica Global (siglas en ingl\u00e9s GOTS) es la norma l\u00edder mundial en el procesamiento de textiles hechos con fibra org\u00e1nica, que incluye criterios ecol\u00f3gicos y sociales, y sustentada por certificaciones independientes en toda la cadena de provisi\u00f3n textil.<br \/>\nSon veganas y libres de maltrato animal.<br \/>\nAl ser totalmente artesanal y \u00fanico, el producto que recibas puede tener peque\u00f1as variaciones respecto al de la imagen.<\/p>\n","protected":false},"excerpt":{"rendered":"<p>Hecho con tejido de algod\u00f3n ecol\u00f3gico.<br \/>\nDiscos absorbentes, impermeables y transpirables para recoger el exceso de leche materna durante la lactancia.<\/p>\n","protected":false},"featured_media":251028,"template":"","meta":{"_acf_changed":false},"product_brand":[],"product_cat":[203,197],"product_tag":[],"class_list":{"0":"post-5277","1":"product","2":"type-product","3":"status-publish","4":"has-post-thumbnail","6":"product_cat-crianza-sostenible","7":"product_cat-maternidad-y-crianza","9":"first","10":"instock","11":"taxable","12":"shipping-taxable","13":"purchasable","14":"product-type-variable"},"acf":[],"yoast_head":"<!-- This site is optimized with the Yoast SEO plugin v27.4 - https:\/\/yoast.com\/product\/yoast-seo-wordpress\/ -->\n<title>Pezoneras ecol\u00f3gicas - n\u00fcshu<\/title>\n<meta name=\"robots\" content=\"index, follow, max-snippet:-1, max-image-preview:large, max-video-preview:-1\" \/>\n<link rel=\"canonical\" href=\"https:\/\/www.nushu.cat\/es\/producto\/pezoneras-eco\/\" \/>\n<meta property=\"og:locale\" content=\"es_ES\" \/>\n<meta property=\"og:type\" content=\"article\" \/>\n<meta property=\"og:title\" content=\"Pezoneras ecol\u00f3gicas - n\u00fcshu\" \/>\n<meta property=\"og:description\" content=\"Hecho con tejido de algod\u00f3n ecol\u00f3gico. Discos absorbentes, impermeables y transpirables para recoger el exceso de leche materna durante la lactancia.\" \/>\n<meta property=\"og:url\" content=\"https:\/\/www.nushu.cat\/es\/producto\/pezoneras-eco\/\" \/>\n<meta property=\"og:site_name\" content=\"n\u00fcshu\" \/>\n<meta property=\"article:publisher\" content=\"https:\/\/www.facebook.com\/nushu.artesania\/\" \/>\n<meta property=\"article:modified_time\" content=\"2024-02-02T12:44:12+00:00\" \/>\n<meta property=\"og:image\" content=\"https:\/\/www.nushu.cat\/wp-content\/uploads\/2024\/02\/mugroneres-cru.jpg\" \/>\n\t<meta property=\"og:image:width\" content=\"1280\" \/>\n\t<meta property=\"og:image:height\" content=\"1280\" \/>\n\t<meta property=\"og:image:type\" content=\"image\/jpeg\" \/>\n<meta name=\"twitter:card\" content=\"summary_large_image\" \/>\n<meta name=\"twitter:label1\" content=\"Tiempo de lectura\" \/>\n\t<meta name=\"twitter:data1\" content=\"1 minuto\" \/>\n<!-- \/ Yoast SEO plugin. -->","yoast_head_json":{"title":"Pezoneras ecol\u00f3gicas - n\u00fcshu","robots":{"index":"index","follow":"follow","max-snippet":"max-snippet:-1","max-image-preview":"max-image-preview:large","max-video-preview":"max-video-preview:-1"},"canonical":"https:\/\/www.nushu.cat\/es\/producto\/pezoneras-eco\/","og_locale":"es_ES","og_type":"article","og_title":"Pezoneras ecol\u00f3gicas - n\u00fcshu","og_description":"Hecho con tejido de algod\u00f3n ecol\u00f3gico. Discos absorbentes, impermeables y transpirables para recoger el exceso de leche materna durante la lactancia.","og_url":"https:\/\/www.nushu.cat\/es\/producto\/pezoneras-eco\/","og_site_name":"n\u00fcshu","article_publisher":"https:\/\/www.facebook.com\/nushu.artesania\/","article_modified_time":"2024-02-02T12:44:12+00:00","og_image":[{"width":1280,"height":1280,"url":"https:\/\/www.nushu.cat\/wp-content\/uploads\/2024\/02\/mugroneres-cru.jpg","type":"image\/jpeg"}],"twitter_card":"summary_large_image","twitter_misc":{"Tiempo de lectura":"1 minuto"},"schema":{"@context":"https:\/\/schema.org","@graph":[{"@type":"WebPage","@id":"https:\/\/www.nushu.cat\/es\/producto\/pezoneras-eco\/","url":"https:\/\/www.nushu.cat\/es\/producto\/pezoneras-eco\/","name":"Pezoneras ecol\u00f3gicas - n\u00fcshu","isPartOf":{"@id":"https:\/\/www.nushu.cat\/es\/#website"},"primaryImageOfPage":{"@id":"https:\/\/www.nushu.cat\/es\/producto\/pezoneras-eco\/#primaryimage"},"image":{"@id":"https:\/\/www.nushu.cat\/es\/producto\/pezoneras-eco\/#primaryimage"},"thumbnailUrl":"https:\/\/www.nushu.cat\/wp-content\/uploads\/2024\/02\/mugroneres-cru.jpg","datePublished":"2020-05-27T23:19:41+00:00","dateModified":"2024-02-02T12:44:12+00:00","breadcrumb":{"@id":"https:\/\/www.nushu.cat\/es\/producto\/pezoneras-eco\/#breadcrumb"},"inLanguage":"es","potentialAction":[{"@type":"ReadAction","target":["https:\/\/www.nushu.cat\/es\/producto\/pezoneras-eco\/"]}]},{"@type":"ImageObject","inLanguage":"es","@id":"https:\/\/www.nushu.cat\/es\/producto\/pezoneras-eco\/#primaryimage","url":"https:\/\/www.nushu.cat\/wp-content\/uploads\/2024\/02\/mugroneres-cru.jpg","contentUrl":"https:\/\/www.nushu.cat\/wp-content\/uploads\/2024\/02\/mugroneres-cru.jpg","width":1280,"height":1280},{"@type":"BreadcrumbList","@id":"https:\/\/www.nushu.cat\/es\/producto\/pezoneras-eco\/#breadcrumb","itemListElement":[{"@type":"ListItem","position":1,"name":"Inici","item":"https:\/\/www.nushu.cat\/es\/compreses-de-tela\/"},{"@type":"ListItem","position":2,"name":"Tienda","item":"https:\/\/www.nushu.cat\/es\/tienda\/"},{"@type":"ListItem","position":3,"name":"Pezoneras ecol\u00f3gicas"}]},{"@type":"WebSite","@id":"https:\/\/www.nushu.cat\/es\/#website","url":"https:\/\/www.nushu.cat\/es\/","name":"n\u00fcshu","description":"natural &amp; sostenible","publisher":{"@id":"https:\/\/www.nushu.cat\/es\/#organization"},"potentialAction":[{"@type":"SearchAction","target":{"@type":"EntryPoint","urlTemplate":"https:\/\/www.nushu.cat\/es\/?s={search_term_string}"},"query-input":{"@type":"PropertyValueSpecification","valueRequired":true,"valueName":"search_term_string"}}],"inLanguage":"es"},{"@type":"Organization","@id":"https:\/\/www.nushu.cat\/es\/#organization","name":"n\u00fcshu","url":"https:\/\/www.nushu.cat\/es\/","logo":{"@type":"ImageObject","inLanguage":"es","@id":"https:\/\/www.nushu.cat\/es\/#\/schema\/logo\/image\/","url":"https:\/\/www.nushu.cat\/wp-content\/uploads\/2024\/02\/nushu-share-1-1.png","contentUrl":"https:\/\/www.nushu.cat\/wp-content\/uploads\/2024\/02\/nushu-share-1-1.png","width":1080,"height":1080,"caption":"n\u00fcshu"},"image":{"@id":"https:\/\/www.nushu.cat\/es\/#\/schema\/logo\/image\/"},"sameAs":["https:\/\/www.facebook.com\/nushu.artesania\/","https:\/\/www.instagram.com\/nushu_artesania"]}]}},"jetpack_sharing_enabled":true,"_links":{"self":[{"href":"https:\/\/www.nushu.cat\/es\/wp-json\/wp\/v2\/product\/5277","targetHints":{"allow":["GET"]}}],"collection":[{"href":"https:\/\/www.nushu.cat\/es\/wp-json\/wp\/v2\/product"}],"about":[{"href":"https:\/\/www.nushu.cat\/es\/wp-json\/wp\/v2\/types\/product"}],"version-history":[{"count":0,"href":"https:\/\/www.nushu.cat\/es\/wp-json\/wp\/v2\/product\/5277\/revisions"}],"wp:featuredmedia":[{"embeddable":true,"href":"https:\/\/www.nushu.cat\/es\/wp-json\/wp\/v2\/media\/251028"}],"wp:attachment":[{"href":"https:\/\/www.nushu.cat\/es\/wp-json\/wp\/v2\/media?parent=5277"}],"wp:term":[{"taxonomy":"product_brand","embeddable":true,"href":"https:\/\/www.nushu.cat\/es\/wp-json\/wp\/v2\/product_brand?post=5277"},{"taxonomy":"product_cat","embeddable":true,"href":"https:\/\/www.nushu.cat\/es\/wp-json\/wp\/v2\/product_cat?post=5277"},{"taxonomy":"product_tag","embeddable":true,"href":"https:\/\/www.nushu.cat\/es\/wp-json\/wp\/v2\/product_tag?post=5277"}],"curies":[{"name":"wp","href":"https:\/\/api.w.org\/{rel}","templated":true}]}}