{"id":5325,"date":"2020-05-28T06:20:49","date_gmt":"2020-05-28T06:20:49","guid":{"rendered":"https:\/\/www.nushu.cat\/?post_type=product&#038;p=5325"},"modified":"2025-11-17T11:10:25","modified_gmt":"2025-11-17T10:10:25","slug":"salvaslip-algodon-tanga-ecologico","status":"publish","type":"product","link":"https:\/\/www.nushu.cat\/es\/producto\/salvaslip-algodon-tanga-ecologico\/","title":{"rendered":"Salvaslip tanga de tela ecol\u00f3gico"},"content":{"rendered":"<p data-start=\"1201\" data-end=\"1348\">Este <strong data-start=\"1208\" data-end=\"1250\">salvaslip ecol\u00f3gico de tela para tanga<\/strong> est\u00e1 dise\u00f1ado para ofrecer <strong data-start=\"1277\" data-end=\"1312\">protecci\u00f3n ligera y sostenible<\/strong> con un ajuste perfecto en tangas.<\/p>\n<p data-start=\"1350\" data-end=\"1510\">Su forma estrecha y fina permite una <strong data-start=\"1390\" data-end=\"1421\">sujeci\u00f3n c\u00f3moda y discreta<\/strong>, ideal para quienes buscan una sensaci\u00f3n natural y transpirable sin renunciar al confort.<\/p>\n<p data-start=\"1512\" data-end=\"1666\">Se coloca f\u00e1cilmente en la ropa interior mediante un <strong data-start=\"1567\" data-end=\"1606\">peque\u00f1o bot\u00f3n de clic libre de n\u00edquel,<\/strong> que garantiza una buena sujeci\u00f3n sin causar molestias.<\/p>\n<p data-start=\"1668\" data-end=\"1851\">Est\u00e1 elaborado con<strong data-start=\"1686\" data-end=\"1762\"> algod\u00f3n org\u00e1nico cultivado sin pesticidas y con tintes ecol\u00f3gicos certificados,<\/strong> lo que lo convierte en una opci\u00f3n <strong data-start=\"1799\" data-end=\"1848\">respetuosa con tu piel y con el medio ambiente.<\/strong><\/p>\n<p data-start=\"1853\" data-end=\"2027\"><strong data-start=\"1857\" data-end=\"1901\">Son veganos y libres de maltrato animal,<\/strong> y a pesar de su ligereza, ofrecen una e<strong data-start=\"1947\" data-end=\"1982\">xcelente capacidad de absorci\u00f3n <\/strong>y una gran suavidad al contacto con la piel.<\/p>\n<p data-start=\"1853\" data-end=\"2027\">\n<h2 data-start=\"2034\" data-end=\"2086\">Materiales del salvaslip ecol\u00f3gico para tanga<\/h2>\n<p data-start=\"2088\" data-end=\"2170\">Las compresas de tela ecol\u00f3gicas de <strong data-start=\"2125\" data-end=\"2134\">n\u00fcshu<\/strong> est\u00e1n formadas por diferentes capas:<\/p>\n<ul>\n<li data-start=\"2174\" data-end=\"2327\"><strong data-start=\"2174\" data-end=\"2210\">La capa en contacto con la vulva<\/strong> es de <strong data-start=\"2217\" data-end=\"2252\">franela de algod\u00f3n org\u00e1nico 100 %, <\/strong>un tejido muy suave y agradable que no provoca rozaduras ni irritaciones.<\/li>\n<li data-start=\"2330\" data-end=\"2461\">En el <strong data-start=\"2334\" data-end=\"2346\">interior<\/strong>, seg\u00fan la absorci\u00f3n, hay <strong data-start=\"2373\" data-end=\"2409\">capas de algod\u00f3n org\u00e1nico <\/strong>certificado que recogen el flujo de forma eficaz y uniforme.<\/li>\n<li data-start=\"2464\" data-end=\"2602\">Una <strong data-start=\"2468\" data-end=\"2503\">capa de PUL (poliuretano laminado),<\/strong> impermeable y transpirable, evita fugas y manchas, reduciendo la proliferaci\u00f3n de hongos y bacterias.<\/li>\n<li data-start=\"2605\" data-end=\"2788\">Finalmente, la<strong data-start=\"2616\" data-end=\"2666\"> parte exterior de este protegeslip ecol\u00f3gico,<\/strong> est\u00e1 hecha de algod\u00f3n org\u00e1nico con estampados sostenibles, lleva un <strong data-start=\"2724\" data-end=\"2752\">tejido estampado ecol\u00f3gico<\/strong> que queda en contacto con el tanga.<\/li>\n<li data-start=\"2790\" data-end=\"2912\">Recuerda que no puedes utilizarlas por ambos lados. La parte que est\u00e1 en contacto con la vulva es la capa de franela. <\/li>\n<\/ul>\n<p data-start=\"2914\" data-end=\"3051\">\n<p data-start=\"2914\" data-end=\"3051\">Est\u00e1 confeccionado con <strong data-start=\"2936\" data-end=\"2980\">tejidos certificados OEKO-TEX\u00ae 100 y GOTS, <\/strong>que garantizan que no existen sustancias nocivas para la salud.<\/p>\n<p data-start=\"2914\" data-end=\"3051\">\n<h2 data-start=\"3058\" data-end=\"3118\">C\u00f3mo lavar tus salvaslip ecol\u00f3gicos para tanga<\/h2>\n<p data-start=\"3120\" data-end=\"3380\">Despu\u00e9s de cada uso, deja reposar el salvaslip en un <strong data-start=\"3173\" data-end=\"3199\">barre\u00f1o con agua fr\u00eda <\/strong>durante unos minutos para que el flujo se desprenda poco a poco del tejido.<br data-start=\"3270\" data-end=\"3273\"> Puedes a\u00f1adir unas<strong data-start=\"3298\" data-end=\"3330\"> gotas de aceite esencial de \u00e1rbol del t\u00e9<\/strong> para evitar la proliferaci\u00f3n de bacterias y hongos.<\/p>\n<p data-start=\"3382\" data-end=\"3584\">Luego, l<strong data-start=\"3391\" data-end=\"3423\">\u00e1valo a mano con<a href=\"https:\/\/www.nushu.cat\/es\/producto\/jabon-sostenible\/\"> jab\u00f3n neutro<\/a>,<\/strong> quita el exceso de agua y<strong data-start=\"3448\" data-end=\"3469\"> s\u00e9calo al aire.<\/strong><br data-start=\"3470\" data-end=\"3473\">Tambi\u00e9n puedes lavarlo en la <strong data-start=\"3499\" data-end=\"3541\">lavadora con agua fr\u00eda (m\u00e1x. 30 \u00b0C), <\/strong>sin suavizante, secadora ni plancha.<\/p>\n<p data-start=\"3586\" data-end=\"3727\">Para <strong data-start=\"3592\" data-end=\"3613\">manchas rebeldes, <\/strong>utiliza m\u00e9todos naturales como <strong data-start=\"3645\" data-end=\"3672\">el sol o el <a href=\"https:\/\/www.nushu.cat\/es\/producto\/precarbonato\/\">percarbonato<\/a><\/strong>, que limpian en profundidad sin da\u00f1ar el tejido.<\/p>\n<p data-start=\"3586\" data-end=\"3727\">\n<h2 data-start=\"3734\" data-end=\"3771\">Detalles del salvaslip talla S<\/h2>\n<ul>\n<li data-start=\"3775\" data-end=\"3807\"><strong data-start=\"3775\" data-end=\"3796\">Tipo de absorci\u00f3n:<\/strong> ligera<\/li>\n<li data-start=\"3810\" data-end=\"3834\"><strong data-start=\"3810\" data-end=\"3820\">Medidas:<\/strong> 15,5 \u00d7 4 cm<\/li>\n<li data-start=\"3837\" data-end=\"3871\"><strong data-start=\"3837\" data-end=\"3852\">Certificado:<\/strong> OEKO-TEX\u00ae i GOTS<\/li>\n<li data-start=\"3874\" data-end=\"3927\"><strong data-start=\"3874\" data-end=\"3897\">Lugar de fabricaci\u00f3n:<\/strong> Hecho en Canet de Mar, Espa\u00f1a<\/li>\n<li data-start=\"3930\" data-end=\"3984\"><strong data-start=\"3930\" data-end=\"3941\">Modelos:<\/strong> disponible en diferentes estampados y colores<\/li>\n<\/ul>\n<p>&nbsp;<\/p>\n<h2 data-start=\"3991\" data-end=\"4033\">Otros modelos de compresas de tela<\/h2>\n<p data-start=\"3809\" data-end=\"3949\">Cada momento del ciclo menstrual es distinto, por eso en <strong data-start=\"3865\" data-end=\"3874\">n\u00fcshu<\/strong> encontrar\u00e1s diferentes modelos de compresas de tela adaptados a cada necesidad:<\/p>\n<ul>\n<li data-start=\"3953\" data-end=\"4164\"><strong data-start=\"3953\" data-end=\"3980\"><a class=\"decorated-link\" href=\"https:\/\/www.nushu.cat\/es\/productes\/higiene-menstrual-sostenible\/compresas_de_tela\/salvaslip\/\" rel=\"noopener\" data-start=\"3955\" data-end=\"3977\">Salvaslip de tela:<\/a><\/strong> de absorci\u00f3n ligera, ideal para los primeros y \u00faltimos d\u00edas, uso diario o peque\u00f1as p\u00e9rdidas de orina. Disponible en versi\u00f3n <strong data-start=\"4096\" data-end=\"4119\"> <a class=\"decorated-link\" href=\"https:\/\/www.nushu.cat\/es\/producto\/salvaslip-algodon-tanga\/\" rel=\"noopener\" data-start=\"4098\" data-end=\"4117\">tangaslips (T)<\/a> <\/strong>, <strong data-start=\"4121\" data-end=\"4139\"> <a class=\"decorated-link\" href=\"https:\/\/www.nushu.cat\/es\/producto\/xs\/\" rel=\"noopener\" data-start=\"4123\" data-end=\"4137\">mini (XS)<\/a> y<\/strong> <strong data-start=\"4142\" data-end=\"4161\">est\u00e0ndard (S)<\/strong>.<\/li>\n<li data-start=\"4167\" data-end=\"4350\"><strong data-start=\"4167\" data-end=\"4193\"><a class=\"decorated-link\" href=\"https:\/\/www.nushu.cat\/es\/productes\/higiene-menstrual-sostenible\/compresas_de_tela\/dia\/\" rel=\"noopener\" data-start=\"4169\" data-end=\"4190\">Compresas de dia: <\/a><\/strong>de absorci\u00f3n mediana o fuerte. Los modelos <strong data-start=\"4233\" data-end=\"4238\"><a href=\"https:\/\/www.nushu.cat\/es\/producto\/m\/\">M<\/a><\/strong> y <strong data-start=\"4241\" data-end=\"4246\"><a href=\"https:\/\/www.nushu.cat\/es\/producto\/l\/\">L<\/a><\/strong> se adaptan a reglas poco abundantes o sangrados m\u00e1s intensos, y tambi\u00e9n a p\u00e9rdidas de orina moderadas o severas.<\/li>\n<li data-start=\"4353\" data-end=\"4519\"><strong data-start=\"4353\" data-end=\"4379\"><a class=\"decorated-link\" href=\"https:\/\/www.nushu.cat\/es\/productes\/higiene-menstrual-sostenible\/compresas_de_tela\/noche\/\" rel=\"noopener\" data-start=\"4355\" data-end=\"4376\">Compresas de noche:<\/a><\/strong> con absorci\u00f3n muy fuerte y dise\u00f1o m\u00e1s largo por detr\u00e1s, perfectas para dormir con tranquilidad. Disponibles en tallas <a href=\"https:\/\/www.nushu.cat\/es\/producto\/xl\/\"> <strong data-start=\"4500\" data-end=\"4506\">XL<\/strong> y<\/a> <a href=\"https:\/\/www.nushu.cat\/es\/producto\/xxl\/\"><strong data-start=\"4509\" data-end=\"4516\">XXL<\/strong> <\/a>.<\/li>\n<li data-start=\"4522\" data-end=\"4664\"><strong data-start=\"4522\" data-end=\"4583\"><a href=\"https:\/\/www.nushu.cat\/es\/productes\/higiene-menstrual-sostenible\/compresas_de_tela\/grandes\/\">Compresas grandes algod\u00f3n<\/a> o <a href=\"https:\/\/www.nushu.cat\/es\/productes\/higiene-menstrual-sostenible\/compresas_de_tela\/postparto\/\">compresas para el postparto<\/a>:<\/strong> para sangrados muy abundantes, con m\u00e1xima capacidad de absorci\u00f3n y cobertura extra.<\/li>\n<\/ul>\n<p data-start=\"4859\" data-end=\"5004\">\u00a1Te invito a que te <strong data-start=\"4874\" data-end=\"4919\"><a href=\"https:\/\/www.nushu.cat\/wp-content\/uploads\/2020\/12\/nushu-diagrama_cast-1.pdf\">descargues este diagrama menstrual<\/a><\/strong> y empieces a ponerlo en pr\u00e1ctica! \u00a1Es una herramienta que si la sabes utilizar te ser\u00e1 muy valiosa!<\/p>\n","protected":false},"excerpt":{"rendered":"<ul>\n<li data-start=\"580\" data-end=\"701\"><strong data-start=\"580\" data-end=\"622\">Salvaslip ecol\u00f3gico de tela para tanga,<\/strong> dise\u00f1ado para ofrecer protecci\u00f3n ligera y sostenible con un ajuste perfecto.<\/li>\n<li data-start=\"704\" data-end=\"875\">Elaborado con <strong data-start=\"717\" data-end=\"744\">algod\u00f3n org\u00e1nico certificado, <\/strong>es el <strong data-start=\"752\" data-end=\"782\">protegeslip ecol\u00f3gico ideal <\/strong>si buscas suavidad, transpirabilidad y una opci\u00f3n respetuosa con tu cuerpo y el planeta.<\/li>\n<li data-start=\"878\" data-end=\"995\"><strong data-start=\"884\" data-end=\"934\">Es el modelo m\u00e1s estrecho de n\u00fcshu, <\/strong>ideal para tangas y para quienes buscan una protecci\u00f3n c\u00f3moda, fina y sostenible.<\/li>\n<li data-start=\"998\" data-end=\"1140\">Perfecto para los primeros y \u00faltimos d\u00edas del ciclo, como complemento a la <strong data-start=\"1071\" data-end=\"1089\"><a href=\"https:\/\/www.nushu.cat\/es\/productes\/higiene-menstrual-sostenible\/copas-menstruales-y-esponjas\/\">copa menstrual<\/a><\/strong> o para uso diario si hay mucho flujo cervical.<\/li>\n<li data-start=\"1143\" data-end=\"1166\"><strong data-start=\"1143\" data-end=\"1153\">Medidas:<\/strong> 15,5 \u00d7 4 cm.<\/li>\n<\/ul>\n","protected":false},"featured_media":267584,"template":"","meta":{"_acf_changed":false},"product_brand":[],"product_cat":[955,224,207,830],"product_tag":[],"class_list":{"0":"post-5325","1":"product","2":"type-product","3":"status-publish","4":"has-post-thumbnail","6":"product_cat-tanga-de-algodon","7":"product_cat-compresas_de_tela","8":"product_cat-higiene-menstrual-sostenible","9":"product_cat-salvaslip","11":"first","12":"instock","13":"taxable","14":"shipping-taxable","15":"purchasable","16":"product-type-variable","17":"has-default-attributes"},"acf":[],"yoast_head":"<!-- This site is optimized with the Yoast SEO plugin v27.2 - https:\/\/yoast.com\/product\/yoast-seo-wordpress\/ -->\n<title>Salvaslip ecol\u00f3gico de tela para tanga - n\u00fcshu<\/title>\n<meta name=\"description\" content=\"Salvaslip ecol\u00f3gico de tela para tanga, hecho en Barcelona con algod\u00f3n org\u00e1nico certificado. El salvaslip org\u00e1nico perfecto para tangas: c\u00f3modo, transpirable y sostenible.\" \/>\n<meta name=\"robots\" content=\"index, follow, max-snippet:-1, max-image-preview:large, max-video-preview:-1\" \/>\n<link rel=\"canonical\" href=\"https:\/\/www.nushu.cat\/es\/producto\/salvaslip-algodon-tanga-ecologico\/\" \/>\n<meta property=\"og:locale\" content=\"es_ES\" \/>\n<meta property=\"og:type\" content=\"article\" \/>\n<meta property=\"og:title\" content=\"Salvaslip ecol\u00f3gico de tela para tanga - n\u00fcshu\" \/>\n<meta property=\"og:description\" content=\"Salvaslip ecol\u00f3gico de tela para tanga, hecho en Barcelona con algod\u00f3n org\u00e1nico certificado. El salvaslip org\u00e1nico perfecto para tangas: c\u00f3modo, transpirable y sostenible.\" \/>\n<meta property=\"og:url\" content=\"https:\/\/www.nushu.cat\/es\/producto\/salvaslip-algodon-tanga-ecologico\/\" \/>\n<meta property=\"og:site_name\" content=\"n\u00fcshu\" \/>\n<meta property=\"article:publisher\" content=\"https:\/\/www.facebook.com\/nushu.artesania\/\" \/>\n<meta property=\"article:modified_time\" content=\"2025-11-17T10:10:25+00:00\" \/>\n<meta property=\"og:image\" content=\"https:\/\/www.nushu.cat\/wp-content\/uploads\/2020\/05\/salvaslip-tanga-eco.webp\" \/>\n\t<meta property=\"og:image:width\" content=\"2017\" \/>\n\t<meta property=\"og:image:height\" content=\"2017\" \/>\n\t<meta property=\"og:image:type\" content=\"image\/webp\" \/>\n<meta name=\"twitter:card\" content=\"summary_large_image\" \/>\n<meta name=\"twitter:label1\" content=\"Tiempo de lectura\" \/>\n\t<meta name=\"twitter:data1\" content=\"3 minutos\" \/>\n<!-- \/ Yoast SEO plugin. -->","yoast_head_json":{"title":"Salvaslip ecol\u00f3gico de tela para tanga - n\u00fcshu","description":"Salvaslip ecol\u00f3gico de tela para tanga, hecho en Barcelona con algod\u00f3n org\u00e1nico certificado. El salvaslip org\u00e1nico perfecto para tangas: c\u00f3modo, transpirable y sostenible.","robots":{"index":"index","follow":"follow","max-snippet":"max-snippet:-1","max-image-preview":"max-image-preview:large","max-video-preview":"max-video-preview:-1"},"canonical":"https:\/\/www.nushu.cat\/es\/producto\/salvaslip-algodon-tanga-ecologico\/","og_locale":"es_ES","og_type":"article","og_title":"Salvaslip ecol\u00f3gico de tela para tanga - n\u00fcshu","og_description":"Salvaslip ecol\u00f3gico de tela para tanga, hecho en Barcelona con algod\u00f3n org\u00e1nico certificado. El salvaslip org\u00e1nico perfecto para tangas: c\u00f3modo, transpirable y sostenible.","og_url":"https:\/\/www.nushu.cat\/es\/producto\/salvaslip-algodon-tanga-ecologico\/","og_site_name":"n\u00fcshu","article_publisher":"https:\/\/www.facebook.com\/nushu.artesania\/","article_modified_time":"2025-11-17T10:10:25+00:00","og_image":[{"width":2017,"height":2017,"url":"https:\/\/www.nushu.cat\/wp-content\/uploads\/2020\/05\/salvaslip-tanga-eco.webp","type":"image\/webp"}],"twitter_card":"summary_large_image","twitter_misc":{"Tiempo de lectura":"3 minutos"},"schema":{"@context":"https:\/\/schema.org","@graph":[{"@type":"WebPage","@id":"https:\/\/www.nushu.cat\/es\/producto\/salvaslip-algodon-tanga-ecologico\/","url":"https:\/\/www.nushu.cat\/es\/producto\/salvaslip-algodon-tanga-ecologico\/","name":"Salvaslip ecol\u00f3gico de tela para tanga - n\u00fcshu","isPartOf":{"@id":"https:\/\/www.nushu.cat\/es\/#website"},"primaryImageOfPage":{"@id":"https:\/\/www.nushu.cat\/es\/producto\/salvaslip-algodon-tanga-ecologico\/#primaryimage"},"image":{"@id":"https:\/\/www.nushu.cat\/es\/producto\/salvaslip-algodon-tanga-ecologico\/#primaryimage"},"thumbnailUrl":"https:\/\/www.nushu.cat\/wp-content\/uploads\/2020\/05\/salvaslip-tanga-eco.webp","datePublished":"2020-05-28T06:20:49+00:00","dateModified":"2025-11-17T10:10:25+00:00","description":"Salvaslip ecol\u00f3gico de tela para tanga, hecho en Barcelona con algod\u00f3n org\u00e1nico certificado. El salvaslip org\u00e1nico perfecto para tangas: c\u00f3modo, transpirable y sostenible.","breadcrumb":{"@id":"https:\/\/www.nushu.cat\/es\/producto\/salvaslip-algodon-tanga-ecologico\/#breadcrumb"},"inLanguage":"es","potentialAction":[{"@type":"ReadAction","target":["https:\/\/www.nushu.cat\/es\/producto\/salvaslip-algodon-tanga-ecologico\/"]}]},{"@type":"ImageObject","inLanguage":"es","@id":"https:\/\/www.nushu.cat\/es\/producto\/salvaslip-algodon-tanga-ecologico\/#primaryimage","url":"https:\/\/www.nushu.cat\/wp-content\/uploads\/2020\/05\/salvaslip-tanga-eco.webp","contentUrl":"https:\/\/www.nushu.cat\/wp-content\/uploads\/2020\/05\/salvaslip-tanga-eco.webp","width":2017,"height":2017,"caption":"Salvaslip tanga de tela ecol\u00f3gico n\u00fcshu"},{"@type":"BreadcrumbList","@id":"https:\/\/www.nushu.cat\/es\/producto\/salvaslip-algodon-tanga-ecologico\/#breadcrumb","itemListElement":[{"@type":"ListItem","position":1,"name":"Inici","item":"https:\/\/www.nushu.cat\/es\/"},{"@type":"ListItem","position":2,"name":"Tienda","item":"https:\/\/www.nushu.cat\/es\/tienda\/"},{"@type":"ListItem","position":3,"name":"Salvaslip tanga de tela ecol\u00f3gico"}]},{"@type":"WebSite","@id":"https:\/\/www.nushu.cat\/es\/#website","url":"https:\/\/www.nushu.cat\/es\/","name":"n\u00fcshu","description":"natural &amp; sostenible","publisher":{"@id":"https:\/\/www.nushu.cat\/es\/#organization"},"potentialAction":[{"@type":"SearchAction","target":{"@type":"EntryPoint","urlTemplate":"https:\/\/www.nushu.cat\/es\/?s={search_term_string}"},"query-input":{"@type":"PropertyValueSpecification","valueRequired":true,"valueName":"search_term_string"}}],"inLanguage":"es"},{"@type":"Organization","@id":"https:\/\/www.nushu.cat\/es\/#organization","name":"n\u00fcshu","url":"https:\/\/www.nushu.cat\/es\/","logo":{"@type":"ImageObject","inLanguage":"es","@id":"https:\/\/www.nushu.cat\/es\/#\/schema\/logo\/image\/","url":"https:\/\/www.nushu.cat\/wp-content\/uploads\/2024\/02\/nushu-share-1-1.png","contentUrl":"https:\/\/www.nushu.cat\/wp-content\/uploads\/2024\/02\/nushu-share-1-1.png","width":1080,"height":1080,"caption":"n\u00fcshu"},"image":{"@id":"https:\/\/www.nushu.cat\/es\/#\/schema\/logo\/image\/"},"sameAs":["https:\/\/www.facebook.com\/nushu.artesania\/","https:\/\/www.instagram.com\/nushu_artesania"]}]}},"jetpack_sharing_enabled":true,"_links":{"self":[{"href":"https:\/\/www.nushu.cat\/es\/wp-json\/wp\/v2\/product\/5325","targetHints":{"allow":["GET"]}}],"collection":[{"href":"https:\/\/www.nushu.cat\/es\/wp-json\/wp\/v2\/product"}],"about":[{"href":"https:\/\/www.nushu.cat\/es\/wp-json\/wp\/v2\/types\/product"}],"version-history":[{"count":5,"href":"https:\/\/www.nushu.cat\/es\/wp-json\/wp\/v2\/product\/5325\/revisions"}],"predecessor-version":[{"id":267718,"href":"https:\/\/www.nushu.cat\/es\/wp-json\/wp\/v2\/product\/5325\/revisions\/267718"}],"wp:featuredmedia":[{"embeddable":true,"href":"https:\/\/www.nushu.cat\/es\/wp-json\/wp\/v2\/media\/267584"}],"wp:attachment":[{"href":"https:\/\/www.nushu.cat\/es\/wp-json\/wp\/v2\/media?parent=5325"}],"wp:term":[{"taxonomy":"product_brand","embeddable":true,"href":"https:\/\/www.nushu.cat\/es\/wp-json\/wp\/v2\/product_brand?post=5325"},{"taxonomy":"product_cat","embeddable":true,"href":"https:\/\/www.nushu.cat\/es\/wp-json\/wp\/v2\/product_cat?post=5325"},{"taxonomy":"product_tag","embeddable":true,"href":"https:\/\/www.nushu.cat\/es\/wp-json\/wp\/v2\/product_tag?post=5325"}],"curies":[{"name":"wp","href":"https:\/\/api.w.org\/{rel}","templated":true}]}}