{"id":5412,"date":"2020-05-28T06:55:50","date_gmt":"2020-05-28T06:55:50","guid":{"rendered":"https:\/\/www.nushu.cat\/?post_type=product&#038;p=5412"},"modified":"2025-11-17T11:10:33","modified_gmt":"2025-11-17T10:10:33","slug":"salvaslip-algodon-ecologico-mini-xs","status":"publish","type":"product","link":"https:\/\/www.nushu.cat\/es\/producto\/salvaslip-algodon-ecologico-mini-xs\/","title":{"rendered":"Salvaslip de tela ecol\u00f3gico mini XS"},"content":{"rendered":"<p data-start=\"1068\" data-end=\"1225\"><strong data-start=\"1071\" data-end=\"1109\">El salvaslip de tela ecol\u00f3gico mini XS de n\u00fcshu<\/strong> est\u00e1 dise\u00f1ado para ofrecer <strong data-start=\"1113\" data-end=\"1122\">protecci\u00f3n ligera, natural <\/strong><strong data-start=\"1149\" data-end=\"1193\">y sostenible<\/strong> en los d\u00edas de flujo leve.<\/p>\n<p data-start=\"1227\" data-end=\"1396\">Su tama\u00f1o reducido y su forma ultrafina lo hacen perfecto para <strong data-start=\"1296\" data-end=\"1314\">bragas peque\u00f1as<\/strong> o para quienes prefieren una protecci\u00f3n diaria discreta y sin sensaci\u00f3n de humedad.<\/p>\n<p data-start=\"1398\" data-end=\"1546\">Se coloca f\u00e1cilmente en la ropa interior gracias a un <strong data-start=\"1452\" data-end=\"1485\">bot\u00f3n de clic libre de n\u00edquel,<\/strong> que asegura una sujeci\u00f3n c\u00f3moda sin causar molestias.<\/p>\n<p data-start=\"1548\" data-end=\"1746\">Est\u00e1 confeccionado con<strong data-start=\"1570\" data-end=\"1653\"> algod\u00f3n org\u00e1nico cultivado sin pesticidas y te\u00f1ido con tintes ecol\u00f3gicos certificados<\/strong>, lo que lo convierte en una opci\u00f3n respetuosa con tu cuerpo y con el medio ambiente.<\/p>\n<p data-start=\"1748\" data-end=\"1915\"><strong data-start=\"1752\" data-end=\"1796\">Son veganos y libres de maltrato animal, <\/strong>y a pesar de su finura, ofrecen un<strong data-start=\"1837\" data-end=\"1856\">a absorci\u00f3n eficaz y una suavidad <\/strong><strong data-start=\"1863\" data-end=\"1890\">muy agradable<\/strong> al contacto con la piel.<\/p>\n<h2 data-start=\"1922\" data-end=\"1978\">Materiales del salvaslip de tela ecol\u00f3gico mini XS<\/h2>\n<p data-start=\"1980\" data-end=\"2062\">Las compresas de tela ecol\u00f3gicas de <strong data-start=\"2017\" data-end=\"2026\">n\u00fcshu<\/strong> est\u00e1n formadas por diferentes capas:<\/p>\n<ul>\n<li data-start=\"2066\" data-end=\"2219\"><strong data-start=\"2066\" data-end=\"2102\">La capa en contacto con la vulva<\/strong> es de <strong data-start=\"2109\" data-end=\"2144\">franela de algod\u00f3n org\u00e1nico 100 %, <\/strong>un tejido muy suave y agradable que no provoca rozaduras ni irritaciones.<\/li>\n<li data-start=\"2222\" data-end=\"2363\">En el <strong data-start=\"2226\" data-end=\"2238\">interior<\/strong>, seg\u00fan la absorci\u00f3n, hay <strong data-start=\"2275\" data-end=\"2311\">capas de algod\u00f3n org\u00e1nico certificado<\/strong> que recogen el flujo de forma eficaz y uniforme.<\/li>\n<li data-start=\"2366\" data-end=\"2484\">Una<strong data-start=\"2370\" data-end=\"2414\"> capa laminada impermeable y transpirable<\/strong> evita fugas y manchas, reduciendo la proliferaci\u00f3n de hongos o bacterias.<\/li>\n<li data-start=\"2487\" data-end=\"2658\">Finalmente, la <strong data-start=\"2498\" data-end=\"2548\">parte exterior de este protegeslip ecol\u00f3gico mini <\/strong>est\u00e1 confeccionada en<strong data-start=\"2572\" data-end=\"2612\"> algod\u00f3n org\u00e1nico con estampados sostenibles,<\/strong> que queda en contacto con la braga.<\/li>\n<\/ul>\n<p data-start=\"2660\" data-end=\"2781\">Recuerda que no puedes utilizarlo por ambos lados: la parte que est\u00e1 en contacto con la vulva es la capa de franela.<\/p>\n<p data-start=\"2783\" data-end=\"2915\">Est\u00e1 confeccionado con<strong data-start=\"2805\" data-end=\"2849\"> tejidos certificados OEKO-TEX\u00ae 100 y GOTS<\/strong>, que garantizan que no contiene sustancias nocivas para la salud.<\/p>\n<h2 data-start=\"2922\" data-end=\"2978\">C\u00f3mo lavar tus salvaslip ecol\u00f3gicos mini XS<\/h2>\n<p data-start=\"2980\" data-end=\"3240\">Despu\u00e9s de cada uso, deja reposar el salvaslip en un<strong data-start=\"3033\" data-end=\"3059\"> barre\u00f1o con agua fr\u00eda <\/strong>durante unos minutos para que el flujo se desprenda poco a poco del tejido.<br data-start=\"3130\" data-end=\"3133\">Puedes a\u00f1adir unas gotas de <strong data-start=\"3158\" data-end=\"3190\">aceite esencial de \u00e1rbol del t\u00e9 <\/strong>para evitar la proliferaci\u00f3n de bacterias y hongos.<\/p>\n<p data-start=\"3242\" data-end=\"3444\">Luego, <strong data-start=\"3251\" data-end=\"3283\"><a href=\"https:\/\/www.nushu.cat\/es\/producto\/jabon-sostenible\/\">l\u00e1valo a mano con jab\u00f3n neutro,<\/a><\/strong> quita el exceso de agua y s\u00e9calo al aire.<br data-start=\"3330\" data-end=\"3333\">Tambi\u00e9n puedes<strong data-start=\"3359\" data-end=\"3401\"> lavarlo en la lavadora con agua fr\u00eda (m\u00e1x. 30 \u00b0C),<\/strong> sin suavizante, secadora ni plancha.<\/p>\n<p data-start=\"3446\" data-end=\"3602\"><strong data-start=\"3452\" data-end=\"3471\">Para manchas dif\u00edciles<\/strong>, puedes recurrir a m\u00e9todos naturales como<strong data-start=\"3510\" data-end=\"3537\"> el sol o el <a href=\"https:\/\/www.nushu.cat\/es\/producto\/precarbonato\/\">percarbonato<\/a>,<\/strong> que limpian en profundidad sin da\u00f1ar las fibras naturales.<\/p>\n<h2 data-start=\"3609\" data-end=\"3663\">Detalles del salvaslip de tela ecol\u00f3gico mini XS<\/h2>\n<ul>\n<li data-start=\"3667\" data-end=\"3699\"><strong data-start=\"3667\" data-end=\"3688\">Tipo de absorci\u00f3n:<\/strong> ligera<\/li>\n<li data-start=\"3702\" data-end=\"3726\"><strong data-start=\"3702\" data-end=\"3712\">Medidas:<\/strong> 15,5 \u00d7 4 cm<\/li>\n<li data-start=\"3729\" data-end=\"3764\"><strong data-start=\"3729\" data-end=\"3745\">Certificados:<\/strong> OEKO-TEX\u00ae i GOTS<\/li>\n<li data-start=\"3767\" data-end=\"3820\"><strong data-start=\"3767\" data-end=\"3790\">Lugar de fabricaci\u00f3n:<\/strong> Hecho en Canet de Mar, Espa\u00f1a<\/li>\n<li data-start=\"3823\" data-end=\"3877\"><strong data-start=\"3823\" data-end=\"3834\">Modelos:<\/strong> disponible en diferentes estampados y colores<\/li>\n<\/ul>\n<p>&nbsp;<\/p>\n<h2 data-start=\"3884\" data-end=\"3926\">Otros modelos de compresas de tela<\/h2>\n<p data-start=\"3817\" data-end=\"3959\">Cada momento del ciclo menstrual es distinto, por eso en <strong data-start=\"3873\" data-end=\"3882\">n\u00fcshu<\/strong> encontrar\u00e1s diferentes modelos de compresas de tela adaptados a cada necesidad:<\/p>\n<ul>\n<li data-start=\"2772\" data-end=\"2958\"><strong data-start=\"2772\" data-end=\"2794\"><a href=\"https:\/\/www.nushu.cat\/es\/productes\/higiene-menstrual-sostenible\/compresas_de_tela\/salvaslip\/\">Salvaslip de tela: <\/a><\/strong>de absorci\u00f3n ligera, ideal para los primeros y \u00faltimos d\u00edas, uso diario o peque\u00f1as p\u00e9rdidas de orina. Disponible en versi\u00f3n <strong data-start=\"2910\" data-end=\"2938\"><a href=\"https:\/\/www.nushu.cat\/es\/producto\/salvaslip-algodon-tanga\/\">tangaslip (T)<\/a>, mini (XS)<\/strong> y <strong data-start=\"2941\" data-end=\"2956\"><a href=\"https:\/\/www.nushu.cat\/es\/producto\/salvaslip-tela-talla-s\/\">normal (S)<\/a>.<\/strong><\/li>\n<li data-start=\"2961\" data-end=\"3137\"><strong data-start=\"2961\" data-end=\"2982\"><a href=\"https:\/\/www.nushu.cat\/es\/productes\/higiene-menstrual-sostenible\/compresas_de_tela\/dia\/\">Compresas de dia:<\/a><\/strong> de absorci\u00f3n mediana o fuerte. Los modelos <strong data-start=\"3022\" data-end=\"3031\"><a href=\"https:\/\/www.nushu.cat\/es\/producto\/m\/\">M<\/a> y <a href=\"https:\/\/www.nushu.cat\/es\/producto\/l\/\">L<\/a> <\/strong>se adaptan a reglas poco abundantes o sangrados m\u00e1s intensos, y tambi\u00e9n a p\u00e9rdidas de orina moderadas o severas.<\/li>\n<li data-start=\"3140\" data-end=\"3301\"><strong data-start=\"3140\" data-end=\"3161\"><a href=\"https:\/\/www.nushu.cat\/es\/productes\/higiene-menstrual-sostenible\/compresas_de_tela\/noche\/\">Compresas de noche:<\/a><\/strong> con absorci\u00f3n muy fuerte y dise\u00f1o m\u00e1s largo por detr\u00e1s, perfectas para dormir con tranquilidad. Disponibles en tallas <a href=\"https:\/\/www.nushu.cat\/es\/producto\/xl\/\"><strong data-start=\"3282\" data-end=\"3288\">XL<\/strong> <\/a> y <strong data-start=\"3291\" data-end=\"3299\"><a href=\"https:\/\/www.nushu.cat\/es\/producto\/xxl\/\">XXL<\/a>.<\/strong><\/li>\n<li data-start=\"3304\" data-end=\"3447\"><strong data-start=\"3304\" data-end=\"3331\"><a href=\"https:\/\/www.nushu.cat\/es\/productes\/higiene-menstrual-sostenible\/compresas_de_tela\/grandes\/\">Compresas grandes algod\u00f3n<\/a><\/strong> o <strong data-start=\"3334\" data-end=\"3364\"><a href=\"https:\/\/www.nushu.cat\/es\/productes\/higiene-menstrual-sostenible\/compresas_de_tela\/postparto\/\">compresas para el postparto:<\/a><\/strong> para sangrados muy abundantes, con m\u00e1xima capacidad de absorci\u00f3n y cobertura extra.<\/li>\n<\/ul>\n<p data-start=\"4644\" data-end=\"4801\">\u00a1Te invito a que te <strong data-start=\"4662\" data-end=\"4704\"><a href=\"https:\/\/www.nushu.cat\/wp-content\/uploads\/2020\/12\/nushu-diagrama_vat.pdf\">descargues este diagrama menstrual <\/a><\/strong>y empieces a ponerlo en pr\u00e1ctica! \u00a1Es una herramienta que si la sabes utilizar te ser\u00e1 muy valiosa!<\/p>\n","protected":false},"excerpt":{"rendered":"<ul>\n<li data-start=\"602\" data-end=\"673\"><strong data-start=\"602\" data-end=\"632\">Salvaslip de tela ecol\u00f3gico <\/strong>de absorci\u00f3n ligera, tama\u00f1o <strong data-start=\"654\" data-end=\"670\">mini XS.<\/strong><\/li>\n<li data-start=\"676\" data-end=\"776\">Es el <strong data-start=\"682\" data-end=\"721\">modelo m\u00e1s peque\u00f1o y ecol\u00f3gico de n\u00fcshu,<\/strong> ideal para<strong data-start=\"752\" data-end=\"773\"> bragas peque\u00f1as \/ cuerpos m\u00e1s peque\u00f1os.<\/strong><\/li>\n<li data-start=\"779\" data-end=\"862\">Hecho con <strong data-start=\"787\" data-end=\"814\">algod\u00f3n org\u00e1nico certificado,<\/strong> suave, transpirable y respetuoso con la piel.<\/li>\n<li data-start=\"865\" data-end=\"1007\">Perfecto para los primeros y \u00faltimos d\u00edas del ciclo, como complemento a la <strong data-start=\"912\" data-end=\"930\"><a href=\"https:\/\/www.nushu.cat\/es\/productes\/higiene-menstrual-sostenible\/copas-menstruales-y-esponjas\/\">copa menstrual<\/a><\/strong>, <a href=\"https:\/\/www.nushu.cat\/es\/productes\/higiene-menstrual-sostenible\/copas-menstruales-y-esponjas\/esponjas-menstruales\/\"><strong data-start=\"932\" data-end=\"953\">esponja menstrual<\/strong><\/a>, <strong data-start=\"955\" data-end=\"973\"><a href=\"https:\/\/www.nushu.cat\/es\/producto\/disco-menstrual\/\">disco menstrual<\/a><\/strong> o para uso diario si hay mucho flujo cervical.<\/li>\n<li data-start=\"1010\" data-end=\"1033\"><strong data-start=\"1010\" data-end=\"1020\">Medidas:<\/strong> 15,5 \u00d7 4 cm.<\/li>\n<\/ul>\n","protected":false},"featured_media":267621,"template":"","meta":{"_acf_changed":false},"product_brand":[],"product_cat":[224,207,830],"product_tag":[],"class_list":{"0":"post-5412","1":"product","2":"type-product","3":"status-publish","4":"has-post-thumbnail","6":"product_cat-compresas_de_tela","7":"product_cat-higiene-menstrual-sostenible","8":"product_cat-salvaslip","10":"first","11":"instock","12":"taxable","13":"shipping-taxable","14":"purchasable","15":"product-type-variable"},"acf":[],"yoast_head":"<!-- This site is optimized with the Yoast SEO plugin v27.4 - https:\/\/yoast.com\/product\/yoast-seo-wordpress\/ -->\n<title>Salvaslip de tela ecol\u00f3gico mini XS - n\u00fcshu<\/title>\n<meta name=\"description\" content=\"Salvaslip de tela ecol\u00f3gico mini XS, hecho en Barcelona con algod\u00f3n org\u00e1nico certificado GOTS. El protegeslip ecol\u00f3gico m\u00e1s peque\u00f1o y sostenible de n\u00fcshu, ideal para flujo ligero y uso diario.\" \/>\n<meta name=\"robots\" content=\"index, follow, max-snippet:-1, max-image-preview:large, max-video-preview:-1\" \/>\n<link rel=\"canonical\" href=\"https:\/\/www.nushu.cat\/es\/producto\/salvaslip-algodon-ecologico-mini-xs\/\" \/>\n<meta property=\"og:locale\" content=\"es_ES\" \/>\n<meta property=\"og:type\" content=\"article\" \/>\n<meta property=\"og:title\" content=\"Salvaslip de tela ecol\u00f3gico mini XS - n\u00fcshu\" \/>\n<meta property=\"og:description\" content=\"Salvaslip de tela ecol\u00f3gico mini XS, hecho en Barcelona con algod\u00f3n org\u00e1nico certificado GOTS. El protegeslip ecol\u00f3gico m\u00e1s peque\u00f1o y sostenible de n\u00fcshu, ideal para flujo ligero y uso diario.\" \/>\n<meta property=\"og:url\" content=\"https:\/\/www.nushu.cat\/es\/producto\/salvaslip-algodon-ecologico-mini-xs\/\" \/>\n<meta property=\"og:site_name\" content=\"n\u00fcshu\" \/>\n<meta property=\"article:publisher\" content=\"https:\/\/www.facebook.com\/nushu.artesania\/\" \/>\n<meta property=\"article:modified_time\" content=\"2025-11-17T10:10:33+00:00\" \/>\n<meta property=\"og:image\" content=\"https:\/\/www.nushu.cat\/wp-content\/uploads\/2020\/05\/salvaslip-eco-mini-xs.webp\" \/>\n\t<meta property=\"og:image:width\" content=\"1964\" \/>\n\t<meta property=\"og:image:height\" content=\"1964\" \/>\n\t<meta property=\"og:image:type\" content=\"image\/webp\" \/>\n<meta name=\"twitter:card\" content=\"summary_large_image\" \/>\n<meta name=\"twitter:label1\" content=\"Tiempo de lectura\" \/>\n\t<meta name=\"twitter:data1\" content=\"3 minutos\" \/>\n<!-- \/ Yoast SEO plugin. -->","yoast_head_json":{"title":"Salvaslip de tela ecol\u00f3gico mini XS - n\u00fcshu","description":"Salvaslip de tela ecol\u00f3gico mini XS, hecho en Barcelona con algod\u00f3n org\u00e1nico certificado GOTS. El protegeslip ecol\u00f3gico m\u00e1s peque\u00f1o y sostenible de n\u00fcshu, ideal para flujo ligero y uso diario.","robots":{"index":"index","follow":"follow","max-snippet":"max-snippet:-1","max-image-preview":"max-image-preview:large","max-video-preview":"max-video-preview:-1"},"canonical":"https:\/\/www.nushu.cat\/es\/producto\/salvaslip-algodon-ecologico-mini-xs\/","og_locale":"es_ES","og_type":"article","og_title":"Salvaslip de tela ecol\u00f3gico mini XS - n\u00fcshu","og_description":"Salvaslip de tela ecol\u00f3gico mini XS, hecho en Barcelona con algod\u00f3n org\u00e1nico certificado GOTS. El protegeslip ecol\u00f3gico m\u00e1s peque\u00f1o y sostenible de n\u00fcshu, ideal para flujo ligero y uso diario.","og_url":"https:\/\/www.nushu.cat\/es\/producto\/salvaslip-algodon-ecologico-mini-xs\/","og_site_name":"n\u00fcshu","article_publisher":"https:\/\/www.facebook.com\/nushu.artesania\/","article_modified_time":"2025-11-17T10:10:33+00:00","og_image":[{"width":1964,"height":1964,"url":"https:\/\/www.nushu.cat\/wp-content\/uploads\/2020\/05\/salvaslip-eco-mini-xs.webp","type":"image\/webp"}],"twitter_card":"summary_large_image","twitter_misc":{"Tiempo de lectura":"3 minutos"},"schema":{"@context":"https:\/\/schema.org","@graph":[{"@type":"WebPage","@id":"https:\/\/www.nushu.cat\/es\/producto\/salvaslip-algodon-ecologico-mini-xs\/","url":"https:\/\/www.nushu.cat\/es\/producto\/salvaslip-algodon-ecologico-mini-xs\/","name":"Salvaslip de tela ecol\u00f3gico mini XS - n\u00fcshu","isPartOf":{"@id":"https:\/\/www.nushu.cat\/es\/#website"},"primaryImageOfPage":{"@id":"https:\/\/www.nushu.cat\/es\/producto\/salvaslip-algodon-ecologico-mini-xs\/#primaryimage"},"image":{"@id":"https:\/\/www.nushu.cat\/es\/producto\/salvaslip-algodon-ecologico-mini-xs\/#primaryimage"},"thumbnailUrl":"https:\/\/www.nushu.cat\/wp-content\/uploads\/2020\/05\/salvaslip-eco-mini-xs.webp","datePublished":"2020-05-28T06:55:50+00:00","dateModified":"2025-11-17T10:10:33+00:00","description":"Salvaslip de tela ecol\u00f3gico mini XS, hecho en Barcelona con algod\u00f3n org\u00e1nico certificado GOTS. El protegeslip ecol\u00f3gico m\u00e1s peque\u00f1o y sostenible de n\u00fcshu, ideal para flujo ligero y uso diario.","breadcrumb":{"@id":"https:\/\/www.nushu.cat\/es\/producto\/salvaslip-algodon-ecologico-mini-xs\/#breadcrumb"},"inLanguage":"es","potentialAction":[{"@type":"ReadAction","target":["https:\/\/www.nushu.cat\/es\/producto\/salvaslip-algodon-ecologico-mini-xs\/"]}]},{"@type":"ImageObject","inLanguage":"es","@id":"https:\/\/www.nushu.cat\/es\/producto\/salvaslip-algodon-ecologico-mini-xs\/#primaryimage","url":"https:\/\/www.nushu.cat\/wp-content\/uploads\/2020\/05\/salvaslip-eco-mini-xs.webp","contentUrl":"https:\/\/www.nushu.cat\/wp-content\/uploads\/2020\/05\/salvaslip-eco-mini-xs.webp","width":1964,"height":1964,"caption":"Salvaslip de tela ecol\u00f3gico mini XS n\u00fcshu"},{"@type":"BreadcrumbList","@id":"https:\/\/www.nushu.cat\/es\/producto\/salvaslip-algodon-ecologico-mini-xs\/#breadcrumb","itemListElement":[{"@type":"ListItem","position":1,"name":"Inici","item":"https:\/\/www.nushu.cat\/es\/compreses-de-tela\/"},{"@type":"ListItem","position":2,"name":"Tienda","item":"https:\/\/www.nushu.cat\/es\/tienda\/"},{"@type":"ListItem","position":3,"name":"Salvaslip de tela ecol\u00f3gico mini XS"}]},{"@type":"WebSite","@id":"https:\/\/www.nushu.cat\/es\/#website","url":"https:\/\/www.nushu.cat\/es\/","name":"n\u00fcshu","description":"natural &amp; sostenible","publisher":{"@id":"https:\/\/www.nushu.cat\/es\/#organization"},"potentialAction":[{"@type":"SearchAction","target":{"@type":"EntryPoint","urlTemplate":"https:\/\/www.nushu.cat\/es\/?s={search_term_string}"},"query-input":{"@type":"PropertyValueSpecification","valueRequired":true,"valueName":"search_term_string"}}],"inLanguage":"es"},{"@type":"Organization","@id":"https:\/\/www.nushu.cat\/es\/#organization","name":"n\u00fcshu","url":"https:\/\/www.nushu.cat\/es\/","logo":{"@type":"ImageObject","inLanguage":"es","@id":"https:\/\/www.nushu.cat\/es\/#\/schema\/logo\/image\/","url":"https:\/\/www.nushu.cat\/wp-content\/uploads\/2024\/02\/nushu-share-1-1.png","contentUrl":"https:\/\/www.nushu.cat\/wp-content\/uploads\/2024\/02\/nushu-share-1-1.png","width":1080,"height":1080,"caption":"n\u00fcshu"},"image":{"@id":"https:\/\/www.nushu.cat\/es\/#\/schema\/logo\/image\/"},"sameAs":["https:\/\/www.facebook.com\/nushu.artesania\/","https:\/\/www.instagram.com\/nushu_artesania"]}]}},"jetpack_sharing_enabled":true,"_links":{"self":[{"href":"https:\/\/www.nushu.cat\/es\/wp-json\/wp\/v2\/product\/5412","targetHints":{"allow":["GET"]}}],"collection":[{"href":"https:\/\/www.nushu.cat\/es\/wp-json\/wp\/v2\/product"}],"about":[{"href":"https:\/\/www.nushu.cat\/es\/wp-json\/wp\/v2\/types\/product"}],"version-history":[{"count":5,"href":"https:\/\/www.nushu.cat\/es\/wp-json\/wp\/v2\/product\/5412\/revisions"}],"predecessor-version":[{"id":267719,"href":"https:\/\/www.nushu.cat\/es\/wp-json\/wp\/v2\/product\/5412\/revisions\/267719"}],"wp:featuredmedia":[{"embeddable":true,"href":"https:\/\/www.nushu.cat\/es\/wp-json\/wp\/v2\/media\/267621"}],"wp:attachment":[{"href":"https:\/\/www.nushu.cat\/es\/wp-json\/wp\/v2\/media?parent=5412"}],"wp:term":[{"taxonomy":"product_brand","embeddable":true,"href":"https:\/\/www.nushu.cat\/es\/wp-json\/wp\/v2\/product_brand?post=5412"},{"taxonomy":"product_cat","embeddable":true,"href":"https:\/\/www.nushu.cat\/es\/wp-json\/wp\/v2\/product_cat?post=5412"},{"taxonomy":"product_tag","embeddable":true,"href":"https:\/\/www.nushu.cat\/es\/wp-json\/wp\/v2\/product_tag?post=5412"}],"curies":[{"name":"wp","href":"https:\/\/api.w.org\/{rel}","templated":true}]}}