{"id":5431,"date":"2020-05-28T07:09:19","date_gmt":"2020-05-28T07:09:19","guid":{"rendered":"https:\/\/www.nushu.cat\/?post_type=product&#038;p=5431"},"modified":"2026-04-09T16:21:36","modified_gmt":"2026-04-09T14:21:36","slug":"salvaslip-algodon-ecologico","status":"publish","type":"product","link":"https:\/\/www.nushu.cat\/es\/producto\/salvaslip-algodon-ecologico\/","title":{"rendered":"Salvaslip de tela ecol\u00f3gico talla S \u2013 cobertura est\u00e1ndar"},"content":{"rendered":"<p data-start=\"1133\" data-end=\"1345\"><strong data-start=\"1136\" data-end=\"1175\">El salvaslip de tela ecol\u00f3gico talla S <\/strong>de <strong data-start=\"1179\" data-end=\"1188\">n\u00fcshu<\/strong> est\u00e1 dise\u00f1ado para ofrecer <strong data-start=\"1219\" data-end=\"1254\">protecci\u00f3n ligera y sostenible<\/strong> con una <strong data-start=\"1263\" data-end=\"1286\">cobertura est\u00e1ndar<\/strong> que brinda m\u00e1s seguridad que los modelos m\u00e1s peque\u00f1os.<\/p>\n<p data-start=\"1347\" data-end=\"1461\">Su dise\u00f1o equilibrado se adapta bien a bragas normales, aportando esa sensaci\u00f3n de protecci\u00f3n sin sensaci\u00f3n de volumen excesivo.<\/p>\n<p data-start=\"1463\" data-end=\"1593\">Se coloca f\u00e1cilmente mediante <strong data-start=\"1499\" data-end=\"1532\">un bot\u00f3n de clic libre de n\u00edquel, <\/strong>que asegura una sujeci\u00f3n c\u00f3moda sin causar molestias.<\/p>\n<p data-start=\"1595\" data-end=\"1789\">Est\u00e1 confeccionado con algod\u00f3n org\u00e1nico cultivado sin pesticidas y te\u00f1ido con tintes ecol\u00f3gicos certificados, lo que lo convierte en una opci\u00f3n respetuosa con tu piel y con el medio ambiente.<\/p>\n<p data-start=\"1791\" data-end=\"1977\"><strong data-start=\"1795\" data-end=\"1839\">Son veganas y libres de maltrato animal<\/strong>. A pesar de su ligereza, ofrecen una <strong data-start=\"1883\" data-end=\"1918\">excelente capacidad de absorci\u00f3n<\/strong> y una sensaci\u00f3n agradable al contacto con la piel.<\/p>\n<h2 data-start=\"1984\" data-end=\"2032\">Materiales del salvaslip ecol\u00f3gico talla S<\/h2>\n<p data-start=\"2034\" data-end=\"2116\">Las compresas de tela ecol\u00f3gicas de <strong data-start=\"2071\" data-end=\"2080\">n\u00fcshu<\/strong> est\u00e1n formadas por diferentes capas:<\/p>\n<ul>\n<li data-start=\"2120\" data-end=\"2273\"><strong data-start=\"2120\" data-end=\"2156\">La capa en contacto con la vulva<\/strong> es de <strong data-start=\"2163\" data-end=\"2198\">franela de algod\u00f3n org\u00e1nico 100 %, <\/strong>un tejido muy suave y agradable que no provoca rozaduras ni irritaciones.<\/li>\n<li data-start=\"2276\" data-end=\"2407\">En el <strong data-start=\"2278\" data-end=\"2292\">interior<\/strong>, seg\u00fan la absorci\u00f3n, hay <strong data-start=\"2319\" data-end=\"2355\">capas de algod\u00f3n org\u00e1nico certificado <\/strong>que recogen el flujo de forma eficaz y uniforme.<\/li>\n<li data-start=\"2410\" data-end=\"2528\">Una <strong data-start=\"2414\" data-end=\"2458\">capa laminada impermeable i transpirable<\/strong> evita fuites i taques, reduint la proliferaci\u00f3 de fongs o bacteris.<\/li>\n<li data-start=\"2531\" data-end=\"2672\">Finalmente, l<strong data-start=\"2542\" data-end=\"2562\">a parte exterior,<\/strong> tambi\u00e9n de<strong data-start=\"2573\" data-end=\"2595\"> 100% algod\u00f3n org\u00e1nico<\/strong>, lleva un <strong data-start=\"2606\" data-end=\"2634\">tejido estampado ecol\u00f3gico<\/strong> que queda en contacto con la braga.<\/li>\n<\/ul>\n<p data-start=\"2674\" data-end=\"2795\">Recuerda que no debes utilizarlo por ambos lados. La parte que est\u00e1 en contacto con la vulva es la capa de franela. <\/p>\n<p data-start=\"2797\" data-end=\"2931\">Est\u00e1 confeccionado con<strong data-start=\"2819\" data-end=\"2863\"> tejidos certificados OEKO-TEX\u00ae 100 y GOTS<\/strong>, que garantizan que no contiene sustancias nocivas para la salud.<\/p>\n<h2 data-start=\"2938\" data-end=\"2990\">C\u00f3mo lavar tu salvaslip ecol\u00f3gico talla S<\/h2>\n<p data-start=\"2992\" data-end=\"3256\">Despu\u00e9s de cada uso, deja reposar el salvaslip en un<strong data-start=\"3045\" data-end=\"3074\"> barre\u00f1o con agua fr\u00eda <\/strong>durante unos minutos para que el flujo se desprenda poco a poco del tejido.<br data-start=\"3143\" data-end=\"3146\"> Puedes a\u00f1adir unas<strong data-start=\"3174\" data-end=\"3206\"> gotas de aceite esencial de \u00e1rbol del t\u00e9<\/strong> para evitar la proliferaci\u00f3n de bacterias y hongos.<\/p>\n<p data-start=\"3258\" data-end=\"3460\">Luego, <strong data-start=\"3267\" data-end=\"3299\"><a href=\"https:\/\/www.nushu.cat\/es\/producto\/jabon-sostenible\/\">l\u00e1valo a mano con jab\u00f3n neutro,<\/a><\/strong> quita el exceso de agua y s\u00e9calo al aire.<br data-start=\"3346\" data-end=\"3349\">Tambi\u00e9n puedes<strong data-start=\"3375\" data-end=\"3417\"> lavarlo en la lavadora con agua fr\u00eda (m\u00e1x. 30 \u00b0C),<\/strong> sin suavizante, secadora ni plancha.<\/p>\n<p data-start=\"3462\" data-end=\"3609\"><strong data-start=\"3468\" data-end=\"3489\">Para manchas rebeldes, <\/strong>utiliza m\u00e9todos naturales como el <strong data-start=\"3524\" data-end=\"3531\">sol<\/strong> o el <strong data-start=\"3537\" data-end=\"3552\"><a href=\"https:\/\/www.nushu.cat\/es\/producto\/precarbonato\/\">percarbonato<\/a><\/strong>, que limpian en profundidad sin da\u00f1ar el tejido.<\/p>\n<h2 data-start=\"3616\" data-end=\"3662\">Detalles del salvaslip ecol\u00f3gico talla S<\/h2>\n<ul>\n<li data-start=\"3666\" data-end=\"3698\"><strong data-start=\"3666\" data-end=\"3687\">Tipo de absorci\u00f3n:<\/strong> ligera<\/li>\n<li data-start=\"3701\" data-end=\"3727\"><strong data-start=\"3701\" data-end=\"3711\">Medidas:<\/strong> 17,5 \u00d7 5,5 cm<\/li>\n<li data-start=\"3730\" data-end=\"3766\"><strong data-start=\"3730\" data-end=\"3747\">Certificaci\u00f3n:<\/strong> OEKO-TEX\u00ae y GOTS<\/li>\n<li data-start=\"3769\" data-end=\"3822\"><strong data-start=\"3769\" data-end=\"3792\">Lugar de fabricaci\u00f3n:<\/strong> Hecho en Canet de Mar, Espa\u00f1a<\/li>\n<li data-start=\"3825\" data-end=\"3881\"><strong data-start=\"3825\" data-end=\"3836\">Modelos:<\/strong> disponible en diferentes estampados y colores<\/li>\n<\/ul>\n<p>&nbsp;<\/p>\n<h2 data-start=\"3912\" data-end=\"3967\">Otros modelos de salvaslips y compresas de tela<\/h2>\n<p data-start=\"3817\" data-end=\"3959\">Cada momento del ciclo menstrual es distinto, por eso en <strong data-start=\"3873\" data-end=\"3882\">n\u00fcshu<\/strong> encontrar\u00e1s diferentes modelos de compresas de tela adaptados a cada necesidad:<\/p>\n<ul>\n<li data-start=\"2772\" data-end=\"2958\"><strong data-start=\"2772\" data-end=\"2794\"><a href=\"https:\/\/www.nushu.cat\/es\/productes\/higiene-menstrual-sostenible\/compresas_de_tela\/salvaslip\/\">Salvaslip de tela:<\/a><\/strong> de absorci\u00f3n ligera, ideal para los primeros y \u00faltimos d\u00edas, uso diario o peque\u00f1as p\u00e9rdidas de orina. Disponible en versi\u00f3n <strong data-start=\"2910\" data-end=\"2938\"><a href=\"https:\/\/www.nushu.cat\/es\/producto\/salvaslip-algodon-tanga\/\">tangaslip (T)<\/a>, mini (XS)<\/strong> y <strong data-start=\"2941\" data-end=\"2956\"><a href=\"https:\/\/www.nushu.cat\/es\/producto\/salvaslip-tela-talla-s\/\">normal (S)<\/a>.<\/strong><\/li>\n<li data-start=\"2961\" data-end=\"3137\"><strong data-start=\"2961\" data-end=\"2982\"><a href=\"https:\/\/www.nushu.cat\/es\/productes\/higiene-menstrual-sostenible\/compresas_de_tela\/dia\/\">Compresas de dia:<\/a><\/strong> de absorci\u00f3n mediana o fuerte. Los modelos <strong data-start=\"3022\" data-end=\"3031\"><a href=\"https:\/\/www.nushu.cat\/es\/producto\/m\/\">M<\/a> y <a href=\"https:\/\/www.nushu.cat\/es\/producto\/l\/\">L<\/a> <\/strong>se adaptan a reglas poco abundantes o sangrados m\u00e1s intensos, y tambi\u00e9n a p\u00e9rdidas de orina moderadas o severas.<\/li>\n<li data-start=\"3140\" data-end=\"3301\"><strong data-start=\"3140\" data-end=\"3161\"><a href=\"https:\/\/www.nushu.cat\/es\/productes\/higiene-menstrual-sostenible\/compresas_de_tela\/noche\/\">Compresas de noche: <\/a><\/strong>con absorci\u00f3n muy fuerte y dise\u00f1o m\u00e1s largo por detr\u00e1s, perfectas para dormir con tranquilidad. Disponibles en tallas <a href=\"https:\/\/www.nushu.cat\/es\/producto\/xl\/\"> <strong data-start=\"3282\" data-end=\"3288\">XL<\/strong> y<\/a> <strong data-start=\"3291\" data-end=\"3299\"><a href=\"https:\/\/www.nushu.cat\/es\/producto\/xxl\/\">XXL<\/a>.<\/strong><\/li>\n<li data-start=\"3304\" data-end=\"3447\"><strong data-start=\"3304\" data-end=\"3331\"><a href=\"https:\/\/www.nushu.cat\/es\/productes\/higiene-menstrual-sostenible\/compresas_de_tela\/grandes\/\">Compresas grandes algod\u00f3n<\/a><\/strong> o <strong data-start=\"3334\" data-end=\"3364\"><a href=\"https:\/\/www.nushu.cat\/es\/productes\/higiene-menstrual-sostenible\/compresas_de_tela\/postparto\/\">compresas para el postparto:<\/a><\/strong> para sangrados muy abundantes, con m\u00e1xima capacidad de absorci\u00f3n y cobertura extra.<\/li>\n<\/ul>\n<p data-start=\"4644\" data-end=\"4801\">\u00a1Te invito a que te <strong data-start=\"4662\" data-end=\"4704\"><a href=\"https:\/\/www.nushu.cat\/wp-content\/uploads\/2020\/12\/nushu-diagrama_vat.pdf\">descargues este diagrama menstrual <\/a><\/strong>y empieces a ponerlo en pr\u00e1ctica! \u00a1Es una herramienta que si la sabes utilizar te ser\u00e1 muy valiosa!<\/p>\n","protected":false},"excerpt":{"rendered":"<ul>\n<li data-start=\"630\" data-end=\"724\"><strong data-start=\"630\" data-end=\"661\">Salvaslip de tela ecol\u00f3gico <\/strong>de absorci\u00f3n ligera, tama\u00f1o <strong data-start=\"688\" data-end=\"699\">talla S (<\/strong>cobertura est\u00e1ndar).<\/li>\n<li data-start=\"727\" data-end=\"833\"><strong data-start=\"733\" data-end=\"770\">Es el modelo ecol\u00f3gico est\u00e1ndar de n\u00fcshu,<\/strong> ideal para bragas normales y quienes buscan mayor comodidad.<\/li>\n<li data-start=\"836\" data-end=\"929\">Elaborado con <strong data-start=\"849\" data-end=\"881\">algod\u00f3n org\u00e1nico certificado GOTS<\/strong>, suave, transpirable y respetuoso con la piel.<\/li>\n<li data-start=\"932\" data-end=\"1070\">Perfecto para los primeros y \u00faltimos d\u00edas del ciclo, como complemento a la <strong data-start=\"912\" data-end=\"930\"><a href=\"https:\/\/www.nushu.cat\/es\/productes\/higiene-menstrual-sostenible\/copas-menstruales-y-esponjas\/\">copa menstrual<\/a><\/strong>, <strong data-start=\"932\" data-end=\"953\"><a href=\"https:\/\/www.nushu.cat\/es\/productes\/higiene-menstrual-sostenible\/copas-menstruales-y-esponjas\/esponjas-menstruales\/\">esponja menstrual<\/a><\/strong>, <a href=\"https:\/\/www.nushu.cat\/es\/producto\/disco-menstrual\/\"><strong data-start=\"955\" data-end=\"973\">disco menstrual <\/strong><\/a>o para uso diario si hay mucho flujo cervical.<\/li>\n<li data-start=\"1073\" data-end=\"1098\"><strong data-start=\"1073\" data-end=\"1083\">Medidas:<\/strong> 17 \u00d7 5,5 cm.<\/li>\n<\/ul>\n","protected":false},"featured_media":267651,"template":"","meta":{"_acf_changed":false},"product_brand":[],"product_cat":[224,207,830],"product_tag":[],"class_list":{"0":"post-5431","1":"product","2":"type-product","3":"status-publish","4":"has-post-thumbnail","6":"product_cat-compresas_de_tela","7":"product_cat-higiene-menstrual-sostenible","8":"product_cat-salvaslip","10":"first","11":"instock","12":"taxable","13":"shipping-taxable","14":"purchasable","15":"product-type-variable","16":"has-default-attributes"},"acf":[],"yoast_head":"<!-- This site is optimized with the Yoast SEO plugin v27.4 - https:\/\/yoast.com\/product\/yoast-seo-wordpress\/ -->\n<title>Salvaslip de tela ecol\u00f3gico talla S - cobertura est\u00e1ndar - n\u00fcshu<\/title>\n<meta name=\"description\" content=\"Salvaslip de tela ecol\u00f3gico talla S, hecho a mano en Barcelona con algod\u00f3n org\u00e1nico certificado. El modelo est\u00e1ndar de n\u00fcshu, ideal para bragas normales y flujo ligero con m\u00e1s cobertura.\" \/>\n<meta name=\"robots\" content=\"index, follow, max-snippet:-1, max-image-preview:large, max-video-preview:-1\" \/>\n<link rel=\"canonical\" href=\"https:\/\/www.nushu.cat\/es\/producto\/salvaslip-algodon-ecologico\/\" \/>\n<meta property=\"og:locale\" content=\"es_ES\" \/>\n<meta property=\"og:type\" content=\"article\" \/>\n<meta property=\"og:title\" content=\"Salvaslip de tela ecol\u00f3gico talla S - cobertura est\u00e1ndar - n\u00fcshu\" \/>\n<meta property=\"og:description\" content=\"Salvaslip de tela ecol\u00f3gico talla S, hecho a mano en Barcelona con algod\u00f3n org\u00e1nico certificado. El modelo est\u00e1ndar de n\u00fcshu, ideal para bragas normales y flujo ligero con m\u00e1s cobertura.\" \/>\n<meta property=\"og:url\" content=\"https:\/\/www.nushu.cat\/es\/producto\/salvaslip-algodon-ecologico\/\" \/>\n<meta property=\"og:site_name\" content=\"n\u00fcshu\" \/>\n<meta property=\"article:publisher\" content=\"https:\/\/www.facebook.com\/nushu.artesania\/\" \/>\n<meta property=\"article:modified_time\" content=\"2026-04-09T14:21:36+00:00\" \/>\n<meta property=\"og:image\" content=\"https:\/\/www.nushu.cat\/wp-content\/uploads\/2020\/05\/salvaslip-s-estandar-eco-floral.webp\" \/>\n\t<meta property=\"og:image:width\" content=\"649\" \/>\n\t<meta property=\"og:image:height\" content=\"649\" \/>\n\t<meta property=\"og:image:type\" content=\"image\/webp\" \/>\n<meta name=\"twitter:card\" content=\"summary_large_image\" \/>\n<meta name=\"twitter:label1\" content=\"Tiempo de lectura\" \/>\n\t<meta name=\"twitter:data1\" content=\"3 minutos\" \/>\n<!-- \/ Yoast SEO plugin. -->","yoast_head_json":{"title":"Salvaslip de tela ecol\u00f3gico talla S - cobertura est\u00e1ndar - n\u00fcshu","description":"Salvaslip de tela ecol\u00f3gico talla S, hecho a mano en Barcelona con algod\u00f3n org\u00e1nico certificado. El modelo est\u00e1ndar de n\u00fcshu, ideal para bragas normales y flujo ligero con m\u00e1s cobertura.","robots":{"index":"index","follow":"follow","max-snippet":"max-snippet:-1","max-image-preview":"max-image-preview:large","max-video-preview":"max-video-preview:-1"},"canonical":"https:\/\/www.nushu.cat\/es\/producto\/salvaslip-algodon-ecologico\/","og_locale":"es_ES","og_type":"article","og_title":"Salvaslip de tela ecol\u00f3gico talla S - cobertura est\u00e1ndar - n\u00fcshu","og_description":"Salvaslip de tela ecol\u00f3gico talla S, hecho a mano en Barcelona con algod\u00f3n org\u00e1nico certificado. El modelo est\u00e1ndar de n\u00fcshu, ideal para bragas normales y flujo ligero con m\u00e1s cobertura.","og_url":"https:\/\/www.nushu.cat\/es\/producto\/salvaslip-algodon-ecologico\/","og_site_name":"n\u00fcshu","article_publisher":"https:\/\/www.facebook.com\/nushu.artesania\/","article_modified_time":"2026-04-09T14:21:36+00:00","og_image":[{"width":649,"height":649,"url":"https:\/\/www.nushu.cat\/wp-content\/uploads\/2020\/05\/salvaslip-s-estandar-eco-floral.webp","type":"image\/webp"}],"twitter_card":"summary_large_image","twitter_misc":{"Tiempo de lectura":"3 minutos"},"schema":{"@context":"https:\/\/schema.org","@graph":[{"@type":"WebPage","@id":"https:\/\/www.nushu.cat\/es\/producto\/salvaslip-algodon-ecologico\/","url":"https:\/\/www.nushu.cat\/es\/producto\/salvaslip-algodon-ecologico\/","name":"Salvaslip de tela ecol\u00f3gico talla S - cobertura est\u00e1ndar - n\u00fcshu","isPartOf":{"@id":"https:\/\/www.nushu.cat\/es\/#website"},"primaryImageOfPage":{"@id":"https:\/\/www.nushu.cat\/es\/producto\/salvaslip-algodon-ecologico\/#primaryimage"},"image":{"@id":"https:\/\/www.nushu.cat\/es\/producto\/salvaslip-algodon-ecologico\/#primaryimage"},"thumbnailUrl":"https:\/\/www.nushu.cat\/wp-content\/uploads\/2020\/05\/salvaslip-s-estandar-eco-floral.webp","datePublished":"2020-05-28T07:09:19+00:00","dateModified":"2026-04-09T14:21:36+00:00","description":"Salvaslip de tela ecol\u00f3gico talla S, hecho a mano en Barcelona con algod\u00f3n org\u00e1nico certificado. El modelo est\u00e1ndar de n\u00fcshu, ideal para bragas normales y flujo ligero con m\u00e1s cobertura.","breadcrumb":{"@id":"https:\/\/www.nushu.cat\/es\/producto\/salvaslip-algodon-ecologico\/#breadcrumb"},"inLanguage":"es","potentialAction":[{"@type":"ReadAction","target":["https:\/\/www.nushu.cat\/es\/producto\/salvaslip-algodon-ecologico\/"]}]},{"@type":"ImageObject","inLanguage":"es","@id":"https:\/\/www.nushu.cat\/es\/producto\/salvaslip-algodon-ecologico\/#primaryimage","url":"https:\/\/www.nushu.cat\/wp-content\/uploads\/2020\/05\/salvaslip-s-estandar-eco-floral.webp","contentUrl":"https:\/\/www.nushu.cat\/wp-content\/uploads\/2020\/05\/salvaslip-s-estandar-eco-floral.webp","width":649,"height":649,"caption":"Salvaslip de tela ecol\u00f3gico talla S \u2013 cobertura est\u00e1ndar floral n\u00fcshu"},{"@type":"BreadcrumbList","@id":"https:\/\/www.nushu.cat\/es\/producto\/salvaslip-algodon-ecologico\/#breadcrumb","itemListElement":[{"@type":"ListItem","position":1,"name":"Inici","item":"https:\/\/www.nushu.cat\/es\/compreses-de-tela\/"},{"@type":"ListItem","position":2,"name":"Tienda","item":"https:\/\/www.nushu.cat\/es\/tienda\/"},{"@type":"ListItem","position":3,"name":"Salvaslip de tela ecol\u00f3gico talla S \u2013 cobertura est\u00e1ndar"}]},{"@type":"WebSite","@id":"https:\/\/www.nushu.cat\/es\/#website","url":"https:\/\/www.nushu.cat\/es\/","name":"n\u00fcshu","description":"natural &amp; sostenible","publisher":{"@id":"https:\/\/www.nushu.cat\/es\/#organization"},"potentialAction":[{"@type":"SearchAction","target":{"@type":"EntryPoint","urlTemplate":"https:\/\/www.nushu.cat\/es\/?s={search_term_string}"},"query-input":{"@type":"PropertyValueSpecification","valueRequired":true,"valueName":"search_term_string"}}],"inLanguage":"es"},{"@type":"Organization","@id":"https:\/\/www.nushu.cat\/es\/#organization","name":"n\u00fcshu","url":"https:\/\/www.nushu.cat\/es\/","logo":{"@type":"ImageObject","inLanguage":"es","@id":"https:\/\/www.nushu.cat\/es\/#\/schema\/logo\/image\/","url":"https:\/\/www.nushu.cat\/wp-content\/uploads\/2024\/02\/nushu-share-1-1.png","contentUrl":"https:\/\/www.nushu.cat\/wp-content\/uploads\/2024\/02\/nushu-share-1-1.png","width":1080,"height":1080,"caption":"n\u00fcshu"},"image":{"@id":"https:\/\/www.nushu.cat\/es\/#\/schema\/logo\/image\/"},"sameAs":["https:\/\/www.facebook.com\/nushu.artesania\/","https:\/\/www.instagram.com\/nushu_artesania"]}]}},"jetpack_sharing_enabled":true,"_links":{"self":[{"href":"https:\/\/www.nushu.cat\/es\/wp-json\/wp\/v2\/product\/5431","targetHints":{"allow":["GET"]}}],"collection":[{"href":"https:\/\/www.nushu.cat\/es\/wp-json\/wp\/v2\/product"}],"about":[{"href":"https:\/\/www.nushu.cat\/es\/wp-json\/wp\/v2\/types\/product"}],"version-history":[{"count":7,"href":"https:\/\/www.nushu.cat\/es\/wp-json\/wp\/v2\/product\/5431\/revisions"}],"predecessor-version":[{"id":267720,"href":"https:\/\/www.nushu.cat\/es\/wp-json\/wp\/v2\/product\/5431\/revisions\/267720"}],"wp:featuredmedia":[{"embeddable":true,"href":"https:\/\/www.nushu.cat\/es\/wp-json\/wp\/v2\/media\/267651"}],"wp:attachment":[{"href":"https:\/\/www.nushu.cat\/es\/wp-json\/wp\/v2\/media?parent=5431"}],"wp:term":[{"taxonomy":"product_brand","embeddable":true,"href":"https:\/\/www.nushu.cat\/es\/wp-json\/wp\/v2\/product_brand?post=5431"},{"taxonomy":"product_cat","embeddable":true,"href":"https:\/\/www.nushu.cat\/es\/wp-json\/wp\/v2\/product_cat?post=5431"},{"taxonomy":"product_tag","embeddable":true,"href":"https:\/\/www.nushu.cat\/es\/wp-json\/wp\/v2\/product_tag?post=5431"}],"curies":[{"name":"wp","href":"https:\/\/api.w.org\/{rel}","templated":true}]}}