{"id":5492,"date":"2020-05-28T07:49:32","date_gmt":"2020-05-28T07:49:32","guid":{"rendered":"https:\/\/www.nushu.cat\/?post_type=product&#038;p=5492"},"modified":"2026-03-28T11:43:47","modified_gmt":"2026-03-28T10:43:47","slug":"compresa-noche-ecologica-xl","status":"publish","type":"product","link":"https:\/\/www.nushu.cat\/es\/producto\/compresa-noche-ecologica-xl\/","title":{"rendered":"Compresa de noche ecol\u00f3gica XL"},"content":{"rendered":"<p data-start=\"789\" data-end=\"1097\">La compresa de noche ecol\u00f3gica XL de <strong data-start=\"824\" data-end=\"833\">n\u00fcshu<\/strong> est\u00e1 dise\u00f1ada para ofrecer <strong data-start=\"861\" data-end=\"896\">protecci\u00f3n intensa durante la noche<\/strong>, respetando al m\u00e1ximo tu piel y el planeta.<br data-start=\"944\" data-end=\"947\" \/>Su tama\u00f1o <strong data-start=\"955\" data-end=\"985\">alargado por detr\u00e1s <\/strong>aporta una cobertura a\u00f1adida al dormir o estar en posici\u00f3n horizontal, asegurando confort y seguridad.<\/p>\n<p data-start=\"1099\" data-end=\"1223\">Fabricada con<strong data-start=\"1113\" data-end=\"1145\"> algod\u00f3n org\u00e1nico certificado GOTS<\/strong>, es una opci\u00f3n ideal si buscas una menstruaci\u00f3n libre de qu\u00edmicos y residuos.<\/p>\n<p data-start=\"1225\" data-end=\"1363\">Se ajusta f\u00e1cilmente a la braga <strong data-start=\"1271\" data-end=\"1314\">mediante un bot\u00f3n met\u00e1lico de clic<\/strong> libre de n\u00edquel, garantizando su sujeci\u00f3n sin molestias.<\/p>\n<p data-start=\"1365\" data-end=\"1542\">Las compresas de tela <strong data-start=\"1459\" data-end=\"1496\">n\u00fcshu<\/strong> est\u00e1n fabricadas en Espa\u00f1a, en Canet de Mar. Una a una han sido <strong data-start=\"1387\" data-end=\"1396\">confeccionadas de forma artesanal <\/strong>con <strong data-start=\"1501\" data-end=\"1539\">materiales de calidad y de proximidad.<\/strong><\/p>\n<p data-start=\"1544\" data-end=\"1661\">Son <strong data-start=\"1548\" data-end=\"1592\">veganos y libres de maltrato animal<\/strong> Te sorprender\u00e1 su capacidad de absorci\u00f3n a pesar de lo finas que son.<\/p>\n<h2 data-start=\"1668\" data-end=\"1715\">Materiales de la compresa ecol\u00f3gica XL<\/h2>\n<p data-start=\"1717\" data-end=\"1812\">Las compresas de tela de <strong data-start=\"1742\" data-end=\"1751\">n\u00fcshu<\/strong> est\u00e1n formadas por diferentes capas cuidadosamente seleccionadas:<\/p>\n<ul>\n<li data-start=\"1816\" data-end=\"1929\"><strong data-start=\"1816\" data-end=\"1861\">Capa interior (en contacto con la vulva): <\/strong>franela de algod\u00f3n 100 %, muy suave, que evita irritaciones y roces.<\/li>\n<li data-start=\"1932\" data-end=\"2061\"><strong data-start=\"1932\" data-end=\"1954\">Capas intermedias:<\/strong> varias capas de algod\u00f3n 100 % que absorben el flujo menstrual o las p\u00e9rdidas del postparto de manera eficaz y uniforme.<\/li>\n<li data-start=\"2064\" data-end=\"2225\"><strong data-start=\"2064\" data-end=\"2094\">Capa impermeable laminada:<\/strong> una membrana innovadora que <strong data-start=\"2123\" data-end=\"2139\">evita fuites<\/strong> i, alhora, permet la <strong data-start=\"2161\" data-end=\"2177\">transpiraci\u00f3<\/strong>, reduint la proliferaci\u00f3 de fongs o bacteris.<\/li>\n<li data-start=\"2228\" data-end=\"2384\"><strong data-start=\"2228\" data-end=\"2246\">Capa exterior: <\/strong>tejido de algod\u00f3n estampado, alegre y colorido, que queda en contacto con la braga y aporta un toque de personalidad a tu menstruaci\u00f3n.<\/li>\n<\/ul>\n<p data-start=\"2386\" data-end=\"2515\">Todos los tejidos cuentan con <strong data-start=\"2415\" data-end=\"2452\">certificaci\u00f3n GOTS y OEKO-TEX\u00ae 100,<\/strong> asegurando procesos ecol\u00f3gicos y sin sustancias nocivas.<\/p>\n<p data-start=\"2517\" data-end=\"2645\">Recuerda que <strong data-start=\"2529\" data-end=\"2571\">no puede usarse por ambos lados<\/strong>: la cara lisa y suave de franela es la que se coloca sobre la piel.<\/p>\n<h2 data-start=\"2652\" data-end=\"2709\">C\u00f3mo lavar las compresas de tela reutilizables<\/h2>\n<p data-start=\"2711\" data-end=\"2960\">Durante tu regla, puedes dejar un barre\u00f1o con<strong data-start=\"2755\" data-end=\"2770\"> agua fr\u00eda <\/strong>para dejar reposar la compresa tras su uso y facilitar que la sangre se desprenda.<br data-start=\"2856\" data-end=\"2859\" \/>Puedes a\u00f1adir unas gotas de<strong data-start=\"2884\" data-end=\"2916\"> aceite esencial de \u00e1rbol del t\u00e9,<\/strong> te ayudar\u00e1 a evitar bacterias y hongos.<\/p>\n<p data-start=\"2962\" data-end=\"2972\">Despu\u00e9s:<\/p>\n<ol>\n<li data-start=\"2976\" data-end=\"3039\">Lava a mano con <a href=\"https:\/\/www.nushu.cat\/es\/producto\/jabon-sostenible\/\"><strong data-start=\"2991\" data-end=\"3006\">jab\u00f3n neutro<\/strong><\/a> o en lavadora (m\u00e1x. 30 \u00b0C).<\/li>\n<li data-start=\"3043\" data-end=\"3083\">No uses secadora ni plancha.<\/li>\n<li data-start=\"3087\" data-end=\"3137\"><strong data-start=\"3087\" data-end=\"3099\">Ti\u00e9ndela<\/strong> al aire y evita guardarla h\u00fameda.<\/li>\n<li data-start=\"3141\" data-end=\"3214\">Para manchas dif\u00edciles, puedes recurrir al sol o al <strong data-start=\"3190\" data-end=\"3211\"><a href=\"https:\/\/www.nushu.cat\/es\/producto\/precarbonato\/\">percarbonato s\u00f3dico.<\/a><\/strong><\/li>\n<\/ol>\n<p data-start=\"3216\" data-end=\"3355\">Con estos cuidados, tus compresas de tela pueden acompa\u00f1arte <strong data-start=\"3284\" data-end=\"3301\">m\u00e1s de 3 a\u00f1os,<\/strong> manteniendo su capacidad de absorci\u00f3n y suavidad.<\/p>\n<h2 data-start=\"3362\" data-end=\"3407\">Detalles de la compresa ecol\u00f3gica XL<\/h2>\n<ul>\n<li data-start=\"3411\" data-end=\"3458\"><strong data-start=\"3411\" data-end=\"3432\">Tipo de absorci\u00f3n: <\/strong> muy fuerte (uso nocturno)<\/li>\n<li data-start=\"3461\" data-end=\"3483\"><strong data-start=\"3461\" data-end=\"3471\">Medidas:<\/strong> 25 \u00d7 7 cm<\/li>\n<li data-start=\"3486\" data-end=\"3524\"><strong data-start=\"3486\" data-end=\"3501\">Certificado:<\/strong> GOTS + OEKO-TEX\u00ae 100<\/li>\n<li data-start=\"3527\" data-end=\"3580\"><strong data-start=\"3527\" data-end=\"3550\">Lugar de fabricaci\u00f3n:<\/strong> Hecho en Canet de Mar, Espa\u00f1a<\/li>\n<li data-start=\"3583\" data-end=\"3639\"><strong data-start=\"3583\" data-end=\"3594\">Modelos:<\/strong> disponible en diferentes estampados y colores<\/li>\n<\/ul>\n<p>&nbsp;<\/p>\n<h2>Otros modelos de compresas de tela<\/h2>\n<p data-start=\"3370\" data-end=\"3515\">Cada momento del ciclo menstrual es distinto, por eso en <strong data-start=\"3426\" data-end=\"3435\">n\u00fcshu<\/strong> encontrar\u00e1s diferentes modelos de compresas de tela adaptados a cada necesidad:<\/p>\n<ul>\n<li data-start=\"3519\" data-end=\"3637\"><strong data-start=\"3519\" data-end=\"3541\"><a href=\"https:\/\/www.nushu.cat\/es\/productes\/higiene-menstrual-sostenible\/compresas_de_tela\/salvaslip\/\">Salvaslip de tela:<\/a><\/strong> de absorci\u00f3n ligera, ideal para los primeros y \u00faltimos d\u00edas, uso diario o peque\u00f1as p\u00e9rdidas de orina.<\/li>\n<li data-start=\"3640\" data-end=\"3820\"><strong data-start=\"3640\" data-end=\"3661\"><a href=\"https:\/\/www.nushu.cat\/es\/productes\/higiene-menstrual-sostenible\/compresas_de_tela\/dia\/\">Compresas de dia:<\/a><\/strong> de absorci\u00f3n mediana o fuerte. Los modelos<strong data-start=\"3701\" data-end=\"3706\"><a href=\"https:\/\/www.nushu.cat\/es\/producto\/m\/\"> M<\/a><\/strong> y <strong data-start=\"3709\" data-end=\"3714\"><a href=\"https:\/\/www.nushu.cat\/es\/producto\/l\/\">L <\/a><\/strong>se adaptan a reglas poco abundantes o sangrados m\u00e1s intensos, y tambi\u00e9n a p\u00e9rdidas de orina moderadas o severas.<\/li>\n<li data-start=\"3823\" data-end=\"3984\"><a href=\"https:\/\/www.nushu.cat\/es\/productes\/higiene-menstrual-sostenible\/compresas_de_tela\/noche\/\"><strong data-start=\"3823\" data-end=\"3844\">Compresas de noche: <\/strong><\/a>con absorci\u00f3n muy fuerte y dise\u00f1o m\u00e1s largo por detr\u00e1s, perfectas para dormir con tranquilidad. Disponibles en tallas <a href=\"https:\/\/www.nushu.cat\/es\/producto\/xl\/\"> <strong data-start=\"3965\" data-end=\"3971\">XL<\/strong> y<\/a> <a href=\"https:\/\/www.nushu.cat\/es\/producto\/xxl\/\"><strong data-start=\"3974\" data-end=\"3981\">XXL<\/strong> <\/a>.<\/li>\n<li data-start=\"3987\" data-end=\"4130\"><strong data-start=\"3987\" data-end=\"4014\"><a href=\"https:\/\/www.nushu.cat\/es\/productes\/higiene-menstrual-sostenible\/compresas_de_tela\/grandes\/\">Compresas grandes algod\u00f3n<\/a><\/strong> o <strong data-start=\"4017\" data-end=\"4047\"><a href=\"https:\/\/www.nushu.cat\/es\/productes\/higiene-menstrual-sostenible\/compresas_de_tela\/postparto\/\">compresas para el postparto:<\/a><\/strong> para sangrados muy abundantes, con m\u00e1xima capacidad de absorci\u00f3n y cobertura extra.<\/li>\n<\/ul>\n<p data-start=\"4132\" data-end=\"4287\">\u00a1Te invito a que te <strong data-start=\"4147\" data-end=\"4192\"><a href=\"https:\/\/www.nushu.cat\/wp-content\/uploads\/2024\/02\/nushu-diagrama_vat-1.pdf\">descargues este diagrama menstrual<\/a><\/strong> y empieces a ponerlo en pr\u00e1ctica! \u00a1Es una herramienta que si la sabes utilizar te ser\u00e1 muy valiosa!<\/p>\n","protected":false},"excerpt":{"rendered":"<ul>\n<li data-start=\"523\" data-end=\"589\">Compresa de tela reutilizable de noche <strong data-start=\"564\" data-end=\"586\">algod\u00f3n 100% ecol\u00f3gico.<\/strong><\/li>\n<li data-start=\"592\" data-end=\"679\"><strong data-start=\"592\" data-end=\"615\">Absorci\u00f3n muy fuerte, <\/strong>ideal para las noches o para estar en<strong data-start=\"653\" data-end=\"676\"> posici\u00f3n horizontal.<\/strong><\/li>\n<li data-start=\"682\" data-end=\"720\">Compresa <strong data-start=\"691\" data-end=\"717\">m\u00e1s larga por detr\u00e1s.<\/strong><\/li>\n<li data-start=\"723\" data-end=\"752\"><strong data-start=\"723\" data-end=\"733\">Medidas:<\/strong> 25 \u00d7 7 cm aprox.<\/li>\n<\/ul>\n","protected":false},"featured_media":268161,"template":"","meta":{"_acf_changed":false},"product_brand":[],"product_cat":[843,224,840,207],"product_tag":[],"class_list":{"0":"post-5492","1":"product","2":"type-product","3":"status-publish","4":"has-post-thumbnail","6":"product_cat-noche","7":"product_cat-compresas_de_tela","8":"product_cat-grandes","9":"product_cat-higiene-menstrual-sostenible","11":"first","12":"instock","13":"taxable","14":"shipping-taxable","15":"purchasable","16":"product-type-variable","17":"has-default-attributes"},"acf":[],"yoast_head":"<!-- This site is optimized with the Yoast SEO plugin v27.2 - https:\/\/yoast.com\/product\/yoast-seo-wordpress\/ -->\n<title>Compresa de noche ecol\u00f3gica XL - n\u00fcshu<\/title>\n<meta name=\"description\" content=\"Compresa reutilizable de tela ecol\u00f3gica para la noche, hecha en Espa\u00f1a con algod\u00f3n org\u00e1nico certificado GOTS y OEKO-TEX\u00ae. Protecci\u00f3n natural y sostenible con n\u00fcshu.\" \/>\n<meta name=\"robots\" content=\"index, follow, max-snippet:-1, max-image-preview:large, max-video-preview:-1\" \/>\n<link rel=\"canonical\" href=\"https:\/\/www.nushu.cat\/es\/producto\/compresa-noche-ecologica-xl\/\" \/>\n<meta property=\"og:locale\" content=\"es_ES\" \/>\n<meta property=\"og:type\" content=\"article\" \/>\n<meta property=\"og:title\" content=\"Compresa de noche ecol\u00f3gica XL - n\u00fcshu\" \/>\n<meta property=\"og:description\" content=\"Compresa reutilizable de tela ecol\u00f3gica para la noche, hecha en Espa\u00f1a con algod\u00f3n org\u00e1nico certificado GOTS y OEKO-TEX\u00ae. Protecci\u00f3n natural y sostenible con n\u00fcshu.\" \/>\n<meta property=\"og:url\" content=\"https:\/\/www.nushu.cat\/es\/producto\/compresa-noche-ecologica-xl\/\" \/>\n<meta property=\"og:site_name\" content=\"n\u00fcshu\" \/>\n<meta property=\"article:publisher\" content=\"https:\/\/www.facebook.com\/nushu.artesania\/\" \/>\n<meta property=\"article:modified_time\" content=\"2026-03-28T10:43:47+00:00\" \/>\n<meta property=\"og:image\" content=\"https:\/\/www.nushu.cat\/wp-content\/uploads\/2020\/05\/compresa-noche-ecologica-xl-floral.webp\" \/>\n\t<meta property=\"og:image:width\" content=\"895\" \/>\n\t<meta property=\"og:image:height\" content=\"895\" \/>\n\t<meta property=\"og:image:type\" content=\"image\/webp\" \/>\n<meta name=\"twitter:card\" content=\"summary_large_image\" \/>\n<meta name=\"twitter:label1\" content=\"Tiempo de lectura\" \/>\n\t<meta name=\"twitter:data1\" content=\"3 minutos\" \/>\n<!-- \/ Yoast SEO plugin. -->","yoast_head_json":{"title":"Compresa de noche ecol\u00f3gica XL - n\u00fcshu","description":"Compresa reutilizable de tela ecol\u00f3gica para la noche, hecha en Espa\u00f1a con algod\u00f3n org\u00e1nico certificado GOTS y OEKO-TEX\u00ae. Protecci\u00f3n natural y sostenible con n\u00fcshu.","robots":{"index":"index","follow":"follow","max-snippet":"max-snippet:-1","max-image-preview":"max-image-preview:large","max-video-preview":"max-video-preview:-1"},"canonical":"https:\/\/www.nushu.cat\/es\/producto\/compresa-noche-ecologica-xl\/","og_locale":"es_ES","og_type":"article","og_title":"Compresa de noche ecol\u00f3gica XL - n\u00fcshu","og_description":"Compresa reutilizable de tela ecol\u00f3gica para la noche, hecha en Espa\u00f1a con algod\u00f3n org\u00e1nico certificado GOTS y OEKO-TEX\u00ae. Protecci\u00f3n natural y sostenible con n\u00fcshu.","og_url":"https:\/\/www.nushu.cat\/es\/producto\/compresa-noche-ecologica-xl\/","og_site_name":"n\u00fcshu","article_publisher":"https:\/\/www.facebook.com\/nushu.artesania\/","article_modified_time":"2026-03-28T10:43:47+00:00","og_image":[{"width":895,"height":895,"url":"https:\/\/www.nushu.cat\/wp-content\/uploads\/2020\/05\/compresa-noche-ecologica-xl-floral.webp","type":"image\/webp"}],"twitter_card":"summary_large_image","twitter_misc":{"Tiempo de lectura":"3 minutos"},"schema":{"@context":"https:\/\/schema.org","@graph":[{"@type":"WebPage","@id":"https:\/\/www.nushu.cat\/es\/producto\/compresa-noche-ecologica-xl\/","url":"https:\/\/www.nushu.cat\/es\/producto\/compresa-noche-ecologica-xl\/","name":"Compresa de noche ecol\u00f3gica XL - n\u00fcshu","isPartOf":{"@id":"https:\/\/www.nushu.cat\/es\/#website"},"primaryImageOfPage":{"@id":"https:\/\/www.nushu.cat\/es\/producto\/compresa-noche-ecologica-xl\/#primaryimage"},"image":{"@id":"https:\/\/www.nushu.cat\/es\/producto\/compresa-noche-ecologica-xl\/#primaryimage"},"thumbnailUrl":"https:\/\/www.nushu.cat\/wp-content\/uploads\/2020\/05\/compresa-noche-ecologica-xl-floral.webp","datePublished":"2020-05-28T07:49:32+00:00","dateModified":"2026-03-28T10:43:47+00:00","description":"Compresa reutilizable de tela ecol\u00f3gica para la noche, hecha en Espa\u00f1a con algod\u00f3n org\u00e1nico certificado GOTS y OEKO-TEX\u00ae. Protecci\u00f3n natural y sostenible con n\u00fcshu.","breadcrumb":{"@id":"https:\/\/www.nushu.cat\/es\/producto\/compresa-noche-ecologica-xl\/#breadcrumb"},"inLanguage":"es","potentialAction":[{"@type":"ReadAction","target":["https:\/\/www.nushu.cat\/es\/producto\/compresa-noche-ecologica-xl\/"]}]},{"@type":"ImageObject","inLanguage":"es","@id":"https:\/\/www.nushu.cat\/es\/producto\/compresa-noche-ecologica-xl\/#primaryimage","url":"https:\/\/www.nushu.cat\/wp-content\/uploads\/2020\/05\/compresa-noche-ecologica-xl-floral.webp","contentUrl":"https:\/\/www.nushu.cat\/wp-content\/uploads\/2020\/05\/compresa-noche-ecologica-xl-floral.webp","width":895,"height":895,"caption":"Compresa de noche ecol\u00f3gica de algod\u00f3n talla XL \u2013 dise\u00f1o floral pink n\u00fcshu"},{"@type":"BreadcrumbList","@id":"https:\/\/www.nushu.cat\/es\/producto\/compresa-noche-ecologica-xl\/#breadcrumb","itemListElement":[{"@type":"ListItem","position":1,"name":"Inici","item":"https:\/\/www.nushu.cat\/es\/"},{"@type":"ListItem","position":2,"name":"Tienda","item":"https:\/\/www.nushu.cat\/es\/tienda\/"},{"@type":"ListItem","position":3,"name":"Compresa de noche ecol\u00f3gica XL"}]},{"@type":"WebSite","@id":"https:\/\/www.nushu.cat\/es\/#website","url":"https:\/\/www.nushu.cat\/es\/","name":"n\u00fcshu","description":"natural &amp; sostenible","publisher":{"@id":"https:\/\/www.nushu.cat\/es\/#organization"},"potentialAction":[{"@type":"SearchAction","target":{"@type":"EntryPoint","urlTemplate":"https:\/\/www.nushu.cat\/es\/?s={search_term_string}"},"query-input":{"@type":"PropertyValueSpecification","valueRequired":true,"valueName":"search_term_string"}}],"inLanguage":"es"},{"@type":"Organization","@id":"https:\/\/www.nushu.cat\/es\/#organization","name":"n\u00fcshu","url":"https:\/\/www.nushu.cat\/es\/","logo":{"@type":"ImageObject","inLanguage":"es","@id":"https:\/\/www.nushu.cat\/es\/#\/schema\/logo\/image\/","url":"https:\/\/www.nushu.cat\/wp-content\/uploads\/2024\/02\/nushu-share-1-1.png","contentUrl":"https:\/\/www.nushu.cat\/wp-content\/uploads\/2024\/02\/nushu-share-1-1.png","width":1080,"height":1080,"caption":"n\u00fcshu"},"image":{"@id":"https:\/\/www.nushu.cat\/es\/#\/schema\/logo\/image\/"},"sameAs":["https:\/\/www.facebook.com\/nushu.artesania\/","https:\/\/www.instagram.com\/nushu_artesania"]}]}},"jetpack_sharing_enabled":true,"_links":{"self":[{"href":"https:\/\/www.nushu.cat\/es\/wp-json\/wp\/v2\/product\/5492","targetHints":{"allow":["GET"]}}],"collection":[{"href":"https:\/\/www.nushu.cat\/es\/wp-json\/wp\/v2\/product"}],"about":[{"href":"https:\/\/www.nushu.cat\/es\/wp-json\/wp\/v2\/types\/product"}],"version-history":[{"count":5,"href":"https:\/\/www.nushu.cat\/es\/wp-json\/wp\/v2\/product\/5492\/revisions"}],"predecessor-version":[{"id":268176,"href":"https:\/\/www.nushu.cat\/es\/wp-json\/wp\/v2\/product\/5492\/revisions\/268176"}],"wp:featuredmedia":[{"embeddable":true,"href":"https:\/\/www.nushu.cat\/es\/wp-json\/wp\/v2\/media\/268161"}],"wp:attachment":[{"href":"https:\/\/www.nushu.cat\/es\/wp-json\/wp\/v2\/media?parent=5492"}],"wp:term":[{"taxonomy":"product_brand","embeddable":true,"href":"https:\/\/www.nushu.cat\/es\/wp-json\/wp\/v2\/product_brand?post=5492"},{"taxonomy":"product_cat","embeddable":true,"href":"https:\/\/www.nushu.cat\/es\/wp-json\/wp\/v2\/product_cat?post=5492"},{"taxonomy":"product_tag","embeddable":true,"href":"https:\/\/www.nushu.cat\/es\/wp-json\/wp\/v2\/product_tag?post=5492"}],"curies":[{"name":"wp","href":"https:\/\/api.w.org\/{rel}","templated":true}]}}