{"id":5526,"date":"2020-05-28T08:02:38","date_gmt":"2020-05-28T08:02:38","guid":{"rendered":"https:\/\/www.nushu.cat\/?post_type=product&#038;p=5526"},"modified":"2026-04-11T21:58:49","modified_gmt":"2026-04-11T19:58:49","slug":"compresa-noche-super-ecologica-xxl","status":"publish","type":"product","link":"https:\/\/www.nushu.cat\/es\/producto\/compresa-noche-super-ecologica-xxl\/","title":{"rendered":"Compresa de noche s\u00faper ecol\u00f3gica XXL"},"content":{"rendered":"<p data-start=\"900\" data-end=\"1191\"><strong data-start=\"903\" data-end=\"942\">La compresa de noche s\u00faper ecol\u00f3gica XXL<\/strong> de <strong data-start=\"946\" data-end=\"955\">n\u00fcshu<\/strong> combina <strong data-start=\"964\" data-end=\"1000\">m\u00e1xima absorci\u00f3n y sostenibilidad<\/strong> en un dise\u00f1o ideal para dormir con total tranquilidad.<br data-start=\"1057\" data-end=\"1060\" \/>Su forma alargada y ensanchada por detr\u00e1s garantiza<strong data-start=\"1119\" data-end=\"1152\"> protecci\u00f3n total durante las noches <\/strong>o en los d\u00edas de sangrado muy abundante.<\/p>\n<p data-start=\"1193\" data-end=\"1337\">Se ajusta f\u00e1cilmente a la braga mediante un<strong data-start=\"1237\" data-end=\"1280\"> bot\u00f3n met\u00e1lico de clic libre de n\u00edquel<\/strong>, que asegura una buena sujeci\u00f3n sin causar molestias.<\/p>\n<p data-start=\"1339\" data-end=\"1542\">Las compresas de tela <strong data-start=\"1361\" data-end=\"1370\">n\u00fcshu<\/strong> est\u00e1n fabricadas en Espa\u00f1a. En un pueblo de la costa: Canet de Mar. Una a una han sido<strong data-start=\"1458\" data-end=\"1495\"> confeccionadas de forma artesanal <\/strong>con<strong data-start=\"1500\" data-end=\"1541\"> materiales de calidad y de proximidad.<\/strong><\/p>\n<p data-start=\"1544\" data-end=\"1843\">Los tejidos de la compresa de tela llevan <strong data-start=\"1586\" data-end=\"1605\">certificado GOTS<\/strong> que garantiza que todos los procesos de producci\u00f3n son <strong data-start=\"1661\" data-end=\"1685\">ecol\u00f3gicos y org\u00e1nicos<\/strong>, haciendo de compresas de tela una alternativa perfecta para vivir tu menstruaci\u00f3n de manera saludable, segura y sostenible cuidando de tu piel y del planeta.<\/p>\n<p data-start=\"1845\" data-end=\"1961\"><strong data-start=\"1845\" data-end=\"1895\">Son veganas y libres de maltrato animal.<\/strong> Te sorprender\u00e1 su capacidad de absorci\u00f3n a pesar de lo finas que son.<\/p>\n<h2 data-start=\"1968\" data-end=\"2022\">Materiales de la compresa de tela ecol\u00f3gica XXL<\/h2>\n<p data-start=\"2024\" data-end=\"2120\">Las compresas de tela de <strong data-start=\"2049\" data-end=\"2058\">n\u00fcshu<\/strong> est\u00e1n formadas por diferentes capas cuidadosamente seleccionadas:<\/p>\n<ul>\n<li data-start=\"2124\" data-end=\"2241\"><strong data-start=\"2124\" data-end=\"2169\">Capa interior (en contacto con la vulva): <\/strong>franela de algod\u00f3n 100 %, muy suave, que evita irritaciones y roces.<\/li>\n<li data-start=\"2244\" data-end=\"2387\"><strong data-start=\"2244\" data-end=\"2266\">Capas intermedias:<\/strong> varias capas de algod\u00f3n 100 % que absorben el flujo menstrual o las p\u00e9rdidas del postparto de manera eficaz y uniforme.<\/li>\n<li data-start=\"2390\" data-end=\"2551\"><strong data-start=\"2390\" data-end=\"2420\">Capa impermeable laminada:<\/strong> una membrana innovadora que <strong data-start=\"2449\" data-end=\"2465\">evita fugas <\/strong>y, al mismo tiempo, permite la <strong data-start=\"2487\" data-end=\"2503\">transpiraci\u00f3n<\/strong>, reduciendo la proliferaci\u00f3n de hongos o bacterias.<\/li>\n<li data-start=\"2554\" data-end=\"2706\"><strong data-start=\"2554\" data-end=\"2572\">Capa exterior:<\/strong> tejido de algod\u00f3n estampado, alegre y colorido, que queda en contacto con la braga y aporta un toque de personalidad a tu menstruaci\u00f3n.<\/li>\n<\/ul>\n<p data-start=\"2708\" data-end=\"2819\">Todos los tejidos cuentan con<strong data-start=\"2737\" data-end=\"2758\"> certificaci\u00f3n GOTS, <\/strong>asegurando procesos ecol\u00f3gicos y sin sustancias nocivas.<\/p>\n<p data-start=\"2821\" data-end=\"2955\"><strong data-start=\"2833\" data-end=\"2875\">Recuerda que no se usa por ambos lados: <\/strong>la cara lisa y suave de franela es la que se coloca en contacto con la piel.<\/p>\n<h2 data-start=\"2962\" data-end=\"3017\">C\u00f3mo lavar las compresas de tela reutilizables<\/h2>\n<p data-start=\"3019\" data-end=\"3287\">Durante tu regla, puedes dejar un barre\u00f1o con <strong data-start=\"3068\" data-end=\"3083\">agua fr\u00eda <\/strong>para dejar reposar la compresa tras su uso y facilitar que la sangre se desprenda del tejido. A\u00f1adir unas gotas de <strong data-start=\"3213\" data-end=\"3245\">aceite esencial de \u00e1rbol del t\u00e9<\/strong> puede ayudar a evitar bacterias y hongos.<\/p>\n<p data-start=\"3289\" data-end=\"3297\">Despu\u00e9s:<\/p>\n<ol>\n<li data-start=\"3302\" data-end=\"3365\">Lava a mano con <a href=\"https:\/\/www.nushu.cat\/es\/producto\/jabon-sostenible\/\"><strong data-start=\"3317\" data-end=\"3332\">jab\u00f3n neutro<\/strong><\/a> o en lavadora (m\u00e1x. 30 \u00b0C).<\/li>\n<li data-start=\"3369\" data-end=\"3408\">No uses secadora ni plancha.<\/li>\n<li data-start=\"3412\" data-end=\"3462\"><strong data-start=\"3412\" data-end=\"3424\">Ti\u00e9ndela<\/strong> al aire y evita guardarla h\u00fameda.<\/li>\n<li data-start=\"3466\" data-end=\"3537\">Para manchas dif\u00edciles, puedes recurrir al sol o al <strong data-start=\"3515\" data-end=\"3536\"><a href=\"https:\/\/www.nushu.cat\/es\/producto\/precarbonato\/\">percarbonato s\u00f3dico.<\/a><\/strong><\/li>\n<\/ol>\n<p data-start=\"3539\" data-end=\"3676\">Con estos cuidados, tus compresas de tela pueden acompa\u00f1arte<strong data-start=\"3614\" data-end=\"3624\"> m\u00e1s de 3 a\u00f1os,<\/strong> manteniendo su capacidad de absorci\u00f3n y suavidad.<\/p>\n<h2 data-start=\"3683\" data-end=\"3727\">Detalles de la compresa ecol\u00f3gica XXL<\/h2>\n<ul>\n<li data-start=\"3731\" data-end=\"3779\"><strong data-start=\"3731\" data-end=\"3752\">Tipo de absorci\u00f3n: <\/strong>extra fuerte (uso nocturno)<\/li>\n<li data-start=\"3782\" data-end=\"3804\"><strong data-start=\"3782\" data-end=\"3792\">Medidas:<\/strong> 27 \u00d7 7 cm<\/li>\n<li data-start=\"3807\" data-end=\"3845\"><strong data-start=\"3807\" data-end=\"3822\">Certificado:<\/strong> GOTS + OEKO-TEX\u00ae 100<\/li>\n<li data-start=\"3848\" data-end=\"3901\"><strong data-start=\"3848\" data-end=\"3871\">Lugar de fabricaci\u00f3n:<\/strong> Hecho en Canet de Mar, Espa\u00f1a<\/li>\n<li data-start=\"3904\" data-end=\"3958\"><strong data-start=\"3904\" data-end=\"3915\">Modelos:<\/strong> disponible en diferentes estampados y colores<\/li>\n<\/ul>\n<p>&nbsp;<\/p>\n<h2 data-start=\"3965\" data-end=\"4007\">Otros modelos de compresas de tela<\/h2>\n<p data-start=\"3370\" data-end=\"3515\">Cada momento del ciclo menstrual es distinto, por eso en <strong data-start=\"3426\" data-end=\"3435\">n\u00fcshu<\/strong> encontrar\u00e1s diferentes modelos de compresas de tela adaptados a cada necesidad:<\/p>\n<ul>\n<li data-start=\"3519\" data-end=\"3637\"><strong data-start=\"3519\" data-end=\"3541\"><a href=\"https:\/\/www.nushu.cat\/es\/productes\/higiene-menstrual-sostenible\/compresas_de_tela\/salvaslip\/\">Salvaslip de tela:<\/a><\/strong> de absorci\u00f3n ligera, ideal para los primeros y \u00faltimos d\u00edas, uso diario o peque\u00f1as p\u00e9rdidas de orina.<\/li>\n<li data-start=\"3640\" data-end=\"3820\"><strong data-start=\"3640\" data-end=\"3661\"><a href=\"https:\/\/www.nushu.cat\/es\/productes\/higiene-menstrual-sostenible\/compresas_de_tela\/dia\/\">Compresas de dia:<\/a><\/strong> de absorci\u00f3n mediana o fuerte. Los modelos<strong data-start=\"3701\" data-end=\"3706\"><a href=\"https:\/\/www.nushu.cat\/es\/producto\/m\/\"> M<\/a><\/strong> y <strong data-start=\"3709\" data-end=\"3714\"><a href=\"https:\/\/www.nushu.cat\/es\/producto\/l\/\">L <\/a><\/strong>se adaptan a reglas poco abundantes o sangrados m\u00e1s intensos, y tambi\u00e9n a p\u00e9rdidas de orina moderadas o severas.<\/li>\n<li data-start=\"3823\" data-end=\"3984\"><a href=\"https:\/\/www.nushu.cat\/es\/productes\/higiene-menstrual-sostenible\/compresas_de_tela\/noche\/\"><strong data-start=\"3823\" data-end=\"3844\">Compresas de noche: <\/strong><\/a>con absorci\u00f3n muy fuerte y dise\u00f1o m\u00e1s largo por detr\u00e1s, perfectas para dormir con tranquilidad. Disponibles en tallas <a href=\"https:\/\/www.nushu.cat\/es\/producto\/xl\/\"> <strong data-start=\"3965\" data-end=\"3971\">XL<\/strong> y<\/a> <a href=\"https:\/\/www.nushu.cat\/es\/producto\/xxl\/\"><strong data-start=\"3974\" data-end=\"3981\">XXL<\/strong> <\/a>.<\/li>\n<li data-start=\"3987\" data-end=\"4130\"><strong data-start=\"3987\" data-end=\"4014\"><a href=\"https:\/\/www.nushu.cat\/es\/productes\/higiene-menstrual-sostenible\/compresas_de_tela\/grandes\/\">Compresas grandes algod\u00f3n<\/a><\/strong> o <strong data-start=\"4017\" data-end=\"4047\"><a href=\"https:\/\/www.nushu.cat\/es\/productes\/higiene-menstrual-sostenible\/compresas_de_tela\/postparto\/\">compresas para el postparto:<\/a><\/strong> para sangrados muy abundantes, con m\u00e1xima capacidad de absorci\u00f3n y cobertura extra.<\/li>\n<\/ul>\n<p data-start=\"4132\" data-end=\"4287\">\u00a1Te invito a que te <strong data-start=\"4147\" data-end=\"4192\"><a href=\"https:\/\/www.nushu.cat\/wp-content\/uploads\/2024\/02\/nushu-diagrama_vat-1.pdf\">descargues este diagrama menstrual<\/a><\/strong> y empieces a ponerlo en pr\u00e1ctica! \u00a1Es una herramienta que si la sabes utilizar te ser\u00e1 muy valiosa!<\/p>\n","protected":false},"excerpt":{"rendered":"<ul>\n<li data-start=\"525\" data-end=\"628\"><strong data-start=\"542\" data-end=\"555\">Compresa de tela ecol\u00f3gica y reutilizable<\/strong>, pensada para la <strong data-start=\"590\" data-end=\"597\">noche<\/strong> y los d\u00edas de flujo abundante.<\/li>\n<li data-start=\"631\" data-end=\"658\"><strong data-start=\"631\" data-end=\"656\">Absorci\u00f3n extra fuerte.<\/strong><\/li>\n<li data-start=\"661\" data-end=\"741\"><strong data-start=\"661\" data-end=\"707\">Dise\u00f1o XXL, m\u00e1s largo y ancho por detr\u00e1s, <\/strong>que evita fugas mientras duermes.<\/li>\n<li data-start=\"744\" data-end=\"835\">Hecha con <strong data-start=\"753\" data-end=\"795\">100% algod\u00f3n org\u00e1nico certificado OEKO-TEX\u00ae,<\/strong> sin pl\u00e1sticos ni productos qu\u00edmicos.<\/li>\n<li data-start=\"838\" data-end=\"865\"><strong data-start=\"838\" data-end=\"848\">Medidas:<\/strong> 27 \u00d7 7 cm aprox.<\/li>\n<\/ul>\n","protected":false},"featured_media":268196,"template":"","meta":{"_acf_changed":false},"product_brand":[],"product_cat":[843,224,840,837,207],"product_tag":[],"class_list":{"0":"post-5526","1":"product","2":"type-product","3":"status-publish","4":"has-post-thumbnail","6":"product_cat-noche","7":"product_cat-compresas_de_tela","8":"product_cat-grandes","9":"product_cat-postparto","10":"product_cat-higiene-menstrual-sostenible","12":"first","13":"instock","14":"taxable","15":"shipping-taxable","16":"purchasable","17":"product-type-variable","18":"has-default-attributes"},"acf":[],"yoast_head":"<!-- This site is optimized with the Yoast SEO plugin v27.4 - https:\/\/yoast.com\/product\/yoast-seo-wordpress\/ -->\n<title>Compresa de noche s\u00faper ecol\u00f3gica XXL - n\u00fcshu<\/title>\n<meta name=\"description\" content=\"Compresa de tela ecol\u00f3gica para la noche, hecha en Espa\u00f1a con algod\u00f3n org\u00e1nico certificado OEKO-TEX\u00ae. Absorci\u00f3n extra y comodidad natural con n\u00fcshu.\" \/>\n<meta name=\"robots\" content=\"index, follow, max-snippet:-1, max-image-preview:large, max-video-preview:-1\" \/>\n<link rel=\"canonical\" href=\"https:\/\/www.nushu.cat\/es\/producto\/compresa-noche-super-ecologica-xxl\/\" \/>\n<meta property=\"og:locale\" content=\"es_ES\" \/>\n<meta property=\"og:type\" content=\"article\" \/>\n<meta property=\"og:title\" content=\"Compresa de noche s\u00faper ecol\u00f3gica XXL - n\u00fcshu\" \/>\n<meta property=\"og:description\" content=\"Compresa de tela ecol\u00f3gica para la noche, hecha en Espa\u00f1a con algod\u00f3n org\u00e1nico certificado OEKO-TEX\u00ae. Absorci\u00f3n extra y comodidad natural con n\u00fcshu.\" \/>\n<meta property=\"og:url\" content=\"https:\/\/www.nushu.cat\/es\/producto\/compresa-noche-super-ecologica-xxl\/\" \/>\n<meta property=\"og:site_name\" content=\"n\u00fcshu\" \/>\n<meta property=\"article:publisher\" content=\"https:\/\/www.facebook.com\/nushu.artesania\/\" \/>\n<meta property=\"article:modified_time\" content=\"2026-04-11T19:58:49+00:00\" \/>\n<meta property=\"og:image\" content=\"https:\/\/www.nushu.cat\/wp-content\/uploads\/2020\/05\/compresa-noche-super-eco-xxl.webp\" \/>\n\t<meta property=\"og:image:width\" content=\"2052\" \/>\n\t<meta property=\"og:image:height\" content=\"2052\" \/>\n\t<meta property=\"og:image:type\" content=\"image\/webp\" \/>\n<meta name=\"twitter:card\" content=\"summary_large_image\" \/>\n<meta name=\"twitter:label1\" content=\"Tiempo de lectura\" \/>\n\t<meta name=\"twitter:data1\" content=\"4 minutos\" \/>\n<!-- \/ Yoast SEO plugin. -->","yoast_head_json":{"title":"Compresa de noche s\u00faper ecol\u00f3gica XXL - n\u00fcshu","description":"Compresa de tela ecol\u00f3gica para la noche, hecha en Espa\u00f1a con algod\u00f3n org\u00e1nico certificado OEKO-TEX\u00ae. Absorci\u00f3n extra y comodidad natural con n\u00fcshu.","robots":{"index":"index","follow":"follow","max-snippet":"max-snippet:-1","max-image-preview":"max-image-preview:large","max-video-preview":"max-video-preview:-1"},"canonical":"https:\/\/www.nushu.cat\/es\/producto\/compresa-noche-super-ecologica-xxl\/","og_locale":"es_ES","og_type":"article","og_title":"Compresa de noche s\u00faper ecol\u00f3gica XXL - n\u00fcshu","og_description":"Compresa de tela ecol\u00f3gica para la noche, hecha en Espa\u00f1a con algod\u00f3n org\u00e1nico certificado OEKO-TEX\u00ae. Absorci\u00f3n extra y comodidad natural con n\u00fcshu.","og_url":"https:\/\/www.nushu.cat\/es\/producto\/compresa-noche-super-ecologica-xxl\/","og_site_name":"n\u00fcshu","article_publisher":"https:\/\/www.facebook.com\/nushu.artesania\/","article_modified_time":"2026-04-11T19:58:49+00:00","og_image":[{"width":2052,"height":2052,"url":"https:\/\/www.nushu.cat\/wp-content\/uploads\/2020\/05\/compresa-noche-super-eco-xxl.webp","type":"image\/webp"}],"twitter_card":"summary_large_image","twitter_misc":{"Tiempo de lectura":"4 minutos"},"schema":{"@context":"https:\/\/schema.org","@graph":[{"@type":"WebPage","@id":"https:\/\/www.nushu.cat\/es\/producto\/compresa-noche-super-ecologica-xxl\/","url":"https:\/\/www.nushu.cat\/es\/producto\/compresa-noche-super-ecologica-xxl\/","name":"Compresa de noche s\u00faper ecol\u00f3gica XXL - n\u00fcshu","isPartOf":{"@id":"https:\/\/www.nushu.cat\/es\/#website"},"primaryImageOfPage":{"@id":"https:\/\/www.nushu.cat\/es\/producto\/compresa-noche-super-ecologica-xxl\/#primaryimage"},"image":{"@id":"https:\/\/www.nushu.cat\/es\/producto\/compresa-noche-super-ecologica-xxl\/#primaryimage"},"thumbnailUrl":"https:\/\/www.nushu.cat\/wp-content\/uploads\/2020\/05\/compresa-noche-super-eco-xxl.webp","datePublished":"2020-05-28T08:02:38+00:00","dateModified":"2026-04-11T19:58:49+00:00","description":"Compresa de tela ecol\u00f3gica para la noche, hecha en Espa\u00f1a con algod\u00f3n org\u00e1nico certificado OEKO-TEX\u00ae. Absorci\u00f3n extra y comodidad natural con n\u00fcshu.","breadcrumb":{"@id":"https:\/\/www.nushu.cat\/es\/producto\/compresa-noche-super-ecologica-xxl\/#breadcrumb"},"inLanguage":"es","potentialAction":[{"@type":"ReadAction","target":["https:\/\/www.nushu.cat\/es\/producto\/compresa-noche-super-ecologica-xxl\/"]}]},{"@type":"ImageObject","inLanguage":"es","@id":"https:\/\/www.nushu.cat\/es\/producto\/compresa-noche-super-ecologica-xxl\/#primaryimage","url":"https:\/\/www.nushu.cat\/wp-content\/uploads\/2020\/05\/compresa-noche-super-eco-xxl.webp","contentUrl":"https:\/\/www.nushu.cat\/wp-content\/uploads\/2020\/05\/compresa-noche-super-eco-xxl.webp","width":2052,"height":2052,"caption":"Compresa de noche s\u00faper ecol\u00f3gica XXL de algod\u00f3n org\u00e1nico n\u00fcshu"},{"@type":"BreadcrumbList","@id":"https:\/\/www.nushu.cat\/es\/producto\/compresa-noche-super-ecologica-xxl\/#breadcrumb","itemListElement":[{"@type":"ListItem","position":1,"name":"Inici","item":"https:\/\/www.nushu.cat\/es\/compreses-de-tela\/"},{"@type":"ListItem","position":2,"name":"Tienda","item":"https:\/\/www.nushu.cat\/es\/tienda\/"},{"@type":"ListItem","position":3,"name":"Compresa de noche s\u00faper ecol\u00f3gica XXL"}]},{"@type":"WebSite","@id":"https:\/\/www.nushu.cat\/es\/#website","url":"https:\/\/www.nushu.cat\/es\/","name":"n\u00fcshu","description":"natural &amp; sostenible","publisher":{"@id":"https:\/\/www.nushu.cat\/es\/#organization"},"potentialAction":[{"@type":"SearchAction","target":{"@type":"EntryPoint","urlTemplate":"https:\/\/www.nushu.cat\/es\/?s={search_term_string}"},"query-input":{"@type":"PropertyValueSpecification","valueRequired":true,"valueName":"search_term_string"}}],"inLanguage":"es"},{"@type":"Organization","@id":"https:\/\/www.nushu.cat\/es\/#organization","name":"n\u00fcshu","url":"https:\/\/www.nushu.cat\/es\/","logo":{"@type":"ImageObject","inLanguage":"es","@id":"https:\/\/www.nushu.cat\/es\/#\/schema\/logo\/image\/","url":"https:\/\/www.nushu.cat\/wp-content\/uploads\/2024\/02\/nushu-share-1-1.png","contentUrl":"https:\/\/www.nushu.cat\/wp-content\/uploads\/2024\/02\/nushu-share-1-1.png","width":1080,"height":1080,"caption":"n\u00fcshu"},"image":{"@id":"https:\/\/www.nushu.cat\/es\/#\/schema\/logo\/image\/"},"sameAs":["https:\/\/www.facebook.com\/nushu.artesania\/","https:\/\/www.instagram.com\/nushu_artesania"]}]}},"jetpack_sharing_enabled":true,"_links":{"self":[{"href":"https:\/\/www.nushu.cat\/es\/wp-json\/wp\/v2\/product\/5526","targetHints":{"allow":["GET"]}}],"collection":[{"href":"https:\/\/www.nushu.cat\/es\/wp-json\/wp\/v2\/product"}],"about":[{"href":"https:\/\/www.nushu.cat\/es\/wp-json\/wp\/v2\/types\/product"}],"version-history":[{"count":6,"href":"https:\/\/www.nushu.cat\/es\/wp-json\/wp\/v2\/product\/5526\/revisions"}],"predecessor-version":[{"id":268383,"href":"https:\/\/www.nushu.cat\/es\/wp-json\/wp\/v2\/product\/5526\/revisions\/268383"}],"wp:featuredmedia":[{"embeddable":true,"href":"https:\/\/www.nushu.cat\/es\/wp-json\/wp\/v2\/media\/268196"}],"wp:attachment":[{"href":"https:\/\/www.nushu.cat\/es\/wp-json\/wp\/v2\/media?parent=5526"}],"wp:term":[{"taxonomy":"product_brand","embeddable":true,"href":"https:\/\/www.nushu.cat\/es\/wp-json\/wp\/v2\/product_brand?post=5526"},{"taxonomy":"product_cat","embeddable":true,"href":"https:\/\/www.nushu.cat\/es\/wp-json\/wp\/v2\/product_cat?post=5526"},{"taxonomy":"product_tag","embeddable":true,"href":"https:\/\/www.nushu.cat\/es\/wp-json\/wp\/v2\/product_tag?post=5526"}],"curies":[{"name":"wp","href":"https:\/\/api.w.org\/{rel}","templated":true}]}}