{"id":5941,"date":"2020-07-01T18:37:23","date_gmt":"2020-07-01T16:37:23","guid":{"rendered":"https:\/\/www.nushu.cat\/?post_type=product&#038;p=5941"},"modified":"2026-04-19T12:50:25","modified_gmt":"2026-04-19T10:50:25","slug":"eureka-cup","status":"publish","type":"product","link":"https:\/\/www.nushu.cat\/es\/producto\/eureka-cup\/","title":{"rendered":"Eureka! Cup comprar copa menstrual vaciable"},"content":{"rendered":"<p data-start=\"1090\" data-end=\"1446\">Manipular siempre la Eureka! Cup con las manos limpias. Antes de empezar a utilizarla, es importante conocer algunos aspectos pr\u00e1cticos del uso diario: <strong data-start=\"1237\" data-end=\"1293\">muchos lavabos p\u00fablicos o compartidos no est\u00e1n adaptados<\/strong> para enjuagar la copa menstrual con comodidad. Por eso, es \u00fatil tener claro c\u00f3mo introducirla, retirarla y limpiarla correctamente en cualquier situaci\u00f3n.   <\/p>\n<h2 data-start=\"1453\" data-end=\"1508\">C\u00f3mo introducir la Eureka! Cup vaciable (paso a paso) <\/h2>\n<p data-start=\"1510\" data-end=\"1528\">Seguir los pasos:<\/p>\n<ol>\n<li data-start=\"1533\" data-end=\"1819\"><strong data-start=\"1533\" data-end=\"1645\">Para diestras, sujetar la Eureka! Cup por su corona entre el dedo \u00edndice y el pulgar de la mano izquierda. <\/strong><br data-start=\"1645\" data-end=\"1648\">Con la yema del dedo \u00edndice de la mano derecha, <strong data-start=\"1694\" data-end=\"1721\">doblar la Eureka! Cup <\/strong> desde cualquiera de sus 4 pesta\u00f1as, hasta el punto m\u00e1s profundo de la misma. Quedar\u00e1 replegada. <\/li>\n<li data-start=\"1824\" data-end=\"1992\"><strong data-start=\"1824\" data-end=\"1872\">Extraer el dedo \u00edndice y sin que se despliegue, <\/strong>y coger la Eureka! Cup con la mano derecha.  <strong data-start=\"1915\" data-end=\"1992\">Busca la postura que resulte m\u00e1s c\u00f3moda para su inserci\u00f3n en la vagina.<\/strong><\/li>\n<li data-start=\"1997\" data-end=\"2333\"><strong data-start=\"1997\" data-end=\"2028\">Separar los labios vaginales<\/strong> con la mano izquierda e introducir la Eureka! Cup hasta que quede entera dentro de la vagina (exceptuando el tubo). Al retirar los dedos, la Eureka! Cup se desplegar\u00e1 dentro de la vagina. Para ayudar a que esto suceda, se puede rotar la Eureka! Cup hasta notar que se ha desplegado con \u00e9xito. Se puede comprobar rodeando la Eureka! Cup con el dedo.     <\/li>\n<li data-start=\"2338\" data-end=\"2506\"><strong data-start=\"2338\" data-end=\"2399\">Introducir el tubo dentro de la vagina, con la ayuda de los dedos,<\/strong> hasta que \u00e9ste quede absolutamente en posici\u00f3n vertical. La Eureka! Cup quedar\u00e1 sellada y a punto para poder disfrutar de ella.  <\/li>\n<\/ol>\n<h2 data-start=\"2513\" data-end=\"2566\">Vaciado de la copa menstrual con tubo vaciable<\/h2>\n<ul>\n<li data-start=\"2570\" data-end=\"2925\">Antes de proceder al vaciado, <strong data-start=\"2601\" data-end=\"2623\">lavar las manos <\/strong>a ser posible con agua caliente y jab\u00f3n neutro. <strong data-start=\"2672\" data-end=\"2725\">Introducir dos dedos dentro de la vagina y agarrar el tubo<\/strong> para proceder a su extracci\u00f3n, siempre manteniendo presi\u00f3n para que la sangre no fluya por \u00e9l. Apuntar a la taza del WC y dejar de <strong data-start=\"2853\" data-end=\"2891\">presionar el tubo con los dedos, <\/strong>para permitir que la sangre descienda al WC, hasta que la copa se vac\u00ede. <\/li>\n<li data-start=\"2928\" data-end=\"3135\">Una vez finalizado el vaciado, <strong data-start=\"2963\" data-end=\"2987\">volver a subir el tubo,<\/strong> hasta la posici\u00f3n de sellado, tal y como se ha indicado anteriormente. Si es necesario, se puede limpiar el tubo con papel antes de volver a introducirlo en la vagina. <\/li>\n<li data-start=\"3138\" data-end=\"3284\"><strong data-start=\"3138\" data-end=\"3201\">Vaciar la Eureka! Cup como m\u00ednimo una vez cada 12 horas. <\/strong> Puede ser necesario vaciarla antes, en funci\u00f3n de la intensidad de cada menstruaci\u00f3n.<\/li>\n<\/ul>\n<h2 data-start=\"3291\" data-end=\"3327\">Extracci\u00f3n de la copa vaciable<\/h2>\n<ul>\n<li data-start=\"3331\" data-end=\"3558\"><strong data-start=\"3331\" data-end=\"3375\">ara extraer por completo la Eureka! Cup <\/strong>, proceder de la manera indicada en el apartado de vaciado, pero en vez de volver a subir el tubo, <strong data-start=\"3469\" data-end=\"3497\">agarrar la base de la copa <\/strong>(no el tubo) con dos dedos<strong data-start=\"3525\" data-end=\"3556\"> y realizar su extracci\u00f3n.<\/strong><\/li>\n<li data-start=\"3561\" data-end=\"3718\">Recomendamos usar la Eureka Cup hasta encontrar la forma m\u00e1s f\u00e1cil y adecuada de introducirla, vaciarla y sacarla. Puede variar en funci\u00f3n de cada persona.  <\/li>\n<\/ul>\n<h2 data-start=\"3725\" data-end=\"3763\">Mantenimiento y limpieza de la copa<\/h2>\n<ul>\n<li data-start=\"3767\" data-end=\"3854\"><strong data-start=\"3767\" data-end=\"3815\">Durante la menstruaci\u00f3n, , lavar la Eureka! Cup <\/strong> con<strong data-start=\"3820\" data-end=\"3852\"> agua caliente y jab\u00f3n neutro. <\/strong><\/li>\n<li data-start=\"3857\" data-end=\"4158\"><strong data-start=\"3857\" data-end=\"3888\">Una vez finalice el per\u00edodo, <\/strong>se debe<strong data-start=\"3897\" data-end=\"3928\">esterilizar la Eureka! Cup <\/strong> y repetir este procedimiento justo antes de volver a usarla, en el siguiente per\u00edodo. Esterilizar la Eureka! Cup en nuestro vaso esterilizador o en una cazo, durante 3 minutos y guardarla en la bolsa incluida en la caja. <\/li>\n<li data-start=\"4161\" data-end=\"4227\">El mantenimiento correcto <strong data-start=\"4185\" data-end=\"4227\">prolongar\u00e1 la vida de la Eureka! Cup. <\/strong><\/li>\n<\/ul>\n","protected":false},"excerpt":{"rendered":"<p data-start=\"519\" data-end=\"649\">Eureka! Cup, la primera y \u00fanica copa menstrual dise\u00f1ada para que la puedas<strong data-start=\"594\" data-end=\"649\"> vaciar sin necesidad de extraerla de la vagina.<\/strong> <\/p>\n<p data-start=\"651\" data-end=\"735\">M\u00e1xima comodidad y seguridad, fabricada con silicona m\u00e9dica 100% e hipoalerg\u00e9nica.<\/p>\n<p data-start=\"737\" data-end=\"765\">Disponible en tres tallas:<\/p>\n<ul>\n<li data-start=\"768\" data-end=\"851\"><strong data-start=\"768\" data-end=\"780\">Talla S:<\/strong> desde la primera menstruaci\u00f3n o mujeres con la vagina muy tonificada.<\/li>\n<li data-start=\"854\" data-end=\"978\"><strong data-start=\"854\" data-end=\"868\">Talla M\/L:<\/strong> : para mujeres a partir de los 18 a\u00f1os o con menos de dos partos vaginales. [Recomendada para la mayor\u00eda de mujeres] <\/li>\n<li data-start=\"981\" data-end=\"1056\"><strong data-start=\"981\" data-end=\"994\">Talla XL:<\/strong> para mujeres con dos o m\u00e1s partos vaginales o con el c\u00e9rvix alto.<\/li>\n<\/ul>\n","protected":false},"featured_media":268952,"template":"","meta":{"_acf_changed":false},"product_brand":[],"product_cat":[227,207,229],"product_tag":[],"class_list":{"0":"post-5941","1":"product","2":"type-product","3":"status-publish","4":"has-post-thumbnail","6":"product_cat-copas-menstruales-y-esponjas","7":"product_cat-higiene-menstrual-sostenible","8":"product_cat-descuentos","10":"first","11":"instock","12":"sale","13":"taxable","14":"shipping-taxable","15":"purchasable","16":"product-type-variable","17":"has-default-attributes"},"acf":[],"yoast_head":"<!-- This site is optimized with the Yoast SEO plugin v27.4 - https:\/\/yoast.com\/product\/yoast-seo-wordpress\/ -->\n<title>Eureka! Cup comprar copa menstrual vaciable - n\u00fcshu<\/title>\n<meta name=\"description\" content=\"Eurekacup es una copa menstrual con vaciado gracias a su tubo de silicona m\u00e9dica \u00bb Ideal para los ba\u00f1os p\u00fablicos \u00bb Duraci\u00f3n hasta 10 a\u00f1os \u00bb\" \/>\n<meta name=\"robots\" content=\"index, follow, max-snippet:-1, max-image-preview:large, max-video-preview:-1\" \/>\n<link rel=\"canonical\" href=\"https:\/\/www.nushu.cat\/es\/producto\/eureka-cup\/\" \/>\n<meta property=\"og:locale\" content=\"es_ES\" \/>\n<meta property=\"og:type\" content=\"article\" \/>\n<meta property=\"og:title\" content=\"Eureka! Cup comprar copa menstrual vaciable - n\u00fcshu\" \/>\n<meta property=\"og:description\" content=\"Eurekacup es una copa menstrual con vaciado gracias a su tubo de silicona m\u00e9dica \u00bb Ideal para los ba\u00f1os p\u00fablicos \u00bb Duraci\u00f3n hasta 10 a\u00f1os \u00bb\" \/>\n<meta property=\"og:url\" content=\"https:\/\/www.nushu.cat\/es\/producto\/eureka-cup\/\" \/>\n<meta property=\"og:site_name\" content=\"n\u00fcshu\" \/>\n<meta property=\"article:publisher\" content=\"https:\/\/www.facebook.com\/nushu.artesania\/\" \/>\n<meta property=\"article:modified_time\" content=\"2026-04-19T10:50:25+00:00\" \/>\n<meta property=\"og:image\" content=\"https:\/\/www.nushu.cat\/wp-content\/uploads\/2020\/07\/eureka-cup-vaciable-1.webp\" \/>\n\t<meta property=\"og:image:width\" content=\"1200\" \/>\n\t<meta property=\"og:image:height\" content=\"800\" \/>\n\t<meta property=\"og:image:type\" content=\"image\/webp\" \/>\n<meta name=\"twitter:card\" content=\"summary_large_image\" \/>\n<meta name=\"twitter:label1\" content=\"Tiempo de lectura\" \/>\n\t<meta name=\"twitter:data1\" content=\"3 minutos\" \/>\n<!-- \/ Yoast SEO plugin. -->","yoast_head_json":{"title":"Eureka! Cup comprar copa menstrual vaciable - n\u00fcshu","description":"Eurekacup es una copa menstrual con vaciado gracias a su tubo de silicona m\u00e9dica \u00bb Ideal para los ba\u00f1os p\u00fablicos \u00bb Duraci\u00f3n hasta 10 a\u00f1os \u00bb","robots":{"index":"index","follow":"follow","max-snippet":"max-snippet:-1","max-image-preview":"max-image-preview:large","max-video-preview":"max-video-preview:-1"},"canonical":"https:\/\/www.nushu.cat\/es\/producto\/eureka-cup\/","og_locale":"es_ES","og_type":"article","og_title":"Eureka! Cup comprar copa menstrual vaciable - n\u00fcshu","og_description":"Eurekacup es una copa menstrual con vaciado gracias a su tubo de silicona m\u00e9dica \u00bb Ideal para los ba\u00f1os p\u00fablicos \u00bb Duraci\u00f3n hasta 10 a\u00f1os \u00bb","og_url":"https:\/\/www.nushu.cat\/es\/producto\/eureka-cup\/","og_site_name":"n\u00fcshu","article_publisher":"https:\/\/www.facebook.com\/nushu.artesania\/","article_modified_time":"2026-04-19T10:50:25+00:00","og_image":[{"width":1200,"height":800,"url":"https:\/\/www.nushu.cat\/wp-content\/uploads\/2020\/07\/eureka-cup-vaciable-1.webp","type":"image\/webp"}],"twitter_card":"summary_large_image","twitter_misc":{"Tiempo de lectura":"3 minutos"},"schema":{"@context":"https:\/\/schema.org","@graph":[{"@type":"WebPage","@id":"https:\/\/www.nushu.cat\/es\/producto\/eureka-cup\/","url":"https:\/\/www.nushu.cat\/es\/producto\/eureka-cup\/","name":"Eureka! Cup comprar copa menstrual vaciable - n\u00fcshu","isPartOf":{"@id":"https:\/\/www.nushu.cat\/es\/#website"},"primaryImageOfPage":{"@id":"https:\/\/www.nushu.cat\/es\/producto\/eureka-cup\/#primaryimage"},"image":{"@id":"https:\/\/www.nushu.cat\/es\/producto\/eureka-cup\/#primaryimage"},"thumbnailUrl":"https:\/\/www.nushu.cat\/wp-content\/uploads\/2020\/07\/eureka-cup-vaciable-1.webp","datePublished":"2020-07-01T16:37:23+00:00","dateModified":"2026-04-19T10:50:25+00:00","description":"Eurekacup es una copa menstrual con vaciado gracias a su tubo de silicona m\u00e9dica \u00bb Ideal para los ba\u00f1os p\u00fablicos \u00bb Duraci\u00f3n hasta 10 a\u00f1os \u00bb","breadcrumb":{"@id":"https:\/\/www.nushu.cat\/es\/producto\/eureka-cup\/#breadcrumb"},"inLanguage":"es","potentialAction":[{"@type":"ReadAction","target":["https:\/\/www.nushu.cat\/es\/producto\/eureka-cup\/"]}]},{"@type":"ImageObject","inLanguage":"es","@id":"https:\/\/www.nushu.cat\/es\/producto\/eureka-cup\/#primaryimage","url":"https:\/\/www.nushu.cat\/wp-content\/uploads\/2020\/07\/eureka-cup-vaciable-1.webp","contentUrl":"https:\/\/www.nushu.cat\/wp-content\/uploads\/2020\/07\/eureka-cup-vaciable-1.webp","width":1200,"height":800,"caption":"Eureka! Cup Vaciable, copa menstrual en n\u00fcshu"},{"@type":"BreadcrumbList","@id":"https:\/\/www.nushu.cat\/es\/producto\/eureka-cup\/#breadcrumb","itemListElement":[{"@type":"ListItem","position":1,"name":"Inici","item":"https:\/\/www.nushu.cat\/es\/compreses-de-tela\/"},{"@type":"ListItem","position":2,"name":"Tienda","item":"https:\/\/www.nushu.cat\/es\/tienda\/"},{"@type":"ListItem","position":3,"name":"Eureka! Cup comprar copa menstrual vaciable"}]},{"@type":"WebSite","@id":"https:\/\/www.nushu.cat\/es\/#website","url":"https:\/\/www.nushu.cat\/es\/","name":"n\u00fcshu","description":"natural &amp; sostenible","publisher":{"@id":"https:\/\/www.nushu.cat\/es\/#organization"},"potentialAction":[{"@type":"SearchAction","target":{"@type":"EntryPoint","urlTemplate":"https:\/\/www.nushu.cat\/es\/?s={search_term_string}"},"query-input":{"@type":"PropertyValueSpecification","valueRequired":true,"valueName":"search_term_string"}}],"inLanguage":"es"},{"@type":"Organization","@id":"https:\/\/www.nushu.cat\/es\/#organization","name":"n\u00fcshu","url":"https:\/\/www.nushu.cat\/es\/","logo":{"@type":"ImageObject","inLanguage":"es","@id":"https:\/\/www.nushu.cat\/es\/#\/schema\/logo\/image\/","url":"https:\/\/www.nushu.cat\/wp-content\/uploads\/2024\/02\/nushu-share-1-1.png","contentUrl":"https:\/\/www.nushu.cat\/wp-content\/uploads\/2024\/02\/nushu-share-1-1.png","width":1080,"height":1080,"caption":"n\u00fcshu"},"image":{"@id":"https:\/\/www.nushu.cat\/es\/#\/schema\/logo\/image\/"},"sameAs":["https:\/\/www.facebook.com\/nushu.artesania\/","https:\/\/www.instagram.com\/nushu_artesania"]}]}},"jetpack_sharing_enabled":true,"_links":{"self":[{"href":"https:\/\/www.nushu.cat\/es\/wp-json\/wp\/v2\/product\/5941","targetHints":{"allow":["GET"]}}],"collection":[{"href":"https:\/\/www.nushu.cat\/es\/wp-json\/wp\/v2\/product"}],"about":[{"href":"https:\/\/www.nushu.cat\/es\/wp-json\/wp\/v2\/types\/product"}],"version-history":[{"count":1,"href":"https:\/\/www.nushu.cat\/es\/wp-json\/wp\/v2\/product\/5941\/revisions"}],"predecessor-version":[{"id":268972,"href":"https:\/\/www.nushu.cat\/es\/wp-json\/wp\/v2\/product\/5941\/revisions\/268972"}],"wp:featuredmedia":[{"embeddable":true,"href":"https:\/\/www.nushu.cat\/es\/wp-json\/wp\/v2\/media\/268952"}],"wp:attachment":[{"href":"https:\/\/www.nushu.cat\/es\/wp-json\/wp\/v2\/media?parent=5941"}],"wp:term":[{"taxonomy":"product_brand","embeddable":true,"href":"https:\/\/www.nushu.cat\/es\/wp-json\/wp\/v2\/product_brand?post=5941"},{"taxonomy":"product_cat","embeddable":true,"href":"https:\/\/www.nushu.cat\/es\/wp-json\/wp\/v2\/product_cat?post=5941"},{"taxonomy":"product_tag","embeddable":true,"href":"https:\/\/www.nushu.cat\/es\/wp-json\/wp\/v2\/product_tag?post=5941"}],"curies":[{"name":"wp","href":"https:\/\/api.w.org\/{rel}","templated":true}]}}