{"id":6051,"date":"2020-07-20T11:12:23","date_gmt":"2020-07-20T09:12:23","guid":{"rendered":"https:\/\/www.nushu.cat\/?post_type=product&#038;p=6051"},"modified":"2024-02-02T12:44:31","modified_gmt":"2024-02-02T12:44:31","slug":"bolsa-de-transporte-pequena","status":"publish","type":"product","link":"https:\/\/www.nushu.cat\/es\/producto\/bolsa-de-transporte-pequena\/","title":{"rendered":"Bolsa de transporte peque\u00f1a"},"content":{"rendered":"<p>Esta bolsita de aproximadamente 12,5cm x 12,5cm es el acompa\u00f1ante ideal para poder sacarte las compresas fuera de casa y poder guardarlas sin que se te ensucie nada.<br \/>\nA de m\u00e1s, el tejido interior de la bolsa es impermeable y no transpirable, as\u00ed mantendr\u00e1 las compresas h\u00famedas para que la sangre no se seque tan f\u00e1cilmente.<br \/>\nSe cierra c\u00f3modamente con unos botones de clic resina.<br \/>\nAl ser totalmente artesanal y \u00fanico, el producto que recibas puede tener peque\u00f1as variaciones respecto al de la imagen.<\/p>\n","protected":false},"excerpt":{"rendered":"<p>Bolsa impermeable para poder llevar las compresas si te las cambias fuera de casa.<\/p>\n","protected":false},"featured_media":6041,"template":"","meta":{"_acf_changed":false},"product_brand":[],"product_cat":[268],"product_tag":[],"class_list":{"0":"post-6051","1":"product","2":"type-product","3":"status-publish","4":"has-post-thumbnail","6":"product_cat-sostenible","8":"first","9":"instock","10":"taxable","11":"shipping-taxable","12":"purchasable","13":"product-type-simple"},"acf":[],"yoast_head":"<!-- This site is optimized with the Yoast SEO plugin v27.2 - https:\/\/yoast.com\/product\/yoast-seo-wordpress\/ -->\n<title>Bolsa de transporte peque\u00f1a - n\u00fcshu<\/title>\n<meta name=\"robots\" content=\"index, follow, max-snippet:-1, max-image-preview:large, max-video-preview:-1\" \/>\n<link rel=\"canonical\" href=\"https:\/\/www.nushu.cat\/es\/producto\/bolsa-de-transporte-pequena\/\" \/>\n<meta property=\"og:locale\" content=\"es_ES\" \/>\n<meta property=\"og:type\" content=\"article\" \/>\n<meta property=\"og:title\" content=\"Bolsa de transporte peque\u00f1a - n\u00fcshu\" \/>\n<meta property=\"og:description\" content=\"Bolsa impermeable para poder llevar las compresas si te las cambias fuera de casa.\" \/>\n<meta property=\"og:url\" content=\"https:\/\/www.nushu.cat\/es\/producto\/bolsa-de-transporte-pequena\/\" \/>\n<meta property=\"og:site_name\" content=\"n\u00fcshu\" \/>\n<meta property=\"article:publisher\" content=\"https:\/\/www.facebook.com\/nushu.artesania\/\" \/>\n<meta property=\"article:modified_time\" content=\"2024-02-02T12:44:31+00:00\" \/>\n<meta property=\"og:image\" content=\"https:\/\/www.nushu.cat\/wp-content\/uploads\/2024\/02\/boses-scaled-1.jpg\" \/>\n\t<meta property=\"og:image:width\" content=\"1920\" \/>\n\t<meta property=\"og:image:height\" content=\"1461\" \/>\n\t<meta property=\"og:image:type\" content=\"image\/jpeg\" \/>\n<meta name=\"twitter:card\" content=\"summary_large_image\" \/>\n<!-- \/ Yoast SEO plugin. -->","yoast_head_json":{"title":"Bolsa de transporte peque\u00f1a - n\u00fcshu","robots":{"index":"index","follow":"follow","max-snippet":"max-snippet:-1","max-image-preview":"max-image-preview:large","max-video-preview":"max-video-preview:-1"},"canonical":"https:\/\/www.nushu.cat\/es\/producto\/bolsa-de-transporte-pequena\/","og_locale":"es_ES","og_type":"article","og_title":"Bolsa de transporte peque\u00f1a - n\u00fcshu","og_description":"Bolsa impermeable para poder llevar las compresas si te las cambias fuera de casa.","og_url":"https:\/\/www.nushu.cat\/es\/producto\/bolsa-de-transporte-pequena\/","og_site_name":"n\u00fcshu","article_publisher":"https:\/\/www.facebook.com\/nushu.artesania\/","article_modified_time":"2024-02-02T12:44:31+00:00","og_image":[{"width":1920,"height":1461,"url":"https:\/\/www.nushu.cat\/wp-content\/uploads\/2024\/02\/boses-scaled-1.jpg","type":"image\/jpeg"}],"twitter_card":"summary_large_image","schema":{"@context":"https:\/\/schema.org","@graph":[{"@type":"WebPage","@id":"https:\/\/www.nushu.cat\/es\/producto\/bolsa-de-transporte-pequena\/","url":"https:\/\/www.nushu.cat\/es\/producto\/bolsa-de-transporte-pequena\/","name":"Bolsa de transporte peque\u00f1a - n\u00fcshu","isPartOf":{"@id":"https:\/\/www.nushu.cat\/es\/#website"},"primaryImageOfPage":{"@id":"https:\/\/www.nushu.cat\/es\/producto\/bolsa-de-transporte-pequena\/#primaryimage"},"image":{"@id":"https:\/\/www.nushu.cat\/es\/producto\/bolsa-de-transporte-pequena\/#primaryimage"},"thumbnailUrl":"https:\/\/www.nushu.cat\/wp-content\/uploads\/2024\/02\/boses-scaled-1.jpg","datePublished":"2020-07-20T09:12:23+00:00","dateModified":"2024-02-02T12:44:31+00:00","breadcrumb":{"@id":"https:\/\/www.nushu.cat\/es\/producto\/bolsa-de-transporte-pequena\/#breadcrumb"},"inLanguage":"es","potentialAction":[{"@type":"ReadAction","target":["https:\/\/www.nushu.cat\/es\/producto\/bolsa-de-transporte-pequena\/"]}]},{"@type":"ImageObject","inLanguage":"es","@id":"https:\/\/www.nushu.cat\/es\/producto\/bolsa-de-transporte-pequena\/#primaryimage","url":"https:\/\/www.nushu.cat\/wp-content\/uploads\/2024\/02\/boses-scaled-1.jpg","contentUrl":"https:\/\/www.nushu.cat\/wp-content\/uploads\/2024\/02\/boses-scaled-1.jpg","width":1920,"height":1461},{"@type":"BreadcrumbList","@id":"https:\/\/www.nushu.cat\/es\/producto\/bolsa-de-transporte-pequena\/#breadcrumb","itemListElement":[{"@type":"ListItem","position":1,"name":"Inici","item":"https:\/\/www.nushu.cat\/es\/"},{"@type":"ListItem","position":2,"name":"Tienda","item":"https:\/\/www.nushu.cat\/es\/tienda\/"},{"@type":"ListItem","position":3,"name":"Bolsa de transporte peque\u00f1a"}]},{"@type":"WebSite","@id":"https:\/\/www.nushu.cat\/es\/#website","url":"https:\/\/www.nushu.cat\/es\/","name":"n\u00fcshu","description":"natural &amp; sostenible","publisher":{"@id":"https:\/\/www.nushu.cat\/es\/#organization"},"potentialAction":[{"@type":"SearchAction","target":{"@type":"EntryPoint","urlTemplate":"https:\/\/www.nushu.cat\/es\/?s={search_term_string}"},"query-input":{"@type":"PropertyValueSpecification","valueRequired":true,"valueName":"search_term_string"}}],"inLanguage":"es"},{"@type":"Organization","@id":"https:\/\/www.nushu.cat\/es\/#organization","name":"n\u00fcshu","url":"https:\/\/www.nushu.cat\/es\/","logo":{"@type":"ImageObject","inLanguage":"es","@id":"https:\/\/www.nushu.cat\/es\/#\/schema\/logo\/image\/","url":"https:\/\/www.nushu.cat\/wp-content\/uploads\/2024\/02\/nushu-share-1-1.png","contentUrl":"https:\/\/www.nushu.cat\/wp-content\/uploads\/2024\/02\/nushu-share-1-1.png","width":1080,"height":1080,"caption":"n\u00fcshu"},"image":{"@id":"https:\/\/www.nushu.cat\/es\/#\/schema\/logo\/image\/"},"sameAs":["https:\/\/www.facebook.com\/nushu.artesania\/","https:\/\/www.instagram.com\/nushu_artesania"]}]}},"jetpack_sharing_enabled":true,"_links":{"self":[{"href":"https:\/\/www.nushu.cat\/es\/wp-json\/wp\/v2\/product\/6051","targetHints":{"allow":["GET"]}}],"collection":[{"href":"https:\/\/www.nushu.cat\/es\/wp-json\/wp\/v2\/product"}],"about":[{"href":"https:\/\/www.nushu.cat\/es\/wp-json\/wp\/v2\/types\/product"}],"version-history":[{"count":0,"href":"https:\/\/www.nushu.cat\/es\/wp-json\/wp\/v2\/product\/6051\/revisions"}],"wp:featuredmedia":[{"embeddable":true,"href":"https:\/\/www.nushu.cat\/es\/wp-json\/wp\/v2\/media\/6041"}],"wp:attachment":[{"href":"https:\/\/www.nushu.cat\/es\/wp-json\/wp\/v2\/media?parent=6051"}],"wp:term":[{"taxonomy":"product_brand","embeddable":true,"href":"https:\/\/www.nushu.cat\/es\/wp-json\/wp\/v2\/product_brand?post=6051"},{"taxonomy":"product_cat","embeddable":true,"href":"https:\/\/www.nushu.cat\/es\/wp-json\/wp\/v2\/product_cat?post=6051"},{"taxonomy":"product_tag","embeddable":true,"href":"https:\/\/www.nushu.cat\/es\/wp-json\/wp\/v2\/product_tag?post=6051"}],"curies":[{"name":"wp","href":"https:\/\/api.w.org\/{rel}","templated":true}]}}