{"id":8312,"date":"2020-12-24T08:52:51","date_gmt":"2020-12-24T08:52:51","guid":{"rendered":"https:\/\/www.nushu.cat\/?post_type=product&#038;p=8312"},"modified":"2026-01-22T13:35:20","modified_gmt":"2026-01-22T12:35:20","slug":"pack-esponja-y-compresas","status":"publish","type":"product","link":"https:\/\/www.nushu.cat\/es\/producto\/pack-esponja-y-compresas\/","title":{"rendered":"Pack esponja menstrual + 5 salvaslips de tela"},"content":{"rendered":"<h2 data-start=\"577\" data-end=\"603\">\u00bfQu\u00e9 incluye este pack?<\/h2>\n<ul>\n<li data-start=\"607\" data-end=\"634\"><strong data-start=\"607\" data-end=\"632\"><a href=\"https:\/\/www.nushu.cat\/es\/producto\/esponja-menstrual\/\">2 esponjas menstruales<\/a><\/strong><\/li>\n<li data-start=\"637\" data-end=\"690\"><strong data-start=\"637\" data-end=\"658\">1 bolsita de tela<\/strong> para las esponjas menstruales<\/li>\n<li data-start=\"693\" data-end=\"742\"><strong data-start=\"693\" data-end=\"732\"><a href=\"https:\/\/www.nushu.cat\/es\/producto\/salvaslip-tela-talla-s\/\">5 salvaslips de tela reutilizables de algod\u00f3n<\/a><\/strong><\/li>\n<\/ul>\n<h2 data-start=\"744\" data-end=\"803\">Salvaslips reutilizables de algod\u00f3n: suaves y transpirables<\/h2>\n<p data-start=\"805\" data-end=\"992\">Los <strong data-start=\"809\" data-end=\"823\"><a href=\"https:\/\/www.nushu.cat\/es\/productes\/higiene-menstrual-sostenible\/compresas_de_tela\/salvaslip\/\">salvaslips<\/a><\/strong> son de <strong data-start=\"830\" data-end=\"851\">absorci\u00f3n ligera, <\/strong>ideales para combinar con la esponja menstrual, para los primeros y \u00faltimos d\u00edas de la regla, para flujo ligero o para peque\u00f1as p\u00e9rdidas de orina.<\/p>\n<p data-start=\"994\" data-end=\"1095\">Miden <strong data-start=\"1002\" data-end=\"1020\">17 cm x 5,5 cm <\/strong>y se colocan en la braguita mediante<strong data-start=\"1061\" data-end=\"1094\"> bot\u00f3n de clic libre de n\u00edquel.<\/strong><\/p>\n<p data-start=\"1097\" data-end=\"1339\">La capa en contacto con la vulva es de <strong data-start=\"1136\" data-end=\"1157\">franela de algod\u00f3n, <\/strong>igual que las capas interiores absorbentes. Incorporan un tejido laminado que aporta <strong data-start=\"1241\" data-end=\"1290\">impermeabilidad sin perder transpirabilidad,<\/strong> ayudando a mantener la zona \u00edntima en equilibrio. <\/p>\n<p data-start=\"1341\" data-end=\"1505\">Son finos, discretos y muy c\u00f3modos. Disfrutar\u00e1s de tu sangrado sin picores ni molestias, cuidando tu cuerpo de forma natural con <strong data-start=\"1468\" data-end=\"1504\">compresas de tela reutilizables.<\/strong> <\/p>\n<h2 data-start=\"1507\" data-end=\"1557\">Esponja menstrual natural: suavidad y adaptaci\u00f3n<\/h2>\n<p data-start=\"1559\" data-end=\"1879\">La <strong data-start=\"1561\" data-end=\"1582\"><a href=\"https:\/\/www.nushu.cat\/es\/producto\/esponja-menstrual\/\">esponja menstrual<\/a><\/strong> es un producto <strong data-start=\"1598\" data-end=\"1639\">reutilizable, pr\u00e1ctico y 100% natural. <\/strong>Gracias a su suavidad y capacidad de absorci\u00f3n, se adapta f\u00e1cilmente a la forma de tu vagina, ofreciendo una sensaci\u00f3n muy c\u00f3moda y natural.<br \/>Ideal para mujeres que no se sienten c\u00f3modas con la copa, o con suelo p\u00e9lvico debilitado o prolapso.  <\/p>\n<p data-start=\"1881\" data-end=\"2079\">No ha sido tratada con productos qu\u00edmicos, por lo que conserva su color natural y mantiene intactas sus propiedades. Es una alternativa respetuosa con tu cuerpo y con el medio ambiente. <\/p>\n<h2 data-start=\"2081\" data-end=\"2102\">Materiales y valores<\/h2>\n<p data-start=\"2104\" data-end=\"2272\">Los tejidos de este pack cuentan con certificado <strong data-start=\"2142\" data-end=\"2170\">OEKO TEX\u00ae 100, <\/strong>que garantiza que no contienen sustancias nocivas ni en los materiales ni en el proceso de fabricaci\u00f3n.<\/p>\n<p data-start=\"2274\" data-end=\"2457\">Son productos<strong data-start=\"2288\" data-end=\"2331\"> veganos, libres de maltrato animal<\/strong> y elaborados de forma artesanal, por lo que cada pieza es \u00fanica y puede presentar peque\u00f1as variaciones respecto a la imagen.<\/p>\n","protected":false},"excerpt":{"rendered":"<ul>\n<li data-start=\"233\" data-end=\"428\">Este pack combina la <strong data-start=\"255\" data-end=\"276\"><a href=\"https:\/\/www.nushu.cat\/es\/producto\/esponja-menstrual\/\">esponja menstrual<\/a><\/strong> con <a href=\"https:\/\/www.nushu.cat\/es\/producto\/salvaslip-tela-talla-s\/\"><strong data-start=\"281\" data-end=\"320\">5 salvaslips de tela reutilizables<\/strong><\/a>, pensados para acompa\u00f1arte durante la menstruaci\u00f3n de forma c\u00f3moda, discreta y respetuosa con tu cuerpo.<\/li>\n<li data-start=\"431\" data-end=\"558\">Es una opci\u00f3n ideal si buscas una alternativa interna suave y natural, combinada con protecci\u00f3n externa para mayor tranquilidad.<\/li>\n<\/ul>\n","protected":false},"featured_media":269586,"template":"","meta":{"_acf_changed":false},"product_brand":[],"product_cat":[234],"product_tag":[235],"class_list":{"0":"post-8312","1":"product","2":"type-product","3":"status-publish","4":"has-post-thumbnail","6":"product_cat-packs-menstruales-es","7":"product_tag-pack-ahorro","9":"first","10":"instock","11":"sale","12":"taxable","13":"shipping-taxable","14":"purchasable","15":"product-type-variable","16":"has-default-attributes"},"acf":[],"yoast_head":"<!-- This site is optimized with the Yoast SEO plugin v27.2 - https:\/\/yoast.com\/product\/yoast-seo-wordpress\/ -->\n<title>Pack esponja menstrual + salvaslips reutilizables - n\u00fcshu<\/title>\n<meta name=\"description\" content=\"Pack con esponja menstrual natural y 5 salvaslips de tela reutilizables. Ideal para combinar protecci\u00f3n interna y externa de forma c\u00f3moda y sostenible.\" \/>\n<meta name=\"robots\" content=\"index, follow, max-snippet:-1, max-image-preview:large, max-video-preview:-1\" \/>\n<link rel=\"canonical\" href=\"https:\/\/www.nushu.cat\/es\/producto\/pack-esponja-y-compresas\/\" \/>\n<meta property=\"og:locale\" content=\"es_ES\" \/>\n<meta property=\"og:type\" content=\"article\" \/>\n<meta property=\"og:title\" content=\"Pack esponja menstrual + salvaslips reutilizables - n\u00fcshu\" \/>\n<meta property=\"og:description\" content=\"Pack con esponja menstrual natural y 5 salvaslips de tela reutilizables. Ideal para combinar protecci\u00f3n interna y externa de forma c\u00f3moda y sostenible.\" \/>\n<meta property=\"og:url\" content=\"https:\/\/www.nushu.cat\/es\/producto\/pack-esponja-y-compresas\/\" \/>\n<meta property=\"og:site_name\" content=\"n\u00fcshu\" \/>\n<meta property=\"article:publisher\" content=\"https:\/\/www.facebook.com\/nushu.artesania\/\" \/>\n<meta property=\"article:modified_time\" content=\"2026-01-22T12:35:20+00:00\" \/>\n<meta property=\"og:image\" content=\"https:\/\/www.nushu.cat\/wp-content\/uploads\/2020\/12\/0-pack-esponja-menstrual-salvaslip-tela-modelo-flocs.webp\" \/>\n\t<meta property=\"og:image:width\" content=\"786\" \/>\n\t<meta property=\"og:image:height\" content=\"785\" \/>\n\t<meta property=\"og:image:type\" content=\"image\/webp\" \/>\n<meta name=\"twitter:card\" content=\"summary_large_image\" \/>\n<meta name=\"twitter:label1\" content=\"Tiempo de lectura\" \/>\n\t<meta name=\"twitter:data1\" content=\"2 minutos\" \/>\n<!-- \/ Yoast SEO plugin. -->","yoast_head_json":{"title":"Pack esponja menstrual + salvaslips reutilizables - n\u00fcshu","description":"Pack con esponja menstrual natural y 5 salvaslips de tela reutilizables. Ideal para combinar protecci\u00f3n interna y externa de forma c\u00f3moda y sostenible.","robots":{"index":"index","follow":"follow","max-snippet":"max-snippet:-1","max-image-preview":"max-image-preview:large","max-video-preview":"max-video-preview:-1"},"canonical":"https:\/\/www.nushu.cat\/es\/producto\/pack-esponja-y-compresas\/","og_locale":"es_ES","og_type":"article","og_title":"Pack esponja menstrual + salvaslips reutilizables - n\u00fcshu","og_description":"Pack con esponja menstrual natural y 5 salvaslips de tela reutilizables. Ideal para combinar protecci\u00f3n interna y externa de forma c\u00f3moda y sostenible.","og_url":"https:\/\/www.nushu.cat\/es\/producto\/pack-esponja-y-compresas\/","og_site_name":"n\u00fcshu","article_publisher":"https:\/\/www.facebook.com\/nushu.artesania\/","article_modified_time":"2026-01-22T12:35:20+00:00","og_image":[{"width":786,"height":785,"url":"https:\/\/www.nushu.cat\/wp-content\/uploads\/2020\/12\/0-pack-esponja-menstrual-salvaslip-tela-modelo-flocs.webp","type":"image\/webp"}],"twitter_card":"summary_large_image","twitter_misc":{"Tiempo de lectura":"2 minutos"},"schema":{"@context":"https:\/\/schema.org","@graph":[{"@type":"WebPage","@id":"https:\/\/www.nushu.cat\/es\/producto\/pack-esponja-y-compresas\/","url":"https:\/\/www.nushu.cat\/es\/producto\/pack-esponja-y-compresas\/","name":"Pack esponja menstrual + salvaslips reutilizables - n\u00fcshu","isPartOf":{"@id":"https:\/\/www.nushu.cat\/es\/#website"},"primaryImageOfPage":{"@id":"https:\/\/www.nushu.cat\/es\/producto\/pack-esponja-y-compresas\/#primaryimage"},"image":{"@id":"https:\/\/www.nushu.cat\/es\/producto\/pack-esponja-y-compresas\/#primaryimage"},"thumbnailUrl":"https:\/\/www.nushu.cat\/wp-content\/uploads\/2020\/12\/0-pack-esponja-menstrual-salvaslip-tela-modelo-flocs.webp","datePublished":"2020-12-24T08:52:51+00:00","dateModified":"2026-01-22T12:35:20+00:00","description":"Pack con esponja menstrual natural y 5 salvaslips de tela reutilizables. Ideal para combinar protecci\u00f3n interna y externa de forma c\u00f3moda y sostenible.","breadcrumb":{"@id":"https:\/\/www.nushu.cat\/es\/producto\/pack-esponja-y-compresas\/#breadcrumb"},"inLanguage":"es","potentialAction":[{"@type":"ReadAction","target":["https:\/\/www.nushu.cat\/es\/producto\/pack-esponja-y-compresas\/"]}]},{"@type":"ImageObject","inLanguage":"es","@id":"https:\/\/www.nushu.cat\/es\/producto\/pack-esponja-y-compresas\/#primaryimage","url":"https:\/\/www.nushu.cat\/wp-content\/uploads\/2020\/12\/0-pack-esponja-menstrual-salvaslip-tela-modelo-flocs.webp","contentUrl":"https:\/\/www.nushu.cat\/wp-content\/uploads\/2020\/12\/0-pack-esponja-menstrual-salvaslip-tela-modelo-flocs.webp","width":786,"height":785,"caption":"Pack esponja menstrual y salvaslips de tela modelo floral"},{"@type":"BreadcrumbList","@id":"https:\/\/www.nushu.cat\/es\/producto\/pack-esponja-y-compresas\/#breadcrumb","itemListElement":[{"@type":"ListItem","position":1,"name":"Inici","item":"https:\/\/www.nushu.cat\/es\/compreses-de-tela\/"},{"@type":"ListItem","position":2,"name":"Tienda","item":"https:\/\/www.nushu.cat\/es\/tienda\/"},{"@type":"ListItem","position":3,"name":"Pack esponja menstrual + 5 salvaslips de tela"}]},{"@type":"WebSite","@id":"https:\/\/www.nushu.cat\/es\/#website","url":"https:\/\/www.nushu.cat\/es\/","name":"n\u00fcshu","description":"natural &amp; sostenible","publisher":{"@id":"https:\/\/www.nushu.cat\/es\/#organization"},"potentialAction":[{"@type":"SearchAction","target":{"@type":"EntryPoint","urlTemplate":"https:\/\/www.nushu.cat\/es\/?s={search_term_string}"},"query-input":{"@type":"PropertyValueSpecification","valueRequired":true,"valueName":"search_term_string"}}],"inLanguage":"es"},{"@type":"Organization","@id":"https:\/\/www.nushu.cat\/es\/#organization","name":"n\u00fcshu","url":"https:\/\/www.nushu.cat\/es\/","logo":{"@type":"ImageObject","inLanguage":"es","@id":"https:\/\/www.nushu.cat\/es\/#\/schema\/logo\/image\/","url":"https:\/\/www.nushu.cat\/wp-content\/uploads\/2024\/02\/nushu-share-1-1.png","contentUrl":"https:\/\/www.nushu.cat\/wp-content\/uploads\/2024\/02\/nushu-share-1-1.png","width":1080,"height":1080,"caption":"n\u00fcshu"},"image":{"@id":"https:\/\/www.nushu.cat\/es\/#\/schema\/logo\/image\/"},"sameAs":["https:\/\/www.facebook.com\/nushu.artesania\/","https:\/\/www.instagram.com\/nushu_artesania"]}]}},"jetpack_sharing_enabled":true,"_links":{"self":[{"href":"https:\/\/www.nushu.cat\/es\/wp-json\/wp\/v2\/product\/8312","targetHints":{"allow":["GET"]}}],"collection":[{"href":"https:\/\/www.nushu.cat\/es\/wp-json\/wp\/v2\/product"}],"about":[{"href":"https:\/\/www.nushu.cat\/es\/wp-json\/wp\/v2\/types\/product"}],"version-history":[{"count":1,"href":"https:\/\/www.nushu.cat\/es\/wp-json\/wp\/v2\/product\/8312\/revisions"}],"predecessor-version":[{"id":269618,"href":"https:\/\/www.nushu.cat\/es\/wp-json\/wp\/v2\/product\/8312\/revisions\/269618"}],"wp:featuredmedia":[{"embeddable":true,"href":"https:\/\/www.nushu.cat\/es\/wp-json\/wp\/v2\/media\/269586"}],"wp:attachment":[{"href":"https:\/\/www.nushu.cat\/es\/wp-json\/wp\/v2\/media?parent=8312"}],"wp:term":[{"taxonomy":"product_brand","embeddable":true,"href":"https:\/\/www.nushu.cat\/es\/wp-json\/wp\/v2\/product_brand?post=8312"},{"taxonomy":"product_cat","embeddable":true,"href":"https:\/\/www.nushu.cat\/es\/wp-json\/wp\/v2\/product_cat?post=8312"},{"taxonomy":"product_tag","embeddable":true,"href":"https:\/\/www.nushu.cat\/es\/wp-json\/wp\/v2\/product_tag?post=8312"}],"curies":[{"name":"wp","href":"https:\/\/api.w.org\/{rel}","templated":true}]}}