{"id":8816,"date":"2021-02-23T11:34:22","date_gmt":"2021-02-23T11:34:22","guid":{"rendered":"https:\/\/www.nushu.cat\/?post_type=product&#038;p=8816"},"modified":"2026-04-22T22:58:59","modified_gmt":"2026-04-22T20:58:59","slug":"cartera","status":"publish","type":"product","link":"https:\/\/www.nushu.cat\/es\/producto\/cartera\/","title":{"rendered":"Cartera"},"content":{"rendered":"<p>Esta cartera est\u00e1 hecha de forma totalmente artesanal. Sus dise\u00f1os son \u00fanicos y exclusivos (\u00a1no hay ninguna otra cartera igual aunque haya parecidos!) <\/p>\n<p>Tiene 4 separadores: 2 para tarjetas, uno para billetes y tiques y otro con cremallera para las monedas. Se pliega en 2 y se cierra con un bot\u00f3n de &#8220;clic&#8221;. <\/p>\n<p>La tela exterior es de \u201cpolipiel\u201d (piel sint\u00e9tica) la cual le da impermeabilidad y rigidez.<\/p>\n<p>Su tama\u00f1o es sorprendentemente reducido a pesar de la capacidad que contener.<\/p>\n","protected":false},"excerpt":{"rendered":"<p>Cartera monedero artesana de uso diario.<\/p>\n","protected":false},"featured_media":251384,"template":"","meta":{"_acf_changed":false},"product_brand":[],"product_cat":[221,268],"product_tag":[],"class_list":{"0":"post-8816","1":"product","2":"type-product","3":"status-publish","4":"has-post-thumbnail","6":"product_cat-hogar-sostenible","7":"product_cat-sostenible","9":"first","10":"instock","11":"taxable","12":"shipping-taxable","13":"purchasable","14":"product-type-variable"},"acf":[],"yoast_head":"<!-- This site is optimized with the Yoast SEO plugin v27.4 - https:\/\/yoast.com\/product\/yoast-seo-wordpress\/ -->\n<title>Cartera - n\u00fcshu<\/title>\n<meta name=\"description\" content=\"Cartera monedero con espacio para monedas, billetes y tarjetas. Poli\u00e9ster imitaci\u00f3n de piel, y algod\u00f3n certificado oeko-tex.\" \/>\n<meta name=\"robots\" content=\"index, follow, max-snippet:-1, max-image-preview:large, max-video-preview:-1\" \/>\n<link rel=\"canonical\" href=\"https:\/\/www.nushu.cat\/es\/producto\/cartera\/\" \/>\n<meta property=\"og:locale\" content=\"es_ES\" \/>\n<meta property=\"og:type\" content=\"article\" \/>\n<meta property=\"og:title\" content=\"Cartera - n\u00fcshu\" \/>\n<meta property=\"og:description\" content=\"Cartera monedero con espacio para monedas, billetes y tarjetas. Poli\u00e9ster imitaci\u00f3n de piel, y algod\u00f3n certificado oeko-tex.\" \/>\n<meta property=\"og:url\" content=\"https:\/\/www.nushu.cat\/es\/producto\/cartera\/\" \/>\n<meta property=\"og:site_name\" content=\"n\u00fcshu\" \/>\n<meta property=\"article:publisher\" content=\"https:\/\/www.facebook.com\/nushu.artesania\/\" \/>\n<meta property=\"article:modified_time\" content=\"2026-04-22T20:58:59+00:00\" \/>\n<meta property=\"og:image\" content=\"https:\/\/www.nushu.cat\/wp-content\/uploads\/2024\/02\/pl4.jpg\" \/>\n\t<meta property=\"og:image:width\" content=\"1280\" \/>\n\t<meta property=\"og:image:height\" content=\"1280\" \/>\n\t<meta property=\"og:image:type\" content=\"image\/jpeg\" \/>\n<meta name=\"twitter:card\" content=\"summary_large_image\" \/>\n<!-- \/ Yoast SEO plugin. -->","yoast_head_json":{"title":"Cartera - n\u00fcshu","description":"Cartera monedero con espacio para monedas, billetes y tarjetas. Poli\u00e9ster imitaci\u00f3n de piel, y algod\u00f3n certificado oeko-tex.","robots":{"index":"index","follow":"follow","max-snippet":"max-snippet:-1","max-image-preview":"max-image-preview:large","max-video-preview":"max-video-preview:-1"},"canonical":"https:\/\/www.nushu.cat\/es\/producto\/cartera\/","og_locale":"es_ES","og_type":"article","og_title":"Cartera - n\u00fcshu","og_description":"Cartera monedero con espacio para monedas, billetes y tarjetas. Poli\u00e9ster imitaci\u00f3n de piel, y algod\u00f3n certificado oeko-tex.","og_url":"https:\/\/www.nushu.cat\/es\/producto\/cartera\/","og_site_name":"n\u00fcshu","article_publisher":"https:\/\/www.facebook.com\/nushu.artesania\/","article_modified_time":"2026-04-22T20:58:59+00:00","og_image":[{"width":1280,"height":1280,"url":"https:\/\/www.nushu.cat\/wp-content\/uploads\/2024\/02\/pl4.jpg","type":"image\/jpeg"}],"twitter_card":"summary_large_image","schema":{"@context":"https:\/\/schema.org","@graph":[{"@type":"WebPage","@id":"https:\/\/www.nushu.cat\/es\/producto\/cartera\/","url":"https:\/\/www.nushu.cat\/es\/producto\/cartera\/","name":"Cartera - n\u00fcshu","isPartOf":{"@id":"https:\/\/www.nushu.cat\/es\/#website"},"primaryImageOfPage":{"@id":"https:\/\/www.nushu.cat\/es\/producto\/cartera\/#primaryimage"},"image":{"@id":"https:\/\/www.nushu.cat\/es\/producto\/cartera\/#primaryimage"},"thumbnailUrl":"https:\/\/www.nushu.cat\/wp-content\/uploads\/2024\/02\/pl4.jpg","datePublished":"2021-02-23T11:34:22+00:00","dateModified":"2026-04-22T20:58:59+00:00","description":"Cartera monedero con espacio para monedas, billetes y tarjetas. Poli\u00e9ster imitaci\u00f3n de piel, y algod\u00f3n certificado oeko-tex.","breadcrumb":{"@id":"https:\/\/www.nushu.cat\/es\/producto\/cartera\/#breadcrumb"},"inLanguage":"es","potentialAction":[{"@type":"ReadAction","target":["https:\/\/www.nushu.cat\/es\/producto\/cartera\/"]}]},{"@type":"ImageObject","inLanguage":"es","@id":"https:\/\/www.nushu.cat\/es\/producto\/cartera\/#primaryimage","url":"https:\/\/www.nushu.cat\/wp-content\/uploads\/2024\/02\/pl4.jpg","contentUrl":"https:\/\/www.nushu.cat\/wp-content\/uploads\/2024\/02\/pl4.jpg","width":1280,"height":1280},{"@type":"BreadcrumbList","@id":"https:\/\/www.nushu.cat\/es\/producto\/cartera\/#breadcrumb","itemListElement":[{"@type":"ListItem","position":1,"name":"Inici","item":"https:\/\/www.nushu.cat\/es\/compreses-de-tela\/"},{"@type":"ListItem","position":2,"name":"Tienda","item":"https:\/\/www.nushu.cat\/es\/tienda\/"},{"@type":"ListItem","position":3,"name":"Cartera"}]},{"@type":"WebSite","@id":"https:\/\/www.nushu.cat\/es\/#website","url":"https:\/\/www.nushu.cat\/es\/","name":"n\u00fcshu","description":"natural &amp; sostenible","publisher":{"@id":"https:\/\/www.nushu.cat\/es\/#organization"},"potentialAction":[{"@type":"SearchAction","target":{"@type":"EntryPoint","urlTemplate":"https:\/\/www.nushu.cat\/es\/?s={search_term_string}"},"query-input":{"@type":"PropertyValueSpecification","valueRequired":true,"valueName":"search_term_string"}}],"inLanguage":"es"},{"@type":"Organization","@id":"https:\/\/www.nushu.cat\/es\/#organization","name":"n\u00fcshu","url":"https:\/\/www.nushu.cat\/es\/","logo":{"@type":"ImageObject","inLanguage":"es","@id":"https:\/\/www.nushu.cat\/es\/#\/schema\/logo\/image\/","url":"https:\/\/www.nushu.cat\/wp-content\/uploads\/2024\/02\/nushu-share-1-1.png","contentUrl":"https:\/\/www.nushu.cat\/wp-content\/uploads\/2024\/02\/nushu-share-1-1.png","width":1080,"height":1080,"caption":"n\u00fcshu"},"image":{"@id":"https:\/\/www.nushu.cat\/es\/#\/schema\/logo\/image\/"},"sameAs":["https:\/\/www.facebook.com\/nushu.artesania\/","https:\/\/www.instagram.com\/nushu_artesania"]}]}},"jetpack_sharing_enabled":true,"_links":{"self":[{"href":"https:\/\/www.nushu.cat\/es\/wp-json\/wp\/v2\/product\/8816","targetHints":{"allow":["GET"]}}],"collection":[{"href":"https:\/\/www.nushu.cat\/es\/wp-json\/wp\/v2\/product"}],"about":[{"href":"https:\/\/www.nushu.cat\/es\/wp-json\/wp\/v2\/types\/product"}],"version-history":[{"count":1,"href":"https:\/\/www.nushu.cat\/es\/wp-json\/wp\/v2\/product\/8816\/revisions"}],"predecessor-version":[{"id":270703,"href":"https:\/\/www.nushu.cat\/es\/wp-json\/wp\/v2\/product\/8816\/revisions\/270703"}],"wp:featuredmedia":[{"embeddable":true,"href":"https:\/\/www.nushu.cat\/es\/wp-json\/wp\/v2\/media\/251384"}],"wp:attachment":[{"href":"https:\/\/www.nushu.cat\/es\/wp-json\/wp\/v2\/media?parent=8816"}],"wp:term":[{"taxonomy":"product_brand","embeddable":true,"href":"https:\/\/www.nushu.cat\/es\/wp-json\/wp\/v2\/product_brand?post=8816"},{"taxonomy":"product_cat","embeddable":true,"href":"https:\/\/www.nushu.cat\/es\/wp-json\/wp\/v2\/product_cat?post=8816"},{"taxonomy":"product_tag","embeddable":true,"href":"https:\/\/www.nushu.cat\/es\/wp-json\/wp\/v2\/product_tag?post=8816"}],"curies":[{"name":"wp","href":"https:\/\/api.w.org\/{rel}","templated":true}]}}