{"id":9141,"date":"2021-02-25T15:42:24","date_gmt":"2021-02-25T15:42:24","guid":{"rendered":"https:\/\/www.nushu.cat\/?post_type=product&#038;p=9141"},"modified":"2026-01-13T20:42:33","modified_gmt":"2026-01-13T19:42:33","slug":"compresa-de-tela-4xl","status":"publish","type":"product","link":"https:\/\/www.nushu.cat\/es\/producto\/compresa-de-tela-4xl\/","title":{"rendered":"Compresa de tela muy grande"},"content":{"rendered":"<p data-start=\"978\" data-end=\"1379\">La <strong data-start=\"981\" data-end=\"1021\">compresa de tela muy grande de n\u00fcshu<\/strong> est\u00e1 pensada para ofrecer la <strong data-start=\"1049\" data-end=\"1092\">mayor capacidad de absorci\u00f3n y cobertura<\/strong> dentro de la colecci\u00f3n.<br data-start=\"1115\" data-end=\"1118\">Es la opci\u00f3n m\u00e1s grande y absorbente, ideal para f<strong data-start=\"1163\" data-end=\"1224\">lujos extremadamente abundantes, p\u00e9rdidas intensas postparto<\/strong> o<strong data-start=\"1227\" data-end=\"1252\"> necesidades especiales<\/strong> como sangrados provocados por patolog\u00edas ginecol\u00f3gicas o cuerpos m\u00e1s grandes, donde se busca una protecci\u00f3n total y m\u00e1xima comodidad.<\/p>\n<p data-start=\"1381\" data-end=\"1653\">Durante el descanso, manteniendo la piel seca y cuidada gracias a su composici\u00f3n 100 % de algod\u00f3n ecol\u00f3gico.<br data-start=\"1481\" data-end=\"1484\">A pesar de su tama\u00f1o, sigue siendo<strong data-start=\"1518\" data-end=\"1554\"> ligera, flexible y muy c\u00f3moda,<\/strong> adapt\u00e1ndose al cuerpo sin moverse gracias a su<strong data-start=\"1604\" data-end=\"1635\"> cierre con bot\u00f3n met\u00e1lico de clic<\/strong> libre de n\u00edquel.<\/p>\n<p data-start=\"1655\" data-end=\"1862\">Las compresas de tela <strong data-start=\"1677\" data-end=\"1686\">n\u00fcshu<\/strong> est\u00e1n fabricadas en Espa\u00f1a, en un pueblo costero, en Canet de Mar. Una a una han sido<strong data-start=\"1773\" data-end=\"1811\"> confeccionadas de forma artesanal <\/strong>con <strong data-start=\"1816\" data-end=\"1841\">materiales de calidad <\/strong>y de <strong data-start=\"1847\" data-end=\"1861\">proximidad<\/strong>. <\/p>\n<p data-start=\"1864\" data-end=\"1978\">Son<strong data-start=\"1868\" data-end=\"1913\"> veganas y libres de maltrato animal. <\/strong> Te sorprender\u00e1 su capacidad de absorci\u00f3n a pesar de lo finas que son.<\/p>\n<h2 data-start=\"1985\" data-end=\"2036\">Materiales de la compresa reutilizable muy grande<\/h2>\n<p data-start=\"2038\" data-end=\"2134\">Las compresas de tela de <strong data-start=\"2063\" data-end=\"2072\">n\u00fcshu<\/strong> est\u00e1n formadas por diferentes capas cuidadosamente seleccionadas:<\/p>\n<ul>\n<li data-start=\"2138\" data-end=\"2252\"><strong data-start=\"2138\" data-end=\"2183\">Capa interior (en contacte amb la vulva):<\/strong> franel\u00b7la de cot\u00f3 100 %, molt suau, que evita irritacions i frecs.<\/li>\n<li data-start=\"2255\" data-end=\"2398\"><strong data-start=\"2255\" data-end=\"2277\">Capas intermedias:<\/strong> varias capas de algod\u00f3n 100 % que absorben el flujo menstrual o las p\u00e9rdidas del postparto de manera eficaz y uniforme.<\/li>\n<li data-start=\"2401\" data-end=\"2571\"><strong data-start=\"2401\" data-end=\"2431\">Capa impermeable laminada: u<\/strong>na membrana innovadora que <strong data-start=\"2460\" data-end=\"2476\">evita fugas <\/strong>y, al mismo tiempo, permite la <strong data-start=\"2507\" data-end=\"2523\">transpiraci\u00f3n<\/strong>, reduciendo la proliferaci\u00f3n de hongos o bacterias.<\/li>\n<li data-start=\"2574\" data-end=\"2721\"><strong data-start=\"2574\" data-end=\"2592\">Capa exterior: <\/strong>tejido de algod\u00f3n estampado, alegre y colorido, que queda en contacto con la braga y aporta un toque de personalidad a tu menstruaci\u00f3n.<\/li>\n<\/ul>\n<p data-start=\"2723\" data-end=\"2847\">Todas las capas cuentan con el <strong data-start=\"2754\" data-end=\"2782\">certificado OEKO-TEX\u00ae 100<\/strong>, que garantiza la ausencia de sustancias nocivas para la salud.<\/p>\n<p data-start=\"2849\" data-end=\"2976\">Recuerda que <strong data-start=\"2861\" data-end=\"2904\">no puede usarse por ambos lados:<\/strong> la cara lisa y suave de franela es la que se coloca sobre la piel.<\/p>\n<h2 data-start=\"2983\" data-end=\"3033\">C\u00f3mo lavar las compresas de tela reutilizables<\/h2>\n<p data-start=\"3035\" data-end=\"3278\">Durante tu regla, puedes dejar un barre\u00f1o con <strong data-start=\"3079\" data-end=\"3094\">agua fr\u00eda <\/strong>para dejar reposar la compresa tras su uso y facilitar que la sangre se desprenda.<br data-start=\"3185\" data-end=\"3188\">A\u00f1adir unas<strong data-start=\"3208\" data-end=\"3240\"> gotas de aceite esencial de \u00e1rbol del t\u00e9 <\/strong>puede ayudar a evitar bacterias y hongos.<\/p>\n<p data-start=\"3280\" data-end=\"3288\">Despu\u00e9s:<\/p>\n<ol>\n<li data-start=\"3293\" data-end=\"3359\">Lava a mano con <strong data-start=\"3311\" data-end=\"3326\"><a href=\"https:\/\/www.nushu.cat\/es\/producto\/jabon-sostenible\/\">jab\u00f3n neutro<\/a> <\/strong>o en lavadora (m\u00e1x. 30 \u00b0C).<\/li>\n<li data-start=\"3363\" data-end=\"3402\">No uses secadora ni plancha.<\/li>\n<li data-start=\"3406\" data-end=\"3456\"><strong data-start=\"3406\" data-end=\"3418\">Ti\u00e9ndela<\/strong> al aire y evita guardarla h\u00fameda.<\/li>\n<li data-start=\"3460\" data-end=\"3535\">Para manchas dif\u00edciles, puedes recurrir al <strong data-start=\"3500\" data-end=\"3507\">sol<\/strong> o al <strong data-start=\"3513\" data-end=\"3534\"><a href=\"https:\/\/www.nushu.cat\/es\/producto\/precarbonato\/\">percarbonato s\u00f3dico.<\/a><\/strong><\/li>\n<\/ol>\n<p data-start=\"3537\" data-end=\"3674\">Con estos cuidados, tus compresas de tela pueden acompa\u00f1arte <strong data-start=\"3605\" data-end=\"3622\">m\u00e1s de 3 a\u00f1os,<\/strong> manteniendo su capacidad de absorci\u00f3n y suavidad.<\/p>\n<h2 data-start=\"3681\" data-end=\"3717\">Detalles de la compresa <strong data-start=\"3707\" data-end=\"3717\">gigante<\/strong><\/h2>\n<ul>\n<li data-start=\"3721\" data-end=\"3798\"><strong data-start=\"3721\" data-end=\"3742\">Tipo de absorci\u00f3n: <\/strong> s\u00faper abundante (flujo muy abundante o postparto intenso)<\/li>\n<li data-start=\"3801\" data-end=\"3861\"><strong data-start=\"3801\" data-end=\"3813\">Medidas:<\/strong> 38 \u00d7 20 cm aprox.<\/li>\n<li data-start=\"3864\" data-end=\"3895\"><strong data-start=\"3864\" data-end=\"3879\">Certificado:<\/strong> OEKO-TEX\u00ae 100<\/li>\n<li data-start=\"3898\" data-end=\"3951\"><strong data-start=\"3898\" data-end=\"3921\">Lugar de fabricaci\u00f3n:<\/strong> Hecho en Canet de Mar, Espa\u00f1a<\/li>\n<li data-start=\"3954\" data-end=\"4008\"><strong data-start=\"3954\" data-end=\"3965\">Modelos:<\/strong> disponible en diferentes estampados y colores<\/li>\n<\/ul>\n<h2 data-start=\"4086\" data-end=\"4126\">Otros modelos de compresas de tela<\/h2>\n<p data-start=\"3370\" data-end=\"3515\">Cada momento del ciclo menstrual es distinto, por eso en <strong data-start=\"3426\" data-end=\"3435\">n\u00fcshu<\/strong> encontrar\u00e1s diferentes modelos de compresas de tela adaptados a cada necesidad:<\/p>\n<ul>\n<li data-start=\"3519\" data-end=\"3637\"><strong data-start=\"3519\" data-end=\"3541\"><a href=\"https:\/\/www.nushu.cat\/es\/productes\/higiene-menstrual-sostenible\/compresas_de_tela\/salvaslip\/\">Salvaslip de tela:<\/a><\/strong> de absorci\u00f3n ligera, ideal para los primeros y \u00faltimos d\u00edas, uso diario o peque\u00f1as p\u00e9rdidas de orina.<\/li>\n<li data-start=\"3640\" data-end=\"3820\"><strong data-start=\"3640\" data-end=\"3661\"><a href=\"https:\/\/www.nushu.cat\/es\/productes\/higiene-menstrual-sostenible\/compresas_de_tela\/dia\/\">Compresas de dia:<\/a><\/strong> de absorci\u00f3n mediana o fuerte. Los modelos<strong data-start=\"3701\" data-end=\"3706\"><a href=\"https:\/\/www.nushu.cat\/es\/producto\/m\/\"> M<\/a><\/strong> y <strong data-start=\"3709\" data-end=\"3714\"><a href=\"https:\/\/www.nushu.cat\/es\/producto\/l\/\">L <\/a><\/strong>se adaptan a reglas poco abundantes o sangrados m\u00e1s intensos, y tambi\u00e9n a p\u00e9rdidas de orina moderadas o severas.<\/li>\n<li data-start=\"3823\" data-end=\"3984\"><a href=\"https:\/\/www.nushu.cat\/es\/productes\/higiene-menstrual-sostenible\/compresas_de_tela\/noche\/\"><strong data-start=\"3823\" data-end=\"3844\">Compresas de noche: <\/strong><\/a>con absorci\u00f3n muy fuerte y dise\u00f1o m\u00e1s largo por detr\u00e1s, perfectas para dormir con tranquilidad. Disponibles en tallas <a href=\"https:\/\/www.nushu.cat\/es\/producto\/xl\/\"> <strong data-start=\"3965\" data-end=\"3971\">XL<\/strong> y<\/a> <a href=\"https:\/\/www.nushu.cat\/es\/producto\/xxl\/\"><strong data-start=\"3974\" data-end=\"3981\">XXL<\/strong> <\/a>.<\/li>\n<li data-start=\"3987\" data-end=\"4130\"><strong data-start=\"3987\" data-end=\"4014\"><a href=\"https:\/\/www.nushu.cat\/es\/productes\/higiene-menstrual-sostenible\/compresas_de_tela\/grandes\/\">Compresas grandes algod\u00f3n<\/a><\/strong> o <strong data-start=\"4017\" data-end=\"4047\"><a href=\"https:\/\/www.nushu.cat\/es\/productes\/higiene-menstrual-sostenible\/compresas_de_tela\/postparto\/\">compresas para el postparto:<\/a><\/strong> para sangrados muy abundantes, con m\u00e1xima capacidad de absorci\u00f3n y cobertura extra.<\/li>\n<\/ul>\n<p data-start=\"4132\" data-end=\"4287\">\u00a1Te invito a que te <strong data-start=\"4147\" data-end=\"4192\"><a href=\"https:\/\/www.nushu.cat\/wp-content\/uploads\/2024\/02\/nushu-diagrama_vat-1.pdf\">descargues este diagrama menstrual<\/a><\/strong> y empieces a ponerlo en pr\u00e1ctica! \u00a1Es una herramienta que si la sabes utilizar te ser\u00e1 muy valiosa!<\/p>\n","protected":false},"excerpt":{"rendered":"<ul>\n<li data-start=\"625\" data-end=\"719\"><strong data-start=\"625\" data-end=\"678\">Compresa de tela s\u00faper larga y ancha por detr\u00e1s<\/strong> y con<strong data-start=\"685\" data-end=\"716\"> capacidad de absorci\u00f3n m\u00e1xima.<\/strong><\/li>\n<li data-start=\"722\" data-end=\"810\">Su <strong data-start=\"730\" data-end=\"742\">tama\u00f1o 4XL<\/strong> ofrece una cobertura excepcional sin renunciar a la comodidad.<\/li>\n<li data-start=\"813\" data-end=\"887\">Hecha a mano en Espa\u00f1a con algod\u00f3n ecol\u00f3gico y materiales certificados OEKO-TEX\u00ae.<\/li>\n<li data-start=\"890\" data-end=\"948\"><strong data-start=\"890\" data-end=\"914\">Medidas:<\/strong> 38 \u00d7 20 cm aprox.<\/li>\n<\/ul>\n","protected":false},"featured_media":268477,"template":"","meta":{"_acf_changed":false},"product_brand":[],"product_cat":[224,840,837,207],"product_tag":[],"class_list":{"0":"post-9141","1":"product","2":"type-product","3":"status-publish","4":"has-post-thumbnail","6":"product_cat-compresas_de_tela","7":"product_cat-grandes","8":"product_cat-postparto","9":"product_cat-higiene-menstrual-sostenible","11":"first","12":"instock","13":"taxable","14":"shipping-taxable","15":"purchasable","16":"product-type-variable"},"acf":[],"yoast_head":"<!-- This site is optimized with the Yoast SEO plugin v27.4 - https:\/\/yoast.com\/product\/yoast-seo-wordpress\/ -->\n<title>Compresa de tela muy grande reutilizable de alta absorci\u00f3n - n\u00fcshu<\/title>\n<meta name=\"description\" content=\"Compresa de tela reutilizable de absorci\u00f3n m\u00e1xima, hecha en Espa\u00f1a con algod\u00f3n certificado OEKO-TEX\u00ae. Perfecta para flujos muy abundantes o necesidades especiales.Compresa de tela reutilitzable molt gran, feta a Espanya amb cot\u00f3 certificat OEKO-TEX\u00ae. Perfecta per a fluxos molt abundants o necessitats especials.\" \/>\n<meta name=\"robots\" content=\"index, follow, max-snippet:-1, max-image-preview:large, max-video-preview:-1\" \/>\n<link rel=\"canonical\" href=\"https:\/\/www.nushu.cat\/es\/producto\/compresa-de-tela-4xl\/\" \/>\n<meta property=\"og:locale\" content=\"es_ES\" \/>\n<meta property=\"og:type\" content=\"article\" \/>\n<meta property=\"og:title\" content=\"Compresa de tela muy grande reutilizable de alta absorci\u00f3n - n\u00fcshu\" \/>\n<meta property=\"og:description\" content=\"Compresa de tela reutilizable de absorci\u00f3n m\u00e1xima, hecha en Espa\u00f1a con algod\u00f3n certificado OEKO-TEX\u00ae. Perfecta para flujos muy abundantes o necesidades especiales.Compresa de tela reutilitzable molt gran, feta a Espanya amb cot\u00f3 certificat OEKO-TEX\u00ae. Perfecta per a fluxos molt abundants o necessitats especials.\" \/>\n<meta property=\"og:url\" content=\"https:\/\/www.nushu.cat\/es\/producto\/compresa-de-tela-4xl\/\" \/>\n<meta property=\"og:site_name\" content=\"n\u00fcshu\" \/>\n<meta property=\"article:publisher\" content=\"https:\/\/www.facebook.com\/nushu.artesania\/\" \/>\n<meta property=\"article:modified_time\" content=\"2026-01-13T19:42:33+00:00\" \/>\n<meta property=\"og:image\" content=\"https:\/\/www.nushu.cat\/wp-content\/uploads\/2021\/02\/compresa-tela-muy-grande.webp\" \/>\n\t<meta property=\"og:image:width\" content=\"1000\" \/>\n\t<meta property=\"og:image:height\" content=\"1000\" \/>\n\t<meta property=\"og:image:type\" content=\"image\/webp\" \/>\n<meta name=\"twitter:card\" content=\"summary_large_image\" \/>\n<meta name=\"twitter:label1\" content=\"Tiempo de lectura\" \/>\n\t<meta name=\"twitter:data1\" content=\"7 minutos\" \/>\n<!-- \/ Yoast SEO plugin. -->","yoast_head_json":{"title":"Compresa de tela muy grande reutilizable de alta absorci\u00f3n - n\u00fcshu","description":"Compresa de tela reutilizable de absorci\u00f3n m\u00e1xima, hecha en Espa\u00f1a con algod\u00f3n certificado OEKO-TEX\u00ae. Perfecta para flujos muy abundantes o necesidades especiales.Compresa de tela reutilitzable molt gran, feta a Espanya amb cot\u00f3 certificat OEKO-TEX\u00ae. Perfecta per a fluxos molt abundants o necessitats especials.","robots":{"index":"index","follow":"follow","max-snippet":"max-snippet:-1","max-image-preview":"max-image-preview:large","max-video-preview":"max-video-preview:-1"},"canonical":"https:\/\/www.nushu.cat\/es\/producto\/compresa-de-tela-4xl\/","og_locale":"es_ES","og_type":"article","og_title":"Compresa de tela muy grande reutilizable de alta absorci\u00f3n - n\u00fcshu","og_description":"Compresa de tela reutilizable de absorci\u00f3n m\u00e1xima, hecha en Espa\u00f1a con algod\u00f3n certificado OEKO-TEX\u00ae. Perfecta para flujos muy abundantes o necesidades especiales.Compresa de tela reutilitzable molt gran, feta a Espanya amb cot\u00f3 certificat OEKO-TEX\u00ae. Perfecta per a fluxos molt abundants o necessitats especials.","og_url":"https:\/\/www.nushu.cat\/es\/producto\/compresa-de-tela-4xl\/","og_site_name":"n\u00fcshu","article_publisher":"https:\/\/www.facebook.com\/nushu.artesania\/","article_modified_time":"2026-01-13T19:42:33+00:00","og_image":[{"width":1000,"height":1000,"url":"https:\/\/www.nushu.cat\/wp-content\/uploads\/2021\/02\/compresa-tela-muy-grande.webp","type":"image\/webp"}],"twitter_card":"summary_large_image","twitter_misc":{"Tiempo de lectura":"7 minutos"},"schema":{"@context":"https:\/\/schema.org","@graph":[{"@type":"WebPage","@id":"https:\/\/www.nushu.cat\/es\/producto\/compresa-de-tela-4xl\/","url":"https:\/\/www.nushu.cat\/es\/producto\/compresa-de-tela-4xl\/","name":"Compresa de tela muy grande reutilizable de alta absorci\u00f3n - n\u00fcshu","isPartOf":{"@id":"https:\/\/www.nushu.cat\/es\/#website"},"primaryImageOfPage":{"@id":"https:\/\/www.nushu.cat\/es\/producto\/compresa-de-tela-4xl\/#primaryimage"},"image":{"@id":"https:\/\/www.nushu.cat\/es\/producto\/compresa-de-tela-4xl\/#primaryimage"},"thumbnailUrl":"https:\/\/www.nushu.cat\/wp-content\/uploads\/2021\/02\/compresa-tela-muy-grande.webp","datePublished":"2021-02-25T15:42:24+00:00","dateModified":"2026-01-13T19:42:33+00:00","description":"Compresa de tela reutilizable de absorci\u00f3n m\u00e1xima, hecha en Espa\u00f1a con algod\u00f3n certificado OEKO-TEX\u00ae. Perfecta para flujos muy abundantes o necesidades especiales.Compresa de tela reutilitzable molt gran, feta a Espanya amb cot\u00f3 certificat OEKO-TEX\u00ae. Perfecta per a fluxos molt abundants o necessitats especials.","breadcrumb":{"@id":"https:\/\/www.nushu.cat\/es\/producto\/compresa-de-tela-4xl\/#breadcrumb"},"inLanguage":"es","potentialAction":[{"@type":"ReadAction","target":["https:\/\/www.nushu.cat\/es\/producto\/compresa-de-tela-4xl\/"]}]},{"@type":"ImageObject","inLanguage":"es","@id":"https:\/\/www.nushu.cat\/es\/producto\/compresa-de-tela-4xl\/#primaryimage","url":"https:\/\/www.nushu.cat\/wp-content\/uploads\/2021\/02\/compresa-tela-muy-grande.webp","contentUrl":"https:\/\/www.nushu.cat\/wp-content\/uploads\/2021\/02\/compresa-tela-muy-grande.webp","width":1000,"height":1000,"caption":"Compresa de tela muy grande reutilizable n\u00fcshu"},{"@type":"BreadcrumbList","@id":"https:\/\/www.nushu.cat\/es\/producto\/compresa-de-tela-4xl\/#breadcrumb","itemListElement":[{"@type":"ListItem","position":1,"name":"Inici","item":"https:\/\/www.nushu.cat\/es\/compreses-de-tela\/"},{"@type":"ListItem","position":2,"name":"Tienda","item":"https:\/\/www.nushu.cat\/es\/tienda\/"},{"@type":"ListItem","position":3,"name":"Compresa de tela muy grande"}]},{"@type":"WebSite","@id":"https:\/\/www.nushu.cat\/es\/#website","url":"https:\/\/www.nushu.cat\/es\/","name":"n\u00fcshu","description":"natural &amp; sostenible","publisher":{"@id":"https:\/\/www.nushu.cat\/es\/#organization"},"potentialAction":[{"@type":"SearchAction","target":{"@type":"EntryPoint","urlTemplate":"https:\/\/www.nushu.cat\/es\/?s={search_term_string}"},"query-input":{"@type":"PropertyValueSpecification","valueRequired":true,"valueName":"search_term_string"}}],"inLanguage":"es"},{"@type":"Organization","@id":"https:\/\/www.nushu.cat\/es\/#organization","name":"n\u00fcshu","url":"https:\/\/www.nushu.cat\/es\/","logo":{"@type":"ImageObject","inLanguage":"es","@id":"https:\/\/www.nushu.cat\/es\/#\/schema\/logo\/image\/","url":"https:\/\/www.nushu.cat\/wp-content\/uploads\/2024\/02\/nushu-share-1-1.png","contentUrl":"https:\/\/www.nushu.cat\/wp-content\/uploads\/2024\/02\/nushu-share-1-1.png","width":1080,"height":1080,"caption":"n\u00fcshu"},"image":{"@id":"https:\/\/www.nushu.cat\/es\/#\/schema\/logo\/image\/"},"sameAs":["https:\/\/www.facebook.com\/nushu.artesania\/","https:\/\/www.instagram.com\/nushu_artesania"]}]}},"jetpack_sharing_enabled":true,"_links":{"self":[{"href":"https:\/\/www.nushu.cat\/es\/wp-json\/wp\/v2\/product\/9141","targetHints":{"allow":["GET"]}}],"collection":[{"href":"https:\/\/www.nushu.cat\/es\/wp-json\/wp\/v2\/product"}],"about":[{"href":"https:\/\/www.nushu.cat\/es\/wp-json\/wp\/v2\/types\/product"}],"version-history":[{"count":5,"href":"https:\/\/www.nushu.cat\/es\/wp-json\/wp\/v2\/product\/9141\/revisions"}],"predecessor-version":[{"id":268486,"href":"https:\/\/www.nushu.cat\/es\/wp-json\/wp\/v2\/product\/9141\/revisions\/268486"}],"wp:featuredmedia":[{"embeddable":true,"href":"https:\/\/www.nushu.cat\/es\/wp-json\/wp\/v2\/media\/268477"}],"wp:attachment":[{"href":"https:\/\/www.nushu.cat\/es\/wp-json\/wp\/v2\/media?parent=9141"}],"wp:term":[{"taxonomy":"product_brand","embeddable":true,"href":"https:\/\/www.nushu.cat\/es\/wp-json\/wp\/v2\/product_brand?post=9141"},{"taxonomy":"product_cat","embeddable":true,"href":"https:\/\/www.nushu.cat\/es\/wp-json\/wp\/v2\/product_cat?post=9141"},{"taxonomy":"product_tag","embeddable":true,"href":"https:\/\/www.nushu.cat\/es\/wp-json\/wp\/v2\/product_tag?post=9141"}],"curies":[{"name":"wp","href":"https:\/\/api.w.org\/{rel}","templated":true}]}}