{"id":9338,"date":"2021-04-24T20:06:36","date_gmt":"2021-04-24T20:06:36","guid":{"rendered":"https:\/\/www.nushu.cat\/?post_type=product&#038;p=9338"},"modified":"2024-02-02T12:45:04","modified_gmt":"2024-02-02T12:45:04","slug":"colgador_de_tela","status":"publish","type":"product","link":"https:\/\/www.nushu.cat\/es\/producto\/colgador_de_tela\/","title":{"rendered":"Colgador de tela"},"content":{"rendered":"<p>Hay momentos o lugares en los que se hace complicado secar las compresas.<\/p>\n<p>Este artilugio te har\u00e1 muy sencilla y pr\u00e1ctica la t\u00e9cnica para secarlas. Ya sea en la rama de un \u00e1rbol, en la barandilla donde justo pega el sol o en el interior de casa porque justo llueve.<\/p>\n<p>Est\u00e1 elaborado con tela de algod\u00f3n 100% con certificado oeko-tex i botones de \u201cclick\u201d libres de n\u00edquel. Sus medidas son de 30x3cm i ocupa muy poquito espacio dentro del neceser o bolsita donde llevas las compresas.<\/p>\n","protected":false},"excerpt":{"rendered":"<p>Colgador de tela port\u00e1til c\u00f3modo y vers\u00e1til para secar tus compresas all\u00ed donde vayas, sin necesidad de pinzas ni tendederos. Los estampados pueden variar seg\u00fan las telas disponibles.<\/p>\n","protected":false},"featured_media":254060,"template":"","meta":{"_acf_changed":false},"product_brand":[],"product_cat":[208,207,268],"product_tag":[],"class_list":{"0":"post-9338","1":"product","2":"type-product","3":"status-publish","4":"has-post-thumbnail","6":"product_cat-complementos-menstruales","7":"product_cat-higiene-menstrual-sostenible","8":"product_cat-sostenible","10":"first","11":"instock","12":"taxable","13":"shipping-taxable","14":"purchasable","15":"product-type-variable","16":"has-default-attributes"},"acf":[],"yoast_head":"<!-- This site is optimized with the Yoast SEO plugin v27.2 - https:\/\/yoast.com\/product\/yoast-seo-wordpress\/ -->\n<title>Colgador de tela - n\u00fcshu<\/title>\n<meta name=\"robots\" content=\"index, follow, max-snippet:-1, max-image-preview:large, max-video-preview:-1\" \/>\n<link rel=\"canonical\" href=\"https:\/\/www.nushu.cat\/es\/producto\/colgador_de_tela\/\" \/>\n<meta property=\"og:locale\" content=\"es_ES\" \/>\n<meta property=\"og:type\" content=\"article\" \/>\n<meta property=\"og:title\" content=\"Colgador de tela - n\u00fcshu\" \/>\n<meta property=\"og:description\" content=\"Colgador de tela port\u00e1til c\u00f3modo y vers\u00e1til para secar tus compresas all\u00ed donde vayas, sin necesidad de pinzas ni tendederos. Los estampados pueden variar seg\u00fan las telas disponibles.\" \/>\n<meta property=\"og:url\" content=\"https:\/\/www.nushu.cat\/es\/producto\/colgador_de_tela\/\" \/>\n<meta property=\"og:site_name\" content=\"n\u00fcshu\" \/>\n<meta property=\"article:publisher\" content=\"https:\/\/www.facebook.com\/nushu.artesania\/\" \/>\n<meta property=\"article:modified_time\" content=\"2024-02-02T12:45:04+00:00\" \/>\n<meta property=\"og:image\" content=\"https:\/\/www.nushu.cat\/wp-content\/uploads\/2024\/02\/penjador-de-tela1-1.jpg\" \/>\n\t<meta property=\"og:image:width\" content=\"852\" \/>\n\t<meta property=\"og:image:height\" content=\"853\" \/>\n\t<meta property=\"og:image:type\" content=\"image\/jpeg\" \/>\n<meta name=\"twitter:card\" content=\"summary_large_image\" \/>\n<!-- \/ Yoast SEO plugin. -->","yoast_head_json":{"title":"Colgador de tela - n\u00fcshu","robots":{"index":"index","follow":"follow","max-snippet":"max-snippet:-1","max-image-preview":"max-image-preview:large","max-video-preview":"max-video-preview:-1"},"canonical":"https:\/\/www.nushu.cat\/es\/producto\/colgador_de_tela\/","og_locale":"es_ES","og_type":"article","og_title":"Colgador de tela - n\u00fcshu","og_description":"Colgador de tela port\u00e1til c\u00f3modo y vers\u00e1til para secar tus compresas all\u00ed donde vayas, sin necesidad de pinzas ni tendederos. Los estampados pueden variar seg\u00fan las telas disponibles.","og_url":"https:\/\/www.nushu.cat\/es\/producto\/colgador_de_tela\/","og_site_name":"n\u00fcshu","article_publisher":"https:\/\/www.facebook.com\/nushu.artesania\/","article_modified_time":"2024-02-02T12:45:04+00:00","og_image":[{"width":852,"height":853,"url":"https:\/\/www.nushu.cat\/wp-content\/uploads\/2024\/02\/penjador-de-tela1-1.jpg","type":"image\/jpeg"}],"twitter_card":"summary_large_image","schema":{"@context":"https:\/\/schema.org","@graph":[{"@type":"WebPage","@id":"https:\/\/www.nushu.cat\/es\/producto\/colgador_de_tela\/","url":"https:\/\/www.nushu.cat\/es\/producto\/colgador_de_tela\/","name":"Colgador de tela - n\u00fcshu","isPartOf":{"@id":"https:\/\/www.nushu.cat\/es\/#website"},"primaryImageOfPage":{"@id":"https:\/\/www.nushu.cat\/es\/producto\/colgador_de_tela\/#primaryimage"},"image":{"@id":"https:\/\/www.nushu.cat\/es\/producto\/colgador_de_tela\/#primaryimage"},"thumbnailUrl":"https:\/\/www.nushu.cat\/wp-content\/uploads\/2024\/02\/penjador-de-tela1-1.jpg","datePublished":"2021-04-24T20:06:36+00:00","dateModified":"2024-02-02T12:45:04+00:00","breadcrumb":{"@id":"https:\/\/www.nushu.cat\/es\/producto\/colgador_de_tela\/#breadcrumb"},"inLanguage":"es","potentialAction":[{"@type":"ReadAction","target":["https:\/\/www.nushu.cat\/es\/producto\/colgador_de_tela\/"]}]},{"@type":"ImageObject","inLanguage":"es","@id":"https:\/\/www.nushu.cat\/es\/producto\/colgador_de_tela\/#primaryimage","url":"https:\/\/www.nushu.cat\/wp-content\/uploads\/2024\/02\/penjador-de-tela1-1.jpg","contentUrl":"https:\/\/www.nushu.cat\/wp-content\/uploads\/2024\/02\/penjador-de-tela1-1.jpg","width":852,"height":853},{"@type":"BreadcrumbList","@id":"https:\/\/www.nushu.cat\/es\/producto\/colgador_de_tela\/#breadcrumb","itemListElement":[{"@type":"ListItem","position":1,"name":"Inici","item":"https:\/\/www.nushu.cat\/es\/compreses-de-tela\/"},{"@type":"ListItem","position":2,"name":"Tienda","item":"https:\/\/www.nushu.cat\/es\/tienda\/"},{"@type":"ListItem","position":3,"name":"Colgador de tela"}]},{"@type":"WebSite","@id":"https:\/\/www.nushu.cat\/es\/#website","url":"https:\/\/www.nushu.cat\/es\/","name":"n\u00fcshu","description":"natural &amp; sostenible","publisher":{"@id":"https:\/\/www.nushu.cat\/es\/#organization"},"potentialAction":[{"@type":"SearchAction","target":{"@type":"EntryPoint","urlTemplate":"https:\/\/www.nushu.cat\/es\/?s={search_term_string}"},"query-input":{"@type":"PropertyValueSpecification","valueRequired":true,"valueName":"search_term_string"}}],"inLanguage":"es"},{"@type":"Organization","@id":"https:\/\/www.nushu.cat\/es\/#organization","name":"n\u00fcshu","url":"https:\/\/www.nushu.cat\/es\/","logo":{"@type":"ImageObject","inLanguage":"es","@id":"https:\/\/www.nushu.cat\/es\/#\/schema\/logo\/image\/","url":"https:\/\/www.nushu.cat\/wp-content\/uploads\/2024\/02\/nushu-share-1-1.png","contentUrl":"https:\/\/www.nushu.cat\/wp-content\/uploads\/2024\/02\/nushu-share-1-1.png","width":1080,"height":1080,"caption":"n\u00fcshu"},"image":{"@id":"https:\/\/www.nushu.cat\/es\/#\/schema\/logo\/image\/"},"sameAs":["https:\/\/www.facebook.com\/nushu.artesania\/","https:\/\/www.instagram.com\/nushu_artesania"]}]}},"jetpack_sharing_enabled":true,"_links":{"self":[{"href":"https:\/\/www.nushu.cat\/es\/wp-json\/wp\/v2\/product\/9338","targetHints":{"allow":["GET"]}}],"collection":[{"href":"https:\/\/www.nushu.cat\/es\/wp-json\/wp\/v2\/product"}],"about":[{"href":"https:\/\/www.nushu.cat\/es\/wp-json\/wp\/v2\/types\/product"}],"version-history":[{"count":0,"href":"https:\/\/www.nushu.cat\/es\/wp-json\/wp\/v2\/product\/9338\/revisions"}],"wp:featuredmedia":[{"embeddable":true,"href":"https:\/\/www.nushu.cat\/es\/wp-json\/wp\/v2\/media\/254060"}],"wp:attachment":[{"href":"https:\/\/www.nushu.cat\/es\/wp-json\/wp\/v2\/media?parent=9338"}],"wp:term":[{"taxonomy":"product_brand","embeddable":true,"href":"https:\/\/www.nushu.cat\/es\/wp-json\/wp\/v2\/product_brand?post=9338"},{"taxonomy":"product_cat","embeddable":true,"href":"https:\/\/www.nushu.cat\/es\/wp-json\/wp\/v2\/product_cat?post=9338"},{"taxonomy":"product_tag","embeddable":true,"href":"https:\/\/www.nushu.cat\/es\/wp-json\/wp\/v2\/product_tag?post=9338"}],"curies":[{"name":"wp","href":"https:\/\/api.w.org\/{rel}","templated":true}]}}