{"id":12621,"date":"2022-01-22T07:41:31","date_gmt":"2022-01-22T07:41:31","guid":{"rendered":"https:\/\/www.nushu.cat\/?post_type=product&#038;p=12621"},"modified":"2025-11-12T12:25:47","modified_gmt":"2025-11-12T11:25:47","slug":"l","status":"publish","type":"product","link":"https:\/\/www.nushu.cat\/eu\/produktua\/l\/","title":{"rendered":"Eguneroko oihalezko konpresa L"},"content":{"rendered":"<p data-start=\"911\" data-end=\"1091\"><strong data-start=\"914\" data-end=\"957\">n\u00fcshu<\/strong>-ren <strong data-start=\"961\" data-end=\"970\">L eguneroko oihalezko konpresa<\/strong> berrerabilgarria odol-jario ugari duten egunetarako edo babes handiagoa behar duzunean pentsatua dago, erosotasuna galdu gabe.<\/p>\n<p data-start=\"1093\" data-end=\"1277\">Bere tamaina M konpresaren berdina da, baina xurgapen gaitasun handiagoa dauka.<br data-start=\"1176\" data-end=\"1179\">Aukera ezin hobea bihurtzen dute ordu askotan erabiltzeko, lehor eta seguru egoteko.<\/p>\n<p data-start=\"1279\" data-end=\"1409\"><strong data-start=\"1293\" data-end=\"1302\">Nikela<\/strong> gabeko klik <strong data-start=\"1317\" data-end=\"1333\">botoi baten bidez egokitzen da bragetan<\/strong>, deserosoa izan gabe euste ona bermatuz.<\/p>\n<p data-start=\"1411\" data-end=\"1643\"><strong data-start=\"1433\" data-end=\"1442\">n\u00fcshu<\/strong>-ren oihalezko konpresak Espainian egiten dira, zehazki <strong data-start=\"1518\" data-end=\"1534\">Canet de Mar<\/strong> izeneko Kataluniako kostaldeko herrian.<br \/>Banaka-banaka eginak dira <strong data-start=\"1556\" data-end=\"1594\">eskuz<\/strong>, <strong data-start=\"1599\" data-end=\"1640\">kalitatezko eta gertuko materialekin.<\/strong> <\/p>\n<p data-start=\"1645\" data-end=\"1757\">Ehungintzako material guztiek dute <strong data-start=\"1688\" data-end=\"1705\">OEKO-TEX\u00ae 100 ziurtagiria,<\/strong> substantzia kaltegarririk ez dutela bermatuz.<\/p>\n<p data-start=\"1759\" data-end=\"1875\"><strong data-start=\"1759\" data-end=\"1809\">Begetalak dira eta animalien aurkako traturik gabekoak.<\/strong> Harrituko zaitu haien xurgatzeko gaitasunak, finak izan arren.<\/p>\n<h2 data-start=\"1882\" data-end=\"1937\">L eguneroko konpresaren materialak<\/h2>\n<p data-start=\"1939\" data-end=\"2034\"><strong data-start=\"1964\" data-end=\"1973\">n\u00fcshu<\/strong>-ren oihalezko konpresak hainbat geruzaz osatuta daude, arretaz hautatuak:<\/p>\n<ul>\n<li data-start=\"2038\" data-end=\"2128\"><strong data-start=\"2038\" data-end=\"2083\">Barne-geruza (buluarekin kontaktuan):<\/strong> %100 kotoizko franela, leuna eta atsegina.<\/li>\n<li data-start=\"2131\" data-end=\"2247\"><strong data-start=\"2131\" data-end=\"2153\">Erdiko geruzak: <\/strong>%100 kotoizko hainbat geruza, hilekoaren fluxua modu uniformean eta eraginkorrean xurgatzen dutenak.<\/li>\n<li data-start=\"2250\" data-end=\"2372\"><strong data-start=\"2250\" data-end=\"2280\">Geruza iragazgaitz laminatua: <\/strong>arnasketa ahalbidetzen duen mintza, <strong data-start=\"2307\" data-end=\"2323\">ihesak saihesten<\/strong> dituena eta onddoen edo bakterioen hazkundea murrizten duena.<\/li>\n<li data-start=\"2375\" data-end=\"2529\"><strong data-start=\"2375\" data-end=\"2393\">Kanpo-geruza:<\/strong> koloretsua eta alai den kotoizko oihal estanpatua, kuleroarekin kontaktuan geratzen dena eta zure hilekoari nortasun-ukitua ematen diona.<\/li>\n<\/ul>\n<p data-start=\"2531\" data-end=\"2650\">Ehungintza guztiek dute <strong data-start=\"2573\" data-end=\"2590\">OEKO-TEX\u00ae 100 ziurtagiria<\/strong>, prozesu seguruak eta substantzia kaltegarririk gabekoak bermatuz.<\/p>\n<p data-start=\"2652\" data-end=\"2790\"><strong data-start=\"2664\" data-end=\"2707\">Gogoratu bi aldeetatik ezin dela erabili<\/strong>: franelazko alde leuna eta leuna da azalean jartzen dena.<\/p>\n<h2 data-start=\"2797\" data-end=\"2852\">Nola garbitu oihalezko konpresa berrerabilgarriak<\/h2>\n<p data-start=\"2854\" data-end=\"3012\">Zure hilekoan, <strong data-start=\"2898\" data-end=\"2913\">ur hotzeko ontzi batean<\/strong> utz dezakezu konpresa, erabileraren ondoren odola ehunetik askatzeko.<\/p>\n<p data-start=\"3014\" data-end=\"3107\"><strong data-start=\"3035\" data-end=\"3067\">Tea tree olio esentzialaren<\/strong> tanta batzuk gehitzeak bakterioak eta onddoak saihesten lagun dezake.<\/p>\n<p data-start=\"3109\" data-end=\"3119\">Ondoren:<\/p>\n<ol>\n<li data-start=\"3123\" data-end=\"3186\">Garbitu eskuz<strong data-start=\"3138\" data-end=\"3153\"><a href=\"https:\/\/www.nushu.cat\/eu\/produktua\/xaboia-iraunkorraren\/\"> xaboi neutroarekin <\/a><\/strong>edo garbigailuan (gehienez 30 \u00b0C).<\/li>\n<li data-start=\"3190\" data-end=\"3229\">Ez erabili lehorgailurik ez plantxarik.<\/li>\n<li data-start=\"3233\" data-end=\"3283\"><strong data-start=\"3233\" data-end=\"3245\">Zintzilikatu<\/strong> airean eta ez gorde heze dagoenean.<\/li>\n<li data-start=\"3287\" data-end=\"3375\">Zailak diren orbanetarako, erabili <strong data-start=\"3324\" data-end=\"3345\">eguzkiaren izpiak<\/strong> edo <strong data-start=\"3351\" data-end=\"3372\"><a href=\"https:\/\/www.nushu.cat\/producte\/precarbonat\/\">sodio perkarbonatoa.<\/a><\/strong><\/li>\n<\/ol>\n<p data-start=\"3377\" data-end=\"3516\">Zaintza hauekin, zure oihalezko konpresak <strong data-start=\"3445\" data-end=\"3462\">3 urte baino gehiagoz lagunduko dizute<\/strong>, beren xurgapen- eta leuntasun-gaitasuna mantenduz.<\/p>\n<h2 data-start=\"3523\" data-end=\"3562\">L eguneroko konpresaren xehetasunak<\/h2>\n<ul>\n<li data-start=\"3566\" data-end=\"3621\"><strong data-start=\"3566\" data-end=\"3587\">Xurgapen mota:<\/strong> handia (hilekoaren fluxu ugaria)<\/li>\n<li data-start=\"3624\" data-end=\"3646\"><strong data-start=\"3624\" data-end=\"3634\">Neurriak:<\/strong> 21 x 7 cm<\/li>\n<li data-start=\"3649\" data-end=\"3680\"><strong data-start=\"3649\" data-end=\"3664\">Ziurtagiria:<\/strong> OEKO-TEX\u00ae 100<\/li>\n<li data-start=\"3683\" data-end=\"3736\"><strong data-start=\"3683\" data-end=\"3706\">Ekoizpen lekua:<\/strong> Canet de Mar-en egina, Espainia<\/li>\n<li data-start=\"3739\" data-end=\"3795\"><strong data-start=\"3739\" data-end=\"3750\">Ereduak:<\/strong> estanpatu eta kolore askotan eskuragarri<\/li>\n<\/ul>\n<h2>Oihalezko bestelako konpresa ereduak<\/h2>\n<p data-start=\"3370\" data-end=\"3515\">Hilekoaren une bakoitza desberdina da; horregatik, <strong data-start=\"3426\" data-end=\"3435\">n\u00fcshu<\/strong>-n behar bakoitzera egokitutako oihalezko konpresa modelo ugari aurkituko dituzu:<\/p>\n<ul>\n<li data-start=\"3519\" data-end=\"3637\"><strong data-start=\"3519\" data-end=\"3541\"><a href=\"https:\/\/www.nushu.cat\/eu\/productes\/hileroko-higienea-iraunkorraren\/konpresa\/salvaslip-eu\/\">Oihalezko salvaslip-a:<\/a><\/strong> xurgapen arina, lehen eta azken egunetarako, eguneroko erabilerarako edo gernu-galeratxoetarako egokia.<\/li>\n<li data-start=\"3640\" data-end=\"3820\"><strong data-start=\"3640\" data-end=\"3661\"><a href=\"https:\/\/www.nushu.cat\/eu\/productes\/hileroko-higienea-iraunkorraren\/konpresa\/eguneko\/\">Eguneko konpresak:<\/a><\/strong> xurgapen ertaina edo handia.<a href=\"https:\/\/www.nushu.cat\/eu\/produktua\/m\/\"> <strong data-start=\"3701\" data-end=\"3706\">M<\/strong> eta <\/a><a href=\"https:\/\/www.nushu.cat\/eu\/produktua\/l\/\">L <\/a>modeloak egokitzen dira odol-jario arinetara edo handiagoetara, baita gernu-galera ertain edo handietara ere. <\/li>\n<li data-start=\"3823\" data-end=\"3984\"><strong data-start=\"3823\" data-end=\"3844\"><a href=\"https:\/\/www.nushu.cat\/eu\/productes\/hileroko-higienea-iraunkorraren\/konpresa\/gaueko\/\">Gaueko konpresak: <\/a><\/strong>xurgapen oso handikoa eta atzeko aldean luzeagoa; lasai lo egiteko aproposak. <strong data-start=\"3965\" data-end=\"3971\"><a href=\"https:\/\/www.nushu.cat\/eu\/produktua\/xl\/\">XL<\/a><\/strong> eta <a href=\"https:\/\/www.nushu.cat\/eu\/produktua\/xxl\/\"><strong data-start=\"3974\" data-end=\"3981\">XXL<\/strong><\/a> neurritan eskuragarri. <\/li>\n<li data-start=\"3987\" data-end=\"4130\"><strong data-start=\"3987\" data-end=\"4014\"><a href=\"https:\/\/www.nushu.cat\/eu\/productes\/hileroko-higienea-iraunkorraren\/konpresa\/handiak\/\">Kotoizko konpresa handiak<\/a><\/strong> edo <strong data-start=\"4017\" data-end=\"4047\"><a href=\"https:\/\/www.nushu.cat\/eu\/productes\/hileroko-higienea-iraunkorraren\/konpresa\/erditze-ondoko\/\">erditu ondorengoak<\/a><\/strong>: odol-jario oso handietarako, xurgatze-ahalmen eta estaldura gehigarriarekin.<\/li>\n<\/ul>\n<p data-start=\"4132\" data-end=\"4287\">Gonbidatzen zaitut <strong data-start=\"4147\" data-end=\"4192\"><a href=\"https:\/\/www.nushu.cat\/wp-content\/uploads\/2024\/02\/nushu-diagrama_vat-1.pdf\">hilekoaren diagrama hau deskargatzera <\/a><\/strong>eta praktikan jartzera! Behin erabiltzen ikasita, oso tresna baliotsua izango zaizu! <\/p>\n","protected":false},"excerpt":{"rendered":"<ul>\n<li data-start=\"564\" data-end=\"667\">Xurgapen handiko oihalezko <strong data-start=\"597\" data-end=\"615\">konpresa berrerabilgarria<\/strong>, fluxu ugaria duten hileko egunetarako pentsatua.<\/li>\n<li data-start=\"670\" data-end=\"733\"><strong data-start=\"676\" data-end=\"710\"><a href=\"https:\/\/www.nushu.cat\/eu\/produktua\/m\/\">M konpresaren tamaina berekoa<\/a><\/strong>, baina xurgatze handiagoarekin.<\/li>\n<li data-start=\"736\" data-end=\"807\"><strong data-start=\"752\" data-end=\"766\">Odol-jario handiagoa <\/strong>dagoen egunetarako, edo ordu<strong data-start=\"784\" data-end=\"804\"> gehiagoz erabiltzeko.<\/strong><\/li>\n<li data-start=\"810\" data-end=\"846\"><strong data-start=\"816\" data-end=\"843\">Gernu-galeria larrietarako egokia.<\/strong><\/li>\n<li data-start=\"849\" data-end=\"876\"><strong data-start=\"849\" data-end=\"859\">Neurriak: <\/strong>21 \u00d7 7 cm gutxi gorabehera.<\/li>\n<\/ul>\n","protected":false},"featured_media":268306,"template":"","meta":{"_acf_changed":false},"product_brand":[],"product_cat":[375,848,347,349],"product_tag":[],"class_list":{"0":"post-12621","1":"product","2":"type-product","3":"status-publish","4":"has-post-thumbnail","6":"product_cat-konpresa","7":"product_cat-eguneko","8":"product_cat-hileroko-higienea-iraunkorraren","9":"product_cat-iraunkorraren","11":"first","12":"instock","13":"taxable","14":"shipping-taxable","15":"purchasable","16":"product-type-variable","17":"has-default-attributes"},"acf":[],"yoast_head":"<!-- This site is optimized with the Yoast SEO plugin v27.4 - https:\/\/yoast.com\/product\/yoast-seo-wordpress\/ -->\n<title>Eguneroko oihalezko konpresa L - n\u00fcshu<\/title>\n<meta name=\"description\" content=\"Xurgapen handiko oihalezko konpresa berrerabilgarria, fluxu ugari duten egunetarako aproposa. Espainian egina, OEKO-TEX\u00ae ziurtagiridun kotoiarekin. Bizi zure hilekoa modu jasangarrian n\u00fcshu-rekin.\" \/>\n<meta name=\"robots\" content=\"index, follow, max-snippet:-1, max-image-preview:large, max-video-preview:-1\" \/>\n<link rel=\"canonical\" href=\"https:\/\/www.nushu.cat\/eu\/produktua\/l\/\" \/>\n<meta property=\"og:locale\" content=\"eu_ES\" \/>\n<meta property=\"og:type\" content=\"article\" \/>\n<meta property=\"og:title\" content=\"Eguneroko oihalezko konpresa L - n\u00fcshu\" \/>\n<meta property=\"og:description\" content=\"Xurgapen handiko oihalezko konpresa berrerabilgarria, fluxu ugari duten egunetarako aproposa. Espainian egina, OEKO-TEX\u00ae ziurtagiridun kotoiarekin. Bizi zure hilekoa modu jasangarrian n\u00fcshu-rekin.\" \/>\n<meta property=\"og:url\" content=\"https:\/\/www.nushu.cat\/eu\/produktua\/l\/\" \/>\n<meta property=\"og:site_name\" content=\"n\u00fcshu\" \/>\n<meta property=\"article:publisher\" content=\"https:\/\/www.facebook.com\/nushu.artesania\/\" \/>\n<meta property=\"article:modified_time\" content=\"2025-11-12T11:25:47+00:00\" \/>\n<meta property=\"og:image\" content=\"https:\/\/www.nushu.cat\/wp-content\/uploads\/2022\/01\/compresa-tela-dia-l-nenufar-2.webp\" \/>\n\t<meta property=\"og:image:width\" content=\"752\" \/>\n\t<meta property=\"og:image:height\" content=\"752\" \/>\n\t<meta property=\"og:image:type\" content=\"image\/webp\" \/>\n<meta name=\"twitter:card\" content=\"summary_large_image\" \/>\n<meta name=\"twitter:label1\" content=\"Est. reading time\" \/>\n\t<meta name=\"twitter:data1\" content=\"2 minutes\" \/>\n<!-- \/ Yoast SEO plugin. -->","yoast_head_json":{"title":"Eguneroko oihalezko konpresa L - n\u00fcshu","description":"Xurgapen handiko oihalezko konpresa berrerabilgarria, fluxu ugari duten egunetarako aproposa. Espainian egina, OEKO-TEX\u00ae ziurtagiridun kotoiarekin. Bizi zure hilekoa modu jasangarrian n\u00fcshu-rekin.","robots":{"index":"index","follow":"follow","max-snippet":"max-snippet:-1","max-image-preview":"max-image-preview:large","max-video-preview":"max-video-preview:-1"},"canonical":"https:\/\/www.nushu.cat\/eu\/produktua\/l\/","og_locale":"eu_ES","og_type":"article","og_title":"Eguneroko oihalezko konpresa L - n\u00fcshu","og_description":"Xurgapen handiko oihalezko konpresa berrerabilgarria, fluxu ugari duten egunetarako aproposa. Espainian egina, OEKO-TEX\u00ae ziurtagiridun kotoiarekin. Bizi zure hilekoa modu jasangarrian n\u00fcshu-rekin.","og_url":"https:\/\/www.nushu.cat\/eu\/produktua\/l\/","og_site_name":"n\u00fcshu","article_publisher":"https:\/\/www.facebook.com\/nushu.artesania\/","article_modified_time":"2025-11-12T11:25:47+00:00","og_image":[{"width":752,"height":752,"url":"https:\/\/www.nushu.cat\/wp-content\/uploads\/2022\/01\/compresa-tela-dia-l-nenufar-2.webp","type":"image\/webp"}],"twitter_card":"summary_large_image","twitter_misc":{"Est. reading time":"2 minutes"},"schema":{"@context":"https:\/\/schema.org","@graph":[{"@type":"WebPage","@id":"https:\/\/www.nushu.cat\/eu\/produktua\/l\/","url":"https:\/\/www.nushu.cat\/eu\/produktua\/l\/","name":"Eguneroko oihalezko konpresa L - n\u00fcshu","isPartOf":{"@id":"https:\/\/www.nushu.cat\/eu\/#website"},"primaryImageOfPage":{"@id":"https:\/\/www.nushu.cat\/eu\/produktua\/l\/#primaryimage"},"image":{"@id":"https:\/\/www.nushu.cat\/eu\/produktua\/l\/#primaryimage"},"thumbnailUrl":"https:\/\/www.nushu.cat\/wp-content\/uploads\/2022\/01\/compresa-tela-dia-l-nenufar-2.webp","datePublished":"2022-01-22T07:41:31+00:00","dateModified":"2025-11-12T11:25:47+00:00","description":"Xurgapen handiko oihalezko konpresa berrerabilgarria, fluxu ugari duten egunetarako aproposa. Espainian egina, OEKO-TEX\u00ae ziurtagiridun kotoiarekin. Bizi zure hilekoa modu jasangarrian n\u00fcshu-rekin.","breadcrumb":{"@id":"https:\/\/www.nushu.cat\/eu\/produktua\/l\/#breadcrumb"},"inLanguage":"eu-ES","potentialAction":[{"@type":"ReadAction","target":["https:\/\/www.nushu.cat\/eu\/produktua\/l\/"]}]},{"@type":"ImageObject","inLanguage":"eu-ES","@id":"https:\/\/www.nushu.cat\/eu\/produktua\/l\/#primaryimage","url":"https:\/\/www.nushu.cat\/wp-content\/uploads\/2022\/01\/compresa-tela-dia-l-nenufar-2.webp","contentUrl":"https:\/\/www.nushu.cat\/wp-content\/uploads\/2022\/01\/compresa-tela-dia-l-nenufar-2.webp","width":752,"height":752,"caption":"Compresa de tela de d\u00eda L estampado Nen\u00fafar reutilizable n\u00fcshu"},{"@type":"BreadcrumbList","@id":"https:\/\/www.nushu.cat\/eu\/produktua\/l\/#breadcrumb","itemListElement":[{"@type":"ListItem","position":1,"name":"Inici","item":"https:\/\/www.nushu.cat\/eu\/oihalezko-konpresak\/"},{"@type":"ListItem","position":2,"name":"Denda","item":"https:\/\/www.nushu.cat\/eu\/denda\/"},{"@type":"ListItem","position":3,"name":"Eguneroko oihalezko konpresa L"}]},{"@type":"WebSite","@id":"https:\/\/www.nushu.cat\/eu\/#website","url":"https:\/\/www.nushu.cat\/eu\/","name":"n\u00fcshu","description":"natural &amp; sostenible","publisher":{"@id":"https:\/\/www.nushu.cat\/eu\/#organization"},"potentialAction":[{"@type":"SearchAction","target":{"@type":"EntryPoint","urlTemplate":"https:\/\/www.nushu.cat\/eu\/?s={search_term_string}"},"query-input":{"@type":"PropertyValueSpecification","valueRequired":true,"valueName":"search_term_string"}}],"inLanguage":"eu-ES"},{"@type":"Organization","@id":"https:\/\/www.nushu.cat\/eu\/#organization","name":"n\u00fcshu","url":"https:\/\/www.nushu.cat\/eu\/","logo":{"@type":"ImageObject","inLanguage":"eu-ES","@id":"https:\/\/www.nushu.cat\/eu\/#\/schema\/logo\/image\/","url":"https:\/\/www.nushu.cat\/wp-content\/uploads\/2024\/02\/nushu-share-1-1.png","contentUrl":"https:\/\/www.nushu.cat\/wp-content\/uploads\/2024\/02\/nushu-share-1-1.png","width":1080,"height":1080,"caption":"n\u00fcshu"},"image":{"@id":"https:\/\/www.nushu.cat\/eu\/#\/schema\/logo\/image\/"},"sameAs":["https:\/\/www.facebook.com\/nushu.artesania\/","https:\/\/www.instagram.com\/nushu_artesania"]}]}},"jetpack_sharing_enabled":true,"_links":{"self":[{"href":"https:\/\/www.nushu.cat\/eu\/wp-json\/wp\/v2\/product\/12621","targetHints":{"allow":["GET"]}}],"collection":[{"href":"https:\/\/www.nushu.cat\/eu\/wp-json\/wp\/v2\/product"}],"about":[{"href":"https:\/\/www.nushu.cat\/eu\/wp-json\/wp\/v2\/types\/product"}],"version-history":[{"count":2,"href":"https:\/\/www.nushu.cat\/eu\/wp-json\/wp\/v2\/product\/12621\/revisions"}],"predecessor-version":[{"id":268331,"href":"https:\/\/www.nushu.cat\/eu\/wp-json\/wp\/v2\/product\/12621\/revisions\/268331"}],"wp:featuredmedia":[{"embeddable":true,"href":"https:\/\/www.nushu.cat\/eu\/wp-json\/wp\/v2\/media\/268306"}],"wp:attachment":[{"href":"https:\/\/www.nushu.cat\/eu\/wp-json\/wp\/v2\/media?parent=12621"}],"wp:term":[{"taxonomy":"product_brand","embeddable":true,"href":"https:\/\/www.nushu.cat\/eu\/wp-json\/wp\/v2\/product_brand?post=12621"},{"taxonomy":"product_cat","embeddable":true,"href":"https:\/\/www.nushu.cat\/eu\/wp-json\/wp\/v2\/product_cat?post=12621"},{"taxonomy":"product_tag","embeddable":true,"href":"https:\/\/www.nushu.cat\/eu\/wp-json\/wp\/v2\/product_tag?post=12621"}],"curies":[{"name":"wp","href":"https:\/\/api.w.org\/{rel}","templated":true}]}}