{"id":12833,"date":"2022-01-22T18:13:56","date_gmt":"2022-01-22T18:13:56","guid":{"rendered":"https:\/\/www.nushu.cat\/?post_type=product&#038;p=12833"},"modified":"2025-10-22T13:38:41","modified_gmt":"2025-10-22T11:38:41","slug":"xs","status":"publish","type":"product","link":"https:\/\/www.nushu.cat\/eu\/produktua\/xs\/","title":{"rendered":"Kotoizko berrerabil daitekeen tanga-konpresatxoa mini XS"},"content":{"rendered":"<p data-start=\"1088\" data-end=\"1344\">Kotoizko berrerabil daitekeen <strong data-start=\"1095\" data-end=\"1138\">mini XS konpresatxo<\/strong> hau eguneroko babes arina <strong data-start=\"1169\" data-end=\"1198\">emateko diseinatuta dago<\/strong>, modu eroso eta diskretuan.<br data-start=\"1227\" data-end=\"1230\">Bildumako <strong data-start=\"1242\" data-end=\"1260\">eredurik txikiena eta meheena da<\/strong>; galtzontzilo txikiagoak erabiltzen dituztenentzat edo neska <strong data-start=\"1305\" data-end=\"1341\">gazteentzat pentsatua.<\/strong><\/p>\n<p data-start=\"1346\" data-end=\"1502\">Erraz jartzen da barruko arropan n<strong data-start=\"1401\" data-end=\"1450\">ikelerik gabeko metalezko klik-botoi txiki baten bidez<\/strong>, molestiarik gabeko euste ona bermatuz.<\/p>\n<p data-start=\"1504\" data-end=\"1637\">Ekoizpenean jartzen den kalitate eta arretari esker,<strong data-start=\"1561\" data-end=\"1587\"> iraunkorrak eta erresistenteak<\/strong> dira; <strong data-start=\"1624\" data-end=\"1634\">3 urte baino <\/strong>gehiago lagun zaitzakete.<\/p>\n<p data-start=\"1639\" data-end=\"1785\">Begetalak<strong data-start=\"1643\" data-end=\"1688\"> dira eta animalien aurkako traturik gabekoak.<\/strong> Harrituta utziko zaitu haien xurgatze-ahalmenak, tamaina txikia eta ehunaren mehetasuna gorabehera.<\/p>\n<h2 data-start=\"1792\" data-end=\"1868\">Kulots txikientzako berrerabil daitekeen mini XS konpresatxoaren materialak<\/h2>\n<p data-start=\"1870\" data-end=\"1942\"><strong data-start=\"1895\" data-end=\"1904\">n\u00fcshu<\/strong> markako oihalezko konpresak hainbat geruzaz osatuta daude:<\/p>\n<ul>\n<li data-start=\"1945\" data-end=\"2088\"><strong data-start=\"1948\" data-end=\"1981\">Bulbarekin kontaktuan<\/strong> dagoen geruza <strong data-start=\"1988\" data-end=\"2015\">%100 kotoizko franelaz <\/strong>egina da; oso ehun leuna eta atsegina, urradurarik edo molestiarik eragiten ez duena.<\/li>\n<li data-start=\"2091\" data-end=\"2215\">Barrualdean, xurgapenaren arabera, <strong data-start=\"2130\" data-end=\"2163\">%100 kotoizko<\/strong> geruza desberdinak daude, fluxua modu eraginkor eta uniformean jasotzeko.<\/li>\n<li data-start=\"2218\" data-end=\"2380\"><strong data-start=\"2222\" data-end=\"2250\">Geruza laminatu berritzaile batek <\/strong>iragazgaitasuna ematen du ihesak eta orbanak saihesteko, transpiragarritasuna mantenduz eta onddo zein bakterioen hazkundea murriztuz.<\/li>\n<li data-start=\"2383\" data-end=\"2521\">Azkenik, kanpoaldea ere <strong data-start=\"2397\" data-end=\"2414\">%100 kotoizkoa<\/strong> da eta kulotarekin kontaktuan geratzen den e<strong data-start=\"2446\" data-end=\"2483\">stanpatu koloretsu eta alaia du.<\/strong><\/li>\n<\/ul>\n<p data-start=\"2523\" data-end=\"2648\">\n<p data-start=\"2523\" data-end=\"2648\">Gogoratu ezin direla bi aldeetatik erabili. Bulbarekin kontaktuan dagoen aldea franelazko geruza da.<\/p>\n<p data-start=\"2650\" data-end=\"2781\"><strong data-start=\"2672\" data-end=\"2709\">OEKO-TEX\u00ae 100 <\/strong>ziurtagiridun ehunekin egina dago, osasunerako substantzia kaltegarririk ez dagoela egiaztatzen dutenek.<\/p>\n<h2 data-start=\"2788\" data-end=\"2851\">Nola garbitu zure berrerabil daitezkeen mini XS konpresatxoak<\/h2>\n<p data-start=\"2853\" data-end=\"3025\">Erabilera bakoitzaren ondoren, utzi<strong data-start=\"2888\" data-end=\"2914\"> ontzi bat ur hotzarekin bainugelan<\/strong> eta busti bertan konpresatxoa minutu batzuez, odola pixkanaka ehunetik askatzeko.<\/p>\n<p data-start=\"3027\" data-end=\"3137\">Uran<strong data-start=\"3052\" data-end=\"3084\"> te-zuhaitzaren olio esentzial<\/strong> tanta batzuk gehi ditzakezu; bakterioak eta onddoak saihesten laguntzen du.<\/p>\n<p data-start=\"3139\" data-end=\"3364\">Ondoren, <strong data-start=\"3148\" data-end=\"3180\">eskuz garbitu <a href=\"https:\/\/www.nushu.cat\/eu\/produktua\/xaboia-iraunkorraren\/\">xaboi neutroarekin<\/a><\/strong>, ura soberan kendu eta airean lehortu.<br data-start=\"3223\" data-end=\"3226\">Beste arropekin batera garbigailuan <strong data-start=\"3279\" data-end=\"3321\">garbi dezakezu ur hotzean (gehienez 30 \u00b0C)<\/strong>; ez erabili leungarririk, lehorgailurik ezta plantxarik ere.<\/p>\n<p data-start=\"3366\" data-end=\"3510\"><strong data-start=\"3372\" data-end=\"3393\">Orban gogorrentzat,<\/strong> erabili <strong data-start=\"3428\" data-end=\"3435\">eguzkia<\/strong> edo <strong data-start=\"3441\" data-end=\"3456\"><a href=\"https:\/\/www.nushu.cat\/eu\/produktua\/precarbonato\/\">perkarbonatoa<\/a><\/strong> bezalako metodo naturalak; ehuna kaltetu gabe sakon garbitzen dute.<\/p>\n<h2 data-start=\"3517\" data-end=\"3557\">XS tamainako konpresatxoaren xehetasunak<\/h2>\n<ul>\n<li data-start=\"3560\" data-end=\"3592\"><strong data-start=\"3560\" data-end=\"3581\">Xurgapen mota:<\/strong> arina<\/li>\n<li data-start=\"3595\" data-end=\"3619\"><strong data-start=\"3595\" data-end=\"3605\">Ereduak:<\/strong> 15,5 \u00d7 4 cm<\/li>\n<li data-start=\"3622\" data-end=\"3649\"><strong data-start=\"3622\" data-end=\"3637\">Ziurtagiria:<\/strong> OEKO-TEX\u00ae<\/li>\n<li data-start=\"3652\" data-end=\"3705\"><strong data-start=\"3652\" data-end=\"3675\">Ekoizpen lekua:<\/strong> Canet de Mar-en egina, Espainia<\/li>\n<li data-start=\"3708\" data-end=\"3764\"><strong data-start=\"3708\" data-end=\"3719\">Ereduak:<\/strong> estanpatu eta kolore askotan eskuragarri<\/li>\n<\/ul>\n<p>&nbsp;<\/p>\n<h2 data-start=\"3771\" data-end=\"3815\">Oihalezko beste konpresa modelo batzuk<\/h2>\n<p data-start=\"3817\" data-end=\"3959\">Hilekoaren une bakoitza desberdina da; horregatik, <strong data-start=\"3873\" data-end=\"3882\">n\u00fcshu<\/strong>-n behar bakoitzera egokitutako oihalezko konpresa-modeloak aurkituko dituzu:<\/p>\n<ul>\n<li data-start=\"2772\" data-end=\"2958\"><strong data-start=\"2772\" data-end=\"2794\"><a href=\"https:\/\/www.nushu.cat\/eu\/productes\/hileroko-higienea-iraunkorraren\/konpresa\/salvaslip-eu\/\">Oihalezko konpresatxoa:<\/a><\/strong> xurgapen arinekoa; egokia hilekoaren lehen eta azken egunetarako, eguneroko erabilerarako edo gernu-galera txikietarako. Tanga (T), <strong data-start=\"2910\" data-end=\"2938\"><a href=\"https:\/\/www.nushu.cat\/eu\/produktua\/t\/\">mini (XS)<\/a><\/strong> eta <strong data-start=\"2941\" data-end=\"2956\"><a href=\"https:\/\/www.nushu.cat\/eu\/produktua\/s\/\">arrunta (S) bertsioetan.<\/a><\/strong> <\/li>\n<li data-start=\"2961\" data-end=\"3137\"><strong data-start=\"2961\" data-end=\"2982\"><a href=\"https:\/\/www.nushu.cat\/eu\/productes\/hileroko-higienea-iraunkorraren\/konpresa\/eguneko\/\">Eguneko konpresak:<\/a><\/strong> xurgapen ertaina edo handia.<strong data-start=\"3022\" data-end=\"3031\"> <a href=\"https:\/\/www.nushu.cat\/eu\/produktua\/m\/\">M<\/a> eta <a href=\"https:\/\/www.nushu.cat\/eu\/produktua\/l\/\">L <\/a><\/strong>modeloak egokitzen dira odol-jario arinetara edo handiagoetara, baita gernu-galera ertain edo handietara ere. <\/li>\n<li data-start=\"3140\" data-end=\"3301\"><strong data-start=\"3140\" data-end=\"3161\"><a href=\"https:\/\/www.nushu.cat\/eu\/productes\/hileroko-higienea-iraunkorraren\/konpresa\/gaueko\/\">Gaueko konpresak: <\/a><\/strong>xurgapen oso handikoa eta atzeko aldean luzeagoa; lasai lo egiteko aproposak. <strong data-start=\"3282\" data-end=\"3288\"><a href=\"https:\/\/www.nushu.cat\/eu\/produktua\/xl\/\">XL<\/a><\/strong> eta <strong data-start=\"3291\" data-end=\"3299\"><a href=\"https:\/\/www.nushu.cat\/eu\/produktua\/xxl\/\">XXL<\/a><\/strong> neurritan eskuragarri. <\/li>\n<li data-start=\"3304\" data-end=\"3447\"><strong data-start=\"3304\" data-end=\"3331\"><a href=\"https:\/\/www.nushu.cat\/eu\/productes\/hileroko-higienea-iraunkorraren\/konpresa\/handiak\/\">Kotoizko konpresa handiak<\/a><\/strong> edo <strong data-start=\"3334\" data-end=\"3364\"><a href=\"https:\/\/www.nushu.cat\/eu\/productes\/hileroko-higienea-iraunkorraren\/konpresa\/erditze-ondoko\/\">erditu ondorengoak<\/a><\/strong>: odol-jario oso handietarako, xurgatze-ahalmen eta estaldura gehigarriarekin.<\/li>\n<\/ul>\n<p data-start=\"4644\" data-end=\"4801\">\n<p data-start=\"4644\" data-end=\"4801\">Gonbidatzen zaitut <strong data-start=\"4662\" data-end=\"4704\"><a href=\"https:\/\/www.nushu.cat\/wp-content\/uploads\/2020\/12\/nushu-diagrama_vat.pdf\">hilekoaren diagrama<\/a><\/strong> hau deskargatzera eta praktikan jartzera! Behin erabiltzen jakinda, oso tresna baliotsua izango da zuretzat.<\/p>\n","protected":false},"excerpt":{"rendered":"<ul>\n<li data-start=\"662\" data-end=\"738\">Ehunezko berrerabil daitekeen <strong data-start=\"662\" data-end=\"697\">tanga-konpresatxoa,<\/strong> xurgapen arinekoa, mini <strong data-start=\"724\" data-end=\"735\">XS tamaina.<\/strong><\/li>\n<li data-start=\"741\" data-end=\"837\">Ehunezko berrerabil daitekeen <strong data-start=\"747\" data-end=\"766\">tanga-konpresatxoa<\/strong>, xurgapen arinekoa, <strong data-start=\"793\" data-end=\"802\">mini XS tamaina.<\/strong><\/li>\n<li data-start=\"840\" data-end=\"1024\">Egun zikloaren lehen eta azken egunetarako aproposa, <strong data-start=\"912\" data-end=\"930\"><a href=\"https:\/\/www.nushu.cat\/eu\/productes\/hileroko-higienea-iraunkorraren\/copas-menstruales-y-esponjas\/\">hilekoaren kopa<\/a><\/strong>, <strong data-start=\"932\" data-end=\"953\"><a href=\"https:\/\/www.nushu.cat\/eu\/productes\/hileroko-higienea-iraunkorraren\/copas-menstruales-y-esponjas\/esponja-menstrualak\/\">hilekoaren belakia<\/a><\/strong> edo <strong data-start=\"955\" data-end=\"973\"><a href=\"https:\/\/www.nushu.cat\/eu\/?post_type=product&#038;p=264818\">menstruazio diskoa osatzeko<\/a><\/strong>, edo eguneroko erabilerarako fluxu zerbikal handia dagoenean.<\/li>\n<li data-start=\"1027\" data-end=\"1052\"><strong data-start=\"1027\" data-end=\"1037\">Neurriak:<\/strong> 15,5 \u00d7 4 cm.<\/li>\n<\/ul>\n","protected":false},"featured_media":267420,"template":"","meta":{"_acf_changed":false},"product_brand":[],"product_cat":[375,347,349,832],"product_tag":[],"class_list":{"0":"post-12833","1":"product","2":"type-product","3":"status-publish","4":"has-post-thumbnail","6":"product_cat-konpresa","7":"product_cat-hileroko-higienea-iraunkorraren","8":"product_cat-iraunkorraren","9":"product_cat-salvaslip-eu","11":"first","12":"instock","13":"taxable","14":"shipping-taxable","15":"purchasable","16":"product-type-variable","17":"has-default-attributes"},"acf":[],"yoast_head":"<!-- This site is optimized with the Yoast SEO plugin v27.4 - https:\/\/yoast.com\/product\/yoast-seo-wordpress\/ -->\n<title>Salvaslip reutilitzable de cot\u00f3 mini XS - n\u00fcshu<\/title>\n<meta name=\"description\" content=\"n\u00fcshu-ren oihalezko konpresatxorik txikiena, Bartzelonan egina OEKO-TEX\u00ae ziurtagiridun ehunarekin. Egokia kulots txikietarako, gorputz txikientzat eta fluxu arinerako.\" \/>\n<meta name=\"robots\" content=\"index, follow, max-snippet:-1, max-image-preview:large, max-video-preview:-1\" \/>\n<link rel=\"canonical\" href=\"https:\/\/www.nushu.cat\/eu\/produktua\/xs\/\" \/>\n<meta property=\"og:locale\" content=\"eu_ES\" \/>\n<meta property=\"og:type\" content=\"article\" \/>\n<meta property=\"og:title\" content=\"Salvaslip reutilitzable de cot\u00f3 mini XS - n\u00fcshu\" \/>\n<meta property=\"og:description\" content=\"n\u00fcshu-ren oihalezko konpresatxorik txikiena, Bartzelonan egina OEKO-TEX\u00ae ziurtagiridun ehunarekin. Egokia kulots txikietarako, gorputz txikientzat eta fluxu arinerako.\" \/>\n<meta property=\"og:url\" content=\"https:\/\/www.nushu.cat\/eu\/produktua\/xs\/\" \/>\n<meta property=\"og:site_name\" content=\"n\u00fcshu\" \/>\n<meta property=\"article:publisher\" content=\"https:\/\/www.facebook.com\/nushu.artesania\/\" \/>\n<meta property=\"article:modified_time\" content=\"2025-10-22T11:38:41+00:00\" \/>\n<meta property=\"og:image\" content=\"https:\/\/www.nushu.cat\/wp-content\/uploads\/2022\/01\/5-salvaslip-algodon-mini-xs-sangre.webp\" \/>\n\t<meta property=\"og:image:width\" content=\"650\" \/>\n\t<meta property=\"og:image:height\" content=\"650\" \/>\n\t<meta property=\"og:image:type\" content=\"image\/webp\" \/>\n<meta name=\"twitter:card\" content=\"summary_large_image\" \/>\n<meta name=\"twitter:label1\" content=\"Est. reading time\" \/>\n\t<meta name=\"twitter:data1\" content=\"1 minute\" \/>\n<!-- \/ Yoast SEO plugin. -->","yoast_head_json":{"title":"Salvaslip reutilitzable de cot\u00f3 mini XS - n\u00fcshu","description":"n\u00fcshu-ren oihalezko konpresatxorik txikiena, Bartzelonan egina OEKO-TEX\u00ae ziurtagiridun ehunarekin. Egokia kulots txikietarako, gorputz txikientzat eta fluxu arinerako.","robots":{"index":"index","follow":"follow","max-snippet":"max-snippet:-1","max-image-preview":"max-image-preview:large","max-video-preview":"max-video-preview:-1"},"canonical":"https:\/\/www.nushu.cat\/eu\/produktua\/xs\/","og_locale":"eu_ES","og_type":"article","og_title":"Salvaslip reutilitzable de cot\u00f3 mini XS - n\u00fcshu","og_description":"n\u00fcshu-ren oihalezko konpresatxorik txikiena, Bartzelonan egina OEKO-TEX\u00ae ziurtagiridun ehunarekin. Egokia kulots txikietarako, gorputz txikientzat eta fluxu arinerako.","og_url":"https:\/\/www.nushu.cat\/eu\/produktua\/xs\/","og_site_name":"n\u00fcshu","article_publisher":"https:\/\/www.facebook.com\/nushu.artesania\/","article_modified_time":"2025-10-22T11:38:41+00:00","og_image":[{"width":650,"height":650,"url":"https:\/\/www.nushu.cat\/wp-content\/uploads\/2022\/01\/5-salvaslip-algodon-mini-xs-sangre.webp","type":"image\/webp"}],"twitter_card":"summary_large_image","twitter_misc":{"Est. reading time":"1 minute"},"schema":{"@context":"https:\/\/schema.org","@graph":[{"@type":"WebPage","@id":"https:\/\/www.nushu.cat\/eu\/produktua\/xs\/","url":"https:\/\/www.nushu.cat\/eu\/produktua\/xs\/","name":"Salvaslip reutilitzable de cot\u00f3 mini XS - n\u00fcshu","isPartOf":{"@id":"https:\/\/www.nushu.cat\/eu\/#website"},"primaryImageOfPage":{"@id":"https:\/\/www.nushu.cat\/eu\/produktua\/xs\/#primaryimage"},"image":{"@id":"https:\/\/www.nushu.cat\/eu\/produktua\/xs\/#primaryimage"},"thumbnailUrl":"https:\/\/www.nushu.cat\/wp-content\/uploads\/2022\/01\/5-salvaslip-algodon-mini-xs-sangre.webp","datePublished":"2022-01-22T18:13:56+00:00","dateModified":"2025-10-22T11:38:41+00:00","description":"n\u00fcshu-ren oihalezko konpresatxorik txikiena, Bartzelonan egina OEKO-TEX\u00ae ziurtagiridun ehunarekin. Egokia kulots txikietarako, gorputz txikientzat eta fluxu arinerako.","breadcrumb":{"@id":"https:\/\/www.nushu.cat\/eu\/produktua\/xs\/#breadcrumb"},"inLanguage":"eu-ES","potentialAction":[{"@type":"ReadAction","target":["https:\/\/www.nushu.cat\/eu\/produktua\/xs\/"]}]},{"@type":"ImageObject","inLanguage":"eu-ES","@id":"https:\/\/www.nushu.cat\/eu\/produktua\/xs\/#primaryimage","url":"https:\/\/www.nushu.cat\/wp-content\/uploads\/2022\/01\/5-salvaslip-algodon-mini-xs-sangre.webp","contentUrl":"https:\/\/www.nushu.cat\/wp-content\/uploads\/2022\/01\/5-salvaslip-algodon-mini-xs-sangre.webp","width":650,"height":650,"caption":"Salvaslip reutilizable de algod\u00f3n mini XS modelo Sangre"},{"@type":"BreadcrumbList","@id":"https:\/\/www.nushu.cat\/eu\/produktua\/xs\/#breadcrumb","itemListElement":[{"@type":"ListItem","position":1,"name":"Inici","item":"https:\/\/www.nushu.cat\/eu\/oihalezko-konpresak\/"},{"@type":"ListItem","position":2,"name":"Denda","item":"https:\/\/www.nushu.cat\/eu\/denda\/"},{"@type":"ListItem","position":3,"name":"Kotoizko berrerabil daitekeen tanga-konpresatxoa mini XS"}]},{"@type":"WebSite","@id":"https:\/\/www.nushu.cat\/eu\/#website","url":"https:\/\/www.nushu.cat\/eu\/","name":"n\u00fcshu","description":"natural &amp; sostenible","publisher":{"@id":"https:\/\/www.nushu.cat\/eu\/#organization"},"potentialAction":[{"@type":"SearchAction","target":{"@type":"EntryPoint","urlTemplate":"https:\/\/www.nushu.cat\/eu\/?s={search_term_string}"},"query-input":{"@type":"PropertyValueSpecification","valueRequired":true,"valueName":"search_term_string"}}],"inLanguage":"eu-ES"},{"@type":"Organization","@id":"https:\/\/www.nushu.cat\/eu\/#organization","name":"n\u00fcshu","url":"https:\/\/www.nushu.cat\/eu\/","logo":{"@type":"ImageObject","inLanguage":"eu-ES","@id":"https:\/\/www.nushu.cat\/eu\/#\/schema\/logo\/image\/","url":"https:\/\/www.nushu.cat\/wp-content\/uploads\/2024\/02\/nushu-share-1-1.png","contentUrl":"https:\/\/www.nushu.cat\/wp-content\/uploads\/2024\/02\/nushu-share-1-1.png","width":1080,"height":1080,"caption":"n\u00fcshu"},"image":{"@id":"https:\/\/www.nushu.cat\/eu\/#\/schema\/logo\/image\/"},"sameAs":["https:\/\/www.facebook.com\/nushu.artesania\/","https:\/\/www.instagram.com\/nushu_artesania"]}]}},"jetpack_sharing_enabled":true,"_links":{"self":[{"href":"https:\/\/www.nushu.cat\/eu\/wp-json\/wp\/v2\/product\/12833","targetHints":{"allow":["GET"]}}],"collection":[{"href":"https:\/\/www.nushu.cat\/eu\/wp-json\/wp\/v2\/product"}],"about":[{"href":"https:\/\/www.nushu.cat\/eu\/wp-json\/wp\/v2\/types\/product"}],"version-history":[{"count":2,"href":"https:\/\/www.nushu.cat\/eu\/wp-json\/wp\/v2\/product\/12833\/revisions"}],"predecessor-version":[{"id":267466,"href":"https:\/\/www.nushu.cat\/eu\/wp-json\/wp\/v2\/product\/12833\/revisions\/267466"}],"wp:featuredmedia":[{"embeddable":true,"href":"https:\/\/www.nushu.cat\/eu\/wp-json\/wp\/v2\/media\/267420"}],"wp:attachment":[{"href":"https:\/\/www.nushu.cat\/eu\/wp-json\/wp\/v2\/media?parent=12833"}],"wp:term":[{"taxonomy":"product_brand","embeddable":true,"href":"https:\/\/www.nushu.cat\/eu\/wp-json\/wp\/v2\/product_brand?post=12833"},{"taxonomy":"product_cat","embeddable":true,"href":"https:\/\/www.nushu.cat\/eu\/wp-json\/wp\/v2\/product_cat?post=12833"},{"taxonomy":"product_tag","embeddable":true,"href":"https:\/\/www.nushu.cat\/eu\/wp-json\/wp\/v2\/product_tag?post=12833"}],"curies":[{"name":"wp","href":"https:\/\/api.w.org\/{rel}","templated":true}]}}