{"id":16579,"date":"2022-07-31T14:11:04","date_gmt":"2022-07-31T14:11:04","guid":{"rendered":"https:\/\/www.nushu.cat\/?post_type=product&#038;p=16579"},"modified":"2024-02-02T19:37:59","modified_gmt":"2024-02-02T19:37:59","slug":"titiburuak-jabon","status":"publish","type":"product","link":"https:\/\/www.nushu.cat\/eu\/produktua\/titiburuak-jabon\/","title":{"rendered":"Titiburuak + Jab\u00f3n de leche materna"},"content":{"rendered":"<p>&#8216;-La leche materna no s\u00f3lo sirve de alimento. Tambi\u00e9n va genial para la piel: para curar heridas, cord\u00f3n umbilical, granitos, conjuntivitis, estr\u00edas del embarazo&#8230;<br \/>\nAdem\u00e1s, \u00a1es el m\u00e9todo m\u00e1s sostenible de alimentaci\u00f3n por reci\u00e9n nacidos m\u00e1s sostenible!<\/p>\n<p>Aqu\u00ed tienes todo lo que necesitas para poder hacer unos jabones de leche materna. Bien, todo menos la leche, \u00e9sta la pones t\u00fa. Salen 4 unidades, y tienes la base del jab\u00f3n, los moldes y las instrucciones.<\/p>\n<p>-Produktu hau 7&#215;15 zmtakoa da, eta bularraldean jartzen da bularretakoaren edo kamisetaren barruan, arropa zikindu ez dadin.<br \/>\nBularrarekin kontaktuan dagoen geruza% 100eko kotoizko toallaz ehundua da.<br \/>\nBarnealdeko ehun laminatuari esker, iragazgaiztasuna ematen dio, baina baita transpiragarritasuna ere, eta honek onddoak, kandidak eta beste bakterio batzuk ez ugaritzen laguntzen digu.<br \/>\nBizi ezazu edoskitzearen fase magikoa erosotasun osoz eta modu jasangarrian.<br \/>\nGarbitu eskuz edo garbigailuan 30 \u00baC-tik behera, barrualdeko geruza iragazgaitza ez kaltetzeko.<\/p>\n<p>Produktu honen ehun guztiek Oeko Tex \u00ae 100 ziurtagiria daramate, ehunetan eta produktua fabrikatzeko faseetan substantzia kaltegarririk ez dagoela egiaztatzen duena.<br \/>\nBeganoak dira eta ez dute animaliei tratu txarrik ematen.<br \/>\nGuztiz artisaua eta bakarra denez, jasotzen duzun produktuak irudiaren aldean aldaketa txikiak izan ditzake.<\/p>\n","protected":false},"excerpt":{"rendered":"<p>Pack formado por:<br \/>\n-2 pares de discos absorbentes, impermeables y transpirables para recoger el exceso de leche durante la lactancia.<br \/>\n-Kit con todo lo que necesitas para realizar tu propio jab\u00f3n de leche materna.<\/p>\n","protected":false},"featured_media":266663,"template":"","meta":{"_acf_changed":false},"product_brand":[],"product_cat":[385,354,349],"product_tag":[],"class_list":{"0":"post-16579","1":"product","2":"type-product","3":"status-publish","4":"has-post-thumbnail","6":"product_cat-amatasun-haur-berriaren-paketeak","7":"product_cat-amatasuna-eta-itxaropena","8":"product_cat-iraunkorraren","10":"first","11":"instock","12":"taxable","13":"shipping-taxable","14":"purchasable","15":"product-type-variable","16":"has-default-attributes"},"acf":[],"yoast_head":"<!-- This site is optimized with the Yoast SEO plugin v27.2 - https:\/\/yoast.com\/product\/yoast-seo-wordpress\/ -->\n<title>Titiburuak + Jab\u00f3n de leche materna - n\u00fcshu<\/title>\n<meta name=\"robots\" content=\"index, follow, max-snippet:-1, max-image-preview:large, max-video-preview:-1\" \/>\n<link rel=\"canonical\" href=\"https:\/\/www.nushu.cat\/eu\/produktua\/titiburuak-jabon\/\" \/>\n<meta property=\"og:locale\" content=\"eu_ES\" \/>\n<meta property=\"og:type\" content=\"article\" \/>\n<meta property=\"og:title\" content=\"Titiburuak + Jab\u00f3n de leche materna - n\u00fcshu\" \/>\n<meta property=\"og:description\" content=\"Pack formado por: -2 pares de discos absorbentes, impermeables y transpirables para recoger el exceso de leche durante la lactancia. -Kit con todo lo que necesitas para realizar tu propio jab\u00f3n de leche materna.\" \/>\n<meta property=\"og:url\" content=\"https:\/\/www.nushu.cat\/eu\/produktua\/titiburuak-jabon\/\" \/>\n<meta property=\"og:site_name\" content=\"n\u00fcshu\" \/>\n<meta property=\"article:publisher\" content=\"https:\/\/www.facebook.com\/nushu.artesania\/\" \/>\n<meta property=\"article:modified_time\" content=\"2024-02-02T19:37:59+00:00\" \/>\n<meta property=\"og:image\" content=\"https:\/\/www.nushu.cat\/wp-content\/uploads\/2024\/02\/2-.png\" \/>\n\t<meta property=\"og:image:width\" content=\"500\" \/>\n\t<meta property=\"og:image:height\" content=\"500\" \/>\n\t<meta property=\"og:image:type\" content=\"image\/png\" \/>\n<meta name=\"twitter:card\" content=\"summary_large_image\" \/>\n<meta name=\"twitter:label1\" content=\"Est. reading time\" \/>\n\t<meta name=\"twitter:data1\" content=\"1 minute\" \/>\n<!-- \/ Yoast SEO plugin. -->","yoast_head_json":{"title":"Titiburuak + Jab\u00f3n de leche materna - n\u00fcshu","robots":{"index":"index","follow":"follow","max-snippet":"max-snippet:-1","max-image-preview":"max-image-preview:large","max-video-preview":"max-video-preview:-1"},"canonical":"https:\/\/www.nushu.cat\/eu\/produktua\/titiburuak-jabon\/","og_locale":"eu_ES","og_type":"article","og_title":"Titiburuak + Jab\u00f3n de leche materna - n\u00fcshu","og_description":"Pack formado por: -2 pares de discos absorbentes, impermeables y transpirables para recoger el exceso de leche durante la lactancia. -Kit con todo lo que necesitas para realizar tu propio jab\u00f3n de leche materna.","og_url":"https:\/\/www.nushu.cat\/eu\/produktua\/titiburuak-jabon\/","og_site_name":"n\u00fcshu","article_publisher":"https:\/\/www.facebook.com\/nushu.artesania\/","article_modified_time":"2024-02-02T19:37:59+00:00","og_image":[{"width":500,"height":500,"url":"https:\/\/www.nushu.cat\/wp-content\/uploads\/2024\/02\/2-.png","type":"image\/png"}],"twitter_card":"summary_large_image","twitter_misc":{"Est. reading time":"1 minute"},"schema":{"@context":"https:\/\/schema.org","@graph":[{"@type":"WebPage","@id":"https:\/\/www.nushu.cat\/eu\/produktua\/titiburuak-jabon\/","url":"https:\/\/www.nushu.cat\/eu\/produktua\/titiburuak-jabon\/","name":"Titiburuak + Jab\u00f3n de leche materna - n\u00fcshu","isPartOf":{"@id":"https:\/\/www.nushu.cat\/eu\/#website"},"primaryImageOfPage":{"@id":"https:\/\/www.nushu.cat\/eu\/produktua\/titiburuak-jabon\/#primaryimage"},"image":{"@id":"https:\/\/www.nushu.cat\/eu\/produktua\/titiburuak-jabon\/#primaryimage"},"thumbnailUrl":"https:\/\/www.nushu.cat\/wp-content\/uploads\/2024\/02\/kit-lactancia-4.png","datePublished":"2022-07-31T14:11:04+00:00","dateModified":"2024-02-02T19:37:59+00:00","breadcrumb":{"@id":"https:\/\/www.nushu.cat\/eu\/produktua\/titiburuak-jabon\/#breadcrumb"},"inLanguage":"eu-ES","potentialAction":[{"@type":"ReadAction","target":["https:\/\/www.nushu.cat\/eu\/produktua\/titiburuak-jabon\/"]}]},{"@type":"ImageObject","inLanguage":"eu-ES","@id":"https:\/\/www.nushu.cat\/eu\/produktua\/titiburuak-jabon\/#primaryimage","url":"https:\/\/www.nushu.cat\/wp-content\/uploads\/2024\/02\/kit-lactancia-4.png","contentUrl":"https:\/\/www.nushu.cat\/wp-content\/uploads\/2024\/02\/kit-lactancia-4.png","width":2048,"height":2048},{"@type":"BreadcrumbList","@id":"https:\/\/www.nushu.cat\/eu\/produktua\/titiburuak-jabon\/#breadcrumb","itemListElement":[{"@type":"ListItem","position":1,"name":"Inici","item":"https:\/\/www.nushu.cat\/eu\/"},{"@type":"ListItem","position":2,"name":"Denda","item":"https:\/\/www.nushu.cat\/eu\/denda\/"},{"@type":"ListItem","position":3,"name":"Titiburuak + Jab\u00f3n de leche materna"}]},{"@type":"WebSite","@id":"https:\/\/www.nushu.cat\/eu\/#website","url":"https:\/\/www.nushu.cat\/eu\/","name":"n\u00fcshu","description":"natural &amp; sostenible","publisher":{"@id":"https:\/\/www.nushu.cat\/eu\/#organization"},"potentialAction":[{"@type":"SearchAction","target":{"@type":"EntryPoint","urlTemplate":"https:\/\/www.nushu.cat\/eu\/?s={search_term_string}"},"query-input":{"@type":"PropertyValueSpecification","valueRequired":true,"valueName":"search_term_string"}}],"inLanguage":"eu-ES"},{"@type":"Organization","@id":"https:\/\/www.nushu.cat\/eu\/#organization","name":"n\u00fcshu","url":"https:\/\/www.nushu.cat\/eu\/","logo":{"@type":"ImageObject","inLanguage":"eu-ES","@id":"https:\/\/www.nushu.cat\/eu\/#\/schema\/logo\/image\/","url":"https:\/\/www.nushu.cat\/wp-content\/uploads\/2024\/02\/nushu-share-1-1.png","contentUrl":"https:\/\/www.nushu.cat\/wp-content\/uploads\/2024\/02\/nushu-share-1-1.png","width":1080,"height":1080,"caption":"n\u00fcshu"},"image":{"@id":"https:\/\/www.nushu.cat\/eu\/#\/schema\/logo\/image\/"},"sameAs":["https:\/\/www.facebook.com\/nushu.artesania\/","https:\/\/www.instagram.com\/nushu_artesania"]}]}},"jetpack_sharing_enabled":true,"_links":{"self":[{"href":"https:\/\/www.nushu.cat\/eu\/wp-json\/wp\/v2\/product\/16579","targetHints":{"allow":["GET"]}}],"collection":[{"href":"https:\/\/www.nushu.cat\/eu\/wp-json\/wp\/v2\/product"}],"about":[{"href":"https:\/\/www.nushu.cat\/eu\/wp-json\/wp\/v2\/types\/product"}],"version-history":[{"count":0,"href":"https:\/\/www.nushu.cat\/eu\/wp-json\/wp\/v2\/product\/16579\/revisions"}],"wp:featuredmedia":[{"embeddable":true,"href":"https:\/\/www.nushu.cat\/eu\/wp-json\/wp\/v2\/media\/266663"}],"wp:attachment":[{"href":"https:\/\/www.nushu.cat\/eu\/wp-json\/wp\/v2\/media?parent=16579"}],"wp:term":[{"taxonomy":"product_brand","embeddable":true,"href":"https:\/\/www.nushu.cat\/eu\/wp-json\/wp\/v2\/product_brand?post=16579"},{"taxonomy":"product_cat","embeddable":true,"href":"https:\/\/www.nushu.cat\/eu\/wp-json\/wp\/v2\/product_cat?post=16579"},{"taxonomy":"product_tag","embeddable":true,"href":"https:\/\/www.nushu.cat\/eu\/wp-json\/wp\/v2\/product_tag?post=16579"}],"curies":[{"name":"wp","href":"https:\/\/api.w.org\/{rel}","templated":true}]}}