{"id":20966,"date":"2023-03-01T12:22:46","date_gmt":"2023-03-01T12:22:46","guid":{"rendered":"https:\/\/www.nushu.cat\/?post_type=product&#038;p=20966"},"modified":"2025-03-06T23:06:40","modified_gmt":"2025-03-06T22:06:40","slug":"argila-blanca","status":"publish","type":"product","link":"https:\/\/www.nushu.cat\/eu\/produktua\/argila-blanca\/","title":{"rendered":"Argila blanca"},"content":{"rendered":"<p><span style=\"font-weight: 400;\">La argila blanca, que tamb\u00e9 es pot anomenar caol\u00edn, es la m\u00e9s pura de totes les Argiles. Per aix\u00f2 s\u2019aconsella per a infants i recent nascuts<br \/>\n<\/span>T\u00e9 infinitat de propietats i usos, permetent-nos eliminar un munt de productes cosm\u00e8tics i de neteja corporal. Aix\u00ed eliminen productes qu\u00edmics que estan en contacte amb la nostra pell, i els envasos corresponents.<\/p>\n","protected":false},"excerpt":{"rendered":"<p>Argila blanca per a la cura natural de la pell.<br \/>\nPot de vidre amb tap de suro.<br \/>\nInclou fullet\u00f3 amb\u00a0 tots els usos.<\/p>\n","protected":false},"featured_media":20967,"template":"","meta":{"_acf_changed":false},"product_brand":[],"product_cat":[49,48,41,39,34],"product_tag":[],"class_list":{"0":"post-20966","1":"product","2":"type-product","3":"status-publish","4":"has-post-thumbnail","6":"product_cat-higiene-facial-sostenible","7":"product_cat-higiene-del-nado","8":"product_cat-llar-sostenible","9":"product_cat-maternitat-i-crianca","10":"product_cat-sostenible","12":"first","13":"instock","14":"taxable","15":"shipping-taxable","16":"purchasable","17":"product-type-simple"},"acf":[],"yoast_head":"<!-- This site is optimized with the Yoast SEO plugin v27.2 - https:\/\/yoast.com\/product\/yoast-seo-wordpress\/ -->\n<title>Argila blanca reutilitzables - n\u00fcshu<\/title>\n<meta name=\"robots\" content=\"index, follow, max-snippet:-1, max-image-preview:large, max-video-preview:-1\" \/>\n<link rel=\"canonical\" href=\"https:\/\/www.nushu.cat\/eu\/produktua\/argila-blanca\/\" \/>\n<meta property=\"og:locale\" content=\"eu_ES\" \/>\n<meta property=\"og:type\" content=\"article\" \/>\n<meta property=\"og:title\" content=\"Argila blanca reutilitzables - n\u00fcshu\" \/>\n<meta property=\"og:description\" content=\"Argila blanca per a la cura natural de la pell. Pot de vidre amb tap de suro. Inclou fullet\u00f3 amb\u00a0 tots els usos.\" \/>\n<meta property=\"og:url\" content=\"https:\/\/www.nushu.cat\/eu\/produktua\/argila-blanca\/\" \/>\n<meta property=\"og:site_name\" content=\"n\u00fcshu\" \/>\n<meta property=\"article:publisher\" content=\"https:\/\/www.facebook.com\/nushu.artesania\/\" \/>\n<meta property=\"article:modified_time\" content=\"2025-03-06T22:06:40+00:00\" \/>\n<meta property=\"og:image\" content=\"https:\/\/www.nushu.cat\/wp-content\/uploads\/2024\/02\/img_3368.jpeg\" \/>\n\t<meta property=\"og:image:width\" content=\"1920\" \/>\n\t<meta property=\"og:image:height\" content=\"1920\" \/>\n\t<meta property=\"og:image:type\" content=\"image\/jpeg\" \/>\n<meta name=\"twitter:card\" content=\"summary_large_image\" \/>\n<meta name=\"twitter:label1\" content=\"Est. reading time\" \/>\n\t<meta name=\"twitter:data1\" content=\"1 minute\" \/>\n<!-- \/ Yoast SEO plugin. -->","yoast_head_json":{"title":"Argila blanca reutilitzables - n\u00fcshu","robots":{"index":"index","follow":"follow","max-snippet":"max-snippet:-1","max-image-preview":"max-image-preview:large","max-video-preview":"max-video-preview:-1"},"canonical":"https:\/\/www.nushu.cat\/eu\/produktua\/argila-blanca\/","og_locale":"eu_ES","og_type":"article","og_title":"Argila blanca reutilitzables - n\u00fcshu","og_description":"Argila blanca per a la cura natural de la pell. Pot de vidre amb tap de suro. Inclou fullet\u00f3 amb\u00a0 tots els usos.","og_url":"https:\/\/www.nushu.cat\/eu\/produktua\/argila-blanca\/","og_site_name":"n\u00fcshu","article_publisher":"https:\/\/www.facebook.com\/nushu.artesania\/","article_modified_time":"2025-03-06T22:06:40+00:00","og_image":[{"width":1920,"height":1920,"url":"https:\/\/www.nushu.cat\/wp-content\/uploads\/2024\/02\/img_3368.jpeg","type":"image\/jpeg"}],"twitter_card":"summary_large_image","twitter_misc":{"Est. reading time":"1 minute"},"schema":{"@context":"https:\/\/schema.org","@graph":[{"@type":"WebPage","@id":"https:\/\/www.nushu.cat\/eu\/produktua\/argila-blanca\/","url":"https:\/\/www.nushu.cat\/eu\/produktua\/argila-blanca\/","name":"Argila blanca reutilitzables - n\u00fcshu","isPartOf":{"@id":"https:\/\/www.nushu.cat\/eu\/#website"},"primaryImageOfPage":{"@id":"https:\/\/www.nushu.cat\/eu\/produktua\/argila-blanca\/#primaryimage"},"image":{"@id":"https:\/\/www.nushu.cat\/eu\/produktua\/argila-blanca\/#primaryimage"},"thumbnailUrl":"https:\/\/www.nushu.cat\/wp-content\/uploads\/2024\/02\/img_3368.jpeg","datePublished":"2023-03-01T12:22:46+00:00","dateModified":"2025-03-06T22:06:40+00:00","breadcrumb":{"@id":"https:\/\/www.nushu.cat\/eu\/produktua\/argila-blanca\/#breadcrumb"},"inLanguage":"eu-ES","potentialAction":[{"@type":"ReadAction","target":["https:\/\/www.nushu.cat\/eu\/produktua\/argila-blanca\/"]}]},{"@type":"ImageObject","inLanguage":"eu-ES","@id":"https:\/\/www.nushu.cat\/eu\/produktua\/argila-blanca\/#primaryimage","url":"https:\/\/www.nushu.cat\/wp-content\/uploads\/2024\/02\/img_3368.jpeg","contentUrl":"https:\/\/www.nushu.cat\/wp-content\/uploads\/2024\/02\/img_3368.jpeg","width":1920,"height":1920},{"@type":"BreadcrumbList","@id":"https:\/\/www.nushu.cat\/eu\/produktua\/argila-blanca\/#breadcrumb","itemListElement":[{"@type":"ListItem","position":1,"name":"Inici","item":"https:\/\/www.nushu.cat\/eu\/oihalezko-konpresak\/"},{"@type":"ListItem","position":2,"name":"Denda","item":"https:\/\/www.nushu.cat\/eu\/denda\/"},{"@type":"ListItem","position":3,"name":"Argila blanca"}]},{"@type":"WebSite","@id":"https:\/\/www.nushu.cat\/eu\/#website","url":"https:\/\/www.nushu.cat\/eu\/","name":"n\u00fcshu","description":"natural &amp; sostenible","publisher":{"@id":"https:\/\/www.nushu.cat\/eu\/#organization"},"potentialAction":[{"@type":"SearchAction","target":{"@type":"EntryPoint","urlTemplate":"https:\/\/www.nushu.cat\/eu\/?s={search_term_string}"},"query-input":{"@type":"PropertyValueSpecification","valueRequired":true,"valueName":"search_term_string"}}],"inLanguage":"eu-ES"},{"@type":"Organization","@id":"https:\/\/www.nushu.cat\/eu\/#organization","name":"n\u00fcshu","url":"https:\/\/www.nushu.cat\/eu\/","logo":{"@type":"ImageObject","inLanguage":"eu-ES","@id":"https:\/\/www.nushu.cat\/eu\/#\/schema\/logo\/image\/","url":"https:\/\/www.nushu.cat\/wp-content\/uploads\/2024\/02\/nushu-share-1-1.png","contentUrl":"https:\/\/www.nushu.cat\/wp-content\/uploads\/2024\/02\/nushu-share-1-1.png","width":1080,"height":1080,"caption":"n\u00fcshu"},"image":{"@id":"https:\/\/www.nushu.cat\/eu\/#\/schema\/logo\/image\/"},"sameAs":["https:\/\/www.facebook.com\/nushu.artesania\/","https:\/\/www.instagram.com\/nushu_artesania"]}]}},"jetpack_sharing_enabled":true,"_links":{"self":[{"href":"https:\/\/www.nushu.cat\/eu\/wp-json\/wp\/v2\/product\/20966","targetHints":{"allow":["GET"]}}],"collection":[{"href":"https:\/\/www.nushu.cat\/eu\/wp-json\/wp\/v2\/product"}],"about":[{"href":"https:\/\/www.nushu.cat\/eu\/wp-json\/wp\/v2\/types\/product"}],"version-history":[{"count":1,"href":"https:\/\/www.nushu.cat\/eu\/wp-json\/wp\/v2\/product\/20966\/revisions"}],"predecessor-version":[{"id":262614,"href":"https:\/\/www.nushu.cat\/eu\/wp-json\/wp\/v2\/product\/20966\/revisions\/262614"}],"wp:featuredmedia":[{"embeddable":true,"href":"https:\/\/www.nushu.cat\/eu\/wp-json\/wp\/v2\/media\/20967"}],"wp:attachment":[{"href":"https:\/\/www.nushu.cat\/eu\/wp-json\/wp\/v2\/media?parent=20966"}],"wp:term":[{"taxonomy":"product_brand","embeddable":true,"href":"https:\/\/www.nushu.cat\/eu\/wp-json\/wp\/v2\/product_brand?post=20966"},{"taxonomy":"product_cat","embeddable":true,"href":"https:\/\/www.nushu.cat\/eu\/wp-json\/wp\/v2\/product_cat?post=20966"},{"taxonomy":"product_tag","embeddable":true,"href":"https:\/\/www.nushu.cat\/eu\/wp-json\/wp\/v2\/product_tag?post=20966"}],"curies":[{"name":"wp","href":"https:\/\/api.w.org\/{rel}","templated":true}]}}