{"id":250053,"date":"2023-09-27T10:15:31","date_gmt":"2023-09-27T08:15:31","guid":{"rendered":"https:\/\/www.nushu.cat\/?post_type=product&#038;p=250053"},"modified":"2024-10-29T13:34:27","modified_gmt":"2024-10-29T12:34:27","slug":"infusio-dona","status":"publish","type":"product","link":"https:\/\/www.nushu.cat\/eu\/produktua\/infusio-dona\/","title":{"rendered":"Infusi\u00f3 DONA"},"content":{"rendered":"<p>Infusi\u00f3 ecol\u00f2gica per acompanyar a la dona en la ciclicitat i tots els procesos vitals.<br \/>\nAquesta sinergia de plantes uneix les propietats de tres<strong> plantes medicinals<\/strong> que acuten en els <strong>cicles femenins<\/strong>. Una aroma i un gust delici\u00f3s que acompanyen cada moment de la ciclitat femenina. Ideal per a <strong>regular les menstruacions i redu\u00efr els seus possibles dolors<\/strong>. I per a acompanyar la menopausa i la premenopausa. No cont\u00e9 te\u00efna.<\/p>\n<h1>Propietats<\/h1>\n<p>Infusi\u00f3 per a regular el cicle menstrual, redu\u00efr els dolors que l&#8217;acompanyen i redu\u00efr els efecte de la menopausa i la\u00a0 premenopausa.<\/p>\n<ul>\n<li>S\u00e0lvia: considerada la planta de la dona. <strong>Regula els canvis hormonals<\/strong> del climateri i de la menopausa.<\/li>\n<li>Menta Poliol: emenagoga i <strong>antinflamat\u00f2ria<\/strong>, afavoreix la menstruaci\u00f3 i calma els dolors.<\/li>\n<li>Melissa: antiespasm\u00f2dica i <strong>analg\u00e8sica<\/strong>.<\/li>\n<\/ul>\n<h1>Preparaci\u00f3<\/h1>\n<p>Escalfar aigua a 95\u00ba, infusionar 5 minuts amb tapa per a no perdre les aromes i gaudir-la.<br \/>\nIdeal per a pendre-la calenta, o molt freda quan fa calor. Afageix gels i refresca el teu cos saludablement.<\/p>\n<h1>Ingredients:<\/h1>\n<p>Plantes d&#8217;alta qualitat organol\u00e8ptica i gran concetraci\u00f3 de principis actius.\u00a0 Son procedents d&#8217;agricultura ecol\u00f2gica i de proximitat.<br \/>\nS\u00e0lvia, Menta poliol i melissa.<br \/>\n35g (50 infusions per pot)<\/p>\n<p>&nbsp;<\/p>\n<ul>\n<li>\u00a0Packaging sostenible<\/li>\n<li>Cultiu ecol\u00f2gic i respectu\u00f3s amb l&#8217;etorn<\/li>\n<li>Lliure de t\u00f2xics i natural<\/li>\n<li>Plantes arom\u00e0tiques d&#8217;alta qualitat<\/li>\n<li>Producte de proximitat<\/li>\n<\/ul>\n","protected":false},"excerpt":{"rendered":"<p>Infusi\u00f3 <strong>ecol\u00f2gica<\/strong> sense te\u00efna per a <strong>regular les menstruacions<\/strong> i redu\u00efr els seus possibles <strong>dolors menstruals<\/strong>. I per a acompanyar a la <strong>menopausa<\/strong> i la <strong>premenopausa<\/strong>.<\/p>\n","protected":false},"featured_media":250054,"template":"","meta":{"_acf_changed":false},"product_brand":[],"product_cat":[55,32,34],"product_tag":[],"class_list":{"0":"post-250053","1":"product","2":"type-product","3":"status-publish","4":"has-post-thumbnail","6":"product_cat-dolor-menstrual","7":"product_cat-higiene-menstrual-sostenible","8":"product_cat-sostenible","10":"first","11":"instock","12":"taxable","13":"shipping-taxable","14":"purchasable","15":"product-type-simple"},"acf":[],"yoast_head":"<!-- This site is optimized with the Yoast SEO plugin v27.2 - https:\/\/yoast.com\/product\/yoast-seo-wordpress\/ -->\n<title>Infusi\u00f3 DONA - n\u00fcshu<\/title>\n<meta name=\"description\" content=\"Infusi\u00f3 ecol\u00f2gica sense te\u00efna per a regular les menstruacions i redu\u00efr els seus possibles dolors menstruals. I per a acompanyar a la menopausa i la premenopausa.\" \/>\n<meta name=\"robots\" content=\"index, follow, max-snippet:-1, max-image-preview:large, max-video-preview:-1\" \/>\n<link rel=\"canonical\" href=\"https:\/\/www.nushu.cat\/eu\/produktua\/infusio-dona\/\" \/>\n<meta property=\"og:locale\" content=\"eu_ES\" \/>\n<meta property=\"og:type\" content=\"article\" \/>\n<meta property=\"og:title\" content=\"Infusi\u00f3 DONA - n\u00fcshu\" \/>\n<meta property=\"og:description\" content=\"Infusi\u00f3 ecol\u00f2gica sense te\u00efna per a regular les menstruacions i redu\u00efr els seus possibles dolors menstruals. I per a acompanyar a la menopausa i la premenopausa.\" \/>\n<meta property=\"og:url\" content=\"https:\/\/www.nushu.cat\/eu\/produktua\/infusio-dona\/\" \/>\n<meta property=\"og:site_name\" content=\"n\u00fcshu\" \/>\n<meta property=\"article:publisher\" content=\"https:\/\/www.facebook.com\/nushu.artesania\/\" \/>\n<meta property=\"article:modified_time\" content=\"2024-10-29T12:34:27+00:00\" \/>\n<meta property=\"og:image\" content=\"https:\/\/www.nushu.cat\/wp-content\/uploads\/2024\/02\/Dona-aromik.-infusio-dolor-menstrual.png\" \/>\n\t<meta property=\"og:image:width\" content=\"1080\" \/>\n\t<meta property=\"og:image:height\" content=\"1080\" \/>\n\t<meta property=\"og:image:type\" content=\"image\/png\" \/>\n<meta name=\"twitter:card\" content=\"summary_large_image\" \/>\n<meta name=\"twitter:label1\" content=\"Est. reading time\" \/>\n\t<meta name=\"twitter:data1\" content=\"2 minutes\" \/>\n<!-- \/ Yoast SEO plugin. -->","yoast_head_json":{"title":"Infusi\u00f3 DONA - n\u00fcshu","description":"Infusi\u00f3 ecol\u00f2gica sense te\u00efna per a regular les menstruacions i redu\u00efr els seus possibles dolors menstruals. I per a acompanyar a la menopausa i la premenopausa.","robots":{"index":"index","follow":"follow","max-snippet":"max-snippet:-1","max-image-preview":"max-image-preview:large","max-video-preview":"max-video-preview:-1"},"canonical":"https:\/\/www.nushu.cat\/eu\/produktua\/infusio-dona\/","og_locale":"eu_ES","og_type":"article","og_title":"Infusi\u00f3 DONA - n\u00fcshu","og_description":"Infusi\u00f3 ecol\u00f2gica sense te\u00efna per a regular les menstruacions i redu\u00efr els seus possibles dolors menstruals. I per a acompanyar a la menopausa i la premenopausa.","og_url":"https:\/\/www.nushu.cat\/eu\/produktua\/infusio-dona\/","og_site_name":"n\u00fcshu","article_publisher":"https:\/\/www.facebook.com\/nushu.artesania\/","article_modified_time":"2024-10-29T12:34:27+00:00","og_image":[{"width":1080,"height":1080,"url":"https:\/\/www.nushu.cat\/wp-content\/uploads\/2024\/02\/Dona-aromik.-infusio-dolor-menstrual.png","type":"image\/png"}],"twitter_card":"summary_large_image","twitter_misc":{"Est. reading time":"2 minutes"},"schema":{"@context":"https:\/\/schema.org","@graph":[{"@type":"WebPage","@id":"https:\/\/www.nushu.cat\/eu\/produktua\/infusio-dona\/","url":"https:\/\/www.nushu.cat\/eu\/produktua\/infusio-dona\/","name":"Infusi\u00f3 DONA - n\u00fcshu","isPartOf":{"@id":"https:\/\/www.nushu.cat\/eu\/#website"},"primaryImageOfPage":{"@id":"https:\/\/www.nushu.cat\/eu\/produktua\/infusio-dona\/#primaryimage"},"image":{"@id":"https:\/\/www.nushu.cat\/eu\/produktua\/infusio-dona\/#primaryimage"},"thumbnailUrl":"https:\/\/www.nushu.cat\/wp-content\/uploads\/2024\/02\/Dona-aromik.-infusio-dolor-menstrual.png","datePublished":"2023-09-27T08:15:31+00:00","dateModified":"2024-10-29T12:34:27+00:00","description":"Infusi\u00f3 ecol\u00f2gica sense te\u00efna per a regular les menstruacions i redu\u00efr els seus possibles dolors menstruals. I per a acompanyar a la menopausa i la premenopausa.","breadcrumb":{"@id":"https:\/\/www.nushu.cat\/eu\/produktua\/infusio-dona\/#breadcrumb"},"inLanguage":"eu-ES","potentialAction":[{"@type":"ReadAction","target":["https:\/\/www.nushu.cat\/eu\/produktua\/infusio-dona\/"]}]},{"@type":"ImageObject","inLanguage":"eu-ES","@id":"https:\/\/www.nushu.cat\/eu\/produktua\/infusio-dona\/#primaryimage","url":"https:\/\/www.nushu.cat\/wp-content\/uploads\/2024\/02\/Dona-aromik.-infusio-dolor-menstrual.png","contentUrl":"https:\/\/www.nushu.cat\/wp-content\/uploads\/2024\/02\/Dona-aromik.-infusio-dolor-menstrual.png","width":1080,"height":1080},{"@type":"BreadcrumbList","@id":"https:\/\/www.nushu.cat\/eu\/produktua\/infusio-dona\/#breadcrumb","itemListElement":[{"@type":"ListItem","position":1,"name":"Inici","item":"https:\/\/www.nushu.cat\/eu\/oihalezko-konpresak\/"},{"@type":"ListItem","position":2,"name":"Denda","item":"https:\/\/www.nushu.cat\/eu\/denda\/"},{"@type":"ListItem","position":3,"name":"Infusi\u00f3 DONA"}]},{"@type":"WebSite","@id":"https:\/\/www.nushu.cat\/eu\/#website","url":"https:\/\/www.nushu.cat\/eu\/","name":"n\u00fcshu","description":"natural &amp; sostenible","publisher":{"@id":"https:\/\/www.nushu.cat\/eu\/#organization"},"potentialAction":[{"@type":"SearchAction","target":{"@type":"EntryPoint","urlTemplate":"https:\/\/www.nushu.cat\/eu\/?s={search_term_string}"},"query-input":{"@type":"PropertyValueSpecification","valueRequired":true,"valueName":"search_term_string"}}],"inLanguage":"eu-ES"},{"@type":"Organization","@id":"https:\/\/www.nushu.cat\/eu\/#organization","name":"n\u00fcshu","url":"https:\/\/www.nushu.cat\/eu\/","logo":{"@type":"ImageObject","inLanguage":"eu-ES","@id":"https:\/\/www.nushu.cat\/eu\/#\/schema\/logo\/image\/","url":"https:\/\/www.nushu.cat\/wp-content\/uploads\/2024\/02\/nushu-share-1-1.png","contentUrl":"https:\/\/www.nushu.cat\/wp-content\/uploads\/2024\/02\/nushu-share-1-1.png","width":1080,"height":1080,"caption":"n\u00fcshu"},"image":{"@id":"https:\/\/www.nushu.cat\/eu\/#\/schema\/logo\/image\/"},"sameAs":["https:\/\/www.facebook.com\/nushu.artesania\/","https:\/\/www.instagram.com\/nushu_artesania"]}]}},"jetpack_sharing_enabled":true,"_links":{"self":[{"href":"https:\/\/www.nushu.cat\/eu\/wp-json\/wp\/v2\/product\/250053","targetHints":{"allow":["GET"]}}],"collection":[{"href":"https:\/\/www.nushu.cat\/eu\/wp-json\/wp\/v2\/product"}],"about":[{"href":"https:\/\/www.nushu.cat\/eu\/wp-json\/wp\/v2\/types\/product"}],"version-history":[{"count":1,"href":"https:\/\/www.nushu.cat\/eu\/wp-json\/wp\/v2\/product\/250053\/revisions"}],"predecessor-version":[{"id":265343,"href":"https:\/\/www.nushu.cat\/eu\/wp-json\/wp\/v2\/product\/250053\/revisions\/265343"}],"wp:featuredmedia":[{"embeddable":true,"href":"https:\/\/www.nushu.cat\/eu\/wp-json\/wp\/v2\/media\/250054"}],"wp:attachment":[{"href":"https:\/\/www.nushu.cat\/eu\/wp-json\/wp\/v2\/media?parent=250053"}],"wp:term":[{"taxonomy":"product_brand","embeddable":true,"href":"https:\/\/www.nushu.cat\/eu\/wp-json\/wp\/v2\/product_brand?post=250053"},{"taxonomy":"product_cat","embeddable":true,"href":"https:\/\/www.nushu.cat\/eu\/wp-json\/wp\/v2\/product_cat?post=250053"},{"taxonomy":"product_tag","embeddable":true,"href":"https:\/\/www.nushu.cat\/eu\/wp-json\/wp\/v2\/product_tag?post=250053"}],"curies":[{"name":"wp","href":"https:\/\/api.w.org\/{rel}","templated":true}]}}