{"id":250111,"date":"2025-11-29T23:31:23","date_gmt":"2025-11-29T22:31:23","guid":{"rendered":"https:\/\/www.nushu.cat\/?post_type=product&#038;p=250111"},"modified":"2025-11-29T23:31:23","modified_gmt":"2025-11-29T22:31:23","slug":"fardelik-gabeko-manta-espiga-seca-copia-copia-copia-copia-copia-copia-copia-3","status":"publish","type":"product","link":"https:\/\/www.nushu.cat\/eu\/produktua\/fardelik-gabeko-manta-espiga-seca-copia-copia-copia-copia-copia-copia-copia-3\/","title":{"rendered":"Itsasoko ura"},"content":{"rendered":"<p>Marina liluratuta dago urak: igeri egiteak, jolasteak eta olatuek inguratzea. Eta gauza berriak ikastea asko gustatzen zaio, batez ere gorputzari buruz, oso dibertigarria da!<br \/>\nNoa anaia txikiaren etorrerarekin, ikasiko du haien gorputzak desberdinak eta antzekoak direla, eta bakoitzak mundua bere erara ezagutzen duela.<\/p>\n<h1>Zer aurkituko duzu liburu honetan?<\/h1>\n<ul>\n<li>Gl\u00f2ria Fort ilustratutako albuma.<\/li>\n<li>Metafora, irudi eta kontzeptu erraz eta argien bidez, gurasoei zein seme-alabei beren gorputzak aurkitzen laguntzen dien istorio bat.<\/li>\n<li>Baimena, mutilen eta nesken arteko desberdintasun fisikoak edo ugalketa bezalako kontzeptuak helarazteko modu erraz bat, sexualitatea hasieratik naturalki jorratzeko.<\/li>\n<\/ul>\n<p>Sexualitatearen gaia haurrekin eztabaidatzea ez denez beti erraza, liburu honek tabu bihur ez dadin eta beren gorputzen barruan osasuntsu eta zoriontsu haz daitezen laguntzen digu.<\/p>\n<h1>J\u00falia S\u00e1nchez, idazlea<\/h1>\n<p>J\u00falia S\u00e1nchez ama, soziologoa eta irakaslea da, hezkuntza afektibo eta sexualean espezializatua, eta La ciranda proiektuaren sortzailea, haurren, gazteen eta helduen sexualitateen laguntza errespetuzkoa lortzeko proiektua. Bertan, familiei aholkuak ematen dizkie seme-alaben laguntza emozional eta sexualari buruz, bizitzen ari diren bizitza-prozesu desberdinetan zehar. Eskola, tokiko talde eta erakunde publikoetan lan egiten du, hitzaldiak eta tailerrak emanez.  <\/p>\n<h1>Gl\u00f2ria Fort, ilustratzailea<\/h1>\n<p>Arrakasta handiko liburuen ilustratzailea da, batez ere haurrentzat, diseinatzaile grafikoa eta Vilanova i la Geltr\u00fako Arte eta Diseinu Udal Eskolan prestakuntza ikastaroen irakaslea.<\/p>\n","protected":false},"excerpt":{"rendered":"<p>Gl\u00f2ria Fort ilustratutako eta J\u00falia S\u00e1nchez idatzitako istorio bat, <strong>haurtzarotik sexualitatearen akonpainamenduan murgiltzeko.<\/strong><\/p>\n","protected":false},"featured_media":253068,"template":"","meta":{"_acf_changed":false},"product_brand":[],"product_cat":[349,390,355],"product_tag":[],"class_list":{"0":"post-250111","1":"product","2":"type-product","3":"status-publish","4":"has-post-thumbnail","6":"product_cat-iraunkorraren","7":"product_cat-liburuak","8":"product_cat-amatasuna-iraunkorra","10":"first","11":"instock","12":"taxable","13":"shipping-taxable","14":"purchasable","15":"product-type-variable"},"acf":[],"yoast_head":"<!-- This site is optimized with the Yoast SEO plugin v27.4 - https:\/\/yoast.com\/product\/yoast-seo-wordpress\/ -->\n<title>Itsasoko ura - n\u00fcshu<\/title>\n<meta name=\"description\" content=\"Haurtzarotik sexualitatearen akonpainamenduan murgiltzeko ipuin ilustratu bat.\" \/>\n<meta name=\"robots\" content=\"index, follow, max-snippet:-1, max-image-preview:large, max-video-preview:-1\" \/>\n<link rel=\"canonical\" href=\"https:\/\/www.nushu.cat\/eu\/produktua\/fardelik-gabeko-manta-espiga-seca-copia-copia-copia-copia-copia-copia-copia-3\/\" \/>\n<meta property=\"og:locale\" content=\"eu_ES\" \/>\n<meta property=\"og:type\" content=\"article\" \/>\n<meta property=\"og:title\" content=\"Itsasoko ura - n\u00fcshu\" \/>\n<meta property=\"og:description\" content=\"Haurtzarotik sexualitatearen akonpainamenduan murgiltzeko ipuin ilustratu bat.\" \/>\n<meta property=\"og:url\" content=\"https:\/\/www.nushu.cat\/eu\/produktua\/fardelik-gabeko-manta-espiga-seca-copia-copia-copia-copia-copia-copia-copia-3\/\" \/>\n<meta property=\"og:site_name\" content=\"n\u00fcshu\" \/>\n<meta property=\"article:publisher\" content=\"https:\/\/www.facebook.com\/nushu.artesania\/\" \/>\n<meta property=\"og:image\" content=\"https:\/\/www.nushu.cat\/wp-content\/uploads\/2024\/02\/Aagua-marina-portada.jpeg\" \/>\n\t<meta property=\"og:image:width\" content=\"1280\" \/>\n\t<meta property=\"og:image:height\" content=\"1280\" \/>\n\t<meta property=\"og:image:type\" content=\"image\/jpeg\" \/>\n<meta name=\"twitter:card\" content=\"summary_large_image\" \/>\n<meta name=\"twitter:label1\" content=\"Est. reading time\" \/>\n\t<meta name=\"twitter:data1\" content=\"1 minute\" \/>\n<!-- \/ Yoast SEO plugin. -->","yoast_head_json":{"title":"Itsasoko ura - n\u00fcshu","description":"Haurtzarotik sexualitatearen akonpainamenduan murgiltzeko ipuin ilustratu bat.","robots":{"index":"index","follow":"follow","max-snippet":"max-snippet:-1","max-image-preview":"max-image-preview:large","max-video-preview":"max-video-preview:-1"},"canonical":"https:\/\/www.nushu.cat\/eu\/produktua\/fardelik-gabeko-manta-espiga-seca-copia-copia-copia-copia-copia-copia-copia-3\/","og_locale":"eu_ES","og_type":"article","og_title":"Itsasoko ura - n\u00fcshu","og_description":"Haurtzarotik sexualitatearen akonpainamenduan murgiltzeko ipuin ilustratu bat.","og_url":"https:\/\/www.nushu.cat\/eu\/produktua\/fardelik-gabeko-manta-espiga-seca-copia-copia-copia-copia-copia-copia-copia-3\/","og_site_name":"n\u00fcshu","article_publisher":"https:\/\/www.facebook.com\/nushu.artesania\/","og_image":[{"width":1280,"height":1280,"url":"https:\/\/www.nushu.cat\/wp-content\/uploads\/2024\/02\/Aagua-marina-portada.jpeg","type":"image\/jpeg"}],"twitter_card":"summary_large_image","twitter_misc":{"Est. reading time":"1 minute"},"schema":{"@context":"https:\/\/schema.org","@graph":[{"@type":"WebPage","@id":"https:\/\/www.nushu.cat\/eu\/produktua\/fardelik-gabeko-manta-espiga-seca-copia-copia-copia-copia-copia-copia-copia-3\/","url":"https:\/\/www.nushu.cat\/eu\/produktua\/fardelik-gabeko-manta-espiga-seca-copia-copia-copia-copia-copia-copia-copia-3\/","name":"Itsasoko ura - n\u00fcshu","isPartOf":{"@id":"https:\/\/www.nushu.cat\/eu\/#website"},"primaryImageOfPage":{"@id":"https:\/\/www.nushu.cat\/eu\/produktua\/fardelik-gabeko-manta-espiga-seca-copia-copia-copia-copia-copia-copia-copia-3\/#primaryimage"},"image":{"@id":"https:\/\/www.nushu.cat\/eu\/produktua\/fardelik-gabeko-manta-espiga-seca-copia-copia-copia-copia-copia-copia-copia-3\/#primaryimage"},"thumbnailUrl":"https:\/\/www.nushu.cat\/wp-content\/uploads\/2024\/02\/Aagua-marina-portada.jpeg","datePublished":"2025-11-29T22:31:23+00:00","description":"Haurtzarotik sexualitatearen akonpainamenduan murgiltzeko ipuin ilustratu bat.","breadcrumb":{"@id":"https:\/\/www.nushu.cat\/eu\/produktua\/fardelik-gabeko-manta-espiga-seca-copia-copia-copia-copia-copia-copia-copia-3\/#breadcrumb"},"inLanguage":"eu-ES","potentialAction":[{"@type":"ReadAction","target":["https:\/\/www.nushu.cat\/eu\/produktua\/fardelik-gabeko-manta-espiga-seca-copia-copia-copia-copia-copia-copia-copia-3\/"]}]},{"@type":"ImageObject","inLanguage":"eu-ES","@id":"https:\/\/www.nushu.cat\/eu\/produktua\/fardelik-gabeko-manta-espiga-seca-copia-copia-copia-copia-copia-copia-copia-3\/#primaryimage","url":"https:\/\/www.nushu.cat\/wp-content\/uploads\/2024\/02\/Aagua-marina-portada.jpeg","contentUrl":"https:\/\/www.nushu.cat\/wp-content\/uploads\/2024\/02\/Aagua-marina-portada.jpeg","width":1280,"height":1280},{"@type":"BreadcrumbList","@id":"https:\/\/www.nushu.cat\/eu\/produktua\/fardelik-gabeko-manta-espiga-seca-copia-copia-copia-copia-copia-copia-copia-3\/#breadcrumb","itemListElement":[{"@type":"ListItem","position":1,"name":"Inici","item":"https:\/\/www.nushu.cat\/eu\/oihalezko-konpresak\/"},{"@type":"ListItem","position":2,"name":"Denda","item":"https:\/\/www.nushu.cat\/eu\/denda\/"},{"@type":"ListItem","position":3,"name":"Itsasoko ura"}]},{"@type":"WebSite","@id":"https:\/\/www.nushu.cat\/eu\/#website","url":"https:\/\/www.nushu.cat\/eu\/","name":"n\u00fcshu","description":"natural &amp; sostenible","publisher":{"@id":"https:\/\/www.nushu.cat\/eu\/#organization"},"potentialAction":[{"@type":"SearchAction","target":{"@type":"EntryPoint","urlTemplate":"https:\/\/www.nushu.cat\/eu\/?s={search_term_string}"},"query-input":{"@type":"PropertyValueSpecification","valueRequired":true,"valueName":"search_term_string"}}],"inLanguage":"eu-ES"},{"@type":"Organization","@id":"https:\/\/www.nushu.cat\/eu\/#organization","name":"n\u00fcshu","url":"https:\/\/www.nushu.cat\/eu\/","logo":{"@type":"ImageObject","inLanguage":"eu-ES","@id":"https:\/\/www.nushu.cat\/eu\/#\/schema\/logo\/image\/","url":"https:\/\/www.nushu.cat\/wp-content\/uploads\/2024\/02\/nushu-share-1-1.png","contentUrl":"https:\/\/www.nushu.cat\/wp-content\/uploads\/2024\/02\/nushu-share-1-1.png","width":1080,"height":1080,"caption":"n\u00fcshu"},"image":{"@id":"https:\/\/www.nushu.cat\/eu\/#\/schema\/logo\/image\/"},"sameAs":["https:\/\/www.facebook.com\/nushu.artesania\/","https:\/\/www.instagram.com\/nushu_artesania"]}]}},"jetpack_sharing_enabled":true,"_links":{"self":[{"href":"https:\/\/www.nushu.cat\/eu\/wp-json\/wp\/v2\/product\/250111","targetHints":{"allow":["GET"]}}],"collection":[{"href":"https:\/\/www.nushu.cat\/eu\/wp-json\/wp\/v2\/product"}],"about":[{"href":"https:\/\/www.nushu.cat\/eu\/wp-json\/wp\/v2\/types\/product"}],"version-history":[{"count":2,"href":"https:\/\/www.nushu.cat\/eu\/wp-json\/wp\/v2\/product\/250111\/revisions"}],"predecessor-version":[{"id":268709,"href":"https:\/\/www.nushu.cat\/eu\/wp-json\/wp\/v2\/product\/250111\/revisions\/268709"}],"wp:featuredmedia":[{"embeddable":true,"href":"https:\/\/www.nushu.cat\/eu\/wp-json\/wp\/v2\/media\/253068"}],"wp:attachment":[{"href":"https:\/\/www.nushu.cat\/eu\/wp-json\/wp\/v2\/media?parent=250111"}],"wp:term":[{"taxonomy":"product_brand","embeddable":true,"href":"https:\/\/www.nushu.cat\/eu\/wp-json\/wp\/v2\/product_brand?post=250111"},{"taxonomy":"product_cat","embeddable":true,"href":"https:\/\/www.nushu.cat\/eu\/wp-json\/wp\/v2\/product_cat?post=250111"},{"taxonomy":"product_tag","embeddable":true,"href":"https:\/\/www.nushu.cat\/eu\/wp-json\/wp\/v2\/product_tag?post=250111"}],"curies":[{"name":"wp","href":"https:\/\/api.w.org\/{rel}","templated":true}]}}