{"id":253191,"date":"2024-02-02T13:23:52","date_gmt":"2024-02-02T12:23:52","guid":{"rendered":"https:\/\/www.nushu.cat\/?post_type=product&#038;p=253191"},"modified":"2024-10-29T13:34:48","modified_gmt":"2024-10-29T12:34:48","slug":"oli-cbd-aileen","status":"publish","type":"product","link":"https:\/\/www.nushu.cat\/eu\/produktua\/oli-cbd-aileen\/","title":{"rendered":"Oli CBD Aileen"},"content":{"rendered":"<p>L&#8217;oli Aileen cont\u00e9 un 10% de CBD (cannabidiol), i un 10% de CBG (cannabigerol), aquest darrer t\u00e9 <strong>efectes analg\u00e8sics i antiinflamatoris<\/strong>, actuant de forma m\u00e9s r\u00e0pida que el CBD.<br \/>\nAquesta fusi\u00f3 cann\u00e0bica converteix l&#8217;Oli Aileen en una molt bona opci\u00f3 per <strong>dolors menstruals incapacitants<\/strong>. Junts creen la combinaci\u00f3 natural perfecta i <strong>sense efectes secundaris<\/strong> per mantenir a ratlla els dolors m\u00e9s persistents.<br \/>\nEl CBG, igual que el CBD,\u00a0formen part del mateix grup de cannabinoides extrets del c\u00e0nem i estan relacionats amb l&#8217;<strong>alleujament del dolor<\/strong>. Posseeixen qualitats antiinflamat\u00f2ries, regeneratives, antitumorals, anti-microbians i moltes m\u00e9s.<\/p>\n<p>Cal assenyalar que el CBG, igual que el CBD,<strong> no t\u00e9 efectes psicoactius<\/strong>. Aix\u00f2 nom\u00e9s ho produeix el THC del c\u00e0nem. I aquest oli \u00e9s <strong>0% THC<\/strong><\/p>\n<h1>Usos<\/h1>\n<ul>\n<li>Dolors menstruals que et deixen KO<\/li>\n<li>Patologies de dolor cr\u00f2nic o inflamaci\u00f3<\/li>\n<li>Dolor de cervicals<\/li>\n<li>Contractures musculars<\/li>\n<li>Cops o lesions<\/li>\n<li>Migranyes<\/li>\n<\/ul>\n<p>&nbsp;<\/p>\n<h1>Ingredients<\/h1>\n<p>Analisi del laboratori:<\/p>\n<ul>\n<li>*<a href=\"https:\/\/medlineplus.gov\/spanish\/druginfo\/natural\/1092.html\"> Oli MCT<\/a>\u00a0(coco)<\/li>\n<li>10% CBD (cannabidiol)<\/li>\n<li>10% CBG (cannabigerol)<\/li>\n<li>0% THC<\/li>\n<li><a href=\"https:\/\/medlineplus.gov\/spanish\/druginfo\/meds\/a621029-es.html\">Tocopherol<\/a>\u00a0( Vitamina E )<\/li>\n<\/ul>\n<p><i>*Certificat BIO.<\/i><\/p>\n","protected":false},"excerpt":{"rendered":"<p>Oli de CBD (cannabidiol) i CBG \u00a0(cannabigerol) per <strong>alleugerir el dolor menstrual\u00a0<\/strong>i altres patologies.<br \/>\nEnv\u00e0s de 10ml.<\/p>\n","protected":false},"featured_media":253192,"template":"","meta":{"_acf_changed":false},"product_brand":[],"product_cat":[55,32,34],"product_tag":[],"class_list":{"0":"post-253191","1":"product","2":"type-product","3":"status-publish","4":"has-post-thumbnail","6":"product_cat-dolor-menstrual","7":"product_cat-higiene-menstrual-sostenible","8":"product_cat-sostenible","10":"first","11":"instock","12":"sale","13":"taxable","14":"shipping-taxable","15":"purchasable","16":"product-type-simple"},"acf":[],"yoast_head":"<!-- This site is optimized with the Yoast SEO plugin v27.2 - https:\/\/yoast.com\/product\/yoast-seo-wordpress\/ -->\n<title>Oli CBD Aileen - n\u00fcshu<\/title>\n<meta name=\"robots\" content=\"index, follow, max-snippet:-1, max-image-preview:large, max-video-preview:-1\" \/>\n<link rel=\"canonical\" href=\"https:\/\/www.nushu.cat\/eu\/produktua\/oli-cbd-aileen\/\" \/>\n<meta property=\"og:locale\" content=\"eu_ES\" \/>\n<meta property=\"og:type\" content=\"article\" \/>\n<meta property=\"og:title\" content=\"Oli CBD Aileen - n\u00fcshu\" \/>\n<meta property=\"og:description\" content=\"Oli de CBD (cannabidiol) i CBG \u00a0(cannabigerol) per alleugerir el dolor menstrual\u00a0i altres patologies. Env\u00e0s de 10ml.\" \/>\n<meta property=\"og:url\" content=\"https:\/\/www.nushu.cat\/eu\/produktua\/oli-cbd-aileen\/\" \/>\n<meta property=\"og:site_name\" content=\"n\u00fcshu\" \/>\n<meta property=\"article:publisher\" content=\"https:\/\/www.facebook.com\/nushu.artesania\/\" \/>\n<meta property=\"article:modified_time\" content=\"2024-10-29T12:34:48+00:00\" \/>\n<meta property=\"og:image\" content=\"https:\/\/www.nushu.cat\/wp-content\/uploads\/2024\/02\/oli-cbd-aileen-2.jpg\" \/>\n\t<meta property=\"og:image:width\" content=\"510\" \/>\n\t<meta property=\"og:image:height\" content=\"510\" \/>\n\t<meta property=\"og:image:type\" content=\"image\/jpeg\" \/>\n<meta name=\"twitter:card\" content=\"summary_large_image\" \/>\n<meta name=\"twitter:label1\" content=\"Est. reading time\" \/>\n\t<meta name=\"twitter:data1\" content=\"2 minutes\" \/>\n<!-- \/ Yoast SEO plugin. -->","yoast_head_json":{"title":"Oli CBD Aileen - n\u00fcshu","robots":{"index":"index","follow":"follow","max-snippet":"max-snippet:-1","max-image-preview":"max-image-preview:large","max-video-preview":"max-video-preview:-1"},"canonical":"https:\/\/www.nushu.cat\/eu\/produktua\/oli-cbd-aileen\/","og_locale":"eu_ES","og_type":"article","og_title":"Oli CBD Aileen - n\u00fcshu","og_description":"Oli de CBD (cannabidiol) i CBG \u00a0(cannabigerol) per alleugerir el dolor menstrual\u00a0i altres patologies. Env\u00e0s de 10ml.","og_url":"https:\/\/www.nushu.cat\/eu\/produktua\/oli-cbd-aileen\/","og_site_name":"n\u00fcshu","article_publisher":"https:\/\/www.facebook.com\/nushu.artesania\/","article_modified_time":"2024-10-29T12:34:48+00:00","og_image":[{"width":510,"height":510,"url":"https:\/\/www.nushu.cat\/wp-content\/uploads\/2024\/02\/oli-cbd-aileen-2.jpg","type":"image\/jpeg"}],"twitter_card":"summary_large_image","twitter_misc":{"Est. reading time":"2 minutes"},"schema":{"@context":"https:\/\/schema.org","@graph":[{"@type":"WebPage","@id":"https:\/\/www.nushu.cat\/eu\/produktua\/oli-cbd-aileen\/","url":"https:\/\/www.nushu.cat\/eu\/produktua\/oli-cbd-aileen\/","name":"Oli CBD Aileen - n\u00fcshu","isPartOf":{"@id":"https:\/\/www.nushu.cat\/eu\/#website"},"primaryImageOfPage":{"@id":"https:\/\/www.nushu.cat\/eu\/produktua\/oli-cbd-aileen\/#primaryimage"},"image":{"@id":"https:\/\/www.nushu.cat\/eu\/produktua\/oli-cbd-aileen\/#primaryimage"},"thumbnailUrl":"https:\/\/www.nushu.cat\/wp-content\/uploads\/2024\/02\/oli-cbd-aileen-2.jpg","datePublished":"2024-02-02T12:23:52+00:00","dateModified":"2024-10-29T12:34:48+00:00","breadcrumb":{"@id":"https:\/\/www.nushu.cat\/eu\/produktua\/oli-cbd-aileen\/#breadcrumb"},"inLanguage":"eu-ES","potentialAction":[{"@type":"ReadAction","target":["https:\/\/www.nushu.cat\/eu\/produktua\/oli-cbd-aileen\/"]}]},{"@type":"ImageObject","inLanguage":"eu-ES","@id":"https:\/\/www.nushu.cat\/eu\/produktua\/oli-cbd-aileen\/#primaryimage","url":"https:\/\/www.nushu.cat\/wp-content\/uploads\/2024\/02\/oli-cbd-aileen-2.jpg","contentUrl":"https:\/\/www.nushu.cat\/wp-content\/uploads\/2024\/02\/oli-cbd-aileen-2.jpg","width":510,"height":510,"caption":"Oli CBD aleen Lilit"},{"@type":"BreadcrumbList","@id":"https:\/\/www.nushu.cat\/eu\/produktua\/oli-cbd-aileen\/#breadcrumb","itemListElement":[{"@type":"ListItem","position":1,"name":"Inici","item":"https:\/\/www.nushu.cat\/eu\/oihalezko-konpresak\/"},{"@type":"ListItem","position":2,"name":"Denda","item":"https:\/\/www.nushu.cat\/eu\/denda\/"},{"@type":"ListItem","position":3,"name":"Oli CBD Aileen"}]},{"@type":"WebSite","@id":"https:\/\/www.nushu.cat\/eu\/#website","url":"https:\/\/www.nushu.cat\/eu\/","name":"n\u00fcshu","description":"natural &amp; sostenible","publisher":{"@id":"https:\/\/www.nushu.cat\/eu\/#organization"},"potentialAction":[{"@type":"SearchAction","target":{"@type":"EntryPoint","urlTemplate":"https:\/\/www.nushu.cat\/eu\/?s={search_term_string}"},"query-input":{"@type":"PropertyValueSpecification","valueRequired":true,"valueName":"search_term_string"}}],"inLanguage":"eu-ES"},{"@type":"Organization","@id":"https:\/\/www.nushu.cat\/eu\/#organization","name":"n\u00fcshu","url":"https:\/\/www.nushu.cat\/eu\/","logo":{"@type":"ImageObject","inLanguage":"eu-ES","@id":"https:\/\/www.nushu.cat\/eu\/#\/schema\/logo\/image\/","url":"https:\/\/www.nushu.cat\/wp-content\/uploads\/2024\/02\/nushu-share-1-1.png","contentUrl":"https:\/\/www.nushu.cat\/wp-content\/uploads\/2024\/02\/nushu-share-1-1.png","width":1080,"height":1080,"caption":"n\u00fcshu"},"image":{"@id":"https:\/\/www.nushu.cat\/eu\/#\/schema\/logo\/image\/"},"sameAs":["https:\/\/www.facebook.com\/nushu.artesania\/","https:\/\/www.instagram.com\/nushu_artesania"]}]}},"jetpack_sharing_enabled":true,"_links":{"self":[{"href":"https:\/\/www.nushu.cat\/eu\/wp-json\/wp\/v2\/product\/253191","targetHints":{"allow":["GET"]}}],"collection":[{"href":"https:\/\/www.nushu.cat\/eu\/wp-json\/wp\/v2\/product"}],"about":[{"href":"https:\/\/www.nushu.cat\/eu\/wp-json\/wp\/v2\/types\/product"}],"version-history":[{"count":4,"href":"https:\/\/www.nushu.cat\/eu\/wp-json\/wp\/v2\/product\/253191\/revisions"}],"predecessor-version":[{"id":265344,"href":"https:\/\/www.nushu.cat\/eu\/wp-json\/wp\/v2\/product\/253191\/revisions\/265344"}],"wp:featuredmedia":[{"embeddable":true,"href":"https:\/\/www.nushu.cat\/eu\/wp-json\/wp\/v2\/media\/253192"}],"wp:attachment":[{"href":"https:\/\/www.nushu.cat\/eu\/wp-json\/wp\/v2\/media?parent=253191"}],"wp:term":[{"taxonomy":"product_brand","embeddable":true,"href":"https:\/\/www.nushu.cat\/eu\/wp-json\/wp\/v2\/product_brand?post=253191"},{"taxonomy":"product_cat","embeddable":true,"href":"https:\/\/www.nushu.cat\/eu\/wp-json\/wp\/v2\/product_cat?post=253191"},{"taxonomy":"product_tag","embeddable":true,"href":"https:\/\/www.nushu.cat\/eu\/wp-json\/wp\/v2\/product_tag?post=253191"}],"curies":[{"name":"wp","href":"https:\/\/api.w.org\/{rel}","templated":true}]}}