{"id":268424,"date":"2025-11-29T23:31:22","date_gmt":"2025-11-29T22:31:22","guid":{"rendered":"https:\/\/www.nushu.cat\/?post_type=product&#038;p=268424"},"modified":"2025-11-29T23:31:23","modified_gmt":"2025-11-29T22:31:23","slug":"fardelik-gabeko-manta-espiga-seca-copia-copia-copia-copia-copia-copia-copia-2","status":"publish","type":"product","link":"https:\/\/www.nushu.cat\/eu\/produktua\/fardelik-gabeko-manta-espiga-seca-copia-copia-copia-copia-copia-copia-copia-2\/","title":{"rendered":"Irup\u00e9 eta menarkia"},"content":{"rendered":"<p data-start=\"339\" data-end=\"626\"><em data-start=\"341\" data-end=\"363\">Irup\u00e9 eta Menarkia<\/em> liburuan<strong data-start=\"378\" data-end=\"387\"> Irup\u00e9 <\/strong>ezagutuko duzu, Ero Basoko izaki bat, gorputzeko lehen aldaketak ulertzeko bidaia magiko bat hasiko duena: ilearen agerpena, bularreko kimuak, areagotzen diren emozioak&#8230; eta baita feminitatearen ziklikotasuna, izaera eta funtsa ere.<\/p>\n<p data-start=\"628\" data-end=\"973\">Istorio hau <strong data-start=\"661\" data-end=\"690\">hilekoaren hezkuntzarako tresna<\/strong> gisa diseinatuta dago. Koloreztatze orrialdeek nesken, familien eta irakasleen arteko elkarrizketarako espazioak irekitzen dituzte, eta hilekoaz naturalki hitz egiten laguntzen dute. Bere ikuspegiak samurtasuna eta zorroztasuna uztartzen ditu, eta gogorarazten digu hilekoaren hasiera lehen odoljarioa baino askoz lehenago hasten den prozesu zabalago baten parte dela.  <\/p>\n<p data-start=\"975\" data-end=\"1185\">Liburuak irakurketa maila desberdinak ditu: haurrentzat aproposa da, baina nerabeentzat, helduentzat, hezkuntza profesionalentzat eta sexualitatea eta hilekoaren osasuna lantzen duen edozein espaziorentzat ere lagungarria da.<\/p>\n<p data-start=\"1187\" data-end=\"1556\">Ilustrazio zainduekin, koloreztatzeko orrialde zuri-beltzez eta lasaitasuna eta jakin-mina sortzeko diseinatutako diseinuarekin,<em data-start=\"1304\" data-end=\"1326\"> Irup\u00e9 eta Menarkia<\/em> liburu bat baino askoz gehiago da: hilekoaren esperientziak laguntzeko<strong data-start=\"1397\" data-end=\"1438\">, tresnak emateko eta ahalduntzeko baliabide bat da<\/strong>. Gorputz ziklikoen informazioan, errespetuan eta askatasunean oinarritutako hilekoaren kultura bat sortzeko gonbidapena. <\/p>\n<p data-start=\"1558\" data-end=\"1719\">Ilustrazio zainduekin, koloreztatzeko orrialde zuri-beltzez eta lasaitasuna eta jakin-mina sortzeko diseinatutako diseinuarekin, Irup\u00e9 eta Menarkia liburu bat baino askoz gehiago da: hilekoaren esperientziak laguntzeko, tresnak emateko eta ahalduntzeko baliabide bat da. Gorputz ziklikoen informazioan, errespetuan eta askatasunean oinarritutako hilekoaren kultura bat sortzeko gonbidapena.<\/p>\n","protected":false},"excerpt":{"rendered":"<p><em data-start=\"88\" data-end=\"110\">Ilustrazio indinduekin, kolorezteko pagiji zuri-beltzez eta lasitasuna eta jakin-mina gezidanato desizioneka, Irup\u00e9 eta Menarkia liburo bat baino maske maeggi da: hilekoaren esperientziak sampdari, erekrek tehlen eta ahalduntzeko baliabide bat da. Body ziklikoen informationan, errespetua eta saksutonean bahasa hilekoaren kultura bat gonbidapena.<\/em><\/p>\n<p>Gaztelaniaz bakarrik eskuragarri.<br \/>Adina: 4 urtetik gora<br \/>\nHizkuntza: Gaztelania<br \/>\nArgitalpen data: 2024ko martxoa<br \/>\nEgilea: Amanda Maria L\u00f3pez Cobo eta Lorenza Urbani Lunetta<br \/>\nIlustratzailea: Juliana Mercado eta Gio Mazziotti<br \/>\nNeurriak: 19cm x 19cm<\/p>\n","protected":false},"featured_media":268516,"template":"","meta":{"_acf_changed":false},"product_brand":[],"product_cat":[354,349,355,390],"product_tag":[],"class_list":{"0":"post-268424","1":"product","2":"type-product","3":"status-publish","4":"has-post-thumbnail","6":"product_cat-amatasuna-eta-itxaropena","7":"product_cat-iraunkorraren","8":"product_cat-amatasuna-iraunkorra","9":"product_cat-liburuak","11":"first","12":"instock","13":"taxable","14":"shipping-taxable","15":"purchasable","16":"product-type-simple"},"acf":[],"yoast_head":"<!-- This site is optimized with the Yoast SEO plugin v27.4 - https:\/\/yoast.com\/product\/yoast-seo-wordpress\/ -->\n<title>Llibre Irup\u00e9 eta menarkia - n\u00fcshu<\/title>\n<meta name=\"description\" content=\"Irup\u00e9 eta Menarkia ilustratutako eta koloreztatzeko istorio bat da, neskei \u2014eta baita familiei eta hezitzaileei ere\u2014 laguntzen diena gorputza, emozioak eta hilekoaren zikloa samurtasunez, informazio argiz eta taburik gabe ezagutzen.\" \/>\n<meta name=\"robots\" content=\"index, follow, max-snippet:-1, max-image-preview:large, max-video-preview:-1\" \/>\n<link rel=\"canonical\" href=\"https:\/\/www.nushu.cat\/eu\/produktua\/fardelik-gabeko-manta-espiga-seca-copia-copia-copia-copia-copia-copia-copia-2\/\" \/>\n<meta property=\"og:locale\" content=\"eu_ES\" \/>\n<meta property=\"og:type\" content=\"article\" \/>\n<meta property=\"og:title\" content=\"Llibre Irup\u00e9 eta menarkia - n\u00fcshu\" \/>\n<meta property=\"og:description\" content=\"Irup\u00e9 eta Menarkia ilustratutako eta koloreztatzeko istorio bat da, neskei \u2014eta baita familiei eta hezitzaileei ere\u2014 laguntzen diena gorputza, emozioak eta hilekoaren zikloa samurtasunez, informazio argiz eta taburik gabe ezagutzen.\" \/>\n<meta property=\"og:url\" content=\"https:\/\/www.nushu.cat\/eu\/produktua\/fardelik-gabeko-manta-espiga-seca-copia-copia-copia-copia-copia-copia-copia-2\/\" \/>\n<meta property=\"og:site_name\" content=\"n\u00fcshu\" \/>\n<meta property=\"article:publisher\" content=\"https:\/\/www.facebook.com\/nushu.artesania\/\" \/>\n<meta property=\"article:modified_time\" content=\"2025-11-29T22:31:23+00:00\" \/>\n<meta property=\"og:image\" content=\"https:\/\/www.nushu.cat\/wp-content\/uploads\/2025\/11\/TAPA-irupe-1000x1024.jpg\" \/>\n\t<meta property=\"og:image:width\" content=\"1000\" \/>\n\t<meta property=\"og:image:height\" content=\"1024\" \/>\n\t<meta property=\"og:image:type\" content=\"image\/jpeg\" \/>\n<meta name=\"twitter:card\" content=\"summary_large_image\" \/>\n<meta name=\"twitter:label1\" content=\"Est. reading time\" \/>\n\t<meta name=\"twitter:data1\" content=\"1 minute\" \/>\n<!-- \/ Yoast SEO plugin. -->","yoast_head_json":{"title":"Llibre Irup\u00e9 eta menarkia - n\u00fcshu","description":"Irup\u00e9 eta Menarkia ilustratutako eta koloreztatzeko istorio bat da, neskei \u2014eta baita familiei eta hezitzaileei ere\u2014 laguntzen diena gorputza, emozioak eta hilekoaren zikloa samurtasunez, informazio argiz eta taburik gabe ezagutzen.","robots":{"index":"index","follow":"follow","max-snippet":"max-snippet:-1","max-image-preview":"max-image-preview:large","max-video-preview":"max-video-preview:-1"},"canonical":"https:\/\/www.nushu.cat\/eu\/produktua\/fardelik-gabeko-manta-espiga-seca-copia-copia-copia-copia-copia-copia-copia-2\/","og_locale":"eu_ES","og_type":"article","og_title":"Llibre Irup\u00e9 eta menarkia - n\u00fcshu","og_description":"Irup\u00e9 eta Menarkia ilustratutako eta koloreztatzeko istorio bat da, neskei \u2014eta baita familiei eta hezitzaileei ere\u2014 laguntzen diena gorputza, emozioak eta hilekoaren zikloa samurtasunez, informazio argiz eta taburik gabe ezagutzen.","og_url":"https:\/\/www.nushu.cat\/eu\/produktua\/fardelik-gabeko-manta-espiga-seca-copia-copia-copia-copia-copia-copia-copia-2\/","og_site_name":"n\u00fcshu","article_publisher":"https:\/\/www.facebook.com\/nushu.artesania\/","article_modified_time":"2025-11-29T22:31:23+00:00","og_image":[{"width":1000,"height":1024,"url":"https:\/\/www.nushu.cat\/wp-content\/uploads\/2025\/11\/TAPA-irupe-1000x1024.jpg","type":"image\/jpeg"}],"twitter_card":"summary_large_image","twitter_misc":{"Est. reading time":"1 minute"},"schema":{"@context":"https:\/\/schema.org","@graph":[{"@type":"WebPage","@id":"https:\/\/www.nushu.cat\/eu\/produktua\/fardelik-gabeko-manta-espiga-seca-copia-copia-copia-copia-copia-copia-copia-2\/","url":"https:\/\/www.nushu.cat\/eu\/produktua\/fardelik-gabeko-manta-espiga-seca-copia-copia-copia-copia-copia-copia-copia-2\/","name":"Llibre Irup\u00e9 eta menarkia - n\u00fcshu","isPartOf":{"@id":"https:\/\/www.nushu.cat\/eu\/#website"},"primaryImageOfPage":{"@id":"https:\/\/www.nushu.cat\/eu\/produktua\/fardelik-gabeko-manta-espiga-seca-copia-copia-copia-copia-copia-copia-copia-2\/#primaryimage"},"image":{"@id":"https:\/\/www.nushu.cat\/eu\/produktua\/fardelik-gabeko-manta-espiga-seca-copia-copia-copia-copia-copia-copia-copia-2\/#primaryimage"},"thumbnailUrl":"https:\/\/www.nushu.cat\/wp-content\/uploads\/2025\/11\/TAPA-irupe.jpg","datePublished":"2025-11-29T22:31:22+00:00","dateModified":"2025-11-29T22:31:23+00:00","description":"Irup\u00e9 eta Menarkia ilustratutako eta koloreztatzeko istorio bat da, neskei \u2014eta baita familiei eta hezitzaileei ere\u2014 laguntzen diena gorputza, emozioak eta hilekoaren zikloa samurtasunez, informazio argiz eta taburik gabe ezagutzen.","breadcrumb":{"@id":"https:\/\/www.nushu.cat\/eu\/produktua\/fardelik-gabeko-manta-espiga-seca-copia-copia-copia-copia-copia-copia-copia-2\/#breadcrumb"},"inLanguage":"eu-ES","potentialAction":[{"@type":"ReadAction","target":["https:\/\/www.nushu.cat\/eu\/produktua\/fardelik-gabeko-manta-espiga-seca-copia-copia-copia-copia-copia-copia-copia-2\/"]}]},{"@type":"ImageObject","inLanguage":"eu-ES","@id":"https:\/\/www.nushu.cat\/eu\/produktua\/fardelik-gabeko-manta-espiga-seca-copia-copia-copia-copia-copia-copia-copia-2\/#primaryimage","url":"https:\/\/www.nushu.cat\/wp-content\/uploads\/2025\/11\/TAPA-irupe.jpg","contentUrl":"https:\/\/www.nushu.cat\/wp-content\/uploads\/2025\/11\/TAPA-irupe.jpg","width":2287,"height":2341},{"@type":"BreadcrumbList","@id":"https:\/\/www.nushu.cat\/eu\/produktua\/fardelik-gabeko-manta-espiga-seca-copia-copia-copia-copia-copia-copia-copia-2\/#breadcrumb","itemListElement":[{"@type":"ListItem","position":1,"name":"Inici","item":"https:\/\/www.nushu.cat\/eu\/oihalezko-konpresak\/"},{"@type":"ListItem","position":2,"name":"Denda","item":"https:\/\/www.nushu.cat\/eu\/denda\/"},{"@type":"ListItem","position":3,"name":"Irup\u00e9 eta menarkia"}]},{"@type":"WebSite","@id":"https:\/\/www.nushu.cat\/eu\/#website","url":"https:\/\/www.nushu.cat\/eu\/","name":"n\u00fcshu","description":"natural &amp; sostenible","publisher":{"@id":"https:\/\/www.nushu.cat\/eu\/#organization"},"potentialAction":[{"@type":"SearchAction","target":{"@type":"EntryPoint","urlTemplate":"https:\/\/www.nushu.cat\/eu\/?s={search_term_string}"},"query-input":{"@type":"PropertyValueSpecification","valueRequired":true,"valueName":"search_term_string"}}],"inLanguage":"eu-ES"},{"@type":"Organization","@id":"https:\/\/www.nushu.cat\/eu\/#organization","name":"n\u00fcshu","url":"https:\/\/www.nushu.cat\/eu\/","logo":{"@type":"ImageObject","inLanguage":"eu-ES","@id":"https:\/\/www.nushu.cat\/eu\/#\/schema\/logo\/image\/","url":"https:\/\/www.nushu.cat\/wp-content\/uploads\/2024\/02\/nushu-share-1-1.png","contentUrl":"https:\/\/www.nushu.cat\/wp-content\/uploads\/2024\/02\/nushu-share-1-1.png","width":1080,"height":1080,"caption":"n\u00fcshu"},"image":{"@id":"https:\/\/www.nushu.cat\/eu\/#\/schema\/logo\/image\/"},"sameAs":["https:\/\/www.facebook.com\/nushu.artesania\/","https:\/\/www.instagram.com\/nushu_artesania"]}]}},"jetpack_sharing_enabled":true,"_links":{"self":[{"href":"https:\/\/www.nushu.cat\/eu\/wp-json\/wp\/v2\/product\/268424","targetHints":{"allow":["GET"]}}],"collection":[{"href":"https:\/\/www.nushu.cat\/eu\/wp-json\/wp\/v2\/product"}],"about":[{"href":"https:\/\/www.nushu.cat\/eu\/wp-json\/wp\/v2\/types\/product"}],"version-history":[{"count":1,"href":"https:\/\/www.nushu.cat\/eu\/wp-json\/wp\/v2\/product\/268424\/revisions"}],"predecessor-version":[{"id":268624,"href":"https:\/\/www.nushu.cat\/eu\/wp-json\/wp\/v2\/product\/268424\/revisions\/268624"}],"wp:featuredmedia":[{"embeddable":true,"href":"https:\/\/www.nushu.cat\/eu\/wp-json\/wp\/v2\/media\/268516"}],"wp:attachment":[{"href":"https:\/\/www.nushu.cat\/eu\/wp-json\/wp\/v2\/media?parent=268424"}],"wp:term":[{"taxonomy":"product_brand","embeddable":true,"href":"https:\/\/www.nushu.cat\/eu\/wp-json\/wp\/v2\/product_brand?post=268424"},{"taxonomy":"product_cat","embeddable":true,"href":"https:\/\/www.nushu.cat\/eu\/wp-json\/wp\/v2\/product_cat?post=268424"},{"taxonomy":"product_tag","embeddable":true,"href":"https:\/\/www.nushu.cat\/eu\/wp-json\/wp\/v2\/product_tag?post=268424"}],"curies":[{"name":"wp","href":"https:\/\/api.w.org\/{rel}","templated":true}]}}