{"id":268715,"date":"2024-02-02T11:40:55","date_gmt":"2024-02-02T11:40:55","guid":{"rendered":"https:\/\/www.nushu.cat\/producte\/hilekoa-izateko-modu-berri-bat\/"},"modified":"2025-11-29T23:47:08","modified_gmt":"2025-11-29T22:47:08","slug":"hilekoa-izateko-modu-berri-bat","status":"publish","type":"product","link":"https:\/\/www.nushu.cat\/eu\/produktua\/hilekoa-izateko-modu-berri-bat\/","title":{"rendered":"Hilekoa izateko modu berri bat"},"content":{"rendered":"<p>Ezagutu hilekoa izateko modu berri bat <strong>Anna Salvia<\/strong>, sexu-heziketan espezializatutako psikologo nagusiarekin.<br \/>\nBaina egia da hilekoa beste modu batean izan dezakezula!<br \/>\nEn aquest llibre, la psic\u00f2loga especialitzada en educaci\u00f3 sexual Anna Salvia comparteix els coneixements i recursos acumulats durant m\u00e9s de deu anys treballant amb dones de totes les edats, investigant el cicle menstrual i fent sagnat lliure.<br \/>\nHilekoaren zikloari buruzko erreferentziazko tituluak argitaratu ditu, milaka emakume eta neskaren bizitza aldatu dutenak, hala nola The Period is Cool (If You Know How It Works), Journey to the Menstrual Cycle eta The Dance of Life for Women.<\/p>\n<h1>Liburu hau zuretzat da baldin eta\u2026<\/h1>\n<p>&#8230; araua polita dela esan nahiko zenuke baina nik urteak daramatzat gorroto.<br \/>\n&#8230;harekin adiskidetu zara eta are gehiago joan nahi duzu.<br \/>\n&#8230;jakin nahi duzu zer den odoljario librea eta nola praktikatu.<br \/>\n&#8230; ulertu nahi duzu zergatik ez diren ondoeza eta mina zure etsaiak, baizik eta mezulari jakintsuak.<\/p>\n<h1>Fitxa teknikoa<\/h1>\n<p>Orrialde kopurua: 144<br \/>\nArgitaletxea: BRUGUERA<br \/>\nHizkuntza: GAZTELANIA<br \/>\nAzal gogorra: Azal gogorra<br \/>\nISBN: 9788402423948<br \/>\nArgitalpen urtea: 2021<br \/>\nArgitalpen lekua: ES<br \/>\nIlustratzailea: Cristina Torr\u00f3n<br \/>\nArgitaratze data: 2021\/04\/15<br \/>\nNeurriak: Altuera: 24,7 cm, Zabalera: 18,2 cm, Lodiera: 1,7 cm<br \/>\nPisua: 528 gramo<\/p>\n","protected":false},"excerpt":{"rendered":"<p>Anna Salvia, liburu honetan, hilekoa izateko modu berri bat erakusten digu, gure gorputzak eta gure hilekoaren beharrak ezagutuz eta errespetatuz.<\/p>\n","protected":false},"featured_media":253112,"template":"","meta":{"_acf_changed":false},"product_brand":[],"product_cat":[349,390],"product_tag":[],"class_list":{"0":"post-268715","1":"product","2":"type-product","3":"status-publish","4":"has-post-thumbnail","6":"product_cat-iraunkorraren","7":"product_cat-liburuak","9":"first","10":"instock","11":"taxable","12":"shipping-taxable","13":"purchasable","14":"product-type-simple"},"acf":[],"yoast_head":"<!-- This site is optimized with the Yoast SEO plugin v27.4 - https:\/\/yoast.com\/product\/yoast-seo-wordpress\/ -->\n<title>Hilekoa izateko modu berri bat - n\u00fcshu<\/title>\n<meta name=\"description\" content=\"Anna Salvia, liburu honetan, hilekoa izateko modu berri bat erakusten digu, gure gorputzak eta gure hilekoaren beharrak ezagutuz eta errespetatuz.\" \/>\n<meta name=\"robots\" content=\"index, follow, max-snippet:-1, max-image-preview:large, max-video-preview:-1\" \/>\n<link rel=\"canonical\" href=\"https:\/\/www.nushu.cat\/eu\/produktua\/hilekoa-izateko-modu-berri-bat\/\" \/>\n<meta property=\"og:locale\" content=\"eu_ES\" \/>\n<meta property=\"og:type\" content=\"article\" \/>\n<meta property=\"og:title\" content=\"Hilekoa izateko modu berri bat - n\u00fcshu\" \/>\n<meta property=\"og:description\" content=\"Anna Salvia, liburu honetan, hilekoa izateko modu berri bat erakusten digu, gure gorputzak eta gure hilekoaren beharrak ezagutuz eta errespetatuz.\" \/>\n<meta property=\"og:url\" content=\"https:\/\/www.nushu.cat\/eu\/produktua\/hilekoa-izateko-modu-berri-bat\/\" \/>\n<meta property=\"og:site_name\" content=\"n\u00fcshu\" \/>\n<meta property=\"article:publisher\" content=\"https:\/\/www.facebook.com\/nushu.artesania\/\" \/>\n<meta property=\"article:modified_time\" content=\"2025-11-29T22:47:08+00:00\" \/>\n<meta property=\"og:image\" content=\"https:\/\/www.nushu.cat\/wp-content\/uploads\/2024\/02\/una-nueva-manera-de-menstruar-portada-1.png\" \/>\n\t<meta property=\"og:image:width\" content=\"283\" \/>\n\t<meta property=\"og:image:height\" content=\"283\" \/>\n\t<meta property=\"og:image:type\" content=\"image\/png\" \/>\n<meta name=\"twitter:card\" content=\"summary_large_image\" \/>\n<meta name=\"twitter:label1\" content=\"Est. reading time\" \/>\n\t<meta name=\"twitter:data1\" content=\"2 minutes\" \/>\n<!-- \/ Yoast SEO plugin. -->","yoast_head_json":{"title":"Hilekoa izateko modu berri bat - n\u00fcshu","description":"Anna Salvia, liburu honetan, hilekoa izateko modu berri bat erakusten digu, gure gorputzak eta gure hilekoaren beharrak ezagutuz eta errespetatuz.","robots":{"index":"index","follow":"follow","max-snippet":"max-snippet:-1","max-image-preview":"max-image-preview:large","max-video-preview":"max-video-preview:-1"},"canonical":"https:\/\/www.nushu.cat\/eu\/produktua\/hilekoa-izateko-modu-berri-bat\/","og_locale":"eu_ES","og_type":"article","og_title":"Hilekoa izateko modu berri bat - n\u00fcshu","og_description":"Anna Salvia, liburu honetan, hilekoa izateko modu berri bat erakusten digu, gure gorputzak eta gure hilekoaren beharrak ezagutuz eta errespetatuz.","og_url":"https:\/\/www.nushu.cat\/eu\/produktua\/hilekoa-izateko-modu-berri-bat\/","og_site_name":"n\u00fcshu","article_publisher":"https:\/\/www.facebook.com\/nushu.artesania\/","article_modified_time":"2025-11-29T22:47:08+00:00","og_image":[{"width":283,"height":283,"url":"https:\/\/www.nushu.cat\/wp-content\/uploads\/2024\/02\/una-nueva-manera-de-menstruar-portada-1.png","type":"image\/png"}],"twitter_card":"summary_large_image","twitter_misc":{"Est. reading time":"2 minutes"},"schema":{"@context":"https:\/\/schema.org","@graph":[{"@type":"WebPage","@id":"https:\/\/www.nushu.cat\/eu\/produktua\/hilekoa-izateko-modu-berri-bat\/","url":"https:\/\/www.nushu.cat\/eu\/produktua\/hilekoa-izateko-modu-berri-bat\/","name":"Hilekoa izateko modu berri bat - n\u00fcshu","isPartOf":{"@id":"https:\/\/www.nushu.cat\/eu\/#website"},"primaryImageOfPage":{"@id":"https:\/\/www.nushu.cat\/eu\/produktua\/hilekoa-izateko-modu-berri-bat\/#primaryimage"},"image":{"@id":"https:\/\/www.nushu.cat\/eu\/produktua\/hilekoa-izateko-modu-berri-bat\/#primaryimage"},"thumbnailUrl":"https:\/\/www.nushu.cat\/wp-content\/uploads\/2024\/02\/una-nueva-manera-de-menstruar-portada-1.png","datePublished":"2024-02-02T11:40:55+00:00","dateModified":"2025-11-29T22:47:08+00:00","description":"Anna Salvia, liburu honetan, hilekoa izateko modu berri bat erakusten digu, gure gorputzak eta gure hilekoaren beharrak ezagutuz eta errespetatuz.","breadcrumb":{"@id":"https:\/\/www.nushu.cat\/eu\/produktua\/hilekoa-izateko-modu-berri-bat\/#breadcrumb"},"inLanguage":"eu-ES","potentialAction":[{"@type":"ReadAction","target":["https:\/\/www.nushu.cat\/eu\/produktua\/hilekoa-izateko-modu-berri-bat\/"]}]},{"@type":"ImageObject","inLanguage":"eu-ES","@id":"https:\/\/www.nushu.cat\/eu\/produktua\/hilekoa-izateko-modu-berri-bat\/#primaryimage","url":"https:\/\/www.nushu.cat\/wp-content\/uploads\/2024\/02\/una-nueva-manera-de-menstruar-portada-1.png","contentUrl":"https:\/\/www.nushu.cat\/wp-content\/uploads\/2024\/02\/una-nueva-manera-de-menstruar-portada-1.png","width":283,"height":283,"caption":"Una nueva manera de menstruar"},{"@type":"BreadcrumbList","@id":"https:\/\/www.nushu.cat\/eu\/produktua\/hilekoa-izateko-modu-berri-bat\/#breadcrumb","itemListElement":[{"@type":"ListItem","position":1,"name":"Inici","item":"https:\/\/www.nushu.cat\/eu\/oihalezko-konpresak\/"},{"@type":"ListItem","position":2,"name":"Denda","item":"https:\/\/www.nushu.cat\/eu\/denda\/"},{"@type":"ListItem","position":3,"name":"Hilekoa izateko modu berri bat"}]},{"@type":"WebSite","@id":"https:\/\/www.nushu.cat\/eu\/#website","url":"https:\/\/www.nushu.cat\/eu\/","name":"n\u00fcshu","description":"natural &amp; sostenible","publisher":{"@id":"https:\/\/www.nushu.cat\/eu\/#organization"},"potentialAction":[{"@type":"SearchAction","target":{"@type":"EntryPoint","urlTemplate":"https:\/\/www.nushu.cat\/eu\/?s={search_term_string}"},"query-input":{"@type":"PropertyValueSpecification","valueRequired":true,"valueName":"search_term_string"}}],"inLanguage":"eu-ES"},{"@type":"Organization","@id":"https:\/\/www.nushu.cat\/eu\/#organization","name":"n\u00fcshu","url":"https:\/\/www.nushu.cat\/eu\/","logo":{"@type":"ImageObject","inLanguage":"eu-ES","@id":"https:\/\/www.nushu.cat\/eu\/#\/schema\/logo\/image\/","url":"https:\/\/www.nushu.cat\/wp-content\/uploads\/2024\/02\/nushu-share-1-1.png","contentUrl":"https:\/\/www.nushu.cat\/wp-content\/uploads\/2024\/02\/nushu-share-1-1.png","width":1080,"height":1080,"caption":"n\u00fcshu"},"image":{"@id":"https:\/\/www.nushu.cat\/eu\/#\/schema\/logo\/image\/"},"sameAs":["https:\/\/www.facebook.com\/nushu.artesania\/","https:\/\/www.instagram.com\/nushu_artesania"]}]}},"jetpack_sharing_enabled":true,"_links":{"self":[{"href":"https:\/\/www.nushu.cat\/eu\/wp-json\/wp\/v2\/product\/268715","targetHints":{"allow":["GET"]}}],"collection":[{"href":"https:\/\/www.nushu.cat\/eu\/wp-json\/wp\/v2\/product"}],"about":[{"href":"https:\/\/www.nushu.cat\/eu\/wp-json\/wp\/v2\/types\/product"}],"version-history":[{"count":2,"href":"https:\/\/www.nushu.cat\/eu\/wp-json\/wp\/v2\/product\/268715\/revisions"}],"predecessor-version":[{"id":268717,"href":"https:\/\/www.nushu.cat\/eu\/wp-json\/wp\/v2\/product\/268715\/revisions\/268717"}],"wp:featuredmedia":[{"embeddable":true,"href":"https:\/\/www.nushu.cat\/eu\/wp-json\/wp\/v2\/media\/253112"}],"wp:attachment":[{"href":"https:\/\/www.nushu.cat\/eu\/wp-json\/wp\/v2\/media?parent=268715"}],"wp:term":[{"taxonomy":"product_brand","embeddable":true,"href":"https:\/\/www.nushu.cat\/eu\/wp-json\/wp\/v2\/product_brand?post=268715"},{"taxonomy":"product_cat","embeddable":true,"href":"https:\/\/www.nushu.cat\/eu\/wp-json\/wp\/v2\/product_cat?post=268715"},{"taxonomy":"product_tag","embeddable":true,"href":"https:\/\/www.nushu.cat\/eu\/wp-json\/wp\/v2\/product_tag?post=268715"}],"curies":[{"name":"wp","href":"https:\/\/api.w.org\/{rel}","templated":true}]}}