{"id":268720,"date":"2024-02-02T12:04:23","date_gmt":"2024-02-02T12:04:23","guid":{"rendered":"https:\/\/www.nushu.cat\/producte\/ama\/"},"modified":"2025-11-30T22:51:06","modified_gmt":"2025-11-30T21:51:06","slug":"ama","status":"publish","type":"product","link":"https:\/\/www.nushu.cat\/eu\/produktua\/ama\/","title":{"rendered":"Ama"},"content":{"rendered":"<p>Ama liburu ilustratu ikusgarri bat da, testu txikiz betea: maitasuna, jakinduria eta mundu osoko emakumeek partekatzen dituzten uneak, seme-alabekiko duten maitasun handi-handia komunean dutelarik.<br \/>\nAma bakarrak, familia ugariko amak, ama gazteak eta ez hain gazteak, gaur egungoak eta garai batekoak, hemengoak eta hangoak\u2026<\/p>\n<p>Emozioz beteriko liburu bat, amei oparitzeko aproposa.<\/p>\n<p>Tamaina handiko liburu eder eta berezi bat da, s\u00edmboleditors argitaletxeak kaleratua, H\u00e9l\u00e8ne Delforge-ren testuekin eta Quentin Gr\u00e9ban-en emozioz gainezka dauden ilustrazioekin.<\/p>\n<h2 class=\"text-h5\">H\u00e9l\u00e8ne Delforge, idazlea<\/h2>\n<p>H\u00e9l\u00e8ne Delforge irakasle eta kazetari gisa aritu da. Literatura ikasi zuen eta, txikitatik, artista izan nahi izan du. Bokazio horrek istorio ugari sortzera eraman du.  <\/p>\n<h2 class=\"text-h5\">Quentin Greban, ilustratzailea<\/h2>\n<p>(Brusela, 1977) ilustrazioa ikasi zuen Brusela-ko Saint Luc institutuan. Bere ibilbidea 1999an hasi zen eta ordutik 25 haur-liburu baino gehiago argitaratu ditu, dozenaka hizkuntzatara itzuli diren lanak. <\/p>\n<p>&nbsp;<\/p>\n<h2>Fitxa teknikoa<\/h2>\n<div data-v-03ed71b5=\"\">\n<p>Orri kopurua: 72<br \/>\nArgitaletxea: SIMBOL<br \/>\nHizkuntza: KATALANA<br \/>\nAzala: Tapa gogorra<br \/>\nISBN: 9788415315506<br \/>\nEdizio urtea: 2023ko azaroa (zazpigarren edizioa)<br \/>\nEdizio lekua: CA<br \/>\nArgitaratze data: 2018\/04\/01<\/p>\n<\/div>\n","protected":false},"excerpt":{"rendered":"<p>Ama. Izen bakarra eta aldi berean askotarikoa.<br \/>Ume bakoitzak bat dauka.<br \/>Hitz bat maitasuna, goxotasuna, lotura, beharra, itxaropena eta, batzuetan, absentzia adierazteko.   <\/p>\n","protected":false},"featured_media":253151,"template":"","meta":{"_acf_changed":false},"product_brand":[],"product_cat":[354,349,355,390],"product_tag":[],"class_list":{"0":"post-268720","1":"product","2":"type-product","3":"status-publish","4":"has-post-thumbnail","6":"product_cat-amatasuna-eta-itxaropena","7":"product_cat-iraunkorraren","8":"product_cat-amatasuna-iraunkorra","9":"product_cat-liburuak","11":"first","12":"instock","13":"taxable","14":"shipping-taxable","15":"purchasable","16":"product-type-variable"},"acf":[],"yoast_head":"<!-- This site is optimized with the Yoast SEO plugin v27.4 - https:\/\/yoast.com\/product\/yoast-seo-wordpress\/ -->\n<title>Ama - n\u00fcshu<\/title>\n<meta name=\"description\" content=\"Ama. Izen bakarra eta aldi berean askotarikoa.Ume bakoitzak bat dauka.Hitz bat maitasuna, goxotasuna, lotura, beharra, itxaropena eta, batzuetan, absentzia adierazteko.\" \/>\n<meta name=\"robots\" content=\"index, follow, max-snippet:-1, max-image-preview:large, max-video-preview:-1\" \/>\n<link rel=\"canonical\" href=\"https:\/\/www.nushu.cat\/eu\/produktua\/ama\/\" \/>\n<meta property=\"og:locale\" content=\"eu_ES\" \/>\n<meta property=\"og:type\" content=\"article\" \/>\n<meta property=\"og:title\" content=\"Ama - n\u00fcshu\" \/>\n<meta property=\"og:description\" content=\"Ama. Izen bakarra eta aldi berean askotarikoa.Ume bakoitzak bat dauka.Hitz bat maitasuna, goxotasuna, lotura, beharra, itxaropena eta, batzuetan, absentzia adierazteko.\" \/>\n<meta property=\"og:url\" content=\"https:\/\/www.nushu.cat\/eu\/produktua\/ama\/\" \/>\n<meta property=\"og:site_name\" content=\"n\u00fcshu\" \/>\n<meta property=\"article:publisher\" content=\"https:\/\/www.facebook.com\/nushu.artesania\/\" \/>\n<meta property=\"article:modified_time\" content=\"2025-11-30T21:51:06+00:00\" \/>\n<meta property=\"og:image\" content=\"https:\/\/www.nushu.cat\/wp-content\/uploads\/2024\/02\/mama-libro.jpg\" \/>\n\t<meta property=\"og:image:width\" content=\"1196\" \/>\n\t<meta property=\"og:image:height\" content=\"1500\" \/>\n\t<meta property=\"og:image:type\" content=\"image\/jpeg\" \/>\n<meta name=\"twitter:card\" content=\"summary_large_image\" \/>\n<meta name=\"twitter:label1\" content=\"Est. reading time\" \/>\n\t<meta name=\"twitter:data1\" content=\"1 minute\" \/>\n<!-- \/ Yoast SEO plugin. -->","yoast_head_json":{"title":"Ama - n\u00fcshu","description":"Ama. Izen bakarra eta aldi berean askotarikoa.Ume bakoitzak bat dauka.Hitz bat maitasuna, goxotasuna, lotura, beharra, itxaropena eta, batzuetan, absentzia adierazteko.","robots":{"index":"index","follow":"follow","max-snippet":"max-snippet:-1","max-image-preview":"max-image-preview:large","max-video-preview":"max-video-preview:-1"},"canonical":"https:\/\/www.nushu.cat\/eu\/produktua\/ama\/","og_locale":"eu_ES","og_type":"article","og_title":"Ama - n\u00fcshu","og_description":"Ama. Izen bakarra eta aldi berean askotarikoa.Ume bakoitzak bat dauka.Hitz bat maitasuna, goxotasuna, lotura, beharra, itxaropena eta, batzuetan, absentzia adierazteko.","og_url":"https:\/\/www.nushu.cat\/eu\/produktua\/ama\/","og_site_name":"n\u00fcshu","article_publisher":"https:\/\/www.facebook.com\/nushu.artesania\/","article_modified_time":"2025-11-30T21:51:06+00:00","og_image":[{"width":1196,"height":1500,"url":"https:\/\/www.nushu.cat\/wp-content\/uploads\/2024\/02\/mama-libro.jpg","type":"image\/jpeg"}],"twitter_card":"summary_large_image","twitter_misc":{"Est. reading time":"1 minute"},"schema":{"@context":"https:\/\/schema.org","@graph":[{"@type":"WebPage","@id":"https:\/\/www.nushu.cat\/eu\/produktua\/ama\/","url":"https:\/\/www.nushu.cat\/eu\/produktua\/ama\/","name":"Ama - n\u00fcshu","isPartOf":{"@id":"https:\/\/www.nushu.cat\/eu\/#website"},"primaryImageOfPage":{"@id":"https:\/\/www.nushu.cat\/eu\/produktua\/ama\/#primaryimage"},"image":{"@id":"https:\/\/www.nushu.cat\/eu\/produktua\/ama\/#primaryimage"},"thumbnailUrl":"https:\/\/www.nushu.cat\/wp-content\/uploads\/2024\/02\/mama-libro.jpg","datePublished":"2024-02-02T12:04:23+00:00","dateModified":"2025-11-30T21:51:06+00:00","description":"Ama. Izen bakarra eta aldi berean askotarikoa.Ume bakoitzak bat dauka.Hitz bat maitasuna, goxotasuna, lotura, beharra, itxaropena eta, batzuetan, absentzia adierazteko.","breadcrumb":{"@id":"https:\/\/www.nushu.cat\/eu\/produktua\/ama\/#breadcrumb"},"inLanguage":"eu-ES","potentialAction":[{"@type":"ReadAction","target":["https:\/\/www.nushu.cat\/eu\/produktua\/ama\/"]}]},{"@type":"ImageObject","inLanguage":"eu-ES","@id":"https:\/\/www.nushu.cat\/eu\/produktua\/ama\/#primaryimage","url":"https:\/\/www.nushu.cat\/wp-content\/uploads\/2024\/02\/mama-libro.jpg","contentUrl":"https:\/\/www.nushu.cat\/wp-content\/uploads\/2024\/02\/mama-libro.jpg","width":1196,"height":1500,"caption":"Mam\u00e1 libro"},{"@type":"BreadcrumbList","@id":"https:\/\/www.nushu.cat\/eu\/produktua\/ama\/#breadcrumb","itemListElement":[{"@type":"ListItem","position":1,"name":"Inici","item":"https:\/\/www.nushu.cat\/eu\/oihalezko-konpresak\/"},{"@type":"ListItem","position":2,"name":"Denda","item":"https:\/\/www.nushu.cat\/eu\/denda\/"},{"@type":"ListItem","position":3,"name":"Ama"}]},{"@type":"WebSite","@id":"https:\/\/www.nushu.cat\/eu\/#website","url":"https:\/\/www.nushu.cat\/eu\/","name":"n\u00fcshu","description":"natural &amp; sostenible","publisher":{"@id":"https:\/\/www.nushu.cat\/eu\/#organization"},"potentialAction":[{"@type":"SearchAction","target":{"@type":"EntryPoint","urlTemplate":"https:\/\/www.nushu.cat\/eu\/?s={search_term_string}"},"query-input":{"@type":"PropertyValueSpecification","valueRequired":true,"valueName":"search_term_string"}}],"inLanguage":"eu-ES"},{"@type":"Organization","@id":"https:\/\/www.nushu.cat\/eu\/#organization","name":"n\u00fcshu","url":"https:\/\/www.nushu.cat\/eu\/","logo":{"@type":"ImageObject","inLanguage":"eu-ES","@id":"https:\/\/www.nushu.cat\/eu\/#\/schema\/logo\/image\/","url":"https:\/\/www.nushu.cat\/wp-content\/uploads\/2024\/02\/nushu-share-1-1.png","contentUrl":"https:\/\/www.nushu.cat\/wp-content\/uploads\/2024\/02\/nushu-share-1-1.png","width":1080,"height":1080,"caption":"n\u00fcshu"},"image":{"@id":"https:\/\/www.nushu.cat\/eu\/#\/schema\/logo\/image\/"},"sameAs":["https:\/\/www.facebook.com\/nushu.artesania\/","https:\/\/www.instagram.com\/nushu_artesania"]}]}},"jetpack_sharing_enabled":true,"_links":{"self":[{"href":"https:\/\/www.nushu.cat\/eu\/wp-json\/wp\/v2\/product\/268720","targetHints":{"allow":["GET"]}}],"collection":[{"href":"https:\/\/www.nushu.cat\/eu\/wp-json\/wp\/v2\/product"}],"about":[{"href":"https:\/\/www.nushu.cat\/eu\/wp-json\/wp\/v2\/types\/product"}],"version-history":[{"count":0,"href":"https:\/\/www.nushu.cat\/eu\/wp-json\/wp\/v2\/product\/268720\/revisions"}],"wp:featuredmedia":[{"embeddable":true,"href":"https:\/\/www.nushu.cat\/eu\/wp-json\/wp\/v2\/media\/253151"}],"wp:attachment":[{"href":"https:\/\/www.nushu.cat\/eu\/wp-json\/wp\/v2\/media?parent=268720"}],"wp:term":[{"taxonomy":"product_brand","embeddable":true,"href":"https:\/\/www.nushu.cat\/eu\/wp-json\/wp\/v2\/product_brand?post=268720"},{"taxonomy":"product_cat","embeddable":true,"href":"https:\/\/www.nushu.cat\/eu\/wp-json\/wp\/v2\/product_cat?post=268720"},{"taxonomy":"product_tag","embeddable":true,"href":"https:\/\/www.nushu.cat\/eu\/wp-json\/wp\/v2\/product_tag?post=268720"}],"curies":[{"name":"wp","href":"https:\/\/api.w.org\/{rel}","templated":true}]}}