{"id":268727,"date":"2024-04-17T14:45:21","date_gmt":"2024-04-17T12:45:21","guid":{"rendered":"https:\/\/www.nushu.cat\/producte\/ama-eta-aita\/"},"modified":"2025-11-30T23:04:16","modified_gmt":"2025-11-30T22:04:16","slug":"ama-eta-aita","status":"publish","type":"product","link":"https:\/\/www.nushu.cat\/eu\/produktua\/ama-eta-aita\/","title":{"rendered":"Ama eta aita"},"content":{"rendered":"<h1>Ama<\/h1>\n<p>Ama liburu ilustratu ikusgarri bat da, testu txikiz betea: maitasuna, jakinduria eta mundu osoko emakumeek partekatzen dituzten uneak, seme-alabekiko duten maitasun izugarri handia komunean dutelarik.<br \/>\nAma bakarrak, familia ugariko amak, ama gazteak eta ez hain gazteak, gaur egungoak eta antzinakoak, hemengoak eta hangoak\u2026<\/p>\n<p>Emozioz beteriko liburu bat, amei oparitzeko aproposa.<\/p>\n<p>Tamaina handiko liburu eder eta berezi bat da, s\u00edmboleditors argitaletxeak kaleratua, H\u00e9l\u00e8ne Delforge-ren testuekin eta Quentin Gr\u00e9ban-en emozioz gainezka dauden ilustrazioekin.<\/p>\n<h1>Aita<\/h1>\n<p>Inolako axolagabetasunik uzten ez duen liburua, aita eta aitatasunaren irudia ikuspegi goxo, sentikor eta poetikotik hurbiltzen duena. Quentin Greban eta H\u00e9l\u00e8ne Delforge berriro ere bikain aritu dira. Ama eta Maite zaitut album zoragarrien ondoren, orain Aita argitaratu dute: arnasa kentzen duten ilustrazioekin eta sentsibilitatez eta emozioz beteriko testuekin.  <\/p>\n<p>Tamaina handiko liburu eder eta berezi bat da, s\u00edmboleditors argitaletxeak kaleratua, H\u00e9l\u00e8ne Delforge-ren testuekin eta Quentin Gr\u00e9ban-en emozioz beteriko ilustrazioekin.<\/p>\n<h2><\/h2>\n<h2 class=\"text-h5\">H\u00e9l\u00e8ne Delforge, idazlea<\/h2>\n<p>H\u00e9l\u00e8ne Delforge irakasle eta kazetari gisa aritu da. Literatura ikasi zuen eta, txikitatik, artista izan nahi izan du. Bokazio horrek istorio ugari sortzera eraman du.  <\/p>\n<h2 class=\"text-h5\">Quentin Greban, ilustratzailea<\/h2>\n<p>(Brusela, 1977) ilustrazioa ikasi zuen Brusela-ko Saint Luc institutuan. Bere ibilbidea 1999an hasi zen eta ordutik 25 haur-liburu baino gehiago argitaratu ditu, dozenaka hizkuntzatara itzuli diren lanak. <\/p>\n<h2>Fitxa teknikoa<\/h2>\n<div data-v-03ed71b5=\"\">\n<p>Orri kopurua: 72<br \/>\nArgitaletxea: SIMBOL<br \/>\nHizkuntza: KATALANA<br \/>\nAzala: Tapa gogorra<br \/>\nEdizio lekua: CA<br \/>\nArgitalpen data: 2018\/04\/01 (Ama) \u2014 2023\/08\/30 (Aita)<\/p>\n<\/div>\n","protected":false},"excerpt":{"rendered":"<p>Ama eta Aita.<br \/>Bi liburu goxo eta polit.<br \/>Familia hazten ari den baterako opari bikaina, kide berria etortzearekin batera.<br \/>Erosi biak elkarrekin, pack moduan, eta aurreztu dirua.<\/p>\n","protected":false},"featured_media":263930,"template":"","meta":{"_acf_changed":false},"product_brand":[],"product_cat":[354,349,355,390],"product_tag":[],"class_list":{"0":"post-268727","1":"product","2":"type-product","3":"status-publish","4":"has-post-thumbnail","6":"product_cat-amatasuna-eta-itxaropena","7":"product_cat-iraunkorraren","8":"product_cat-amatasuna-iraunkorra","9":"product_cat-liburuak","11":"first","12":"outofstock","13":"sale","14":"taxable","15":"shipping-taxable","16":"purchasable","17":"product-type-variable"},"acf":[],"yoast_head":"<!-- This site is optimized with the Yoast SEO plugin v27.4 - https:\/\/yoast.com\/product\/yoast-seo-wordpress\/ -->\n<title>Ama eta aita - n\u00fcshu<\/title>\n<meta name=\"description\" content=\"Ama eta Aita.Bi liburu goxo eta polit.Familia hazten ari den baterako opari bikaina, kide berria etortzearekin batera.Erosi biak elkarrekin, pack moduan, eta aurreztu dirua.\" \/>\n<meta name=\"robots\" content=\"index, follow, max-snippet:-1, max-image-preview:large, max-video-preview:-1\" \/>\n<link rel=\"canonical\" href=\"https:\/\/www.nushu.cat\/eu\/produktua\/ama-eta-aita\/\" \/>\n<meta property=\"og:locale\" content=\"eu_ES\" \/>\n<meta property=\"og:type\" content=\"article\" \/>\n<meta property=\"og:title\" content=\"Ama eta aita - n\u00fcshu\" \/>\n<meta property=\"og:description\" content=\"Ama eta Aita.Bi liburu goxo eta polit.Familia hazten ari den baterako opari bikaina, kide berria etortzearekin batera.Erosi biak elkarrekin, pack moduan, eta aurreztu dirua.\" \/>\n<meta property=\"og:url\" content=\"https:\/\/www.nushu.cat\/eu\/produktua\/ama-eta-aita\/\" \/>\n<meta property=\"og:site_name\" content=\"n\u00fcshu\" \/>\n<meta property=\"article:publisher\" content=\"https:\/\/www.facebook.com\/nushu.artesania\/\" \/>\n<meta property=\"article:modified_time\" content=\"2025-11-30T22:04:16+00:00\" \/>\n<meta property=\"og:image\" content=\"https:\/\/www.nushu.cat\/wp-content\/uploads\/2024\/04\/pare-i-mare.png\" \/>\n\t<meta property=\"og:image:width\" content=\"1000\" \/>\n\t<meta property=\"og:image:height\" content=\"1000\" \/>\n\t<meta property=\"og:image:type\" content=\"image\/png\" \/>\n<meta name=\"twitter:card\" content=\"summary_large_image\" \/>\n<meta name=\"twitter:label1\" content=\"Est. reading time\" \/>\n\t<meta name=\"twitter:data1\" content=\"1 minute\" \/>\n<!-- \/ Yoast SEO plugin. -->","yoast_head_json":{"title":"Ama eta aita - n\u00fcshu","description":"Ama eta Aita.Bi liburu goxo eta polit.Familia hazten ari den baterako opari bikaina, kide berria etortzearekin batera.Erosi biak elkarrekin, pack moduan, eta aurreztu dirua.","robots":{"index":"index","follow":"follow","max-snippet":"max-snippet:-1","max-image-preview":"max-image-preview:large","max-video-preview":"max-video-preview:-1"},"canonical":"https:\/\/www.nushu.cat\/eu\/produktua\/ama-eta-aita\/","og_locale":"eu_ES","og_type":"article","og_title":"Ama eta aita - n\u00fcshu","og_description":"Ama eta Aita.Bi liburu goxo eta polit.Familia hazten ari den baterako opari bikaina, kide berria etortzearekin batera.Erosi biak elkarrekin, pack moduan, eta aurreztu dirua.","og_url":"https:\/\/www.nushu.cat\/eu\/produktua\/ama-eta-aita\/","og_site_name":"n\u00fcshu","article_publisher":"https:\/\/www.facebook.com\/nushu.artesania\/","article_modified_time":"2025-11-30T22:04:16+00:00","og_image":[{"width":1000,"height":1000,"url":"https:\/\/www.nushu.cat\/wp-content\/uploads\/2024\/04\/pare-i-mare.png","type":"image\/png"}],"twitter_card":"summary_large_image","twitter_misc":{"Est. reading time":"1 minute"},"schema":{"@context":"https:\/\/schema.org","@graph":[{"@type":"WebPage","@id":"https:\/\/www.nushu.cat\/eu\/produktua\/ama-eta-aita\/","url":"https:\/\/www.nushu.cat\/eu\/produktua\/ama-eta-aita\/","name":"Ama eta aita - n\u00fcshu","isPartOf":{"@id":"https:\/\/www.nushu.cat\/eu\/#website"},"primaryImageOfPage":{"@id":"https:\/\/www.nushu.cat\/eu\/produktua\/ama-eta-aita\/#primaryimage"},"image":{"@id":"https:\/\/www.nushu.cat\/eu\/produktua\/ama-eta-aita\/#primaryimage"},"thumbnailUrl":"https:\/\/www.nushu.cat\/wp-content\/uploads\/2024\/04\/pare-i-mare.png","datePublished":"2024-04-17T12:45:21+00:00","dateModified":"2025-11-30T22:04:16+00:00","description":"Ama eta Aita.Bi liburu goxo eta polit.Familia hazten ari den baterako opari bikaina, kide berria etortzearekin batera.Erosi biak elkarrekin, pack moduan, eta aurreztu dirua.","breadcrumb":{"@id":"https:\/\/www.nushu.cat\/eu\/produktua\/ama-eta-aita\/#breadcrumb"},"inLanguage":"eu-ES","potentialAction":[{"@type":"ReadAction","target":["https:\/\/www.nushu.cat\/eu\/produktua\/ama-eta-aita\/"]}]},{"@type":"ImageObject","inLanguage":"eu-ES","@id":"https:\/\/www.nushu.cat\/eu\/produktua\/ama-eta-aita\/#primaryimage","url":"https:\/\/www.nushu.cat\/wp-content\/uploads\/2024\/04\/pare-i-mare.png","contentUrl":"https:\/\/www.nushu.cat\/wp-content\/uploads\/2024\/04\/pare-i-mare.png","width":1000,"height":1000},{"@type":"BreadcrumbList","@id":"https:\/\/www.nushu.cat\/eu\/produktua\/ama-eta-aita\/#breadcrumb","itemListElement":[{"@type":"ListItem","position":1,"name":"Inici","item":"https:\/\/www.nushu.cat\/eu\/oihalezko-konpresak\/"},{"@type":"ListItem","position":2,"name":"Denda","item":"https:\/\/www.nushu.cat\/eu\/denda\/"},{"@type":"ListItem","position":3,"name":"Ama eta aita"}]},{"@type":"WebSite","@id":"https:\/\/www.nushu.cat\/eu\/#website","url":"https:\/\/www.nushu.cat\/eu\/","name":"n\u00fcshu","description":"natural &amp; sostenible","publisher":{"@id":"https:\/\/www.nushu.cat\/eu\/#organization"},"potentialAction":[{"@type":"SearchAction","target":{"@type":"EntryPoint","urlTemplate":"https:\/\/www.nushu.cat\/eu\/?s={search_term_string}"},"query-input":{"@type":"PropertyValueSpecification","valueRequired":true,"valueName":"search_term_string"}}],"inLanguage":"eu-ES"},{"@type":"Organization","@id":"https:\/\/www.nushu.cat\/eu\/#organization","name":"n\u00fcshu","url":"https:\/\/www.nushu.cat\/eu\/","logo":{"@type":"ImageObject","inLanguage":"eu-ES","@id":"https:\/\/www.nushu.cat\/eu\/#\/schema\/logo\/image\/","url":"https:\/\/www.nushu.cat\/wp-content\/uploads\/2024\/02\/nushu-share-1-1.png","contentUrl":"https:\/\/www.nushu.cat\/wp-content\/uploads\/2024\/02\/nushu-share-1-1.png","width":1080,"height":1080,"caption":"n\u00fcshu"},"image":{"@id":"https:\/\/www.nushu.cat\/eu\/#\/schema\/logo\/image\/"},"sameAs":["https:\/\/www.facebook.com\/nushu.artesania\/","https:\/\/www.instagram.com\/nushu_artesania"]}]}},"jetpack_sharing_enabled":true,"_links":{"self":[{"href":"https:\/\/www.nushu.cat\/eu\/wp-json\/wp\/v2\/product\/268727","targetHints":{"allow":["GET"]}}],"collection":[{"href":"https:\/\/www.nushu.cat\/eu\/wp-json\/wp\/v2\/product"}],"about":[{"href":"https:\/\/www.nushu.cat\/eu\/wp-json\/wp\/v2\/types\/product"}],"version-history":[{"count":0,"href":"https:\/\/www.nushu.cat\/eu\/wp-json\/wp\/v2\/product\/268727\/revisions"}],"wp:featuredmedia":[{"embeddable":true,"href":"https:\/\/www.nushu.cat\/eu\/wp-json\/wp\/v2\/media\/263930"}],"wp:attachment":[{"href":"https:\/\/www.nushu.cat\/eu\/wp-json\/wp\/v2\/media?parent=268727"}],"wp:term":[{"taxonomy":"product_brand","embeddable":true,"href":"https:\/\/www.nushu.cat\/eu\/wp-json\/wp\/v2\/product_brand?post=268727"},{"taxonomy":"product_cat","embeddable":true,"href":"https:\/\/www.nushu.cat\/eu\/wp-json\/wp\/v2\/product_cat?post=268727"},{"taxonomy":"product_tag","embeddable":true,"href":"https:\/\/www.nushu.cat\/eu\/wp-json\/wp\/v2\/product_tag?post=268727"}],"curies":[{"name":"wp","href":"https:\/\/api.w.org\/{rel}","templated":true}]}}