{"id":270542,"date":"2026-04-21T23:08:57","date_gmt":"2026-04-21T21:08:57","guid":{"rendered":"https:\/\/www.nushu.cat\/?post_type=product&#038;p=270542"},"modified":"2026-04-24T23:39:09","modified_gmt":"2026-04-24T21:39:09","slug":"kutxa-eta-25-toailatxo-berrerabilgarri-organiko","status":"publish","type":"product","link":"https:\/\/www.nushu.cat\/eu\/produktua\/kutxa-eta-25-toailatxo-berrerabilgarri-organiko\/","title":{"rendered":"Kutxa + 25 toailatxo berrerabilgarri organiko"},"content":{"rendered":"<p data-start=\"87\" data-end=\"238\">Banbuzko kaxa pakete honek 25 berrerabilgarri diren %100 kotoizko toailatxo organiko ditu eguneroko bizitzan hondakinik ez izateko modurik errazena.<\/p>\n<h3 data-section-id=\"js9dew\" data-start=\"245\" data-end=\"290\"><\/h3>\n<h3 data-section-id=\"js9dew\" data-start=\"245\" data-end=\"290\"><span role=\"text\"><strong data-start=\"249\" data-end=\"290\">Banbuzko kutxa: praktikoa eta apaingarria<\/strong><\/span><\/h3>\n<p data-start=\"291\" data-end=\"469\">Banbuzko kaxa funtzional eta apaingarri bat dauka, kotoizko zapiak barruan sartzeko diseinatua, banan-banan atera daitezen, ohiko zapi-kaxa bat bezala.<\/p>\n<p data-start=\"471\" data-end=\"528\">Aproposa beti eskura edukitzeko, bai komunean bai jantokian.<\/p>\n<p data-start=\"471\" data-end=\"528\">Bi kaxa aukera ditzakezu, bata %100ean banbuz egina, eta bestea, banbuzko tapa eta polipropilenozko gorputza duena, zuria.<br \/>\nAukeratu gehien gustatzen zaizun aukera goitibeherako menuan.<\/p>\n<h3 data-section-id=\"1gy0quw\" data-start=\"535\" data-end=\"591\"><\/h3>\n<h3 data-section-id=\"1gy0quw\" data-start=\"535\" data-end=\"591\"><span role=\"text\"><strong data-start=\"539\" data-end=\"591\">GOTS kotoi organikoz egindako berrerabilgarriak diren zapiak<\/strong><\/span><\/h3>\n<p data-start=\"592\" data-end=\"704\">GOTS ziurtagiria duten %100eko kotoi organikozko zapi berrerabilgarriak leunak, iraunkorrak eta oso polifazetikoak dira.<\/p>\n<p data-start=\"706\" data-end=\"830\">Zapi gisa erabil ditzakezu, higiene pertsonalerako, eskuak edo aurpegia garbitzeko edo txikienak zaintzeko.<\/p>\n<p data-start=\"832\" data-end=\"927\">20x20cm-ko neurria dute eta muselinaz eginda daude: zenbat eta gehiago erabili, orduan eta leunagoak eta puztuagoak bihurtzen dira.<\/p>\n<p data-start=\"832\" data-end=\"927\">5 kolore dituzu aukeran: esmeralda, urdina, korala, mostaza edo beix. Aukeratu nahiago duzuna goitibeherako menuan.<\/p>\n<h3 data-section-id=\"iq1e07\" data-start=\"934\" data-end=\"1000\"><\/h3>\n<h3 data-section-id=\"iq1e07\" data-start=\"934\" data-end=\"1000\"><span role=\"text\"><strong data-start=\"938\" data-end=\"1000\">Benetako alternatiba paper eta zapi hezeen aurrean<\/strong><\/span><\/h3>\n<p data-start=\"1001\" data-end=\"1085\">Erabili ondoren, garbitu eta berriro kutxan sartu besterik ez duzu egin behar.<\/p>\n<p data-start=\"1087\" data-end=\"1231\">Alternatiba praktikoa, ekonomikoa eta iraunkorra, helduentzat eta haurtxoentzat botatzeko paperaren eta zapi hezeen erabilera nabarmen murrizten duena.<\/p>\n<p data-start=\"1233\" data-end=\"1391\">Zapi hezeak eguneroko produktu kutsakorrenetakoak dira. Hona hemen alternatiba berrerabilgarri bat, produktu kimikorik, lurrinik eta kontserbagarririk gabea.<\/p>\n<h3 data-section-id=\"rhj19u\" data-start=\"1398\" data-end=\"1443\"><\/h3>\n<h3 data-section-id=\"rhj19u\" data-start=\"1398\" data-end=\"1443\"><span role=\"text\"><strong data-start=\"1402\" data-end=\"1443\">Zertarako erabil dezakezu pakete hau?<\/strong><\/span><\/h3>\n<p data-start=\"1444\" data-end=\"1528\">Botatzeko zapi hezeak ordezkatzeko diseinatua, baina erabilera askoz gehiagorekin:<\/p>\n<p data-start=\"1530\" data-end=\"1551\"><strong data-start=\"1530\" data-end=\"1551\">Eguneroko bizitzarako:<\/strong><\/p>\n<ul data-start=\"1552\" data-end=\"1639\">\n<li data-section-id=\"kr0loy\" data-start=\"1552\" data-end=\"1581\">Komuneko papera ordezkatu<\/li>\n<li data-section-id=\"s9lfz3\" data-start=\"1582\" data-end=\"1618\">Ordeztu paperezko zapiak<\/li>\n<li data-section-id=\"1qsk10x\" data-start=\"1619\" data-end=\"1639\">Higiene pertsonala<\/li>\n<\/ul>\n<p data-start=\"1641\" data-end=\"1658\"><strong data-start=\"1641\" data-end=\"1658\">Haurtxoentzat:<\/strong><\/p>\n<ul data-start=\"1659\" data-end=\"1722\">\n<li data-section-id=\"12ai1g2\" data-start=\"1659\" data-end=\"1722\">Garbitu mukia, errefluxua, flema, malkoak edo orbanak<\/li>\n<\/ul>\n<p data-start=\"1724\" data-end=\"1740\"><strong data-start=\"1724\" data-end=\"1740\">Beste erabilerak:<\/strong><\/p>\n<ul data-start=\"1741\" data-end=\"1869\">\n<li data-section-id=\"bheyzj\" data-start=\"1741\" data-end=\"1759\">Garbiketa-oihal<\/li>\n<li data-section-id=\"arnase\" data-start=\"1760\" data-end=\"1797\">Maskoten zaintza (begiak, belarriak, etab.)<\/li>\n<li data-section-id=\"bhxtam\" data-start=\"1798\" data-end=\"1838\">Sukarra jaisteko oihal bustiak egin<\/li>\n<li data-section-id=\"1bl1z40\" data-start=\"1839\" data-end=\"1869\">Mantendu barazkiak fresko.<\/li>\n<\/ul>\n<h3 data-section-id=\"z5whzc\" data-start=\"2147\" data-end=\"2173\"><\/h3>\n<h3 data-section-id=\"z5whzc\" data-start=\"2147\" data-end=\"2173\"><span role=\"text\"><strong data-start=\"2151\" data-end=\"2173\">Nola erabili behar diren<\/strong><\/span><\/h3>\n<p data-start=\"2174\" data-end=\"2221\">Hainbat aukera dituzu behar duzunaren arabera:<\/p>\n<ul data-start=\"2223\" data-end=\"2381\">\n<li data-section-id=\"1hm8gx7\" data-start=\"2223\" data-end=\"2247\">Erabili itzazu lehor, urarekin garbitu ondoren lehortzeko.<\/li>\n<li data-section-id=\"y4d7tf\" data-start=\"2248\" data-end=\"2321\">Erabili aurretik, busti itzazu spray batekin (ura, kamamila, hamarila, kalendula, etab.).<\/li>\n<li data-section-id=\"1wwq7ce\" data-start=\"2322\" data-end=\"2381\">Garbigailutik atera ondoren, heze mantendu itzazu.<\/li>\n<\/ul>\n<p data-start=\"2463\" data-end=\"2557\">Erabili ondoren, beharrezkoa bada, garbitu itzazu garbigailuan, beste edozein jantzi bezala.<\/p>\n<h3 data-section-id=\"rcq01r\" data-start=\"2564\" data-end=\"2599\"><\/h3>\n<h3 data-section-id=\"rcq01r\" data-start=\"2564\" data-end=\"2599\"><span role=\"text\"><strong data-start=\"2568\" data-end=\"2599\">Egin zero hondakinen aldeko aldaketa<\/strong><\/span><\/h3>\n<p data-start=\"2600\" data-end=\"2701\">Bizimodu kontzienteago, praktikoago eta jasangarriago batekin hasteko (edo jarraitzeko) pakete ezin hobea.<\/p>\n<h3 data-section-id=\"m05z3a\" data-start=\"1361\" data-end=\"1385\"><span role=\"text\"><strong data-start=\"1365\" data-end=\"1385\">Ezaugarriak<\/strong><\/span><\/h3>\n<p data-start=\"1386\" data-end=\"1396\"><strong data-start=\"1386\" data-end=\"1396\">Banbuzko kutxa:<\/strong><\/p>\n<ul data-start=\"1397\" data-end=\"1487\">\n<li data-section-id=\"wl71m7\" data-start=\"1397\" data-end=\"1416\">Materiala: banbua<\/li>\n<li data-section-id=\"18ogtto\" data-start=\"1417\" data-end=\"1442\">Neurriak: 26 x 14 x 7 cm<\/li>\n<li data-section-id=\"ftl138\" data-start=\"1443\" data-end=\"1459\">Pisua: 0,44 kg<\/li>\n<\/ul>\n<p><strong data-start=\"1386\" data-end=\"1396\">Kutxa zuria:<\/strong><\/p>\n<ul data-start=\"1397\" data-end=\"1487\">\n<li data-section-id=\"wl71m7\" data-start=\"1397\" data-end=\"1416\">Materiala: banbua eta polipropilenoa<\/li>\n<li data-section-id=\"18ogtto\" data-start=\"1417\" data-end=\"1442\">Neurriak: 26 x 134 x 8,6 cm<\/li>\n<li data-section-id=\"ftl138\" data-start=\"1443\" data-end=\"1459\">Pisua: 0,33 kg<\/li>\n<\/ul>\n<p data-start=\"1489\" data-end=\"1506\"><strong data-start=\"1489\" data-end=\"1506\">Toailatxoak:<\/strong><\/p>\n<ul data-start=\"1507\" data-end=\"1633\">\n<li data-section-id=\"1mhqimv\" data-start=\"1507\" data-end=\"1529\">25 unitateko paketea<\/li>\n<li data-section-id=\"1mhqimv\" data-start=\"1507\" data-end=\"1529\">%100 kotoizko muselina organikoa<\/li>\n<li data-section-id=\"m3qlco\" data-start=\"1530\" data-end=\"1560\">Berrerabilgarria eta garbigarria<\/li>\n<li data-section-id=\"t2i2au\" data-start=\"1561\" data-end=\"1583\">Erabilerarekin leunagoa.<\/li>\n<li data-section-id=\"1b1sn66\" data-start=\"1584\" data-end=\"1633\">Erabilera: higiene pertsonala, haurtxoak, zapi hezeak, eguneroko garbiketa<\/li>\n<\/ul>\n","protected":false},"excerpt":{"rendered":"<p>Banbuzko kaxa paketea +<span style=\"font-weight: 400;\"> %100 kotoi organikoz<\/span> egindako 25 toailatxo berrerabilgarri, 5 koloretako aukeran.<br \/>\nKomunean edo jangelan botatzeko zapiak eta toailatxoak ordezkatzeko irtenbide praktiko eta jasangarria.<\/p>\n","protected":false},"featured_media":270669,"template":"","meta":{"_acf_changed":false},"product_brand":[],"product_cat":[385,354,350,374,382,352,349],"product_tag":[],"class_list":{"0":"post-270542","1":"product","2":"type-product","3":"status-publish","4":"has-post-thumbnail","6":"product_cat-amatasun-haur-berriaren-paketeak","7":"product_cat-amatasuna-eta-itxaropena","8":"product_cat-aurpegiko-higienea-iraunkorraren","9":"product_cat-etxearen-garbiketa-iraunkorraren","10":"product_cat-haurren-higienea","11":"product_cat-higiene-toalla","12":"product_cat-iraunkorraren","14":"first","15":"instock","16":"sale","17":"taxable","18":"shipping-taxable","19":"purchasable","20":"product-type-variable","21":"has-default-attributes"},"acf":[],"yoast_head":"<!-- This site is optimized with the Yoast SEO plugin v27.2 - https:\/\/yoast.com\/product\/yoast-seo-wordpress\/ -->\n<title>Kutxa + 25 toailatxo berrerabilgarri organiko berrerabilgarria - n\u00fcshu<\/title>\n<meta name=\"description\" content=\"Pack amb capsa de bamb\u00fa i 25 tovalloletes reutilitzables de cot\u00f3 org\u00e0nic. Soluci\u00f3 pr\u00e0ctica i sostenible per substituir mocadors i tovalloletes d\u2019un sol \u00fas a casa.\" \/>\n<meta name=\"robots\" content=\"index, follow, max-snippet:-1, max-image-preview:large, max-video-preview:-1\" \/>\n<link rel=\"canonical\" href=\"https:\/\/www.nushu.cat\/eu\/produktua\/kutxa-eta-25-toailatxo-berrerabilgarri-organiko\/\" \/>\n<meta property=\"og:locale\" content=\"eu_ES\" \/>\n<meta property=\"og:type\" content=\"article\" \/>\n<meta property=\"og:title\" content=\"Kutxa + 25 toailatxo berrerabilgarri organiko berrerabilgarria - n\u00fcshu\" \/>\n<meta property=\"og:description\" content=\"Pack amb capsa de bamb\u00fa i 25 tovalloletes reutilitzables de cot\u00f3 org\u00e0nic. Soluci\u00f3 pr\u00e0ctica i sostenible per substituir mocadors i tovalloletes d\u2019un sol \u00fas a casa.\" \/>\n<meta property=\"og:url\" content=\"https:\/\/www.nushu.cat\/eu\/produktua\/kutxa-eta-25-toailatxo-berrerabilgarri-organiko\/\" \/>\n<meta property=\"og:site_name\" content=\"n\u00fcshu\" \/>\n<meta property=\"article:publisher\" content=\"https:\/\/www.facebook.com\/nushu.artesania\/\" \/>\n<meta property=\"article:modified_time\" content=\"2026-04-24T21:39:09+00:00\" \/>\n<meta property=\"og:image\" content=\"https:\/\/www.nushu.cat\/wp-content\/uploads\/2026\/04\/capses-bambu-i-blanca.png\" \/>\n\t<meta property=\"og:image:width\" content=\"1000\" \/>\n\t<meta property=\"og:image:height\" content=\"1000\" \/>\n\t<meta property=\"og:image:type\" content=\"image\/png\" \/>\n<meta name=\"twitter:card\" content=\"summary_large_image\" \/>\n<meta name=\"twitter:label1\" content=\"Est. reading time\" \/>\n\t<meta name=\"twitter:data1\" content=\"3 minutes\" \/>\n<!-- \/ Yoast SEO plugin. -->","yoast_head_json":{"title":"Kutxa + 25 toailatxo berrerabilgarri organiko berrerabilgarria - n\u00fcshu","description":"Pack amb capsa de bamb\u00fa i 25 tovalloletes reutilitzables de cot\u00f3 org\u00e0nic. Soluci\u00f3 pr\u00e0ctica i sostenible per substituir mocadors i tovalloletes d\u2019un sol \u00fas a casa.","robots":{"index":"index","follow":"follow","max-snippet":"max-snippet:-1","max-image-preview":"max-image-preview:large","max-video-preview":"max-video-preview:-1"},"canonical":"https:\/\/www.nushu.cat\/eu\/produktua\/kutxa-eta-25-toailatxo-berrerabilgarri-organiko\/","og_locale":"eu_ES","og_type":"article","og_title":"Kutxa + 25 toailatxo berrerabilgarri organiko berrerabilgarria - n\u00fcshu","og_description":"Pack amb capsa de bamb\u00fa i 25 tovalloletes reutilitzables de cot\u00f3 org\u00e0nic. Soluci\u00f3 pr\u00e0ctica i sostenible per substituir mocadors i tovalloletes d\u2019un sol \u00fas a casa.","og_url":"https:\/\/www.nushu.cat\/eu\/produktua\/kutxa-eta-25-toailatxo-berrerabilgarri-organiko\/","og_site_name":"n\u00fcshu","article_publisher":"https:\/\/www.facebook.com\/nushu.artesania\/","article_modified_time":"2026-04-24T21:39:09+00:00","og_image":[{"width":1000,"height":1000,"url":"https:\/\/www.nushu.cat\/wp-content\/uploads\/2026\/04\/capses-bambu-i-blanca.png","type":"image\/png"}],"twitter_card":"summary_large_image","twitter_misc":{"Est. reading time":"3 minutes"},"schema":{"@context":"https:\/\/schema.org","@graph":[{"@type":"WebPage","@id":"https:\/\/www.nushu.cat\/eu\/produktua\/kutxa-eta-25-toailatxo-berrerabilgarri-organiko\/","url":"https:\/\/www.nushu.cat\/eu\/produktua\/kutxa-eta-25-toailatxo-berrerabilgarri-organiko\/","name":"Kutxa + 25 toailatxo berrerabilgarri organiko berrerabilgarria - n\u00fcshu","isPartOf":{"@id":"https:\/\/www.nushu.cat\/eu\/#website"},"primaryImageOfPage":{"@id":"https:\/\/www.nushu.cat\/eu\/produktua\/kutxa-eta-25-toailatxo-berrerabilgarri-organiko\/#primaryimage"},"image":{"@id":"https:\/\/www.nushu.cat\/eu\/produktua\/kutxa-eta-25-toailatxo-berrerabilgarri-organiko\/#primaryimage"},"thumbnailUrl":"https:\/\/www.nushu.cat\/wp-content\/uploads\/2026\/04\/capses-bambu-i-blanca.png","datePublished":"2026-04-21T21:08:57+00:00","dateModified":"2026-04-24T21:39:09+00:00","description":"Pack amb capsa de bamb\u00fa i 25 tovalloletes reutilitzables de cot\u00f3 org\u00e0nic. Soluci\u00f3 pr\u00e0ctica i sostenible per substituir mocadors i tovalloletes d\u2019un sol \u00fas a casa.","breadcrumb":{"@id":"https:\/\/www.nushu.cat\/eu\/produktua\/kutxa-eta-25-toailatxo-berrerabilgarri-organiko\/#breadcrumb"},"inLanguage":"eu-ES","potentialAction":[{"@type":"ReadAction","target":["https:\/\/www.nushu.cat\/eu\/produktua\/kutxa-eta-25-toailatxo-berrerabilgarri-organiko\/"]}]},{"@type":"ImageObject","inLanguage":"eu-ES","@id":"https:\/\/www.nushu.cat\/eu\/produktua\/kutxa-eta-25-toailatxo-berrerabilgarri-organiko\/#primaryimage","url":"https:\/\/www.nushu.cat\/wp-content\/uploads\/2026\/04\/capses-bambu-i-blanca.png","contentUrl":"https:\/\/www.nushu.cat\/wp-content\/uploads\/2026\/04\/capses-bambu-i-blanca.png","width":1000,"height":1000},{"@type":"BreadcrumbList","@id":"https:\/\/www.nushu.cat\/eu\/produktua\/kutxa-eta-25-toailatxo-berrerabilgarri-organiko\/#breadcrumb","itemListElement":[{"@type":"ListItem","position":1,"name":"Inici","item":"https:\/\/www.nushu.cat\/eu\/oihalezko-konpresak\/"},{"@type":"ListItem","position":2,"name":"Denda","item":"https:\/\/www.nushu.cat\/eu\/denda\/"},{"@type":"ListItem","position":3,"name":"Kutxa + 25 toailatxo berrerabilgarri organiko"}]},{"@type":"WebSite","@id":"https:\/\/www.nushu.cat\/eu\/#website","url":"https:\/\/www.nushu.cat\/eu\/","name":"n\u00fcshu","description":"natural &amp; sostenible","publisher":{"@id":"https:\/\/www.nushu.cat\/eu\/#organization"},"potentialAction":[{"@type":"SearchAction","target":{"@type":"EntryPoint","urlTemplate":"https:\/\/www.nushu.cat\/eu\/?s={search_term_string}"},"query-input":{"@type":"PropertyValueSpecification","valueRequired":true,"valueName":"search_term_string"}}],"inLanguage":"eu-ES"},{"@type":"Organization","@id":"https:\/\/www.nushu.cat\/eu\/#organization","name":"n\u00fcshu","url":"https:\/\/www.nushu.cat\/eu\/","logo":{"@type":"ImageObject","inLanguage":"eu-ES","@id":"https:\/\/www.nushu.cat\/eu\/#\/schema\/logo\/image\/","url":"https:\/\/www.nushu.cat\/wp-content\/uploads\/2024\/02\/nushu-share-1-1.png","contentUrl":"https:\/\/www.nushu.cat\/wp-content\/uploads\/2024\/02\/nushu-share-1-1.png","width":1080,"height":1080,"caption":"n\u00fcshu"},"image":{"@id":"https:\/\/www.nushu.cat\/eu\/#\/schema\/logo\/image\/"},"sameAs":["https:\/\/www.facebook.com\/nushu.artesania\/","https:\/\/www.instagram.com\/nushu_artesania"]}]}},"jetpack_sharing_enabled":true,"_links":{"self":[{"href":"https:\/\/www.nushu.cat\/eu\/wp-json\/wp\/v2\/product\/270542","targetHints":{"allow":["GET"]}}],"collection":[{"href":"https:\/\/www.nushu.cat\/eu\/wp-json\/wp\/v2\/product"}],"about":[{"href":"https:\/\/www.nushu.cat\/eu\/wp-json\/wp\/v2\/types\/product"}],"version-history":[{"count":2,"href":"https:\/\/www.nushu.cat\/eu\/wp-json\/wp\/v2\/product\/270542\/revisions"}],"predecessor-version":[{"id":270746,"href":"https:\/\/www.nushu.cat\/eu\/wp-json\/wp\/v2\/product\/270542\/revisions\/270746"}],"wp:featuredmedia":[{"embeddable":true,"href":"https:\/\/www.nushu.cat\/eu\/wp-json\/wp\/v2\/media\/270669"}],"wp:attachment":[{"href":"https:\/\/www.nushu.cat\/eu\/wp-json\/wp\/v2\/media?parent=270542"}],"wp:term":[{"taxonomy":"product_brand","embeddable":true,"href":"https:\/\/www.nushu.cat\/eu\/wp-json\/wp\/v2\/product_brand?post=270542"},{"taxonomy":"product_cat","embeddable":true,"href":"https:\/\/www.nushu.cat\/eu\/wp-json\/wp\/v2\/product_cat?post=270542"},{"taxonomy":"product_tag","embeddable":true,"href":"https:\/\/www.nushu.cat\/eu\/wp-json\/wp\/v2\/product_tag?post=270542"}],"curies":[{"name":"wp","href":"https:\/\/api.w.org\/{rel}","templated":true}]}}