{"id":5457,"date":"2020-05-28T07:20:41","date_gmt":"2020-05-28T07:20:41","guid":{"rendered":"https:\/\/www.nushu.cat\/?post_type=product&#038;p=5457"},"modified":"2025-11-12T12:56:47","modified_gmt":"2025-11-12T11:56:47","slug":"m-eco","status":"publish","type":"product","link":"https:\/\/www.nushu.cat\/eu\/produktua\/m-eco\/","title":{"rendered":"Egunezko konpresa ekologikoa M"},"content":{"rendered":"<p data-start=\"985\" data-end=\"1144\"><strong data-start=\"988\" data-end=\"1019\">n\u00fcshu<\/strong>-ren egunezko<strong data-start=\"1023\" data-end=\"1032\"> konpresa ekologikoa M <\/strong>fluxu moderatuko hileko egunetarako diseinatu da, erosotasuna eta zaintza naturala eskaintzeko.<\/p>\n<p data-start=\"1146\" data-end=\"1328\">Egunezko konpresa M estandarraren aldean, modelo hau GOTS ziurtagiridun<strong data-start=\"1243\" data-end=\"1275\"> kotoi organikoarekin soilik egina dago<\/strong>, tindagai sintetikorik eta material konbentzionalik gabe.<\/p>\n<p data-start=\"1330\" data-end=\"1454\"><strong data-start=\"1357\" data-end=\"1366\">Bragarekin<\/strong> ondo doitzen da, nikelerik gabeko botoi klik bidez, euste eroso eta segurua bermatuz.<\/p>\n<p data-start=\"1456\" data-end=\"1677\"><strong data-start=\"1478\" data-end=\"1487\">n\u00fcshu-ren <\/strong>oihalezko konpresak Espainian egiten dira, zehazki kostaldeko<strong data-start=\"1556\" data-end=\"1572\"> Canet de Mar herrian.<\/strong> <strong data-start=\"1594\" data-end=\"1675\">Bakoitza eskuz egina da, kalitatezko eta gertuko materialekin.<\/strong> <\/p>\n<p data-start=\"1679\" data-end=\"1795\"><strong data-start=\"1679\" data-end=\"1729\">Begetalak dira eta animalien aurkako traturik gabekoak.<\/strong> Harrituko zaitu haien xurgatzeko gaitasunak, finak izan arren.<\/p>\n<h2 data-start=\"1802\" data-end=\"1860\">Egunezko konpresa ekologiko berrerabilgarriaren materialak<\/h2>\n<p data-start=\"1862\" data-end=\"1959\"><strong data-start=\"1887\" data-end=\"1896\">n\u00fcshu<\/strong>-ren oihalezko konpresak hainbat geruzaz osatuta daude, arretaz hautatuak:<\/p>\n<ul>\n<li data-start=\"1963\" data-end=\"2051\"><strong data-start=\"1963\" data-end=\"2008\">Barruko geruza (bulbarekin kontaktuan):<\/strong> %100 kotoizko franela, leuna eta atsegina.<\/li>\n<li data-start=\"2054\" data-end=\"2178\"><strong data-start=\"2054\" data-end=\"2076\">Tarteko geruzak:<\/strong> %100 kotoi organikoaren hainbat geruza, hileko-fluxua modu eraginkor eta uniformean xurgatzen dutenak.<\/li>\n<li data-start=\"2181\" data-end=\"2303\"><strong data-start=\"2181\" data-end=\"2211\">Geruza iragazgaitz laminatua: <\/strong>arnasketa ahalbidetzen duen mintza, <strong data-start=\"2238\" data-end=\"2254\">ihesak saihesten<\/strong> dituena eta onddoen edo bakterioen hazkundea murrizten duena.<\/li>\n<li data-start=\"2306\" data-end=\"2459\"><strong data-start=\"2306\" data-end=\"2324\">Kanpoko geruza:<\/strong> kotoizko oihal koloretsu eta alaia, bragarekin kontaktuan dagoena eta nortasun ukitu bat ematen diona zure hilekoari.<\/li>\n<\/ul>\n<p data-start=\"2461\" data-end=\"2590\">\n<p data-start=\"2461\" data-end=\"2590\">ungintza guztiek dute <strong data-start=\"2503\" data-end=\"2527\">GOTS eta OEKO-TEX\u00ae 100 ziurtagiria,<\/strong> prozesu ekologikoak eta substantzia kaltegarririk ez dutela bermatzen dutenak.<\/p>\n<p data-start=\"2592\" data-end=\"2718\"><strong data-start=\"2604\" data-end=\"2647\">Gogoratu alde bietatik ez dela erabiltzen:<\/strong> franelazko alde leun eta leuna da azalaren gainean jartzen dena.<\/p>\n<h2 data-start=\"2725\" data-end=\"2780\">Nola garbitu oihalezko konpresa berrerabilgarriak<\/h2>\n<p data-start=\"2782\" data-end=\"2938\">Zure hilekoan, ur <strong data-start=\"2826\" data-end=\"2841\">hotzarekin<\/strong> ontzi batean jar dezakezu konpresa, odola oihaletik askatzea errazteko.<\/p>\n<p data-start=\"2940\" data-end=\"3032\"><strong data-start=\"2960\" data-end=\"2992\">Tea tree olio esentzial<\/strong> tanta batzuk gehitzea lagungarria izan daiteke bakterioak eta onddoak saihesteko.<\/p>\n<p data-start=\"3034\" data-end=\"3044\">Ondoren:<\/p>\n<ol>\n<li data-start=\"3048\" data-end=\"3111\">Garbitu eskuz<strong data-start=\"3063\" data-end=\"3078\"><a href=\"https:\/\/www.nushu.cat\/eu\/produktua\/xaboia-iraunkorraren\/\"> xaboi neutroarekin <\/a><\/strong>edo garbigailuan (gehienez 30 \u00b0C).<\/li>\n<li data-start=\"3115\" data-end=\"3154\">Ez erabili lehorgailurik ez plantxarik.<\/li>\n<li data-start=\"3158\" data-end=\"3208\"><strong data-start=\"3158\" data-end=\"3170\">Zintzilikatu<\/strong> airean eta ez gorde heze dagoenean.<\/li>\n<li data-start=\"3212\" data-end=\"3300\">Zailak diren orbanetarako, erabil ezazu <strong data-start=\"3249\" data-end=\"3270\">eguzkiaren argia<\/strong> edo<strong data-start=\"3276\" data-end=\"3297\"> <a href=\"https:\/\/www.nushu.cat\/producte\/precarbonat\/\">sodio perkarbonatoa.<\/a><\/strong><\/li>\n<\/ol>\n<p data-start=\"3302\" data-end=\"3441\">\n<p data-start=\"3302\" data-end=\"3441\">Zaintza hauekin, zure oihalezko konpresak <strong data-start=\"3370\" data-end=\"3387\">3 urte baino gehiagoz lagunduko dizute<\/strong>, beren xurgapen- eta leuntasun-gaitasuna mantenduz.<\/p>\n<h2 data-start=\"3448\" data-end=\"3490\">Egunezko konpresa ekologikoaren xehetasunak M<\/h2>\n<ul>\n<li data-start=\"3494\" data-end=\"3550\"><strong data-start=\"3494\" data-end=\"3515\">Xurgapen mota:<\/strong> ertaina (hilekoaren fluxu moderatua)<\/li>\n<li data-start=\"3553\" data-end=\"3575\"><strong data-start=\"3553\" data-end=\"3563\">Neurriak:<\/strong> 21 x 7 cm<\/li>\n<li data-start=\"3578\" data-end=\"3616\"><strong data-start=\"3578\" data-end=\"3593\">Ziurtagiria:<\/strong> GOTS + OEKO-TEX\u00ae 100<\/li>\n<li data-start=\"3619\" data-end=\"3672\"><strong data-start=\"3619\" data-end=\"3642\">Ekoizpen lekua:<\/strong> Canet de Mar-en egina, Espainia<\/li>\n<li data-start=\"3675\" data-end=\"3731\"><strong data-start=\"3675\" data-end=\"3686\">Ereduak:<\/strong> estanpatu eta kolore askotan eskuragarri<\/li>\n<\/ul>\n<h2>Oihalezko bestelako konpresa ereduak<\/h2>\n<p data-start=\"3370\" data-end=\"3515\">Hilekoaren une bakoitza desberdina da; horregatik, <strong data-start=\"3426\" data-end=\"3435\">n\u00fcshu<\/strong>-n behar bakoitzera egokitutako oihalezko konpresa modelo ugari aurkituko dituzu:<\/p>\n<ul>\n<li data-start=\"3519\" data-end=\"3637\"><strong data-start=\"3519\" data-end=\"3541\"><a href=\"https:\/\/www.nushu.cat\/eu\/productes\/hileroko-higienea-iraunkorraren\/konpresa\/salvaslip-eu\/\">Oihalezko salvaslip-a:<\/a><\/strong> xurgapen arina, lehen eta azken egunetarako, eguneroko erabilerarako edo gernu-galeratxoetarako egokia.<\/li>\n<li data-start=\"3640\" data-end=\"3820\"><strong data-start=\"3640\" data-end=\"3661\"><a href=\"https:\/\/www.nushu.cat\/eu\/productes\/hileroko-higienea-iraunkorraren\/konpresa\/eguneko\/\">Eguneko konpresak:<\/a><\/strong> xurgapen ertaina edo handia.<a href=\"https:\/\/www.nushu.cat\/eu\/produktua\/m\/\"> <strong data-start=\"3701\" data-end=\"3706\">M<\/strong> eta <\/a><a href=\"https:\/\/www.nushu.cat\/eu\/produktua\/l\/\">L <\/a>modeloak egokitzen dira odol-jario arinetara edo handiagoetara, baita gernu-galera ertain edo handietara ere. <\/li>\n<li data-start=\"3823\" data-end=\"3984\"><strong data-start=\"3823\" data-end=\"3844\"><a href=\"https:\/\/www.nushu.cat\/eu\/productes\/hileroko-higienea-iraunkorraren\/konpresa\/gaueko\/\">Gaueko konpresak: <\/a><\/strong>xurgapen oso handikoa eta atzeko aldean luzeagoa; lasai lo egiteko aproposak. <strong data-start=\"3965\" data-end=\"3971\"><a href=\"https:\/\/www.nushu.cat\/eu\/produktua\/xl\/\">XL<\/a><\/strong> eta <a href=\"https:\/\/www.nushu.cat\/eu\/produktua\/xxl\/\"><strong data-start=\"3974\" data-end=\"3981\">XXL<\/strong><\/a> neurritan eskuragarri. <\/li>\n<li data-start=\"3987\" data-end=\"4130\"><strong data-start=\"3987\" data-end=\"4014\"><a href=\"https:\/\/www.nushu.cat\/eu\/productes\/hileroko-higienea-iraunkorraren\/konpresa\/handiak\/\">Kotoizko konpresa handiak<\/a><\/strong> edo <strong data-start=\"4017\" data-end=\"4047\"><a href=\"https:\/\/www.nushu.cat\/eu\/productes\/hileroko-higienea-iraunkorraren\/konpresa\/erditze-ondoko\/\">erditu ondorengoak<\/a><\/strong>: odol-jario oso handietarako, xurgatze-ahalmen eta estaldura gehigarriarekin.<\/li>\n<\/ul>\n<p data-start=\"4132\" data-end=\"4287\">\n<p data-start=\"4132\" data-end=\"4287\">Gonbidatzen zaitut <strong data-start=\"4147\" data-end=\"4192\"><a href=\"https:\/\/www.nushu.cat\/wp-content\/uploads\/2024\/02\/nushu-diagrama_vat-1.pdf\">hilekoaren diagrama hau deskargatzera <\/a><\/strong>eta praktikan jartzera! Behin erabiltzen ikasita, oso tresna baliotsua izango zaizu! <\/p>\n","protected":false},"excerpt":{"rendered":"<ul>\n<li data-start=\"547\" data-end=\"660\">Xurgapen ertaineko oihalezko<strong data-start=\"580\" data-end=\"600\"> konpresa berrerabilgarria<\/strong>, hileko arina edo moderatua duten egunetarako.<\/li>\n<li data-start=\"663\" data-end=\"752\"><strong data-start=\"670\" data-end=\"700\">Kotoi organikoarekin egindako bertsio ekologikoa, <\/strong>material ziurtatuekin, toxikorik eta produktu kimikorik gabe.<\/li>\n<li data-start=\"755\" data-end=\"824\">Babes arina eta erosoa, egunean zehar naturaltasunez erabiltzeko.<\/li>\n<li data-start=\"827\" data-end=\"864\">Konpresa maizago aldatzeko.<\/li>\n<li data-start=\"867\" data-end=\"921\"><strong data-start=\"873\" data-end=\"919\">Istripuzko gernu-galeretarako edo inkontinentzia moderaturako<\/strong> egokia.<\/li>\n<li data-start=\"924\" data-end=\"951\"><strong data-start=\"924\" data-end=\"934\">Neurriak: <\/strong>21 \u00d7 7 cm gutxi gorabehera.<\/li>\n<\/ul>\n","protected":false},"featured_media":268345,"template":"","meta":{"_acf_changed":false},"product_brand":[],"product_cat":[375,848,347],"product_tag":[],"class_list":{"0":"post-5457","1":"product","2":"type-product","3":"status-publish","4":"has-post-thumbnail","6":"product_cat-konpresa","7":"product_cat-eguneko","8":"product_cat-hileroko-higienea-iraunkorraren","10":"first","11":"instock","12":"taxable","13":"shipping-taxable","14":"purchasable","15":"product-type-variable","16":"has-default-attributes"},"acf":[],"yoast_head":"<!-- This site is optimized with the Yoast SEO plugin v27.2 - https:\/\/yoast.com\/product\/yoast-seo-wordpress\/ -->\n<title>Egunezko konpresa ekologikoa M berrerabilgarria - n\u00fcshu<\/title>\n<meta name=\"description\" content=\"Oihalezko konpresa ekologiko berrerabilgarria, Espainian egina GOTS eta OEKO-TEX\u00ae ziurtagiridun kotoi organikoarekin. Bizi ezazu zure hilekoa modu jasangarrian n\u00fcshu-rekin.\" \/>\n<meta name=\"robots\" content=\"index, follow, max-snippet:-1, max-image-preview:large, max-video-preview:-1\" \/>\n<link rel=\"canonical\" href=\"https:\/\/www.nushu.cat\/eu\/produktua\/l\/\" \/>\n<meta property=\"og:locale\" content=\"eu_ES\" \/>\n<meta property=\"og:type\" content=\"article\" \/>\n<meta property=\"og:title\" content=\"Egunezko konpresa ekologikoa M berrerabilgarria - n\u00fcshu\" \/>\n<meta property=\"og:description\" content=\"Oihalezko konpresa ekologiko berrerabilgarria, Espainian egina GOTS eta OEKO-TEX\u00ae ziurtagiridun kotoi organikoarekin. Bizi ezazu zure hilekoa modu jasangarrian n\u00fcshu-rekin.\" \/>\n<meta property=\"og:url\" content=\"https:\/\/www.nushu.cat\/eu\/produktua\/l\/\" \/>\n<meta property=\"og:site_name\" content=\"n\u00fcshu\" \/>\n<meta property=\"article:publisher\" content=\"https:\/\/www.facebook.com\/nushu.artesania\/\" \/>\n<meta property=\"article:modified_time\" content=\"2025-11-12T11:56:47+00:00\" \/>\n<meta property=\"og:image\" content=\"https:\/\/www.nushu.cat\/wp-content\/uploads\/2020\/05\/compresa-dia-eco-m.webp\" \/>\n\t<meta property=\"og:image:width\" content=\"1933\" \/>\n\t<meta property=\"og:image:height\" content=\"1933\" \/>\n\t<meta property=\"og:image:type\" content=\"image\/webp\" \/>\n<meta name=\"twitter:card\" content=\"summary_large_image\" \/>\n<meta name=\"twitter:label1\" content=\"Est. reading time\" \/>\n\t<meta name=\"twitter:data1\" content=\"2 minutes\" \/>\n<!-- \/ Yoast SEO plugin. -->","yoast_head_json":{"title":"Egunezko konpresa ekologikoa M berrerabilgarria - n\u00fcshu","description":"Oihalezko konpresa ekologiko berrerabilgarria, Espainian egina GOTS eta OEKO-TEX\u00ae ziurtagiridun kotoi organikoarekin. Bizi ezazu zure hilekoa modu jasangarrian n\u00fcshu-rekin.","robots":{"index":"index","follow":"follow","max-snippet":"max-snippet:-1","max-image-preview":"max-image-preview:large","max-video-preview":"max-video-preview:-1"},"canonical":"https:\/\/www.nushu.cat\/eu\/produktua\/l\/","og_locale":"eu_ES","og_type":"article","og_title":"Egunezko konpresa ekologikoa M berrerabilgarria - n\u00fcshu","og_description":"Oihalezko konpresa ekologiko berrerabilgarria, Espainian egina GOTS eta OEKO-TEX\u00ae ziurtagiridun kotoi organikoarekin. Bizi ezazu zure hilekoa modu jasangarrian n\u00fcshu-rekin.","og_url":"https:\/\/www.nushu.cat\/eu\/produktua\/l\/","og_site_name":"n\u00fcshu","article_publisher":"https:\/\/www.facebook.com\/nushu.artesania\/","article_modified_time":"2025-11-12T11:56:47+00:00","og_image":[{"width":1933,"height":1933,"url":"https:\/\/www.nushu.cat\/wp-content\/uploads\/2020\/05\/compresa-dia-eco-m.webp","type":"image\/webp"}],"twitter_card":"summary_large_image","twitter_misc":{"Est. reading time":"2 minutes"},"schema":{"@context":"https:\/\/schema.org","@graph":[{"@type":"WebPage","@id":"https:\/\/www.nushu.cat\/eu\/produktua\/m-eco\/","url":"https:\/\/www.nushu.cat\/eu\/produktua\/l\/","name":"Egunezko konpresa ekologikoa M berrerabilgarria - n\u00fcshu","isPartOf":{"@id":"https:\/\/www.nushu.cat\/eu\/#website"},"primaryImageOfPage":{"@id":"https:\/\/www.nushu.cat\/eu\/produktua\/l\/#primaryimage"},"image":{"@id":"https:\/\/www.nushu.cat\/eu\/produktua\/l\/#primaryimage"},"thumbnailUrl":"https:\/\/www.nushu.cat\/wp-content\/uploads\/2020\/05\/compresa-dia-eco-m.webp","datePublished":"2020-05-28T07:20:41+00:00","dateModified":"2025-11-12T11:56:47+00:00","description":"Oihalezko konpresa ekologiko berrerabilgarria, Espainian egina GOTS eta OEKO-TEX\u00ae ziurtagiridun kotoi organikoarekin. Bizi ezazu zure hilekoa modu jasangarrian n\u00fcshu-rekin.","breadcrumb":{"@id":"https:\/\/www.nushu.cat\/eu\/produktua\/l\/#breadcrumb"},"inLanguage":"eu-ES","potentialAction":[{"@type":"ReadAction","target":["https:\/\/www.nushu.cat\/eu\/produktua\/l\/"]}]},{"@type":"ImageObject","inLanguage":"eu-ES","@id":"https:\/\/www.nushu.cat\/eu\/produktua\/l\/#primaryimage","url":"https:\/\/www.nushu.cat\/wp-content\/uploads\/2020\/05\/compresa-dia-eco-m.webp","contentUrl":"https:\/\/www.nushu.cat\/wp-content\/uploads\/2020\/05\/compresa-dia-eco-m.webp","width":1933,"height":1933,"caption":"Compresa de d\u00eda ecol\u00f3gica M reutilizable n\u00fcshu"},{"@type":"BreadcrumbList","@id":"https:\/\/www.nushu.cat\/eu\/produktua\/l\/#breadcrumb","itemListElement":[{"@type":"ListItem","position":1,"name":"Inici","item":"https:\/\/www.nushu.cat\/eu\/"},{"@type":"ListItem","position":2,"name":"Denda","item":"https:\/\/www.nushu.cat\/eu\/denda\/"},{"@type":"ListItem","position":3,"name":"Egunezko konpresa ekologikoa M"}]},{"@type":"WebSite","@id":"https:\/\/www.nushu.cat\/eu\/#website","url":"https:\/\/www.nushu.cat\/eu\/","name":"n\u00fcshu","description":"natural &amp; sostenible","publisher":{"@id":"https:\/\/www.nushu.cat\/eu\/#organization"},"potentialAction":[{"@type":"SearchAction","target":{"@type":"EntryPoint","urlTemplate":"https:\/\/www.nushu.cat\/eu\/?s={search_term_string}"},"query-input":{"@type":"PropertyValueSpecification","valueRequired":true,"valueName":"search_term_string"}}],"inLanguage":"eu-ES"},{"@type":"Organization","@id":"https:\/\/www.nushu.cat\/eu\/#organization","name":"n\u00fcshu","url":"https:\/\/www.nushu.cat\/eu\/","logo":{"@type":"ImageObject","inLanguage":"eu-ES","@id":"https:\/\/www.nushu.cat\/eu\/#\/schema\/logo\/image\/","url":"https:\/\/www.nushu.cat\/wp-content\/uploads\/2024\/02\/nushu-share-1-1.png","contentUrl":"https:\/\/www.nushu.cat\/wp-content\/uploads\/2024\/02\/nushu-share-1-1.png","width":1080,"height":1080,"caption":"n\u00fcshu"},"image":{"@id":"https:\/\/www.nushu.cat\/eu\/#\/schema\/logo\/image\/"},"sameAs":["https:\/\/www.facebook.com\/nushu.artesania\/","https:\/\/www.instagram.com\/nushu_artesania"]}]}},"jetpack_sharing_enabled":true,"_links":{"self":[{"href":"https:\/\/www.nushu.cat\/eu\/wp-json\/wp\/v2\/product\/5457","targetHints":{"allow":["GET"]}}],"collection":[{"href":"https:\/\/www.nushu.cat\/eu\/wp-json\/wp\/v2\/product"}],"about":[{"href":"https:\/\/www.nushu.cat\/eu\/wp-json\/wp\/v2\/types\/product"}],"version-history":[{"count":2,"href":"https:\/\/www.nushu.cat\/eu\/wp-json\/wp\/v2\/product\/5457\/revisions"}],"predecessor-version":[{"id":268356,"href":"https:\/\/www.nushu.cat\/eu\/wp-json\/wp\/v2\/product\/5457\/revisions\/268356"}],"wp:featuredmedia":[{"embeddable":true,"href":"https:\/\/www.nushu.cat\/eu\/wp-json\/wp\/v2\/media\/268345"}],"wp:attachment":[{"href":"https:\/\/www.nushu.cat\/eu\/wp-json\/wp\/v2\/media?parent=5457"}],"wp:term":[{"taxonomy":"product_brand","embeddable":true,"href":"https:\/\/www.nushu.cat\/eu\/wp-json\/wp\/v2\/product_brand?post=5457"},{"taxonomy":"product_cat","embeddable":true,"href":"https:\/\/www.nushu.cat\/eu\/wp-json\/wp\/v2\/product_cat?post=5457"},{"taxonomy":"product_tag","embeddable":true,"href":"https:\/\/www.nushu.cat\/eu\/wp-json\/wp\/v2\/product_tag?post=5457"}],"curies":[{"name":"wp","href":"https:\/\/api.w.org\/{rel}","templated":true}]}}