{"id":5483,"date":"2020-05-28T07:43:29","date_gmt":"2020-05-28T07:43:29","guid":{"rendered":"https:\/\/www.nushu.cat\/?post_type=product&#038;p=5483"},"modified":"2025-11-12T14:05:17","modified_gmt":"2025-11-12T13:05:17","slug":"l-konpresa","status":"publish","type":"product","link":"https:\/\/www.nushu.cat\/eu\/produktua\/l-konpresa\/","title":{"rendered":"Egunezko konpresa ekologikoa L"},"content":{"rendered":"<p data-start=\"1108\" data-end=\"1317\"><strong data-start=\"1111\" data-end=\"1142\">n\u00fcshu<\/strong>-ren egunezko <strong data-start=\"1159\" data-end=\"1168\">konpresa ekologikoa L, <\/strong>%100 kotoiz egina,<strong data-start=\"1201\" data-end=\"1224\"> odol-jario handieneko egunetarako <\/strong>diseinatua dago, xurgapen handiagoa eskainiz erosotasuna eta jasangarritasuna galdu gabe.<\/p>\n<p data-start=\"1319\" data-end=\"1453\"><strong data-start=\"1326\" data-end=\"1366\">Egun osoan babes iraunkorra eskaintzen du,<\/strong> <strong data-start=\"1418\" data-end=\"1451\">ziurtagiridun ehun organikoek <\/strong>emandako ukitu atsegin eta transpiragarriarekin.<\/p>\n<p data-start=\"1455\" data-end=\"1573\"><strong data-start=\"1469\" data-end=\"1478\">Nikelerik gabeko botoi klik baten bidez <\/strong>egokitzen da <strong data-start=\"1486\" data-end=\"1519\">bragara<\/strong>, eroso eta segurua mantenduz.<\/p>\n<p data-start=\"1575\" data-end=\"1793\"><strong data-start=\"1597\" data-end=\"1606\">n\u00fcshu<\/strong> oihalezko konpresak Espainian eginak dira. Zehazki kostaldeko herri batean: <strong data-start=\"1673\" data-end=\"1690\">Canet de Mar.<\/strong> Bana-banaka eginak dira eskuz,<strong data-start=\"1711\" data-end=\"1791\"> kalitatezko eta gertuko materialekin.<\/strong><\/p>\n<p data-start=\"1795\" data-end=\"1907\">Ehungintzako material guztiek dute <strong data-start=\"1838\" data-end=\"1855\">OEKO-TEX\u00ae 100 ziurtagiria,<\/strong> substantzia kaltegarririk ez dutela bermatuz.<\/p>\n<p data-start=\"1909\" data-end=\"2027\"><strong data-start=\"1909\" data-end=\"1959\">Begetalak dira eta animalien aurkako traturik gabekoak.<\/strong> Oso finak izan arren, haien xurgatze-ahalmenak harrituko zaitu.<\/p>\n<h2 data-start=\"2034\" data-end=\"2078\">Egunezko konpresa ekologikoaren materialak L<\/h2>\n<p data-start=\"2080\" data-end=\"2178\"><strong data-start=\"2105\" data-end=\"2114\">n\u00fcshu<\/strong>-ren oihalezko konpresak arretaz hautatutako geruza ezberdinez osatuta daude:<\/p>\n<ul>\n<li data-start=\"2182\" data-end=\"2270\"><strong data-start=\"2182\" data-end=\"2227\">Barruko geruza (bulbarekin kontaktuan):<\/strong> %100 kotoizko franela, leuna eta atsegina.<\/li>\n<li data-start=\"2273\" data-end=\"2389\"><strong data-start=\"2273\" data-end=\"2295\">Erdiko geruzak: <\/strong>%100 kotoizko hainbat geruza, hilekoaren fluxua modu uniformean eta eraginkorrean xurgatzen dutenak.<\/li>\n<li data-start=\"2392\" data-end=\"2514\"><strong data-start=\"2392\" data-end=\"2422\">Geruza iragazgaitz laminatua: <\/strong>arnasketa ahalbidetzen duen mintza, <strong data-start=\"2449\" data-end=\"2465\">ihesak saihesten<\/strong> dituena eta onddoen edo bakterioen hazkundea murrizten duena.<\/li>\n<li data-start=\"2517\" data-end=\"2670\"><strong data-start=\"2517\" data-end=\"2535\">Kanpoko geruza: <\/strong>kotoizko oihal koloretsu eta alaia, bragarekin kontaktuan dagoena eta nortasun ukitu bat ematen diona zure hilekoari.<\/li>\n<\/ul>\n<p data-start=\"2672\" data-end=\"2831\">Goian aipatutako oihal guztiek<strong data-start=\"2724\" data-end=\"2763\"> GOTS eta OEKO-TEX\u00ae 100 <\/strong>ziurtagiria dute, prozesu ekologikoak eta substantzia kaltegarririk ez bermatuz.<\/p>\n<p data-start=\"2833\" data-end=\"2963\"><strong data-start=\"2845\" data-end=\"2882\">Gogoratu alde bietatik ez dela erabiltzen:<\/strong> franelazko alde leun eta atsegina da azaleraren kontra jartzen dena.<\/p>\n<h2 data-start=\"2970\" data-end=\"3025\">Nola garbitu oihalezko konpresa berrerabilgarriak<\/h2>\n<p data-start=\"3027\" data-end=\"3282\">Zure hilekoan,<strong data-start=\"3071\" data-end=\"3086\"> ur hotzarekin <\/strong>ontzi batean jar dezakezu konpresa, odola ehunetik askatzea errazteko.<br data-start=\"3192\" data-end=\"3195\" \/><strong data-start=\"3215\" data-end=\"3247\">Tea tree olio esentzial <\/strong>tanta batzuk gehitzea lagungarria da bakterioak eta onddoak saihesteko.<\/p>\n<p data-start=\"3284\" data-end=\"3294\">Ondoren:<\/p>\n<ol>\n<li data-start=\"3298\" data-end=\"3361\">Garbitu eskuz<strong data-start=\"3313\" data-end=\"3328\"><a href=\"https:\/\/www.nushu.cat\/eu\/produktua\/xaboia-iraunkorraren\/\"> xaboi neutroarekin <\/a><\/strong>edo garbigailuan (gehienez 30 \u00b0C).<\/li>\n<li data-start=\"3365\" data-end=\"3404\">Ez erabili lehorgailurik ez plantxarik.<\/li>\n<li data-start=\"3408\" data-end=\"3468\"><strong data-start=\"3408\" data-end=\"3420\">Zintzilikatu<\/strong> airean eta ez gorde heze edo tolestuta.<\/li>\n<li data-start=\"3472\" data-end=\"3549\">Zikin gogorrentzat, <strong data-start=\"3512\" data-end=\"3519\">eguzkia<\/strong> edo <strong data-start=\"3525\" data-end=\"3547\"><a href=\"https:\/\/www.nushu.cat\/producte\/precarbonat\/\">sodio perkarbonatoa <\/a><\/strong>erabil dezakezu.<\/li>\n<\/ol>\n<p data-start=\"3551\" data-end=\"3690\">Zaintza hauekin, zure oihalezko konpresak <strong data-start=\"3619\" data-end=\"3636\">3 urte baino gehiagoz lagunduko dizute<\/strong>, beren xurgapen- eta leuntasun-gaitasuna mantenduz.<\/p>\n<h3 data-start=\"3697\" data-end=\"3746\"><\/h3>\n<h2 data-start=\"3697\" data-end=\"3746\">Egunezko konpresa ekologikoaren xehetasunak L<\/h2>\n<ul>\n<li data-start=\"3750\" data-end=\"3805\"><strong data-start=\"3750\" data-end=\"3771\">Xurgapen mota:<\/strong> handia (hilekoaren fluxu ugaria)<\/li>\n<li data-start=\"3808\" data-end=\"3830\"><strong data-start=\"3808\" data-end=\"3818\">Neurriak:<\/strong> 21 \u00d7 7 cm<\/li>\n<li data-start=\"3833\" data-end=\"3871\"><strong data-start=\"3833\" data-end=\"3848\">Ziurtagiria:<\/strong> GOTS + OEKO-TEX\u00ae 100<\/li>\n<li data-start=\"3874\" data-end=\"3927\"><strong data-start=\"3874\" data-end=\"3897\">Ekoizpen lekua:<\/strong> Canet de Mar-en egina, Espainia<\/li>\n<li data-start=\"3930\" data-end=\"3986\"><strong data-start=\"3930\" data-end=\"3941\">Ereduak:<\/strong> estanpatu eta kolore askotan eskuragarri<\/li>\n<\/ul>\n<p>&nbsp;<\/p>\n<h2>Oihalezko bestelako konpresa ereduak<\/h2>\n<p data-start=\"3370\" data-end=\"3515\">Hilekoaren une bakoitza desberdina da; horregatik, <strong data-start=\"3426\" data-end=\"3435\">n\u00fcshu<\/strong>-n behar bakoitzera egokitutako oihalezko konpresa modelo ugari aurkituko dituzu:<\/p>\n<ul>\n<li data-start=\"3519\" data-end=\"3637\"><strong data-start=\"3519\" data-end=\"3541\"><a href=\"https:\/\/www.nushu.cat\/eu\/productes\/hileroko-higienea-iraunkorraren\/konpresa\/salvaslip-eu\/\">Oihalezko salvaslip-a:<\/a><\/strong> xurgapen arina, lehen eta azken egunetarako, eguneroko erabilerarako edo gernu-galeratxoetarako egokia.<\/li>\n<li data-start=\"3640\" data-end=\"3820\"><strong data-start=\"3640\" data-end=\"3661\"><a href=\"https:\/\/www.nushu.cat\/eu\/productes\/hileroko-higienea-iraunkorraren\/konpresa\/eguneko\/\">Eguneko konpresak:<\/a><\/strong> xurgapen ertaina edo handia.<a href=\"https:\/\/www.nushu.cat\/eu\/produktua\/m\/\"> <strong data-start=\"3701\" data-end=\"3706\">M<\/strong> eta <\/a><a href=\"https:\/\/www.nushu.cat\/eu\/produktua\/l\/\">L <\/a>modeloak egokitzen dira odol-jario arinetara edo handiagoetara, baita gernu-galera ertain edo handietara ere.<\/li>\n<li data-start=\"3823\" data-end=\"3984\"><strong data-start=\"3823\" data-end=\"3844\"><a href=\"https:\/\/www.nushu.cat\/eu\/productes\/hileroko-higienea-iraunkorraren\/konpresa\/gaueko\/\">Gaueko konpresak: <\/a><\/strong>xurgapen oso handikoa eta atzeko aldean luzeagoa; lasai lo egiteko aproposak. <strong data-start=\"3965\" data-end=\"3971\"><a href=\"https:\/\/www.nushu.cat\/eu\/produktua\/xl\/\">XL<\/a><\/strong> eta <a href=\"https:\/\/www.nushu.cat\/eu\/produktua\/xxl\/\"><strong data-start=\"3974\" data-end=\"3981\">XXL<\/strong><\/a> neurritan eskuragarri.<\/li>\n<li data-start=\"3987\" data-end=\"4130\"><strong data-start=\"3987\" data-end=\"4014\"><a href=\"https:\/\/www.nushu.cat\/eu\/productes\/hileroko-higienea-iraunkorraren\/konpresa\/handiak\/\">Kotoizko konpresa handiak<\/a><\/strong> edo <strong data-start=\"4017\" data-end=\"4047\"><a href=\"https:\/\/www.nushu.cat\/eu\/productes\/hileroko-higienea-iraunkorraren\/konpresa\/erditze-ondoko\/\">erditu ondorengoak<\/a><\/strong>: odol-jario oso handietarako, xurgatze-ahalmen eta estaldura gehigarriarekin.<\/li>\n<\/ul>\n<p data-start=\"4132\" data-end=\"4287\">Gonbidatzen zaitut <strong data-start=\"4147\" data-end=\"4192\"><a href=\"https:\/\/www.nushu.cat\/wp-content\/uploads\/2024\/02\/nushu-diagrama_vat-1.pdf\">hilekoaren diagrama hau deskargatzera <\/a><\/strong>eta praktikan jartzera! Behin erabiltzen ikasita, oso tresna baliotsua izango zaizu!<\/p>\n","protected":false},"excerpt":{"rendered":"<ul>\n<li data-start=\"662\" data-end=\"858\"><strong data-start=\"674\" data-end=\"709\">Xurgapen handiko konpresa ekologikoa<\/strong>, hileko ugariko egunetarako pentsatua. <strong data-start=\"774\" data-end=\"818\">GOTS eta OEKO-TEX\u00ae ziurtagiridun kotoi organikoarekin egina<\/strong>, leuna eta azalarentzat errespetuzkoa.<\/li>\n<li data-start=\"861\" data-end=\"934\"><strong data-start=\"867\" data-end=\"911\"><a href=\"https:\/\/www.nushu.cat\/eu\/produktua\/m-eco\/\">Egunezko M konpresa<\/a> ekologikoaren tamaina berekoa,<\/strong> baina xurgatzaileagoa.<\/li>\n<li data-start=\"937\" data-end=\"1002\"><strong data-start=\"951\" data-end=\"965\">Odol-jario handieneko egunetarako, <\/strong>edo ordu <strong data-start=\"983\" data-end=\"999\">askotan erabiltzeko.<\/strong><\/li>\n<li data-start=\"1005\" data-end=\"1041\"><strong data-start=\"1011\" data-end=\"1039\">Gernu-galeria larrietarako egokia.<\/strong><\/li>\n<li data-start=\"1044\" data-end=\"1073\"><strong data-start=\"1044\" data-end=\"1054\">Neurriak: <\/strong>21 \u00d7 7 cm gutxi gorabehera.<\/li>\n<\/ul>\n","protected":false},"featured_media":268358,"template":"","meta":{"_acf_changed":false},"product_brand":[],"product_cat":[375,848,347],"product_tag":[],"class_list":{"0":"post-5483","1":"product","2":"type-product","3":"status-publish","4":"has-post-thumbnail","6":"product_cat-konpresa","7":"product_cat-eguneko","8":"product_cat-hileroko-higienea-iraunkorraren","10":"first","11":"instock","12":"taxable","13":"shipping-taxable","14":"purchasable","15":"product-type-variable","16":"has-default-attributes"},"acf":[],"yoast_head":"<!-- This site is optimized with the Yoast SEO plugin v27.2 - https:\/\/yoast.com\/product\/yoast-seo-wordpress\/ -->\n<title>Egunezko konpresa ekologikoa L - n\u00fcshu<\/title>\n<meta name=\"description\" content=\"Oihalezko konpresa ekologiko berrerabilgarria, fluxu ugariko egunetarako. Espainian egina GOTS eta OEKO-TEX\u00ae ziurtagiridun kotoi organikoarekin. Hileko jasangarria n\u00fcshu-rekin.\" \/>\n<meta name=\"robots\" content=\"index, follow, max-snippet:-1, max-image-preview:large, max-video-preview:-1\" \/>\n<link rel=\"canonical\" href=\"https:\/\/www.nushu.cat\/eu\/produktua\/l-konpresa\/\" \/>\n<meta property=\"og:locale\" content=\"eu_ES\" \/>\n<meta property=\"og:type\" content=\"article\" \/>\n<meta property=\"og:title\" content=\"Egunezko konpresa ekologikoa L - n\u00fcshu\" \/>\n<meta property=\"og:description\" content=\"Oihalezko konpresa ekologiko berrerabilgarria, fluxu ugariko egunetarako. Espainian egina GOTS eta OEKO-TEX\u00ae ziurtagiridun kotoi organikoarekin. Hileko jasangarria n\u00fcshu-rekin.\" \/>\n<meta property=\"og:url\" content=\"https:\/\/www.nushu.cat\/eu\/produktua\/l-konpresa\/\" \/>\n<meta property=\"og:site_name\" content=\"n\u00fcshu\" \/>\n<meta property=\"article:publisher\" content=\"https:\/\/www.facebook.com\/nushu.artesania\/\" \/>\n<meta property=\"article:modified_time\" content=\"2025-11-12T13:05:17+00:00\" \/>\n<meta property=\"og:image\" content=\"https:\/\/www.nushu.cat\/wp-content\/uploads\/2020\/05\/compresa-dia-eco-l-floral-pink.webp\" \/>\n\t<meta property=\"og:image:width\" content=\"693\" \/>\n\t<meta property=\"og:image:height\" content=\"692\" \/>\n\t<meta property=\"og:image:type\" content=\"image\/webp\" \/>\n<meta name=\"twitter:card\" content=\"summary_large_image\" \/>\n<meta name=\"twitter:label1\" content=\"Est. reading time\" \/>\n\t<meta name=\"twitter:data1\" content=\"3 minutes\" \/>\n<!-- \/ Yoast SEO plugin. -->","yoast_head_json":{"title":"Egunezko konpresa ekologikoa L - n\u00fcshu","description":"Oihalezko konpresa ekologiko berrerabilgarria, fluxu ugariko egunetarako. Espainian egina GOTS eta OEKO-TEX\u00ae ziurtagiridun kotoi organikoarekin. Hileko jasangarria n\u00fcshu-rekin.","robots":{"index":"index","follow":"follow","max-snippet":"max-snippet:-1","max-image-preview":"max-image-preview:large","max-video-preview":"max-video-preview:-1"},"canonical":"https:\/\/www.nushu.cat\/eu\/produktua\/l-konpresa\/","og_locale":"eu_ES","og_type":"article","og_title":"Egunezko konpresa ekologikoa L - n\u00fcshu","og_description":"Oihalezko konpresa ekologiko berrerabilgarria, fluxu ugariko egunetarako. Espainian egina GOTS eta OEKO-TEX\u00ae ziurtagiridun kotoi organikoarekin. Hileko jasangarria n\u00fcshu-rekin.","og_url":"https:\/\/www.nushu.cat\/eu\/produktua\/l-konpresa\/","og_site_name":"n\u00fcshu","article_publisher":"https:\/\/www.facebook.com\/nushu.artesania\/","article_modified_time":"2025-11-12T13:05:17+00:00","og_image":[{"width":693,"height":692,"url":"https:\/\/www.nushu.cat\/wp-content\/uploads\/2020\/05\/compresa-dia-eco-l-floral-pink.webp","type":"image\/webp"}],"twitter_card":"summary_large_image","twitter_misc":{"Est. reading time":"3 minutes"},"schema":{"@context":"https:\/\/schema.org","@graph":[{"@type":"WebPage","@id":"https:\/\/www.nushu.cat\/eu\/produktua\/l-konpresa\/","url":"https:\/\/www.nushu.cat\/eu\/produktua\/l-konpresa\/","name":"Egunezko konpresa ekologikoa L - n\u00fcshu","isPartOf":{"@id":"https:\/\/www.nushu.cat\/eu\/#website"},"primaryImageOfPage":{"@id":"https:\/\/www.nushu.cat\/eu\/produktua\/l-konpresa\/#primaryimage"},"image":{"@id":"https:\/\/www.nushu.cat\/eu\/produktua\/l-konpresa\/#primaryimage"},"thumbnailUrl":"https:\/\/www.nushu.cat\/wp-content\/uploads\/2020\/05\/compresa-dia-eco-l-floral-pink.webp","datePublished":"2020-05-28T07:43:29+00:00","dateModified":"2025-11-12T13:05:17+00:00","description":"Oihalezko konpresa ekologiko berrerabilgarria, fluxu ugariko egunetarako. Espainian egina GOTS eta OEKO-TEX\u00ae ziurtagiridun kotoi organikoarekin. Hileko jasangarria n\u00fcshu-rekin.","breadcrumb":{"@id":"https:\/\/www.nushu.cat\/eu\/produktua\/l-konpresa\/#breadcrumb"},"inLanguage":"eu-ES","potentialAction":[{"@type":"ReadAction","target":["https:\/\/www.nushu.cat\/eu\/produktua\/l-konpresa\/"]}]},{"@type":"ImageObject","inLanguage":"eu-ES","@id":"https:\/\/www.nushu.cat\/eu\/produktua\/l-konpresa\/#primaryimage","url":"https:\/\/www.nushu.cat\/wp-content\/uploads\/2020\/05\/compresa-dia-eco-l-floral-pink.webp","contentUrl":"https:\/\/www.nushu.cat\/wp-content\/uploads\/2020\/05\/compresa-dia-eco-l-floral-pink.webp","width":693,"height":692,"caption":"Compresa de d\u00eda ecol\u00f3gica L estampado Floral Pink reutilizable n\u00fcshu"},{"@type":"BreadcrumbList","@id":"https:\/\/www.nushu.cat\/eu\/produktua\/l-konpresa\/#breadcrumb","itemListElement":[{"@type":"ListItem","position":1,"name":"Inici","item":"https:\/\/www.nushu.cat\/eu\/"},{"@type":"ListItem","position":2,"name":"Denda","item":"https:\/\/www.nushu.cat\/eu\/denda\/"},{"@type":"ListItem","position":3,"name":"Egunezko konpresa ekologikoa L"}]},{"@type":"WebSite","@id":"https:\/\/www.nushu.cat\/eu\/#website","url":"https:\/\/www.nushu.cat\/eu\/","name":"n\u00fcshu","description":"natural &amp; sostenible","publisher":{"@id":"https:\/\/www.nushu.cat\/eu\/#organization"},"potentialAction":[{"@type":"SearchAction","target":{"@type":"EntryPoint","urlTemplate":"https:\/\/www.nushu.cat\/eu\/?s={search_term_string}"},"query-input":{"@type":"PropertyValueSpecification","valueRequired":true,"valueName":"search_term_string"}}],"inLanguage":"eu-ES"},{"@type":"Organization","@id":"https:\/\/www.nushu.cat\/eu\/#organization","name":"n\u00fcshu","url":"https:\/\/www.nushu.cat\/eu\/","logo":{"@type":"ImageObject","inLanguage":"eu-ES","@id":"https:\/\/www.nushu.cat\/eu\/#\/schema\/logo\/image\/","url":"https:\/\/www.nushu.cat\/wp-content\/uploads\/2024\/02\/nushu-share-1-1.png","contentUrl":"https:\/\/www.nushu.cat\/wp-content\/uploads\/2024\/02\/nushu-share-1-1.png","width":1080,"height":1080,"caption":"n\u00fcshu"},"image":{"@id":"https:\/\/www.nushu.cat\/eu\/#\/schema\/logo\/image\/"},"sameAs":["https:\/\/www.facebook.com\/nushu.artesania\/","https:\/\/www.instagram.com\/nushu_artesania"]}]}},"jetpack_sharing_enabled":true,"_links":{"self":[{"href":"https:\/\/www.nushu.cat\/eu\/wp-json\/wp\/v2\/product\/5483","targetHints":{"allow":["GET"]}}],"collection":[{"href":"https:\/\/www.nushu.cat\/eu\/wp-json\/wp\/v2\/product"}],"about":[{"href":"https:\/\/www.nushu.cat\/eu\/wp-json\/wp\/v2\/types\/product"}],"version-history":[{"count":3,"href":"https:\/\/www.nushu.cat\/eu\/wp-json\/wp\/v2\/product\/5483\/revisions"}],"predecessor-version":[{"id":268403,"href":"https:\/\/www.nushu.cat\/eu\/wp-json\/wp\/v2\/product\/5483\/revisions\/268403"}],"wp:featuredmedia":[{"embeddable":true,"href":"https:\/\/www.nushu.cat\/eu\/wp-json\/wp\/v2\/media\/268358"}],"wp:attachment":[{"href":"https:\/\/www.nushu.cat\/eu\/wp-json\/wp\/v2\/media?parent=5483"}],"wp:term":[{"taxonomy":"product_brand","embeddable":true,"href":"https:\/\/www.nushu.cat\/eu\/wp-json\/wp\/v2\/product_brand?post=5483"},{"taxonomy":"product_cat","embeddable":true,"href":"https:\/\/www.nushu.cat\/eu\/wp-json\/wp\/v2\/product_cat?post=5483"},{"taxonomy":"product_tag","embeddable":true,"href":"https:\/\/www.nushu.cat\/eu\/wp-json\/wp\/v2\/product_tag?post=5483"}],"curies":[{"name":"wp","href":"https:\/\/api.w.org\/{rel}","templated":true}]}}