{"id":5529,"date":"2020-05-28T08:02:38","date_gmt":"2020-05-28T08:02:38","guid":{"rendered":"https:\/\/www.nushu.cat\/?post_type=product&#038;p=5529"},"modified":"2025-11-12T14:04:42","modified_gmt":"2025-11-12T13:04:42","slug":"xxl-2","status":"publish","type":"product","link":"https:\/\/www.nushu.cat\/eu\/produktua\/xxl-2\/","title":{"rendered":"Gaueko konpresa super ekologikoa XXL"},"content":{"rendered":"<p data-start=\"900\" data-end=\"1191\"><strong data-start=\"903\" data-end=\"942\">n\u00fcshuren<\/strong> gaueko <strong data-start=\"946\" data-end=\"955\">konpresa super ekologiko XXL<\/strong>-ak xurgapen handiena eta<strong data-start=\"964\" data-end=\"1000\"> iraunkortasuna uztartzen<\/strong> ditu, gau lasai eta<strong data-start=\"1119\" data-end=\"1152\"> eroso baterako diseinu ezin hobean<\/strong>.<br data-start=\"1057\" data-end=\"1060\" \/>Atzealdean luzatua eta zabaldua dagoen formak babes osoa eskaintzen du gauez edo odol-jario handiko egunetan.<\/p>\n<p data-start=\"1193\" data-end=\"1337\">Nikela gabeko <strong data-start=\"1237\" data-end=\"1280\">metalezko botoi <\/strong>batez lotzen da erraz kuleroari, eragozpenik gabe euste ona bermatuz.<\/p>\n<p data-start=\"1339\" data-end=\"1542\"><strong data-start=\"1361\" data-end=\"1370\">n\u00fcshu<\/strong>-ren oihalezko konpresak Espainian egiten dira, kostaldeko herri batean: Canet de Mar. Bakoitza eskuz egina da, <strong data-start=\"1458\" data-end=\"1495\">kalitatezko<\/strong> eta <strong data-start=\"1500\" data-end=\"1541\">gertuko materialekin.<\/strong><\/p>\n<p data-start=\"1544\" data-end=\"1843\"><strong data-start=\"1586\" data-end=\"1605\">Oihalek GOTS <\/strong>ziurtagiria dute, eta horrek bermatzen du ekoizpen-prozesu guztiak <strong data-start=\"1661\" data-end=\"1685\">ekologikoak eta organikoak direla. <\/strong>Horrela, oihalezko konpresak aukera ezin hobea dira hilekoa modu osasungarri, seguru eta jasangarrian bizitzeko, zure azala eta planeta zainduz.<\/p>\n<p data-start=\"1845\" data-end=\"1961\"><strong data-start=\"1845\" data-end=\"1895\">Begetalak dira eta animalien aurkako traturik gabekoak.<\/strong> Oso finak izan arren, haien xurgatze-ahalmenak harrituko zaitu.<\/p>\n<h2 data-start=\"1968\" data-end=\"2022\">Material super ekologikoak<\/h2>\n<p data-start=\"2024\" data-end=\"2120\"><strong data-start=\"2049\" data-end=\"2058\">n\u00fcshu<\/strong>-ren oihalezko konpresak arretaz hautatutako geruza ezberdinez osatuta daude:<\/p>\n<ul>\n<li data-start=\"2124\" data-end=\"2241\"><strong data-start=\"2124\" data-end=\"2169\">Barne-geruza (bulbarekin kontaktuan): <\/strong>%100 kotoizko franela, oso leuna, narritadurak eta marradurak saihesteko.<\/li>\n<li data-start=\"2244\" data-end=\"2387\"><strong data-start=\"2244\" data-end=\"2266\">Erdiko geruzak:<\/strong> %100 kotoizko hainbat geruza, hilekoaren edo erditu ondoko isurketen fluxua modu eraginkor eta uniformean xurgatzen dutenak.<\/li>\n<li data-start=\"2390\" data-end=\"2551\"><strong data-start=\"2390\" data-end=\"2420\">Geruza iragazgaitz laminatua:<\/strong> ihesak saihesten dituen<strong data-start=\"2449\" data-end=\"2465\"> mintz berritzailea,<\/strong> arnasketa <strong data-start=\"2487\" data-end=\"2503\">ahalbidetzen<\/strong> duena eta onddo edo bakterioen hazkundea murrizten duena.<\/li>\n<li data-start=\"2554\" data-end=\"2706\"><strong data-start=\"2554\" data-end=\"2572\">Kanpo-geruza:<\/strong> koloretsua eta alai den kotoizko oihal estanpatua, kuleroarekin kontaktuan geratzen dena eta zure hilekoari nortasun-ukitua ematen diona.<\/li>\n<\/ul>\n<p data-start=\"2708\" data-end=\"2819\"><strong data-start=\"2737\" data-end=\"2758\">Oihal guztiek GOTS ziurtagiria dute<\/strong>, prozesu ekologikoak eta substantzia kaltegarririk ez izatea bermatuz.<\/p>\n<p data-start=\"2821\" data-end=\"2955\"><strong data-start=\"2833\" data-end=\"2875\">Gogoratu alde bietatik ez dela erabiltzen<\/strong>: franelazko alde leuna eta leuna azalaren kontra jartzen da.<\/p>\n<h2 data-start=\"2962\" data-end=\"3017\">Nola garbitu oihalezko konpresa berrerabilgarriak<\/h2>\n<p data-start=\"3019\" data-end=\"3287\">Zure hilekoan,<strong data-start=\"3068\" data-end=\"3083\"> ontzi batean<\/strong> ur hotza jar dezakezu konpresa bustita uzteko, eta horrela odola oihaletik errazago askatuko da.<br data-start=\"3186\" data-end=\"3189\" \/><strong data-start=\"3213\" data-end=\"3245\">Gehitu tea zuhaitzaren olio esentzialaren<\/strong> tanta batzuk bakterioak eta onddoak saihesteko.<\/p>\n<p data-start=\"3289\" data-end=\"3297\">Ondoren:<\/p>\n<ol>\n<li data-start=\"3302\" data-end=\"3365\">Garbitu eskuz<strong data-start=\"3317\" data-end=\"3332\"><a href=\"https:\/\/www.nushu.cat\/eu\/produktua\/xaboia-iraunkorraren\/\"> xaboi neutroarekin <\/a><\/strong>edo garbigailuan (gehienez 30 \u00b0C).<\/li>\n<li data-start=\"3369\" data-end=\"3408\">Ez erabili lehorgailurik ez plantxarik.<\/li>\n<li data-start=\"3412\" data-end=\"3462\"><strong data-start=\"3412\" data-end=\"3424\">Zintzilikatu<\/strong> airean eta ez gorde heze dagoenean.<\/li>\n<li data-start=\"3466\" data-end=\"3537\">Zikin gogorrentzat, eguzkia edo <strong data-start=\"3515\" data-end=\"3536\"><a href=\"https:\/\/www.nushu.cat\/eu\/produktua\/precarbonato\/\">sodio perkarbonatoa<\/a><\/strong> erabil dezakezu.<\/li>\n<\/ol>\n<p data-start=\"3539\" data-end=\"3676\">Zaintza hauekin, zure oihalezko konpresak <strong data-start=\"3614\" data-end=\"3624\">3 urte<\/strong> baino gehiagoz lagunduko dizute, beren xurgapen- eta leuntasun-gaitasuna mantenduz.<\/p>\n<h2 data-start=\"3683\" data-end=\"3727\">Konpresa ekologiko XXL-ren xehetasunak<\/h2>\n<ul>\n<li data-start=\"3731\" data-end=\"3779\"><strong data-start=\"3731\" data-end=\"3752\">Xurgapen mota:<\/strong> oso handia (gaueko erabilera)<\/li>\n<li data-start=\"3782\" data-end=\"3804\"><strong data-start=\"3782\" data-end=\"3792\">Neurriak:<\/strong> 27 \u00d7 7 cm<\/li>\n<li data-start=\"3807\" data-end=\"3845\"><strong data-start=\"3807\" data-end=\"3822\">Ziurtagiria:<\/strong> GOTS + OEKO-TEX\u00ae 100<\/li>\n<li data-start=\"3848\" data-end=\"3901\"><strong data-start=\"3848\" data-end=\"3871\">Ekoizpen lekua:<\/strong> Canet de Mar-en egina, Espainia<\/li>\n<li data-start=\"3904\" data-end=\"3958\"><strong data-start=\"3904\" data-end=\"3915\">Ereduak:<\/strong> estanpatu eta kolore askotan eskuragarri<\/li>\n<\/ul>\n<p>&nbsp;<\/p>\n<h2 data-start=\"3965\" data-end=\"4007\">Oihalezko bestelako konpresa ereduak<\/h2>\n<p data-start=\"3370\" data-end=\"3515\">Hilekoaren une bakoitza desberdina da; horregatik, <strong data-start=\"3426\" data-end=\"3435\">n\u00fcshu<\/strong>-n behar bakoitzera egokitutako oihalezko konpresa modelo ugari aurkituko dituzu:<\/p>\n<ul>\n<li data-start=\"3519\" data-end=\"3637\"><strong data-start=\"3519\" data-end=\"3541\"><a href=\"https:\/\/www.nushu.cat\/eu\/productes\/hileroko-higienea-iraunkorraren\/konpresa\/salvaslip-eu\/\">Oihalezko salvaslip-a:<\/a><\/strong> xurgapen arina, lehen eta azken egunetarako, eguneroko erabilerarako edo gernu-galeratxoetarako egokia.<\/li>\n<li data-start=\"3640\" data-end=\"3820\"><strong data-start=\"3640\" data-end=\"3661\"><a href=\"https:\/\/www.nushu.cat\/eu\/productes\/hileroko-higienea-iraunkorraren\/konpresa\/eguneko\/\">Eguneko konpresak:<\/a><\/strong> xurgapen ertaina edo handia.<a href=\"https:\/\/www.nushu.cat\/eu\/produktua\/m\/\"> <strong data-start=\"3701\" data-end=\"3706\">M<\/strong> eta <\/a><a href=\"https:\/\/www.nushu.cat\/eu\/produktua\/l\/\">L <\/a>modeloak egokitzen dira odol-jario arinetara edo handiagoetara, baita gernu-galera ertain edo handietara ere.<\/li>\n<li data-start=\"3823\" data-end=\"3984\"><strong data-start=\"3823\" data-end=\"3844\"><a href=\"https:\/\/www.nushu.cat\/eu\/productes\/hileroko-higienea-iraunkorraren\/konpresa\/gaueko\/\">Gaueko konpresak: <\/a><\/strong>xurgapen oso handikoa eta atzeko aldean luzeagoa; lasai lo egiteko aproposak. <strong data-start=\"3965\" data-end=\"3971\"><a href=\"https:\/\/www.nushu.cat\/eu\/produktua\/xl\/\">XL<\/a><\/strong> eta <a href=\"https:\/\/www.nushu.cat\/eu\/produktua\/xxl\/\"><strong data-start=\"3974\" data-end=\"3981\">XXL<\/strong><\/a> neurritan eskuragarri.<\/li>\n<li data-start=\"3987\" data-end=\"4130\"><strong data-start=\"3987\" data-end=\"4014\"><a href=\"https:\/\/www.nushu.cat\/eu\/productes\/hileroko-higienea-iraunkorraren\/konpresa\/handiak\/\">Kotoizko konpresa handiak<\/a><\/strong> edo <strong data-start=\"4017\" data-end=\"4047\"><a href=\"https:\/\/www.nushu.cat\/eu\/productes\/hileroko-higienea-iraunkorraren\/konpresa\/erditze-ondoko\/\">erditu ondorengoak<\/a><\/strong>: odol-jario oso handietarako, xurgatze-ahalmen eta estaldura gehigarriarekin.<\/li>\n<\/ul>\n<p data-start=\"4132\" data-end=\"4287\">Gonbidatzen zaitut <strong data-start=\"4147\" data-end=\"4192\"><a href=\"https:\/\/www.nushu.cat\/wp-content\/uploads\/2024\/02\/nushu-diagrama_vat-1.pdf\">hilekoaren diagrama hau deskargatzera <\/a><\/strong>eta praktikan jartzera! Behin erabiltzen ikasita, oso tresna baliotsua izango zaizu!<\/p>\n","protected":false},"excerpt":{"rendered":"<ul>\n<li data-start=\"525\" data-end=\"628\">Oihalezko konpresa <strong data-start=\"542\" data-end=\"555\">ekologiko<\/strong> eta berrerabilgarria, gauean eta fluxu <strong data-start=\"590\" data-end=\"597\">handiko<\/strong> egunetan erabiltzeko pentsatua.<\/li>\n<li data-start=\"631\" data-end=\"658\"><strong data-start=\"631\" data-end=\"656\">Xurgapen oso handia.<\/strong><\/li>\n<li data-start=\"661\" data-end=\"741\"><strong data-start=\"661\" data-end=\"707\">XXL diseinua, atzealdean luzeagoa eta zabalagoa, <\/strong>lo zaudenean ihesak saihesteko.<\/li>\n<li data-start=\"744\" data-end=\"835\"><strong data-start=\"753\" data-end=\"795\">%100 kotoi organikoarekin egina, OEKO-TEX\u00ae <\/strong>ziurtagiria duena, plastikorik eta produktu kimikorik gabe.<\/li>\n<li data-start=\"838\" data-end=\"865\"><strong data-start=\"838\" data-end=\"848\">Neurriak:<\/strong> 27 \u00d7 7 cm aprox.<\/li>\n<\/ul>\n","protected":false},"featured_media":268194,"template":"","meta":{"_acf_changed":false},"product_brand":[],"product_cat":[375,845,347,838,842],"product_tag":[],"class_list":{"0":"post-5529","1":"product","2":"type-product","3":"status-publish","4":"has-post-thumbnail","6":"product_cat-konpresa","7":"product_cat-gaueko","8":"product_cat-hileroko-higienea-iraunkorraren","9":"product_cat-erditze-ondoko","10":"product_cat-handiak","12":"first","13":"instock","14":"taxable","15":"shipping-taxable","16":"purchasable","17":"product-type-variable","18":"has-default-attributes"},"acf":[],"yoast_head":"<!-- This site is optimized with the Yoast SEO plugin v27.2 - https:\/\/yoast.com\/product\/yoast-seo-wordpress\/ -->\n<title>Gaueko konpresa super ekologikoa XXL - n\u00fcshu<\/title>\n<meta name=\"description\" content=\"Gaueko oihalezko konpresa ekologikoa, Espainian egina, OEKO-TEX\u00ae ziurtagiria duen kotoi organikoarekin. Xurgapen handia eta erosotasun naturala n\u00fcshurekin.\" \/>\n<meta name=\"robots\" content=\"index, follow, max-snippet:-1, max-image-preview:large, max-video-preview:-1\" \/>\n<link rel=\"canonical\" href=\"https:\/\/www.nushu.cat\/eu\/produktua\/xxl-2\/\" \/>\n<meta property=\"og:locale\" content=\"eu_ES\" \/>\n<meta property=\"og:type\" content=\"article\" \/>\n<meta property=\"og:title\" content=\"Gaueko konpresa super ekologikoa XXL - n\u00fcshu\" \/>\n<meta property=\"og:description\" content=\"Gaueko oihalezko konpresa ekologikoa, Espainian egina, OEKO-TEX\u00ae ziurtagiria duen kotoi organikoarekin. Xurgapen handia eta erosotasun naturala n\u00fcshurekin.\" \/>\n<meta property=\"og:url\" content=\"https:\/\/www.nushu.cat\/eu\/produktua\/xxl-2\/\" \/>\n<meta property=\"og:site_name\" content=\"n\u00fcshu\" \/>\n<meta property=\"article:publisher\" content=\"https:\/\/www.facebook.com\/nushu.artesania\/\" \/>\n<meta property=\"article:modified_time\" content=\"2025-11-12T13:04:42+00:00\" \/>\n<meta property=\"og:image\" content=\"https:\/\/www.nushu.cat\/wp-content\/uploads\/2020\/05\/compresa-noche-super-eco-xxl.webp\" \/>\n\t<meta property=\"og:image:width\" content=\"2052\" \/>\n\t<meta property=\"og:image:height\" content=\"2052\" \/>\n\t<meta property=\"og:image:type\" content=\"image\/webp\" \/>\n<meta name=\"twitter:card\" content=\"summary_large_image\" \/>\n<meta name=\"twitter:label1\" content=\"Est. reading time\" \/>\n\t<meta name=\"twitter:data1\" content=\"3 minutes\" \/>\n<!-- \/ Yoast SEO plugin. -->","yoast_head_json":{"title":"Gaueko konpresa super ekologikoa XXL - n\u00fcshu","description":"Gaueko oihalezko konpresa ekologikoa, Espainian egina, OEKO-TEX\u00ae ziurtagiria duen kotoi organikoarekin. Xurgapen handia eta erosotasun naturala n\u00fcshurekin.","robots":{"index":"index","follow":"follow","max-snippet":"max-snippet:-1","max-image-preview":"max-image-preview:large","max-video-preview":"max-video-preview:-1"},"canonical":"https:\/\/www.nushu.cat\/eu\/produktua\/xxl-2\/","og_locale":"eu_ES","og_type":"article","og_title":"Gaueko konpresa super ekologikoa XXL - n\u00fcshu","og_description":"Gaueko oihalezko konpresa ekologikoa, Espainian egina, OEKO-TEX\u00ae ziurtagiria duen kotoi organikoarekin. Xurgapen handia eta erosotasun naturala n\u00fcshurekin.","og_url":"https:\/\/www.nushu.cat\/eu\/produktua\/xxl-2\/","og_site_name":"n\u00fcshu","article_publisher":"https:\/\/www.facebook.com\/nushu.artesania\/","article_modified_time":"2025-11-12T13:04:42+00:00","og_image":[{"width":2052,"height":2052,"url":"https:\/\/www.nushu.cat\/wp-content\/uploads\/2020\/05\/compresa-noche-super-eco-xxl.webp","type":"image\/webp"}],"twitter_card":"summary_large_image","twitter_misc":{"Est. reading time":"3 minutes"},"schema":{"@context":"https:\/\/schema.org","@graph":[{"@type":"WebPage","@id":"https:\/\/www.nushu.cat\/eu\/produktua\/xxl-2\/","url":"https:\/\/www.nushu.cat\/eu\/produktua\/xxl-2\/","name":"Gaueko konpresa super ekologikoa XXL - n\u00fcshu","isPartOf":{"@id":"https:\/\/www.nushu.cat\/eu\/#website"},"primaryImageOfPage":{"@id":"https:\/\/www.nushu.cat\/eu\/produktua\/xxl-2\/#primaryimage"},"image":{"@id":"https:\/\/www.nushu.cat\/eu\/produktua\/xxl-2\/#primaryimage"},"thumbnailUrl":"https:\/\/www.nushu.cat\/wp-content\/uploads\/2020\/05\/compresa-noche-super-eco-xxl.webp","datePublished":"2020-05-28T08:02:38+00:00","dateModified":"2025-11-12T13:04:42+00:00","description":"Gaueko oihalezko konpresa ekologikoa, Espainian egina, OEKO-TEX\u00ae ziurtagiria duen kotoi organikoarekin. Xurgapen handia eta erosotasun naturala n\u00fcshurekin.","breadcrumb":{"@id":"https:\/\/www.nushu.cat\/eu\/produktua\/xxl-2\/#breadcrumb"},"inLanguage":"eu-ES","potentialAction":[{"@type":"ReadAction","target":["https:\/\/www.nushu.cat\/eu\/produktua\/xxl-2\/"]}]},{"@type":"ImageObject","inLanguage":"eu-ES","@id":"https:\/\/www.nushu.cat\/eu\/produktua\/xxl-2\/#primaryimage","url":"https:\/\/www.nushu.cat\/wp-content\/uploads\/2020\/05\/compresa-noche-super-eco-xxl.webp","contentUrl":"https:\/\/www.nushu.cat\/wp-content\/uploads\/2020\/05\/compresa-noche-super-eco-xxl.webp","width":2052,"height":2052,"caption":"Compresa de noche s\u00faper ecol\u00f3gica XXL de algod\u00f3n org\u00e1nico n\u00fcshu"},{"@type":"BreadcrumbList","@id":"https:\/\/www.nushu.cat\/eu\/produktua\/xxl-2\/#breadcrumb","itemListElement":[{"@type":"ListItem","position":1,"name":"Inici","item":"https:\/\/www.nushu.cat\/eu\/"},{"@type":"ListItem","position":2,"name":"Denda","item":"https:\/\/www.nushu.cat\/eu\/denda\/"},{"@type":"ListItem","position":3,"name":"Gaueko konpresa super ekologikoa XXL"}]},{"@type":"WebSite","@id":"https:\/\/www.nushu.cat\/eu\/#website","url":"https:\/\/www.nushu.cat\/eu\/","name":"n\u00fcshu","description":"natural &amp; sostenible","publisher":{"@id":"https:\/\/www.nushu.cat\/eu\/#organization"},"potentialAction":[{"@type":"SearchAction","target":{"@type":"EntryPoint","urlTemplate":"https:\/\/www.nushu.cat\/eu\/?s={search_term_string}"},"query-input":{"@type":"PropertyValueSpecification","valueRequired":true,"valueName":"search_term_string"}}],"inLanguage":"eu-ES"},{"@type":"Organization","@id":"https:\/\/www.nushu.cat\/eu\/#organization","name":"n\u00fcshu","url":"https:\/\/www.nushu.cat\/eu\/","logo":{"@type":"ImageObject","inLanguage":"eu-ES","@id":"https:\/\/www.nushu.cat\/eu\/#\/schema\/logo\/image\/","url":"https:\/\/www.nushu.cat\/wp-content\/uploads\/2024\/02\/nushu-share-1-1.png","contentUrl":"https:\/\/www.nushu.cat\/wp-content\/uploads\/2024\/02\/nushu-share-1-1.png","width":1080,"height":1080,"caption":"n\u00fcshu"},"image":{"@id":"https:\/\/www.nushu.cat\/eu\/#\/schema\/logo\/image\/"},"sameAs":["https:\/\/www.facebook.com\/nushu.artesania\/","https:\/\/www.instagram.com\/nushu_artesania"]}]}},"jetpack_sharing_enabled":true,"_links":{"self":[{"href":"https:\/\/www.nushu.cat\/eu\/wp-json\/wp\/v2\/product\/5529","targetHints":{"allow":["GET"]}}],"collection":[{"href":"https:\/\/www.nushu.cat\/eu\/wp-json\/wp\/v2\/product"}],"about":[{"href":"https:\/\/www.nushu.cat\/eu\/wp-json\/wp\/v2\/types\/product"}],"version-history":[{"count":3,"href":"https:\/\/www.nushu.cat\/eu\/wp-json\/wp\/v2\/product\/5529\/revisions"}],"predecessor-version":[{"id":268401,"href":"https:\/\/www.nushu.cat\/eu\/wp-json\/wp\/v2\/product\/5529\/revisions\/268401"}],"wp:featuredmedia":[{"embeddable":true,"href":"https:\/\/www.nushu.cat\/eu\/wp-json\/wp\/v2\/media\/268194"}],"wp:attachment":[{"href":"https:\/\/www.nushu.cat\/eu\/wp-json\/wp\/v2\/media?parent=5529"}],"wp:term":[{"taxonomy":"product_brand","embeddable":true,"href":"https:\/\/www.nushu.cat\/eu\/wp-json\/wp\/v2\/product_brand?post=5529"},{"taxonomy":"product_cat","embeddable":true,"href":"https:\/\/www.nushu.cat\/eu\/wp-json\/wp\/v2\/product_cat?post=5529"},{"taxonomy":"product_tag","embeddable":true,"href":"https:\/\/www.nushu.cat\/eu\/wp-json\/wp\/v2\/product_tag?post=5529"}],"curies":[{"name":"wp","href":"https:\/\/api.w.org\/{rel}","templated":true}]}}