{"id":5950,"date":"2020-07-01T17:08:41","date_gmt":"2020-07-01T15:08:41","guid":{"rendered":"https:\/\/www.nushu.cat\/?post_type=product&#038;p=5950"},"modified":"2024-02-02T19:34:29","modified_gmt":"2024-02-02T19:34:29","slug":"organic-cup-eco","status":"publish","type":"product","link":"https:\/\/www.nushu.cat\/eu\/produktua\/organic-cup-eco\/","title":{"rendered":"ORGANIC CUP"},"content":{"rendered":"<p>Instrucciones de uso:<br \/>\nAntes de utilizar tu OrganiCup por primera vez, esteriliza la copa en agua hirviendo durante 3-5 minutos. Recuerda que la copa no debe tocar el fondo del cazo.<br \/>\n-Lavar<br \/>\nRecuerda lavarte las manos con agua limpia y un jab\u00f3n suave antes de la inserci\u00f3n.<\/p>\n<p>-Plegar<br \/>\nExisten muchos m\u00e9todos de plegado diferentes, as\u00ed que experimenta hasta encontrar el tuyo.<br \/>\nDos de los m\u00e1s populares son: Doblar en forma de cu\u00f1a o en forma de C.<br \/>\nCuando introduzcas la copa menstrual, debes mantenerla doblada hasta que est\u00e9 dentro de la vagina.<\/p>\n<p>-Relajar<br \/>\nEs importante relajar los m\u00fasculos al insertar la copa menstrual, as\u00ed que busca una posici\u00f3n en la que est\u00e9s c\u00f3moda. Puede que te vaya bien utilizar agua o un lubricante a base de agua para facilitar la inserci\u00f3n.<\/p>\n<p>-Insertar y soltar<br \/>\nInserta la copa menstrual plegada y, cuando toda la copa est\u00e9 dentro, retira los dedos para que se abra.<br \/>\nSi la copa menstrual se ha insertado correctamente, es posible que oigas un \u00abchasquido\u201d o un sonido de succi\u00f3n, lo que significa que la copa se ha desplegado y se ha creado el efecto ventosa necesario.<br \/>\nSi tienes dudas sobre c\u00f3mo ha quedado, palpa la base de la copa: deber\u00eda notarse redonda u ovalada y no presentar pliegues perceptibles.<\/p>\n<p>-Rotar<br \/>\nSi notas alguna abolladura o pliegue la base de la copa menstrual y no est\u00e1s segura de que se haya generado el efecto ventosa, puedes asir con delicadeza la base de la copa (no el tallo) y rotarla para que se despliegue.<\/p>\n<p>Como retirarla:<br \/>\n-Lavar<br \/>\nDe nuevo, comienza lav\u00e1ndote las manos con agua un poco caliente y un jab\u00f3n suave.<\/p>\n<p>-Relajar<br \/>\nEncuentra una posici\u00f3n que te resulte c\u00f3moda. Estar relajada es esencial, ya que retirar la copa menstrual ser\u00e1 m\u00e1s dif\u00edcil si te tensas.<\/p>\n<p>-Retirar<br \/>\nPara retirar la copa menstrual, tira ligeramente del tallo hasta que puedas tocar la base. Presiona suavemente la base de la copa (o introduce el dedo \u00edndice a lo largo de ella) para deshacer el efecto ventosa y retirarla. Evita quitarte la copa menstrual tirando del tallo, puede resultar molesto.<\/p>\n<p>-Vaciar y lavar<br \/>\nUna vez que hayas retirado la copa menstrual, vac\u00eda el flujo recogido en el inodoro o el lavamanos, enjuaga la copa con agua (no olvides los orificios de ventilaci\u00f3n) y vuelve a insertarla.<\/p>\n<p>Y si tu periodo ha finalizado: Pon a hervir la copa durante 3-5 minutos en agua.<\/p>\n","protected":false},"excerpt":{"rendered":"<p>OrganiCup es una copa menstrual, merecedora de diversos premios, que sustituye a compresas y tampones. M\u00e1s f\u00e1cil, saludable y ecol\u00f3gica. Mes tras mes.<br \/>\nEst\u00e1 fabricada con silicona m\u00e9dica 100% e hipoalerg\u00e9nica. Es reutilizable durante a\u00f1os ahorrando gran cantidad de residuos  lo que ayuda el medio ambiente.<br \/>\nOrganiCup est\u00e1 certificado para la alergia, registrado en The Vegan Society, libre de crueldad (sin pruebas con animales) y cumple con toda la legislaci\u00f3n pertinente.<\/p>\n<p>Disponible en tres tama\u00f1os:<br \/>\nTama\u00f1o Mini: para adolescentes y aquellos que necesitan un tama\u00f1o m\u00e1s peque\u00f1o<br \/>\nTalla A: para aquellas que no han dado a luz por v\u00eda vaginal<br \/>\nTalla B: para las que han dado a luz por v\u00eda vaginal.<\/p>\n","protected":false},"featured_media":251218,"template":"","meta":{"_acf_changed":false},"product_brand":[],"product_cat":[347,378,392],"product_tag":[],"class_list":{"0":"post-5950","1":"product","2":"type-product","3":"status-publish","4":"has-post-thumbnail","6":"product_cat-hileroko-higienea-iraunkorraren","7":"product_cat-copas-menstruales-y-esponjas","8":"product_cat-ofertas","10":"first","11":"instock","12":"sale","13":"taxable","14":"shipping-taxable","15":"purchasable","16":"product-type-variable","17":"has-default-attributes"},"acf":[],"yoast_head":"<!-- This site is optimized with the Yoast SEO plugin v27.2 - https:\/\/yoast.com\/product\/yoast-seo-wordpress\/ -->\n<title>ORGANIC CUP - n\u00fcshu<\/title>\n<meta name=\"robots\" content=\"index, follow, max-snippet:-1, max-image-preview:large, max-video-preview:-1\" \/>\n<link rel=\"canonical\" href=\"https:\/\/www.nushu.cat\/eu\/produktua\/organic-cup-eco\/\" \/>\n<meta property=\"og:locale\" content=\"eu_ES\" \/>\n<meta property=\"og:type\" content=\"article\" \/>\n<meta property=\"og:title\" content=\"ORGANIC CUP - n\u00fcshu\" \/>\n<meta property=\"og:description\" content=\"OrganiCup es una copa menstrual, merecedora de diversos premios, que sustituye a compresas y tampones. M\u00e1s f\u00e1cil, saludable y ecol\u00f3gica. Mes tras mes.  Est\u00e1 fabricada con silicona m\u00e9dica 100% e hipoalerg\u00e9nica. Es reutilizable durante a\u00f1os ahorrando gran cantidad de residuos lo que ayuda el medio ambiente. OrganiCup est\u00e1 certificado para la alergia, registrado en The Vegan Society, libre de crueldad (sin pruebas con animales) y cumple con toda la legislaci\u00f3n pertinente.  Disponible en tres tama\u00f1os: Tama\u00f1o Mini: para adolescentes y aquellos que necesitan un tama\u00f1o m\u00e1s peque\u00f1o Talla A: para aquellas que no han dado a luz por v\u00eda vaginal Talla B: para las que han dado a luz por v\u00eda vaginal.\" \/>\n<meta property=\"og:url\" content=\"https:\/\/www.nushu.cat\/eu\/produktua\/organic-cup-eco\/\" \/>\n<meta property=\"og:site_name\" content=\"n\u00fcshu\" \/>\n<meta property=\"article:publisher\" content=\"https:\/\/www.facebook.com\/nushu.artesania\/\" \/>\n<meta property=\"article:modified_time\" content=\"2024-02-02T19:34:29+00:00\" \/>\n<meta property=\"og:image\" content=\"https:\/\/www.nushu.cat\/wp-content\/uploads\/2024\/02\/ORGANICUP_PACKS_WHITE_01_20190411_WD-scaled-1.jpg\" \/>\n\t<meta property=\"og:image:width\" content=\"1920\" \/>\n\t<meta property=\"og:image:height\" content=\"1280\" \/>\n\t<meta property=\"og:image:type\" content=\"image\/jpeg\" \/>\n<meta name=\"twitter:card\" content=\"summary_large_image\" \/>\n<meta name=\"twitter:label1\" content=\"Est. reading time\" \/>\n\t<meta name=\"twitter:data1\" content=\"2 minutes\" \/>\n<!-- \/ Yoast SEO plugin. -->","yoast_head_json":{"title":"ORGANIC CUP - n\u00fcshu","robots":{"index":"index","follow":"follow","max-snippet":"max-snippet:-1","max-image-preview":"max-image-preview:large","max-video-preview":"max-video-preview:-1"},"canonical":"https:\/\/www.nushu.cat\/eu\/produktua\/organic-cup-eco\/","og_locale":"eu_ES","og_type":"article","og_title":"ORGANIC CUP - n\u00fcshu","og_description":"OrganiCup es una copa menstrual, merecedora de diversos premios, que sustituye a compresas y tampones. M\u00e1s f\u00e1cil, saludable y ecol\u00f3gica. Mes tras mes.  Est\u00e1 fabricada con silicona m\u00e9dica 100% e hipoalerg\u00e9nica. Es reutilizable durante a\u00f1os ahorrando gran cantidad de residuos lo que ayuda el medio ambiente. OrganiCup est\u00e1 certificado para la alergia, registrado en The Vegan Society, libre de crueldad (sin pruebas con animales) y cumple con toda la legislaci\u00f3n pertinente.  Disponible en tres tama\u00f1os: Tama\u00f1o Mini: para adolescentes y aquellos que necesitan un tama\u00f1o m\u00e1s peque\u00f1o Talla A: para aquellas que no han dado a luz por v\u00eda vaginal Talla B: para las que han dado a luz por v\u00eda vaginal.","og_url":"https:\/\/www.nushu.cat\/eu\/produktua\/organic-cup-eco\/","og_site_name":"n\u00fcshu","article_publisher":"https:\/\/www.facebook.com\/nushu.artesania\/","article_modified_time":"2024-02-02T19:34:29+00:00","og_image":[{"width":1920,"height":1280,"url":"https:\/\/www.nushu.cat\/wp-content\/uploads\/2024\/02\/ORGANICUP_PACKS_WHITE_01_20190411_WD-scaled-1.jpg","type":"image\/jpeg"}],"twitter_card":"summary_large_image","twitter_misc":{"Est. reading time":"2 minutes"},"schema":{"@context":"https:\/\/schema.org","@graph":[{"@type":"WebPage","@id":"https:\/\/www.nushu.cat\/eu\/produktua\/organic-cup-eco\/","url":"https:\/\/www.nushu.cat\/eu\/produktua\/organic-cup-eco\/","name":"ORGANIC CUP - n\u00fcshu","isPartOf":{"@id":"https:\/\/www.nushu.cat\/eu\/#website"},"primaryImageOfPage":{"@id":"https:\/\/www.nushu.cat\/eu\/produktua\/organic-cup-eco\/#primaryimage"},"image":{"@id":"https:\/\/www.nushu.cat\/eu\/produktua\/organic-cup-eco\/#primaryimage"},"thumbnailUrl":"https:\/\/www.nushu.cat\/wp-content\/uploads\/2024\/02\/ORGANICUP_PACKS_WHITE_01_20190411_WD-scaled-1.jpg","datePublished":"2020-07-01T15:08:41+00:00","dateModified":"2024-02-02T19:34:29+00:00","breadcrumb":{"@id":"https:\/\/www.nushu.cat\/eu\/produktua\/organic-cup-eco\/#breadcrumb"},"inLanguage":"eu-ES","potentialAction":[{"@type":"ReadAction","target":["https:\/\/www.nushu.cat\/eu\/produktua\/organic-cup-eco\/"]}]},{"@type":"ImageObject","inLanguage":"eu-ES","@id":"https:\/\/www.nushu.cat\/eu\/produktua\/organic-cup-eco\/#primaryimage","url":"https:\/\/www.nushu.cat\/wp-content\/uploads\/2024\/02\/ORGANICUP_PACKS_WHITE_01_20190411_WD-scaled-1.jpg","contentUrl":"https:\/\/www.nushu.cat\/wp-content\/uploads\/2024\/02\/ORGANICUP_PACKS_WHITE_01_20190411_WD-scaled-1.jpg","width":1920,"height":1280},{"@type":"BreadcrumbList","@id":"https:\/\/www.nushu.cat\/eu\/produktua\/organic-cup-eco\/#breadcrumb","itemListElement":[{"@type":"ListItem","position":1,"name":"Inici","item":"https:\/\/www.nushu.cat\/eu\/"},{"@type":"ListItem","position":2,"name":"Denda","item":"https:\/\/www.nushu.cat\/eu\/denda\/"},{"@type":"ListItem","position":3,"name":"ORGANIC CUP"}]},{"@type":"WebSite","@id":"https:\/\/www.nushu.cat\/eu\/#website","url":"https:\/\/www.nushu.cat\/eu\/","name":"n\u00fcshu","description":"natural &amp; sostenible","publisher":{"@id":"https:\/\/www.nushu.cat\/eu\/#organization"},"potentialAction":[{"@type":"SearchAction","target":{"@type":"EntryPoint","urlTemplate":"https:\/\/www.nushu.cat\/eu\/?s={search_term_string}"},"query-input":{"@type":"PropertyValueSpecification","valueRequired":true,"valueName":"search_term_string"}}],"inLanguage":"eu-ES"},{"@type":"Organization","@id":"https:\/\/www.nushu.cat\/eu\/#organization","name":"n\u00fcshu","url":"https:\/\/www.nushu.cat\/eu\/","logo":{"@type":"ImageObject","inLanguage":"eu-ES","@id":"https:\/\/www.nushu.cat\/eu\/#\/schema\/logo\/image\/","url":"https:\/\/www.nushu.cat\/wp-content\/uploads\/2024\/02\/nushu-share-1-1.png","contentUrl":"https:\/\/www.nushu.cat\/wp-content\/uploads\/2024\/02\/nushu-share-1-1.png","width":1080,"height":1080,"caption":"n\u00fcshu"},"image":{"@id":"https:\/\/www.nushu.cat\/eu\/#\/schema\/logo\/image\/"},"sameAs":["https:\/\/www.facebook.com\/nushu.artesania\/","https:\/\/www.instagram.com\/nushu_artesania"]}]}},"jetpack_sharing_enabled":true,"_links":{"self":[{"href":"https:\/\/www.nushu.cat\/eu\/wp-json\/wp\/v2\/product\/5950","targetHints":{"allow":["GET"]}}],"collection":[{"href":"https:\/\/www.nushu.cat\/eu\/wp-json\/wp\/v2\/product"}],"about":[{"href":"https:\/\/www.nushu.cat\/eu\/wp-json\/wp\/v2\/types\/product"}],"version-history":[{"count":0,"href":"https:\/\/www.nushu.cat\/eu\/wp-json\/wp\/v2\/product\/5950\/revisions"}],"wp:featuredmedia":[{"embeddable":true,"href":"https:\/\/www.nushu.cat\/eu\/wp-json\/wp\/v2\/media\/251218"}],"wp:attachment":[{"href":"https:\/\/www.nushu.cat\/eu\/wp-json\/wp\/v2\/media?parent=5950"}],"wp:term":[{"taxonomy":"product_brand","embeddable":true,"href":"https:\/\/www.nushu.cat\/eu\/wp-json\/wp\/v2\/product_brand?post=5950"},{"taxonomy":"product_cat","embeddable":true,"href":"https:\/\/www.nushu.cat\/eu\/wp-json\/wp\/v2\/product_cat?post=5950"},{"taxonomy":"product_tag","embeddable":true,"href":"https:\/\/www.nushu.cat\/eu\/wp-json\/wp\/v2\/product_tag?post=5950"}],"curies":[{"name":"wp","href":"https:\/\/api.w.org\/{rel}","templated":true}]}}